{"id":10711,"date":"2024-11-05T17:14:33","date_gmt":"2024-11-05T17:14:33","guid":{"rendered":"https:\/\/www.cnam.ie\/teagmhail\/"},"modified":"2026-03-26T15:24:55","modified_gmt":"2026-03-26T15:24:55","slug":"teagmhail","status":"publish","type":"page","link":"https:\/\/www.cnam.ie\/ga\/teagmhail\/","title":{"rendered":"Teagmh\u00e1il"},"content":{"rendered":"\n<p>M\u00e1 t\u00e1 t\u00fa i mbaol l\u00e1ithreach, n\u00f3 faoi thaca\u00edocht \u00e9igeand\u00e1la n\u00f3 gh\u00e9arch\u00e9ime ag teast\u00e1il uait, t\u00e9igh go dt\u00ed \u00e1r <a href=\"https:\/\/www.cnam.ie\/ga\/an-pobal-ginearalta\/sabhailteacht-ar-line\/tacaiocht-ghearcheime\/\">leathanach faoi Taca\u00edocht gh\u00e9arch\u00e9ime<\/a> le do thoil.<\/p>\n\n\n\n<p><strong>Teanga Chomhartha\u00edochta na h\u00c9ireann:<\/strong> Oibr\u00edmid leis an \u201cIrish Remote Interpreting Service (IRIS)\u201d chun eolas a chur ar f\u00e1il do dhaoine a \u00fas\u00e1ideann Teanga Chomhartha\u00edochta na h\u00c9ireann. M\u00e1 t\u00e1 ateangaire ag teast\u00e1il uait, seol r\u00edomhphost go <a href=\"mailto:remote@slis.ie\">remote@slis.ie<\/a> le do thoil, chun coinne a shocr\u00fa.<\/p>\n\n\n\n<h2 class=\"wp-block-heading\">An Creat S\u00e1bh\u00e1ilteachta ar L\u00edne &#8211; Seirbh\u00eds\u00ed Digiteacha<\/h2>\n\n\n\n<p>Chun tuairisc faoi Seirbh\u00eds\u00ed Digiteachta a thabhairt d\u00fainn faoin gCreat S\u00e1bh\u00e1ilteachta ar L\u00edne, bain \u00fas\u00e1id as \u00e1r <a href=\"https:\/\/www.cnam.ie\/ga\/an-pobal-ginearalta\/tuairisc-gearan-a-dheanamh\/rud-a-chonaic-me-no-a-tharla-dom-ar-line\/tuairisc-a-thabhairt-duinn\/\">leathanach tuairiscithe<\/a> le do thoil.<\/p>\n\n\n\n<h2 class=\"wp-block-heading\">Craolt\u00f3ireacht &amp; F\u00edse\u00e1n ar \u00c9ileamh<\/h2>\n\n\n\n<p>M\u00e1 t\u00e1 t\u00fa buartha faoi \u00e1bhar craolta at\u00e1 feicthe n\u00f3 cloiste agat, n\u00f3 a cuireadh ar f\u00e1il ar sheirbh\u00eds f\u00edse\u00e1in ar \u00e9ileamh, <a href=\"https:\/\/www.cnam.ie\/ga\/an-pobal-ginearalta\/tuairisc-gearan-a-dheanamh\/rud-a-chonaic-me-ar-an-teilifis-ar-fhisean-ar-eileamh-no-a-chuala-me-ar-an-raidio\/dean-gearan-linn\/\">d\u00e9an gear\u00e1n<\/a>.<\/p>\n\n\n\n<h2 class=\"wp-block-heading\">Fiosruithe Ginear\u00e1lta<\/h2>\n\n\n\n<p>L\u00edon isteach an fhoirm th\u00edos chun fiosr\u00fa ginear\u00e1lta a chur isteach le do thoil.<\/p>\n\n\n\n<p>T\u00e1 s\u00e9 m\u00eddleathach \u00e1bhar m\u00ed-\u00fas\u00e1id gn\u00e9is leana\u00ed, n\u00f3 aon \u00e1bhar gaolmhar, a th\u00e1irgeadh, a dh\u00e1ileadh, a scaipeadh n\u00f3 a roinnt, naisc agus URLanna san \u00e1ireamh, de r\u00e9ir an tAcht um Thr\u00e1d\u00e1il Leana\u00ed agus um Phornagrafa\u00edocht Leana\u00ed, 1998, arna leas\u00fa. Mar sin de, n\u00e1 roinn aon \u00e1bhar den sort sin le Coimisi\u00fan na Me\u00e1n faoi aon ch\u00fains\u00ed.<\/p>\n\n\n\n<div id=\"iframecontainer\"><!--style=\"height:100%; min-height:1100px;\"-->\n<iframe loading=\"lazy\" width=\"100%\" height=\"100%\" style=\"height:100%; min-height:1080px;\" src=\"https:\/\/cnam.powerappsportals.com\/General-Query-Irish\/\" name=\"Teagmhail\" title=\"Teagmh\u00e1il\" id=\"cnamiframe\"><\/iframe>\n<\/div>\n\n\n\n<h2 class=\"wp-block-heading\">Ionad Teagmh\u00e1la<\/h2>\n\n\n\n<ul class=\"wp-block-list\">\n<li>F\u00f3n: +353 1 963 7755<\/li>\n\n\n\n<li>R\u00edomhphost: <a href=\"mailto:usersupport@cnam.ie\">usersupport@cnam.ie<\/a><\/li>\n\n\n\n<li>Luan go hAoine, 8am \u2013 6in<\/li>\n<\/ul>\n\n\n\n<h2 class=\"wp-block-heading\">An Phr\u00edomh-Oifig Chorpar\u00e1ideach<\/h2>\n\n\n\n<ul class=\"wp-block-list\">\n<li>F\u00f3n: +353 1 644 1200<\/li>\n\n\n\n<li>R\u00edomhphost:\u202f<a href=\"mailto:info@cnam.ie\">info@cnam.ie<\/a><\/li>\n\n\n\n<li>Seoladh: Coimisi\u00fan na Me\u00e1n, 1 \u00c1ras Sh\u00edol Bhroinn, B\u00f3thar Sh\u00edol Bhroinn, Baile \u00c1tha Cliath 4, D04 NP20, \u00c9ire.<\/li>\n<\/ul>\n\n\n\n<p>T\u00e1 teacht ar \u00e1r bPr\u00edomh-Oifig go h\u00e9asca ar bhus, ar traein agus ar rothar.<\/p>\n\n\n\n<p><strong>Ag rotha\u00edocht<\/strong> go dt\u00ed 1 \u00c1ras Sh\u00edol Bhroinn:<\/p>\n\n\n\n<ul class=\"wp-block-list\">\n<li>T\u00e1 \u00e1it ph\u00e1irce\u00e1la rothar ar f\u00e1il do chuairteoir\u00ed ar an l\u00e1thair.<\/li>\n\n\n\n<li>D\u00e9an teagmh\u00e1il linn roimh r\u00e9 le do thoil chun sonra\u00ed p\u00e1irce\u00e1la a fh\u00e1il.<\/li>\n\n\n\n<li>T\u00e1 teannaire rothair agus fearas deisi\u00fach\u00e1in ar f\u00e1il do chuairteoir\u00ed, m\u00e1 t\u00e1 s\u00e9 \u00e1 teast\u00e1il.<\/li>\n\n\n\n<li>D\u00e9an tagairt ar d\u2019aip l\u00e9arsc\u00e1ileanna chun an bealach is fearr duit f\u00e9in a aimsi\u00fa.<\/li>\n\n\n\n<li>T\u00e1 st\u00e1isi\u00fan \u201cDublin Bikes\u201d suite ar Sr\u00e1id na Bear\u00fa (si\u00fal\u00f3id 12 n\u00f3im\u00e9ad).<\/li>\n<\/ul>\n\n\n\n<p>Chun 1 \u00c1ras Sh\u00edol Bhroinn a shroicheadh ar<strong> Bhus \u00c1tha Cliath:<\/strong><\/p>\n\n\n\n<p>Is iad na stadanna bus is giare \u00f3n \u00c1ras Sh\u00edol Bhroinn n\u00e1:<\/p>\n\n\n\n<ul class=\"wp-block-list\">\n<li>B\u00f3thar Lansd\u00fan (si\u00fal\u00f3id 5 n\u00f3im\u00e9ad)<\/li>\n\n\n\n<li>Baile \u00c1tha Cliath, Droichead na Dothra, B\u00f3thar Mhuirfean, RDS (si\u00fal\u00f3id 6 n\u00f3im\u00e9ad)<\/li>\n\n\n\n<li>RDS Droichead na Dothra (si\u00fal\u00f3id 6 n\u00f3im\u00e9ad)<\/li>\n\n\n\n<li>Ambas\u00e1id an Mheirice\u00e1 (si\u00fal\u00f3id 7 n\u00f3im\u00e9ad)<\/li>\n\n\n\n<li>P\u00e1irc Lansd\u00fan (si\u00fal\u00f3id 8 n\u00f3im\u00e9ad)<\/li>\n<\/ul>\n\n\n\n<p><strong>Ar an traein:<\/strong><\/p>\n\n\n\n<p>Is iad na st\u00e1isi\u00fain DART is giare \u00f3n \u00c1ras Sh\u00edol Bhroinn n\u00e1:<\/p>\n\n\n\n<ul class=\"wp-block-list\">\n<li>B\u00f3thar Lansd\u00fan (si\u00fal\u00f3id 5 n\u00f3im\u00e9ad)<\/li>\n\n\n\n<li>Dumhach Thr\u00e1 (si\u00fal\u00f3id 16 n\u00f3im\u00e9ad)<\/li>\n\n\n\n<li>Dug na Can\u00e1lach M\u00f3ire (si\u00fal\u00f3id 16 n\u00f3im\u00e9ad)<\/li>\n<\/ul>\n\n\n\n<p><strong>Ar an Luas:<\/strong><\/p>\n\n\n\n<ul class=\"wp-block-list\">\n<li>An stop ar an Luas L\u00edne Uaine is giare n\u00e1: D\u00e1isin (si\u00fal\u00f3id 34 n\u00f3im\u00e9ad)<\/li>\n\n\n\n<li>An stop ar an Luas L\u00edne Dhearg is giare n\u00e1: Ioasta na Rinne (si\u00fal\u00f3id 34 n\u00f3im\u00e9ad)<\/li>\n<\/ul>\n\n\n\n<p><strong>Le Tacsa\u00ed<\/strong>:<\/p>\n\n\n\n<ul class=\"wp-block-list\">\n<li>M\u00e1 t\u00e1 t\u00fa ag baint us\u00e1id as tacsa\u00ed, seo \u00e9 an seoladh: Coimisi\u00fan na Me\u00e1n, 1 \u00c1ras Sh\u00edol Bhroinn, B\u00f3thar Sh\u00edol Bhroinn, Baile \u00c1tha Cliath 4, D04 NP20<\/li>\n\n\n\n<li>Molaimid \u201cTacsa\u00ed Glas\u201d a roghnach do chuairteoir\u00ed agus do shol\u00e1thraithe (m\u00e1 t\u00e1 siad ar f\u00e1il)<\/li>\n<\/ul>\n\n\n\n<h2 class=\"wp-block-heading\">Ceisteanna \u00f3 na Me\u00e1in<\/h2>\n\n\n\n<p>Is f\u00e9idir aon cheist\/iarratas \u00f3 na Me\u00e1in a sheoladh chugainn ag\u202f<a href=\"mailto:press@cnam.ie\">press@cnam.ie<\/a>.<\/p>\n","protected":false},"excerpt":{"rendered":"<p>M\u00e1 t\u00e1 t\u00fa i mbaol l\u00e1ithreach, n\u00f3 faoi thaca\u00edocht \u00e9igeand\u00e1la n\u00f3 gh\u00e9arch\u00e9ime ag teast\u00e1il uait, t\u00e9igh go dt\u00ed \u00e1r leathanach faoi Taca\u00edocht gh\u00e9arch\u00e9ime le do thoil. Teanga Chomhartha\u00edochta na h\u00c9ireann: Oibr\u00edmid leis an \u201cIrish Remote Interpreting Service (IRIS)\u201d chun eolas a chur ar f\u00e1il do dhaoine a \u00fas\u00e1ideann Teanga Chomhartha\u00edochta na h\u00c9ireann. M\u00e1 t\u00e1 ateangaire [&hellip;]<\/p>\n","protected":false},"author":13,"featured_media":0,"parent":0,"menu_order":120,"comment_status":"closed","ping_status":"closed","template":"page-templates\/page-blank-container.php","meta":{"_acf_changed":false,"_relevanssi_hide_post":"","_relevanssi_hide_content":"","_relevanssi_pin_for_all":"","_relevanssi_pin_keywords":"","_relevanssi_unpin_keywords":"","_relevanssi_related_keywords":"","_relevanssi_related_include_ids":"","_relevanssi_related_exclude_ids":"","_relevanssi_related_no_append":"","_relevanssi_related_not_related":"","_relevanssi_related_posts":"4985,7639,1159,7647,7605,11086","_relevanssi_noindex_reason":"","_uag_custom_page_level_css":"","footnotes":""},"class_list":["post-10711","page","type-page","status-publish","hentry"],"acf":[],"yoast_head":"<!-- This site is optimized with the Yoast SEO plugin v27.5 - https:\/\/yoast.com\/product\/yoast-seo-wordpress\/ -->\n<title>Teagmh\u00e1il - Coimisi\u00fan na Me\u00e1n<\/title>\n<meta name=\"robots\" content=\"index, follow, max-snippet:-1, max-image-preview:large, max-video-preview:-1\" \/>\n<link rel=\"canonical\" href=\"https:\/\/www.cnam.ie\/ga\/teagmhail\/\" \/>\n<meta property=\"og:locale\" content=\"ga_IE\" \/>\n<meta property=\"og:type\" content=\"article\" \/>\n<meta property=\"og:title\" content=\"Teagmh\u00e1il - Coimisi\u00fan na Me\u00e1n\" \/>\n<meta property=\"og:description\" content=\"M\u00e1 t\u00e1 t\u00fa i mbaol l\u00e1ithreach, n\u00f3 faoi thaca\u00edocht \u00e9igeand\u00e1la n\u00f3 gh\u00e9arch\u00e9ime ag teast\u00e1il uait, t\u00e9igh go dt\u00ed \u00e1r leathanach faoi Taca\u00edocht gh\u00e9arch\u00e9ime le do thoil. Teanga Chomhartha\u00edochta na h\u00c9ireann: Oibr\u00edmid leis an \u201cIrish Remote Interpreting Service (IRIS)\u201d chun eolas a chur ar f\u00e1il do dhaoine a \u00fas\u00e1ideann Teanga Chomhartha\u00edochta na h\u00c9ireann. M\u00e1 t\u00e1 ateangaire [&hellip;]\" \/>\n<meta property=\"og:url\" content=\"https:\/\/www.cnam.ie\/ga\/teagmhail\/\" \/>\n<meta property=\"og:site_name\" content=\"Coimisi\u00fan na Me\u00e1n\" \/>\n<meta property=\"article:publisher\" content=\"https:\/\/www.facebook.com\/CNaM.Ireland\/\" \/>\n<meta property=\"article:modified_time\" content=\"2026-03-26T15:24:55+00:00\" \/>\n<meta name=\"twitter:card\" content=\"summary_large_image\" \/>\n<meta name=\"twitter:site\" content=\"@CNaM_ie\" \/>\n<meta name=\"twitter:label1\" content=\"Est. reading time\" \/>\n\t<meta name=\"twitter:data1\" content=\"3 minutes\" \/>\n<script type=\"application\/ld+json\" class=\"yoast-schema-graph\">{\"@context\":\"https:\\\/\\\/schema.org\",\"@graph\":[{\"@type\":\"WebPage\",\"@id\":\"https:\\\/\\\/www.cnam.ie\\\/ga\\\/teagmhail\\\/\",\"url\":\"https:\\\/\\\/www.cnam.ie\\\/ga\\\/teagmhail\\\/\",\"name\":\"Teagmh\u00e1il - Coimisi\u00fan na Me\u00e1n\",\"isPartOf\":{\"@id\":\"https:\\\/\\\/www.cnam.ie\\\/ga\\\/#website\"},\"datePublished\":\"2024-11-05T17:14:33+00:00\",\"dateModified\":\"2026-03-26T15:24:55+00:00\",\"breadcrumb\":{\"@id\":\"https:\\\/\\\/www.cnam.ie\\\/ga\\\/teagmhail\\\/#breadcrumb\"},\"inLanguage\":\"ga-IE\",\"potentialAction\":[{\"@type\":\"ReadAction\",\"target\":[\"https:\\\/\\\/www.cnam.ie\\\/ga\\\/teagmhail\\\/\"]}]},{\"@type\":\"BreadcrumbList\",\"@id\":\"https:\\\/\\\/www.cnam.ie\\\/ga\\\/teagmhail\\\/#breadcrumb\",\"itemListElement\":[{\"@type\":\"ListItem\",\"position\":1,\"name\":\"Home\",\"item\":\"https:\\\/\\\/www.cnam.ie\\\/ga\\\/\"},{\"@type\":\"ListItem\",\"position\":2,\"name\":\"Teagmh\u00e1il\"}]},{\"@type\":\"WebSite\",\"@id\":\"https:\\\/\\\/www.cnam.ie\\\/ga\\\/#website\",\"url\":\"https:\\\/\\\/www.cnam.ie\\\/ga\\\/\",\"name\":\"Coimisiun na Mean\",\"description\":\"Coimisi\u00fan na Me\u00e1n\",\"publisher\":{\"@id\":\"https:\\\/\\\/www.cnam.ie\\\/ga\\\/#organization\"},\"potentialAction\":[{\"@type\":\"SearchAction\",\"target\":{\"@type\":\"EntryPoint\",\"urlTemplate\":\"https:\\\/\\\/www.cnam.ie\\\/ga\\\/?s={search_term_string}\"},\"query-input\":{\"@type\":\"PropertyValueSpecification\",\"valueRequired\":true,\"valueName\":\"search_term_string\"}}],\"inLanguage\":\"ga-IE\"},{\"@type\":\"Organization\",\"@id\":\"https:\\\/\\\/www.cnam.ie\\\/ga\\\/#organization\",\"name\":\"Coimisiun na Mean\",\"url\":\"https:\\\/\\\/www.cnam.ie\\\/ga\\\/\",\"logo\":{\"@type\":\"ImageObject\",\"inLanguage\":\"ga-IE\",\"@id\":\"https:\\\/\\\/www.cnam.ie\\\/ga\\\/#\\\/schema\\\/logo\\\/image\\\/\",\"url\":\"https:\\\/\\\/www.cnam.ie\\\/app\\\/uploads\\\/2024\\\/12\\\/Website-image-with-logo.jpg\",\"contentUrl\":\"https:\\\/\\\/www.cnam.ie\\\/app\\\/uploads\\\/2024\\\/12\\\/Website-image-with-logo.jpg\",\"width\":1200,\"height\":800,\"caption\":\"Coimisiun na Mean\"},\"image\":{\"@id\":\"https:\\\/\\\/www.cnam.ie\\\/ga\\\/#\\\/schema\\\/logo\\\/image\\\/\"},\"sameAs\":[\"https:\\\/\\\/www.facebook.com\\\/CNaM.Ireland\\\/\",\"https:\\\/\\\/x.com\\\/CNaM_ie\"]}]}<\/script>\n<!-- \/ Yoast SEO plugin. -->","yoast_head_json":{"title":"Teagmh\u00e1il - Coimisi\u00fan na Me\u00e1n","robots":{"index":"index","follow":"follow","max-snippet":"max-snippet:-1","max-image-preview":"max-image-preview:large","max-video-preview":"max-video-preview:-1"},"canonical":"https:\/\/www.cnam.ie\/ga\/teagmhail\/","og_locale":"ga_IE","og_type":"article","og_title":"Teagmh\u00e1il - Coimisi\u00fan na Me\u00e1n","og_description":"M\u00e1 t\u00e1 t\u00fa i mbaol l\u00e1ithreach, n\u00f3 faoi thaca\u00edocht \u00e9igeand\u00e1la n\u00f3 gh\u00e9arch\u00e9ime ag teast\u00e1il uait, t\u00e9igh go dt\u00ed \u00e1r leathanach faoi Taca\u00edocht gh\u00e9arch\u00e9ime le do thoil. Teanga Chomhartha\u00edochta na h\u00c9ireann: Oibr\u00edmid leis an \u201cIrish Remote Interpreting Service (IRIS)\u201d chun eolas a chur ar f\u00e1il do dhaoine a \u00fas\u00e1ideann Teanga Chomhartha\u00edochta na h\u00c9ireann. M\u00e1 t\u00e1 ateangaire [&hellip;]","og_url":"https:\/\/www.cnam.ie\/ga\/teagmhail\/","og_site_name":"Coimisi\u00fan na Me\u00e1n","article_publisher":"https:\/\/www.facebook.com\/CNaM.Ireland\/","article_modified_time":"2026-03-26T15:24:55+00:00","twitter_card":"summary_large_image","twitter_site":"@CNaM_ie","twitter_misc":{"Est. reading time":"3 minutes"},"schema":{"@context":"https:\/\/schema.org","@graph":[{"@type":"WebPage","@id":"https:\/\/www.cnam.ie\/ga\/teagmhail\/","url":"https:\/\/www.cnam.ie\/ga\/teagmhail\/","name":"Teagmh\u00e1il - Coimisi\u00fan na Me\u00e1n","isPartOf":{"@id":"https:\/\/www.cnam.ie\/ga\/#website"},"datePublished":"2024-11-05T17:14:33+00:00","dateModified":"2026-03-26T15:24:55+00:00","breadcrumb":{"@id":"https:\/\/www.cnam.ie\/ga\/teagmhail\/#breadcrumb"},"inLanguage":"ga-IE","potentialAction":[{"@type":"ReadAction","target":["https:\/\/www.cnam.ie\/ga\/teagmhail\/"]}]},{"@type":"BreadcrumbList","@id":"https:\/\/www.cnam.ie\/ga\/teagmhail\/#breadcrumb","itemListElement":[{"@type":"ListItem","position":1,"name":"Home","item":"https:\/\/www.cnam.ie\/ga\/"},{"@type":"ListItem","position":2,"name":"Teagmh\u00e1il"}]},{"@type":"WebSite","@id":"https:\/\/www.cnam.ie\/ga\/#website","url":"https:\/\/www.cnam.ie\/ga\/","name":"Coimisiun na Mean","description":"Coimisi\u00fan na Me\u00e1n","publisher":{"@id":"https:\/\/www.cnam.ie\/ga\/#organization"},"potentialAction":[{"@type":"SearchAction","target":{"@type":"EntryPoint","urlTemplate":"https:\/\/www.cnam.ie\/ga\/?s={search_term_string}"},"query-input":{"@type":"PropertyValueSpecification","valueRequired":true,"valueName":"search_term_string"}}],"inLanguage":"ga-IE"},{"@type":"Organization","@id":"https:\/\/www.cnam.ie\/ga\/#organization","name":"Coimisiun na Mean","url":"https:\/\/www.cnam.ie\/ga\/","logo":{"@type":"ImageObject","inLanguage":"ga-IE","@id":"https:\/\/www.cnam.ie\/ga\/#\/schema\/logo\/image\/","url":"https:\/\/www.cnam.ie\/app\/uploads\/2024\/12\/Website-image-with-logo.jpg","contentUrl":"https:\/\/www.cnam.ie\/app\/uploads\/2024\/12\/Website-image-with-logo.jpg","width":1200,"height":800,"caption":"Coimisiun na Mean"},"image":{"@id":"https:\/\/www.cnam.ie\/ga\/#\/schema\/logo\/image\/"},"sameAs":["https:\/\/www.facebook.com\/CNaM.Ireland\/","https:\/\/x.com\/CNaM_ie"]}]}},"spectra_custom_meta":{"_top_nav_excluded":[""],"_cms_nav_minihome":[""],"_wp_page_template":["page-templates\/page-blank-container.php"],"_last_translation_edit_mode":["native-editor"],"_edit_lock":["1774538696:9"],"_relevanssi_related_posts":["4985,7639,1159,7647,7605,11086"],"_edit_last":["9"],"_wpml_media_duplicate":["1"],"_wpml_media_featured":["1"],"_yoast_wpseo_content_score":["90"],"_yoast_wpseo_estimated-reading-time-minutes":["3"],"_wpml_word_count":["544"]},"uagb_featured_image_src":{"full":false,"thumbnail":false,"medium":false,"medium_large":false,"large":false,"1536x1536":false,"2048x2048":false,"gform-image-choice-sm":false,"gform-image-choice-md":false,"gform-image-choice-lg":false},"uagb_author_info":{"display_name":"felippe","author_link":"https:\/\/www.cnam.ie\/ga\/author\/felippe\/"},"uagb_comment_info":0,"uagb_excerpt":"M\u00e1 t\u00e1 t\u00fa i mbaol l\u00e1ithreach, n\u00f3 faoi thaca\u00edocht \u00e9igeand\u00e1la n\u00f3 gh\u00e9arch\u00e9ime ag teast\u00e1il uait, t\u00e9igh go dt\u00ed \u00e1r leathanach faoi Taca\u00edocht gh\u00e9arch\u00e9ime le do thoil. Teanga Chomhartha\u00edochta na h\u00c9ireann: Oibr\u00edmid leis an \u201cIrish Remote Interpreting Service (IRIS)\u201d chun eolas a chur ar f\u00e1il do dhaoine a \u00fas\u00e1ideann Teanga Chomhartha\u00edochta na h\u00c9ireann. M\u00e1 t\u00e1 ateangaire&hellip;","_links":{"self":[{"href":"https:\/\/www.cnam.ie\/ga\/wp-json\/wp\/v2\/pages\/10711","targetHints":{"allow":["GET"]}}],"collection":[{"href":"https:\/\/www.cnam.ie\/ga\/wp-json\/wp\/v2\/pages"}],"about":[{"href":"https:\/\/www.cnam.ie\/ga\/wp-json\/wp\/v2\/types\/page"}],"author":[{"embeddable":true,"href":"https:\/\/www.cnam.ie\/ga\/wp-json\/wp\/v2\/users\/13"}],"replies":[{"embeddable":true,"href":"https:\/\/www.cnam.ie\/ga\/wp-json\/wp\/v2\/comments?post=10711"}],"version-history":[{"count":31,"href":"https:\/\/www.cnam.ie\/ga\/wp-json\/wp\/v2\/pages\/10711\/revisions"}],"predecessor-version":[{"id":20658,"href":"https:\/\/www.cnam.ie\/ga\/wp-json\/wp\/v2\/pages\/10711\/revisions\/20658"}],"wp:attachment":[{"href":"https:\/\/www.cnam.ie\/ga\/wp-json\/wp\/v2\/media?parent=10711"}],"curies":[{"name":"wp","href":"https:\/\/api.w.org\/{rel}","templated":true}]}}