{"id":10924,"date":"2024-10-17T11:08:05","date_gmt":"2024-10-17T10:08:05","guid":{"rendered":"https:\/\/www.cnam.ie\/an-pobal-ginearalta\/forbairt-na-mean\/inbhuanaitheacht\/"},"modified":"2025-05-19T16:22:02","modified_gmt":"2025-05-19T15:22:02","slug":"inbhuanaitheacht","status":"publish","type":"page","link":"https:\/\/www.cnam.ie\/ga\/an-pobal-ginearalta\/forbairt-na-mean\/inbhuanaitheacht\/","title":{"rendered":"Inbhuanaitheacht"},"content":{"rendered":"\n<blockquote class=\"wp-block-quote is-layout-flow wp-block-quote-is-layout-flow\">\n<p class=\"has-medium-font-size\">Cuirfimid inbhuanaitheacht i gcro\u00edl\u00e1r an chaoi a nd\u00e9anaimid \u00e1r sp\u00e1s fisici\u00fail a bhainisti\u00fa agus a \u00e1iti\u00fa, an chaoi a n-\u00fas\u00e1idimid \u00e1r n-acmhainn\u00ed tearca, agus an chaoi a dtaca\u00edmid le cleachtais inbhuanaithe a fhorbairt ag na daoine a riala\u00edmid.\u202f <\/p>\n<\/blockquote>\n\n\n\n<p>T\u00e1imid ar an eolas faoin bhfreagracht at\u00e1 orainn sa chomhrac in aghaidh an athraithe aer\u00e1ide agus creidimid go bhfuil s\u00e9 t\u00e1bhachtach tionchar l\u00e9iri\u00fa na me\u00e1n ar an gcomhshaol a laghd\u00fa.\u202f\u202f <\/p>\n\n\n\n<p><strong>Tr\u00ed cheannaireacht a thabhairt le dea-shampla, d\u00e9anfaimid an m\u00e9id seo a leanas:&nbsp;<\/strong><\/p>\n\n\n\n<ul class=\"wp-block-list\">\n<li>oibri\u00fa le p\u00e1irtithe leasmhara chun cur le laghd\u00fa ar asta\u00edochta\u00ed carb\u00f3in forioml\u00e1na na h\u00c9ireann, de r\u00e9ir Phlean an Rialtais um Ghn\u00edomh\u00fa ar son na hAer\u00e1ide;<\/li>\n\n\n\n<li>cleachtais inbhuanaithe a chur chun cinn agus a ghlacadh cib\u00e9 \u00e1it is f\u00e9idir linn, tr\u00ed thac\u00fa len\u00e1r bhFoireann Ghlas \u00e1r sainord\u00fa bliant\u00fail maidir le gn\u00edomh\u00fa ar son na haer\u00e1ide a bhaint amach; agus\n\n    <\/li>\n\n\n\n<li>oili\u00faint agus taca\u00edocht ghlas a chur ar f\u00e1il d&#8217;earn\u00e1il na me\u00e1n.\u202f\u202f <\/li>\n<\/ul>\n\n\n\n<p><strong><strong>\u00d3 buna\u00edodh muid, t\u00e1 an m\u00e9id seo a leanas d\u00e9anta againn<\/strong>:&nbsp;<\/strong><\/p>\n\n\n\n<ul class=\"wp-block-list\">\n<li>chuireamar isteach \u00e1r gc\u00e9ad Sainord\u00fa um Ghn\u00edomh\u00fa ar son na hAer\u00e1ide a l\u00e9ir\u00edonn \u00e1r dtiomantas chun \u00e1r dtionchar a laghd\u00fa; agus<\/li>\n\n\n\n<li>chrutha\u00edomar Foireann Ghlas, ionas gur f\u00e9idir le comhghleacaithe cur len\u00e1r n-iarrachta\u00ed cuideachta agus an eagra\u00edocht a choinne\u00e1il cuntasach.\u202f <\/li>\n<\/ul>\n\n\n\n<h2 class=\"wp-block-heading\">\u00c1r gcuid oibre le hearn\u00e1il na me\u00e1n <\/h2>\n\n\n\n<div class=\"wp-block-uagb-container uagb-block-0f546be3 alignfull uagb-is-root-container\"><div class=\"uagb-container-inner-blocks-wrap\">\n<div class=\"wp-block-uagb-container uagb-block-8ba28db4\">\n<p>T\u00e1 Coimisi\u00fan na Me\u00e1n ina chomhph\u00e1irt\u00ed chr\u00edoch na h\u00c9ireann le haghaidh\u202f<a href=\"https:\/\/wearealbert.org\/\">BAFTA albert<\/a>, is \u00e9 sin an phr\u00edomheagra\u00edocht tionscail sc\u00e1ile\u00e1in um inbhuanaitheacht chomhshaoil. Le ch\u00e9ile, tac\u00f3imid le tionscal scann\u00e1n agus teilif\u00edse na h\u00c9ireann chun tionchair an l\u00e9iri\u00fach\u00e1in ar an gcomhshaol a laghd\u00fa agus chun \u00e1bhar a chruth\u00fa a thaca\u00edonn le f\u00eds do thodhcha\u00ed inbhuanaithe. Tabharfaidh an\u202ft-\u00e1ireamh\u00e1n carb\u00f3in albert\u202fdeis d\u00fainn lorg carb\u00f3in earn\u00e1il na me\u00e1n a thuiscint agus pleananna a chur i bhfeidhm chun \u00e9 a laghd\u00fa sna blianta amach romhainn.<\/p>\n<\/div>\n\n\n\n<div class=\"wp-block-uagb-container uagb-block-b2affe7b\">\n<div class=\"wp-block-uagb-image uagb-block-00db1429 wp-block-uagb-image--layout-default wp-block-uagb-image--effect-static wp-block-uagb-image--align-none\"><figure class=\"wp-block-uagb-image__figure\"><img decoding=\"async\" srcset=\"https:\/\/www.cnam.ie\/app\/uploads\/2024\/11\/albert-certification-EN.png ,https:\/\/www.cnam.ie\/app\/uploads\/2024\/11\/albert-certification-EN.png 780w, https:\/\/www.cnam.ie\/app\/uploads\/2024\/11\/albert-certification-EN.png 360w\" sizes=\"auto, (max-width: 480px) 150px\" src=\"https:\/\/www.cnam.ie\/app\/uploads\/2024\/11\/albert-certification-EN.png\" alt=\"\" class=\"uag-image-2538\" width=\"350\" height=\"161\" title=\"ALBERT Certification \" loading=\"lazy\" role=\"img\"\/><\/figure><\/div>\n<\/div>\n<\/div><\/div>\n\n\n\n<p><\/p>\n\n\n\n<div class=\"wp-block-uagb-container uagb-block-7902ca18 alignfull uagb-is-root-container\"><div class=\"uagb-container-inner-blocks-wrap\">\n<div class=\"wp-block-uagb-container uagb-block-c082ba91\">\n<p>Spreagaimid inbhuanaitheacht in\u00e1r gcleachtais oibre f\u00e9in agus sa tionscal f\u00edse in \u00c9irinn chomh maith. T\u00e1imid in\u00e1r mbaill de\u202fSustainable Media Ireland, ar gr\u00fapa \u00e9 sin a thugann earn\u00e1il na me\u00e1n in \u00c9irinn le ch\u00e9ile chun foghlaim, eolas a chomhroinnt agus oibri\u00fa i gcomhph\u00e1irt\u00edocht ar thionscnaimh agus feachtais inbhuanaitheachta.<\/p>\n<\/div>\n\n\n\n<div class=\"wp-block-uagb-container uagb-block-4ac05c9f\">\n<div class=\"wp-block-uagb-image uagb-block-ee8d1b9c wp-block-uagb-image--layout-default wp-block-uagb-image--effect-static wp-block-uagb-image--align-none\"><figure class=\"wp-block-uagb-image__figure\"><img decoding=\"async\" srcset=\"https:\/\/www.cnam.ie\/app\/uploads\/2024\/11\/Sustainable-Media-Ireland.png ,https:\/\/www.cnam.ie\/app\/uploads\/2024\/11\/Sustainable-Media-Ireland.png 780w, https:\/\/www.cnam.ie\/app\/uploads\/2024\/11\/Sustainable-Media-Ireland.png 360w\" sizes=\"auto, (max-width: 480px) 150px\" src=\"https:\/\/www.cnam.ie\/app\/uploads\/2024\/11\/Sustainable-Media-Ireland.png\" alt=\"Sustainable Media Ireland\" class=\"uag-image-2533\" width=\"500\" height=\"161\" title=\"Sustainable Media Ireland\" loading=\"lazy\" role=\"img\"\/><\/figure><\/div>\n<\/div>\n<\/div><\/div>\n\n\n\n<p><\/p>\n\n\n\n<p>Chun tuilleadh eolais a fh\u00e1il faoi dheimhni\u00fa albert n\u00f3 chun do Phlean Gn\u00edomha\u00edochta Carb\u00f3in l\u00e9iri\u00fach\u00e1in a thos\u00fa, t\u00e9igh chuig \u00e1r leathanach maidir le\u202fTionscal Inbhuanaitheachta . Is f\u00e9idir ceisteanna tionscail a bhaineann le ALBERT a sheoladh chuig\u202f <a href=\"mailto:albert@cnam.ie\">albert@cnam.ie<\/a>.<\/p>\n","protected":false},"excerpt":{"rendered":"<p>Cuirfimid inbhuanaitheacht i gcro\u00edl\u00e1r an chaoi a nd\u00e9anaimid \u00e1r sp\u00e1s fisici\u00fail a bhainisti\u00fa agus a \u00e1iti\u00fa, an chaoi a n-\u00fas\u00e1idimid \u00e1r n-acmhainn\u00ed tearca, agus an chaoi a dtaca\u00edmid le cleachtais inbhuanaithe a fhorbairt ag na daoine a riala\u00edmid.\u202f T\u00e1imid ar an eolas faoin bhfreagracht at\u00e1 orainn sa chomhrac in aghaidh an athraithe aer\u00e1ide agus creidimid [&hellip;]<\/p>\n","protected":false},"author":2,"featured_media":0,"parent":10891,"menu_order":53,"comment_status":"closed","ping_status":"closed","template":"","meta":{"_acf_changed":false,"_relevanssi_hide_post":"","_relevanssi_hide_content":"","_relevanssi_pin_for_all":"","_relevanssi_pin_keywords":"","_relevanssi_unpin_keywords":"","_relevanssi_related_keywords":"","_relevanssi_related_include_ids":"","_relevanssi_related_exclude_ids":"","_relevanssi_related_no_append":"","_relevanssi_related_not_related":"","_relevanssi_related_posts":"2890,4399,7663,3665,2600,4627","_relevanssi_noindex_reason":"","_uag_custom_page_level_css":"","footnotes":""},"class_list":["post-10924","page","type-page","status-publish","hentry"],"acf":[],"yoast_head":"<!-- This site is optimized with the Yoast SEO plugin v27.3 - https:\/\/yoast.com\/product\/yoast-seo-wordpress\/ -->\n<title>Inbhuanaitheacht - Coimisi\u00fan na Me\u00e1n<\/title>\n<meta name=\"robots\" content=\"index, follow, max-snippet:-1, max-image-preview:large, max-video-preview:-1\" \/>\n<link rel=\"canonical\" href=\"https:\/\/www.cnam.ie\/ga\/an-pobal-ginearalta\/forbairt-na-mean\/inbhuanaitheacht\/\" \/>\n<meta property=\"og:locale\" content=\"ga_IE\" \/>\n<meta property=\"og:type\" content=\"article\" \/>\n<meta property=\"og:title\" content=\"Inbhuanaitheacht - Coimisi\u00fan na Me\u00e1n\" \/>\n<meta property=\"og:description\" content=\"Cuirfimid inbhuanaitheacht i gcro\u00edl\u00e1r an chaoi a nd\u00e9anaimid \u00e1r sp\u00e1s fisici\u00fail a bhainisti\u00fa agus a \u00e1iti\u00fa, an chaoi a n-\u00fas\u00e1idimid \u00e1r n-acmhainn\u00ed tearca, agus an chaoi a dtaca\u00edmid le cleachtais inbhuanaithe a fhorbairt ag na daoine a riala\u00edmid.\u202f T\u00e1imid ar an eolas faoin bhfreagracht at\u00e1 orainn sa chomhrac in aghaidh an athraithe aer\u00e1ide agus creidimid [&hellip;]\" \/>\n<meta property=\"og:url\" content=\"https:\/\/www.cnam.ie\/ga\/an-pobal-ginearalta\/forbairt-na-mean\/inbhuanaitheacht\/\" \/>\n<meta property=\"og:site_name\" content=\"Coimisi\u00fan na Me\u00e1n\" \/>\n<meta property=\"article:publisher\" content=\"https:\/\/www.facebook.com\/CNaM.Ireland\/\" \/>\n<meta property=\"article:modified_time\" content=\"2025-05-19T15:22:02+00:00\" \/>\n<meta property=\"og:image\" content=\"https:\/\/www.cnam.ie\/app\/uploads\/2024\/11\/albert-certification-EN.png\" \/>\n<meta name=\"twitter:card\" content=\"summary_large_image\" \/>\n<meta name=\"twitter:site\" content=\"@CNaM_ie\" \/>\n<meta name=\"twitter:label1\" content=\"Est. reading time\" \/>\n\t<meta name=\"twitter:data1\" content=\"2 minutes\" \/>\n<script type=\"application\/ld+json\" class=\"yoast-schema-graph\">{\"@context\":\"https:\\\/\\\/schema.org\",\"@graph\":[{\"@type\":\"WebPage\",\"@id\":\"https:\\\/\\\/www.cnam.ie\\\/ga\\\/an-pobal-ginearalta\\\/forbairt-na-mean\\\/inbhuanaitheacht\\\/\",\"url\":\"https:\\\/\\\/www.cnam.ie\\\/ga\\\/an-pobal-ginearalta\\\/forbairt-na-mean\\\/inbhuanaitheacht\\\/\",\"name\":\"Inbhuanaitheacht - Coimisi\u00fan na Me\u00e1n\",\"isPartOf\":{\"@id\":\"https:\\\/\\\/www.cnam.ie\\\/ga\\\/#website\"},\"primaryImageOfPage\":{\"@id\":\"https:\\\/\\\/www.cnam.ie\\\/ga\\\/an-pobal-ginearalta\\\/forbairt-na-mean\\\/inbhuanaitheacht\\\/#primaryimage\"},\"image\":{\"@id\":\"https:\\\/\\\/www.cnam.ie\\\/ga\\\/an-pobal-ginearalta\\\/forbairt-na-mean\\\/inbhuanaitheacht\\\/#primaryimage\"},\"thumbnailUrl\":\"https:\\\/\\\/www.cnam.ie\\\/app\\\/uploads\\\/2024\\\/11\\\/albert-certification-EN.png\",\"datePublished\":\"2024-10-17T10:08:05+00:00\",\"dateModified\":\"2025-05-19T15:22:02+00:00\",\"breadcrumb\":{\"@id\":\"https:\\\/\\\/www.cnam.ie\\\/ga\\\/an-pobal-ginearalta\\\/forbairt-na-mean\\\/inbhuanaitheacht\\\/#breadcrumb\"},\"inLanguage\":\"ga-IE\",\"potentialAction\":[{\"@type\":\"ReadAction\",\"target\":[\"https:\\\/\\\/www.cnam.ie\\\/ga\\\/an-pobal-ginearalta\\\/forbairt-na-mean\\\/inbhuanaitheacht\\\/\"]}]},{\"@type\":\"ImageObject\",\"inLanguage\":\"ga-IE\",\"@id\":\"https:\\\/\\\/www.cnam.ie\\\/ga\\\/an-pobal-ginearalta\\\/forbairt-na-mean\\\/inbhuanaitheacht\\\/#primaryimage\",\"url\":\"https:\\\/\\\/www.cnam.ie\\\/app\\\/uploads\\\/2024\\\/11\\\/albert-certification-EN.png\",\"contentUrl\":\"https:\\\/\\\/www.cnam.ie\\\/app\\\/uploads\\\/2024\\\/11\\\/albert-certification-EN.png\"},{\"@type\":\"BreadcrumbList\",\"@id\":\"https:\\\/\\\/www.cnam.ie\\\/ga\\\/an-pobal-ginearalta\\\/forbairt-na-mean\\\/inbhuanaitheacht\\\/#breadcrumb\",\"itemListElement\":[{\"@type\":\"ListItem\",\"position\":1,\"name\":\"Home\",\"item\":\"https:\\\/\\\/www.cnam.ie\\\/ga\\\/\"},{\"@type\":\"ListItem\",\"position\":2,\"name\":\"An Pobal i gCoitinne\",\"item\":\"https:\\\/\\\/www.cnam.ie\\\/ga\\\/\"},{\"@type\":\"ListItem\",\"position\":3,\"name\":\"Forbairt na me\u00e1n\",\"item\":\"https:\\\/\\\/www.cnam.ie\\\/ga\\\/an-pobal-ginearalta\\\/forbairt-na-mean\\\/\"},{\"@type\":\"ListItem\",\"position\":4,\"name\":\"Inbhuanaitheacht\"}]},{\"@type\":\"WebSite\",\"@id\":\"https:\\\/\\\/www.cnam.ie\\\/ga\\\/#website\",\"url\":\"https:\\\/\\\/www.cnam.ie\\\/ga\\\/\",\"name\":\"Coimisiun na Mean\",\"description\":\"Coimisi\u00fan na Me\u00e1n\",\"publisher\":{\"@id\":\"https:\\\/\\\/www.cnam.ie\\\/ga\\\/#organization\"},\"potentialAction\":[{\"@type\":\"SearchAction\",\"target\":{\"@type\":\"EntryPoint\",\"urlTemplate\":\"https:\\\/\\\/www.cnam.ie\\\/ga\\\/?s={search_term_string}\"},\"query-input\":{\"@type\":\"PropertyValueSpecification\",\"valueRequired\":true,\"valueName\":\"search_term_string\"}}],\"inLanguage\":\"ga-IE\"},{\"@type\":\"Organization\",\"@id\":\"https:\\\/\\\/www.cnam.ie\\\/ga\\\/#organization\",\"name\":\"Coimisiun na Mean\",\"url\":\"https:\\\/\\\/www.cnam.ie\\\/ga\\\/\",\"logo\":{\"@type\":\"ImageObject\",\"inLanguage\":\"ga-IE\",\"@id\":\"https:\\\/\\\/www.cnam.ie\\\/ga\\\/#\\\/schema\\\/logo\\\/image\\\/\",\"url\":\"https:\\\/\\\/www.cnam.ie\\\/app\\\/uploads\\\/2024\\\/12\\\/Website-image-with-logo.jpg\",\"contentUrl\":\"https:\\\/\\\/www.cnam.ie\\\/app\\\/uploads\\\/2024\\\/12\\\/Website-image-with-logo.jpg\",\"width\":1200,\"height\":800,\"caption\":\"Coimisiun na Mean\"},\"image\":{\"@id\":\"https:\\\/\\\/www.cnam.ie\\\/ga\\\/#\\\/schema\\\/logo\\\/image\\\/\"},\"sameAs\":[\"https:\\\/\\\/www.facebook.com\\\/CNaM.Ireland\\\/\",\"https:\\\/\\\/x.com\\\/CNaM_ie\"]}]}<\/script>\n<!-- \/ Yoast SEO plugin. -->","yoast_head_json":{"title":"Inbhuanaitheacht - Coimisi\u00fan na Me\u00e1n","robots":{"index":"index","follow":"follow","max-snippet":"max-snippet:-1","max-image-preview":"max-image-preview:large","max-video-preview":"max-video-preview:-1"},"canonical":"https:\/\/www.cnam.ie\/ga\/an-pobal-ginearalta\/forbairt-na-mean\/inbhuanaitheacht\/","og_locale":"ga_IE","og_type":"article","og_title":"Inbhuanaitheacht - Coimisi\u00fan na Me\u00e1n","og_description":"Cuirfimid inbhuanaitheacht i gcro\u00edl\u00e1r an chaoi a nd\u00e9anaimid \u00e1r sp\u00e1s fisici\u00fail a bhainisti\u00fa agus a \u00e1iti\u00fa, an chaoi a n-\u00fas\u00e1idimid \u00e1r n-acmhainn\u00ed tearca, agus an chaoi a dtaca\u00edmid le cleachtais inbhuanaithe a fhorbairt ag na daoine a riala\u00edmid.\u202f T\u00e1imid ar an eolas faoin bhfreagracht at\u00e1 orainn sa chomhrac in aghaidh an athraithe aer\u00e1ide agus creidimid [&hellip;]","og_url":"https:\/\/www.cnam.ie\/ga\/an-pobal-ginearalta\/forbairt-na-mean\/inbhuanaitheacht\/","og_site_name":"Coimisi\u00fan na Me\u00e1n","article_publisher":"https:\/\/www.facebook.com\/CNaM.Ireland\/","article_modified_time":"2025-05-19T15:22:02+00:00","og_image":[{"url":"https:\/\/www.cnam.ie\/app\/uploads\/2024\/11\/albert-certification-EN.png","type":"","width":"","height":""}],"twitter_card":"summary_large_image","twitter_site":"@CNaM_ie","twitter_misc":{"Est. reading time":"2 minutes"},"schema":{"@context":"https:\/\/schema.org","@graph":[{"@type":"WebPage","@id":"https:\/\/www.cnam.ie\/ga\/an-pobal-ginearalta\/forbairt-na-mean\/inbhuanaitheacht\/","url":"https:\/\/www.cnam.ie\/ga\/an-pobal-ginearalta\/forbairt-na-mean\/inbhuanaitheacht\/","name":"Inbhuanaitheacht - Coimisi\u00fan na Me\u00e1n","isPartOf":{"@id":"https:\/\/www.cnam.ie\/ga\/#website"},"primaryImageOfPage":{"@id":"https:\/\/www.cnam.ie\/ga\/an-pobal-ginearalta\/forbairt-na-mean\/inbhuanaitheacht\/#primaryimage"},"image":{"@id":"https:\/\/www.cnam.ie\/ga\/an-pobal-ginearalta\/forbairt-na-mean\/inbhuanaitheacht\/#primaryimage"},"thumbnailUrl":"https:\/\/www.cnam.ie\/app\/uploads\/2024\/11\/albert-certification-EN.png","datePublished":"2024-10-17T10:08:05+00:00","dateModified":"2025-05-19T15:22:02+00:00","breadcrumb":{"@id":"https:\/\/www.cnam.ie\/ga\/an-pobal-ginearalta\/forbairt-na-mean\/inbhuanaitheacht\/#breadcrumb"},"inLanguage":"ga-IE","potentialAction":[{"@type":"ReadAction","target":["https:\/\/www.cnam.ie\/ga\/an-pobal-ginearalta\/forbairt-na-mean\/inbhuanaitheacht\/"]}]},{"@type":"ImageObject","inLanguage":"ga-IE","@id":"https:\/\/www.cnam.ie\/ga\/an-pobal-ginearalta\/forbairt-na-mean\/inbhuanaitheacht\/#primaryimage","url":"https:\/\/www.cnam.ie\/app\/uploads\/2024\/11\/albert-certification-EN.png","contentUrl":"https:\/\/www.cnam.ie\/app\/uploads\/2024\/11\/albert-certification-EN.png"},{"@type":"BreadcrumbList","@id":"https:\/\/www.cnam.ie\/ga\/an-pobal-ginearalta\/forbairt-na-mean\/inbhuanaitheacht\/#breadcrumb","itemListElement":[{"@type":"ListItem","position":1,"name":"Home","item":"https:\/\/www.cnam.ie\/ga\/"},{"@type":"ListItem","position":2,"name":"An Pobal i gCoitinne","item":"https:\/\/www.cnam.ie\/ga\/"},{"@type":"ListItem","position":3,"name":"Forbairt na me\u00e1n","item":"https:\/\/www.cnam.ie\/ga\/an-pobal-ginearalta\/forbairt-na-mean\/"},{"@type":"ListItem","position":4,"name":"Inbhuanaitheacht"}]},{"@type":"WebSite","@id":"https:\/\/www.cnam.ie\/ga\/#website","url":"https:\/\/www.cnam.ie\/ga\/","name":"Coimisiun na Mean","description":"Coimisi\u00fan na Me\u00e1n","publisher":{"@id":"https:\/\/www.cnam.ie\/ga\/#organization"},"potentialAction":[{"@type":"SearchAction","target":{"@type":"EntryPoint","urlTemplate":"https:\/\/www.cnam.ie\/ga\/?s={search_term_string}"},"query-input":{"@type":"PropertyValueSpecification","valueRequired":true,"valueName":"search_term_string"}}],"inLanguage":"ga-IE"},{"@type":"Organization","@id":"https:\/\/www.cnam.ie\/ga\/#organization","name":"Coimisiun na Mean","url":"https:\/\/www.cnam.ie\/ga\/","logo":{"@type":"ImageObject","inLanguage":"ga-IE","@id":"https:\/\/www.cnam.ie\/ga\/#\/schema\/logo\/image\/","url":"https:\/\/www.cnam.ie\/app\/uploads\/2024\/12\/Website-image-with-logo.jpg","contentUrl":"https:\/\/www.cnam.ie\/app\/uploads\/2024\/12\/Website-image-with-logo.jpg","width":1200,"height":800,"caption":"Coimisiun na Mean"},"image":{"@id":"https:\/\/www.cnam.ie\/ga\/#\/schema\/logo\/image\/"},"sameAs":["https:\/\/www.facebook.com\/CNaM.Ireland\/","https:\/\/x.com\/CNaM_ie"]}]}},"spectra_custom_meta":{"_top_nav_excluded":[""],"_cms_nav_minihome":[""],"_wp_page_template":["default"],"_last_translation_edit_mode":["native-editor"],"_edit_lock":["1747668122:12"],"_relevanssi_related_posts":["2890,4399,7663,3665,2600,4627"],"_edit_last":["12"],"_wpml_media_duplicate":["1"],"_wpml_media_featured":["1"],"_yoast_wpseo_content_score":["60"],"_yoast_wpseo_estimated-reading-time-minutes":["2"],"_wpml_word_count":["445"]},"uagb_featured_image_src":{"full":false,"thumbnail":false,"medium":false,"medium_large":false,"large":false,"1536x1536":false,"2048x2048":false,"gform-image-choice-sm":false,"gform-image-choice-md":false,"gform-image-choice-lg":false},"uagb_author_info":{"display_name":"Jose","author_link":"https:\/\/www.cnam.ie\/ga\/author\/jose\/"},"uagb_comment_info":0,"uagb_excerpt":"Cuirfimid inbhuanaitheacht i gcro\u00edl\u00e1r an chaoi a nd\u00e9anaimid \u00e1r sp\u00e1s fisici\u00fail a bhainisti\u00fa agus a \u00e1iti\u00fa, an chaoi a n-\u00fas\u00e1idimid \u00e1r n-acmhainn\u00ed tearca, agus an chaoi a dtaca\u00edmid le cleachtais inbhuanaithe a fhorbairt ag na daoine a riala\u00edmid.\u202f T\u00e1imid ar an eolas faoin bhfreagracht at\u00e1 orainn sa chomhrac in aghaidh an athraithe aer\u00e1ide agus creidimid&hellip;","_links":{"self":[{"href":"https:\/\/www.cnam.ie\/ga\/wp-json\/wp\/v2\/pages\/10924","targetHints":{"allow":["GET"]}}],"collection":[{"href":"https:\/\/www.cnam.ie\/ga\/wp-json\/wp\/v2\/pages"}],"about":[{"href":"https:\/\/www.cnam.ie\/ga\/wp-json\/wp\/v2\/types\/page"}],"author":[{"embeddable":true,"href":"https:\/\/www.cnam.ie\/ga\/wp-json\/wp\/v2\/users\/2"}],"replies":[{"embeddable":true,"href":"https:\/\/www.cnam.ie\/ga\/wp-json\/wp\/v2\/comments?post=10924"}],"version-history":[{"count":4,"href":"https:\/\/www.cnam.ie\/ga\/wp-json\/wp\/v2\/pages\/10924\/revisions"}],"predecessor-version":[{"id":16052,"href":"https:\/\/www.cnam.ie\/ga\/wp-json\/wp\/v2\/pages\/10924\/revisions\/16052"}],"up":[{"embeddable":true,"href":"https:\/\/www.cnam.ie\/ga\/wp-json\/wp\/v2\/pages\/10891"}],"wp:attachment":[{"href":"https:\/\/www.cnam.ie\/ga\/wp-json\/wp\/v2\/media?parent=10924"}],"curies":[{"name":"wp","href":"https:\/\/api.w.org\/{rel}","templated":true}]}}