{"id":11385,"date":"2024-10-18T09:53:11","date_gmt":"2024-10-18T08:53:11","guid":{"rendered":"https:\/\/www.cnam.ie\/tionscal-gairmithe\/broadcasting-on-demand-digital\/tv\/"},"modified":"2026-03-18T10:43:14","modified_gmt":"2026-03-18T10:43:14","slug":"tv","status":"publish","type":"page","link":"https:\/\/www.cnam.ie\/ga\/tionscal-gairmithe\/craoltoireacht-fisean-ar-eileamh-digiteach\/tv\/","title":{"rendered":"Teilif\u00eds"},"content":{"rendered":"\n<p><\/p>\n\n\n\n<div class=\"wp-block-uagb-container uagb-block-1d5875b5 alignfull uagb-is-root-container\"><div class=\"uagb-container-inner-blocks-wrap\">\n<div class=\"wp-block-uagb-container uagb-block-2f005527\">\n<div class=\"wp-block-uagb-advanced-heading uagb-block-d9b72e84\"><p class=\"uagb-heading-text\">T\u00e1 cine\u00e1lacha \u00e9ags\u00fala seirbh\u00eds\u00ed teilif\u00edse ag feidhmi\u00fa in \u00c9irinn. Is f\u00e9idir iad seo a mhiondeal\u00fa ina seirbh\u00eds\u00ed Me\u00e1n Seirbh\u00edse Poibl\u00ed, Seirbh\u00eds\u00ed Neamhsple\u00e1cha agus Pobail.<\/p><\/div>\n\n\n\n<p><\/p>\n<\/div>\n\n\n\n<div class=\"wp-block-uagb-container uagb-block-a29321d3\"><\/div>\n<\/div><\/div>\n\n\n\n<h2 class=\"wp-block-heading\"><strong>Seirbh\u00eds\u00ed teilif\u00edse na Me\u00e1n Seirbh\u00edse Poibl\u00ed<\/strong><\/h2>\n\n\n\n<p>T\u00e1 freagracht fhorioml\u00e1n orainn as seirbh\u00eds\u00ed teilif\u00edse Me\u00e1n Seirbh\u00edse Poibl\u00ed na h\u00c9ireann a rial\u00e1il. Is iad sin:<\/p>\n\n\n\n<div class=\"wp-block-uagb-container uagb-block-e51a7268 alignfull uagb-is-root-container\"><div class=\"uagb-container-inner-blocks-wrap\">\n<div class=\"wp-block-uagb-container uagb-block-b9365e21\">\n<h4 class=\"wp-block-heading\"><strong>St\u00e1isi\u00fain teilif\u00edse RT\u00c9<\/strong><\/h4>\n\n\n\n<ul class=\"wp-block-list\">\n<li><strong>RT\u00c9 One<\/strong>: Cl\u00e1ir nuachta, cl\u00e1ir ch\u00farsa\u00ed reatha, cl\u00e1ir dr\u00e1ma\u00edochta, cl\u00e1ir faisn\u00e9ise, cl\u00e1ir fh\u00edorasacha agus cl\u00e1ir shiamsa\u00edochta.\n<ul class=\"wp-block-list\">\n<li>RT\u00c9 One HD&nbsp;<\/li>\n\n\n\n<li>RT\u00c9 One +1&nbsp;<\/li>\n<\/ul>\n<\/li>\n\n\n\n<li><strong>RT\u00c92:<\/strong> Cl\u00e1ir fh\u00edorasacha, cl\u00e1ir shiamsa\u00edochta, cl\u00e1ir ghrinn, cl\u00e1ir sp\u00f3irt, cl\u00e1ir faisn\u00e9ise agus cl\u00e1ir dr\u00e1ma\u00edochta do dhaoine \u00f3ga na h\u00c9ireann.\u202f&nbsp;\n<ul class=\"wp-block-list\">\n<li>RT\u00c92 HD&nbsp;<\/li>\n\n\n\n<li>RT\u00c92 +1&nbsp;<\/li>\n<\/ul>\n<\/li>\n\n\n\n<li><strong>RT\u00c9jr<\/strong>: \u00c1bhar bunaidh agus cl\u00e1ir a fuarthas do leana\u00ed \u00f3ga.&nbsp;&nbsp;<\/li>\n\n\n\n<li><strong>RT\u00c9 News<\/strong>: Nuacht agus c\u00farsa\u00ed reatha 24 uair an chloig.&nbsp;<\/li>\n<\/ul>\n<\/div>\n<\/div><\/div>\n\n\n\n<div class=\"wp-block-uagb-container uagb-block-a10c90ff alignfull uagb-is-root-container\"><div class=\"uagb-container-inner-blocks-wrap\">\n<div class=\"wp-block-uagb-container uagb-block-f1ff689c\">\n<h4 class=\"wp-block-heading\"><strong>St\u00e1isi\u00fain teilif\u00edse TG4 <\/strong><\/h4>\n\n\n\n<ul class=\"wp-block-list\">\n<li><strong>TG4:<\/strong> Pr\u00edomhchain\u00e9al Gaeilge a chuireann cl\u00e1ir nuachta, cl\u00e1ir ch\u00farsa\u00ed reatha, cl\u00e1ir dr\u00e1ma\u00edochta, cl\u00e1ir faisn\u00e9ise, cl\u00e1ir fh\u00edorasacha agus cl\u00e1ir shiamsa\u00edochta ar f\u00e1il.\u202f\n<ul class=\"wp-block-list\">\n<li>TG4 HD&nbsp;<\/li>\n\n\n\n<li>TG4 +1&nbsp;<\/li>\n<\/ul>\n<\/li>\n\n\n\n<li><strong>C\u00fala4: <\/strong>Cl\u00e1ir do ph\u00e1ist\u00ed i nGaeilge.&nbsp;<\/li>\n<\/ul>\n<\/div>\n<\/div><\/div>\n\n\n\n<div class=\"wp-block-uagb-container uagb-block-5ec197a6 alignfull uagb-is-root-container\"><div class=\"uagb-container-inner-blocks-wrap\">\n<div class=\"wp-block-uagb-container uagb-block-787c00bd\">\n<h4 class=\"wp-block-heading\"><strong>Cain\u00e9al Thithe an Oireachtais<\/strong><\/h4>\n\n\n\n<ul class=\"wp-block-list\">\n<li><strong>Teilif\u00eds an Oireachtais:<\/strong>\u202fImeachta\u00ed \u00f3n D\u00e1il, \u00f3n Seanad agus \u00f3 Choist\u00ed.&nbsp;<\/li>\n<\/ul>\n<\/div>\n<\/div><\/div>\n\n\n\n<p>Chun tuilleadh eolais a fh\u00e1il faoi na seirbh\u00eds\u00ed, f\u00e9ach su\u00edomhanna gr\u00e9as\u00e1in <a href=\"https:\/\/www.rte.ie\/\" target=\"_blank\" rel=\"noreferrer noopener\">RT\u00c9<\/a>, <a href=\"https:\/\/www.tg4.ie\/ga\/\" target=\"_blank\" rel=\"noreferrer noopener\">TG4<\/a> agus <a href=\"https:\/\/www.oireachtas.ie\/ga\/oireachtas-tv\/oireachtas-tv-channel\/\" target=\"_blank\" rel=\"noreferrer noopener\">Thithe an Oireachtais.<\/a><\/p>\n\n\n\n<div class=\"wp-block-buttons is-layout-flex wp-block-buttons-is-layout-flex\">\n<div class=\"wp-block-button\"><a class=\"wp-block-button__link wp-element-button\" href=\"https:\/\/www.cnam.ie\/ga\/tionscal-gairmithe\/craoltoireacht-fisean-ar-eileamh-digiteach\/meain-na-seirbhise-poibli\/\">L\u00e9igh tuilleadh faoi na Me\u00e1in Seirbh\u00edse Poibl\u00ed<\/a><\/div>\n<\/div>\n\n\n\n<h2 class=\"wp-block-heading\"><strong>Seirbh\u00eds teilif\u00edse n\u00e1isi\u00fanta neamhsple\u00e1ch<\/strong><\/h2>\n\n\n\n<p>Feidhm\u00edonn Coimisi\u00fan na Me\u00e1n an pr\u00f3iseas cead\u00fanaithe chun conradh seirbh\u00edse cl\u00e1r teilif\u00edse a bhronnadh chun tarchur seirbh\u00edse n\u00e1isi\u00fanta teilif\u00edse saor go haer a \u00e9asc\u00fa.\u202fT\u00e1 dualgais reacht\u00fala ar an tseirbh\u00eds seo maidir le h\u00e1bhar cult\u00fartha, nuachta agus c\u00farsa\u00ed reatha a idirdheala\u00edonn \u00ed \u00f3 sheirbh\u00eds\u00ed teilif\u00edse eile.\u202fBronnadh an conradh seirbh\u00edse cl\u00e1r teilif\u00edse reatha ar Virgin Media Television Limited i m\u00ed I\u00fail 2023.<\/p>\n\n\n\n<div class=\"wp-block-uagb-container uagb-block-8dc51d5b alignfull uagb-is-root-container\"><div class=\"uagb-container-inner-blocks-wrap\">\n<div class=\"wp-block-uagb-container uagb-block-9fe82493\">\n<h4 class=\"wp-block-heading\">Virgin Media TV<\/h4>\n\n\n\n<ul class=\"wp-block-list\">\n<li>Virgin Media One<\/li>\n\n\n\n<li>Virgin Media Two<\/li>\n<\/ul>\n<\/div>\n<\/div><\/div>\n\n\n\n<h2 class=\"wp-block-heading\"><strong>Seirbh\u00eds\u00ed teilif\u00edse digit\u00ed<\/strong><\/h2>\n\n\n\n<p>Feidhm\u00edonn Coimisi\u00fan na Me\u00e1n pr\u00f3iseas cead\u00fanaithe oscailte freisin le haghaidh seirbh\u00eds\u00ed breise teilif\u00edse tr\u00e1cht\u00e1la a chuirtear ar f\u00e1il ar ard\u00e1n digiteach, satail\u00edte agus c\u00e1bla.\u202f Sol\u00e1thra\u00edonn na seirbh\u00eds\u00ed seo measc\u00e1n d\u2019\u00e1bhar siamsa\u00edochta, nuachta, c\u00farsa\u00ed reatha agus sp\u00f3irt agus \u00e1ir\u00edtear leo Virgin Media Three, Virgin Media Four, Premier Sports, agus raon leathan cain\u00e9al arna n-oibri\u00fa ag Warner Bros. Discovery Group.<\/p>\n\n\n\n<div class=\"wp-block-uagb-container uagb-block-61b9ea02 alignfull uagb-is-root-container\"><div class=\"uagb-container-inner-blocks-wrap\">\n<div class=\"wp-block-uagb-container uagb-block-316d3c08\">\n<h4 class=\"wp-block-heading\">Virgin Media TV<\/h4>\n\n\n\n<ul class=\"wp-block-list\">\n<li>Virgin Media Three<\/li>\n\n\n\n<li>Virgin Media Four<\/li>\n<\/ul>\n<\/div>\n<\/div><\/div>\n\n\n\n<div class=\"wp-block-uagb-container uagb-block-4a737e87 alignfull uagb-is-root-container\"><div class=\"uagb-container-inner-blocks-wrap\">\n<div class=\"wp-block-uagb-container uagb-block-c7fd2ae9\">\n<h4 class=\"wp-block-heading\">Premier Sports<\/h4>\n\n\n\n<ul class=\"wp-block-list\">\n<li>Premier Sports 1<\/li>\n\n\n\n<li>Premier Sports 2<\/li>\n<\/ul>\n<\/div>\n<\/div><\/div>\n\n\n\n<div class=\"wp-block-uagb-container uagb-block-c53edb50 alignfull uagb-is-root-container\"><div class=\"uagb-container-inner-blocks-wrap\">\n<div class=\"wp-block-uagb-container uagb-block-17f0ce0d\">\n<h4 class=\"wp-block-heading\">Setanta Sports<\/h4>\n<\/div>\n<\/div><\/div>\n\n\n\n<div class=\"wp-block-uagb-container uagb-block-60b082de alignfull uagb-is-root-container\"><div class=\"uagb-container-inner-blocks-wrap\">\n<div class=\"wp-block-uagb-container uagb-block-940f6c49\">\n<h4 class=\"wp-block-heading\">SiS<\/h4>\n<\/div>\n<\/div><\/div>\n\n\n\n<div class=\"wp-block-uagb-container uagb-block-f3a17e27 alignfull uagb-is-root-container\"><div class=\"uagb-container-inner-blocks-wrap\">\n<div class=\"wp-block-uagb-container uagb-block-af17bc21\">\n<h4 class=\"wp-block-heading\">Discovery<\/h4>\n<\/div>\n<\/div><\/div>\n\n\n\n<div class=\"wp-block-uagb-container uagb-block-ffe9ccef alignfull uagb-is-root-container\"><div class=\"uagb-container-inner-blocks-wrap\">\n<div class=\"wp-block-uagb-container uagb-block-e08c6fb8\">\n<h4 class=\"wp-block-heading\">W Sport<\/h4>\n<\/div>\n<\/div><\/div>\n\n\n\n<div class=\"wp-block-uagb-container uagb-block-22fbb274 alignfull uagb-is-root-container\"><div class=\"uagb-container-inner-blocks-wrap\">\n<div class=\"wp-block-uagb-container uagb-block-8db8f690\">\n<h4 class=\"wp-block-heading\">United Christian Broadcasters<\/h4>\n<\/div>\n<\/div><\/div>\n\n\n\n<h2 class=\"wp-block-heading\"><strong>Seirbh\u00eds\u00ed teilif\u00edse pobail<\/strong><\/h2>\n\n\n\n<p>Feidhm\u00edonn Coimisi\u00fan na Me\u00e1n an pr\u00f3iseas cead\u00fanaithe do sheirbh\u00eds\u00ed teilif\u00edse \u00e1bhair phobail. T\u00e1 dh\u00e1 sheirbh\u00eds ar an aer faoi l\u00e1thair, DCTV i mBaile \u00c1tha Cliath agus CCTV i gCorcaigh. N\u00ed m\u00f3r do sheirbh\u00eds\u00ed teilif\u00edse pobail freastal ar leasanna an phobail lena mbaineann, agus leas s\u00f3isialta a chur ar f\u00e1il don phobal sin, agus t\u00e1 siad faoi \u00fain\u00e9ireacht agus \u00e1 n-oibri\u00fa ag daoine den phobal sin.&nbsp;&nbsp;<\/p>\n\n\n\n<aside class=\"wp-block-uagb-container uagb-block-c7ce1728 alignfull uagb-is-root-container\"><div class=\"uagb-container-inner-blocks-wrap\">\n<h2 class=\"wp-block-heading more-information\">Tuilleadh eolais  <\/h2>\n<\/div><\/aside>\n\n\n\n<div class=\"wp-block-buttons is-layout-flex wp-block-buttons-is-layout-flex\">\n<div class=\"wp-block-button\"><a class=\"wp-block-button__link wp-element-button\" href=\"https:\/\/www.cnam.ie\/ga\/tionscal-gairmithe\/ceadunu-claru\/ceadunu-craolachain\/ceadunu-teilifise\/\">Cead\u00fan\u00fa teilif\u00edse<\/a><\/div>\n\n\n\n<div class=\"wp-block-button\"><a class=\"wp-block-button__link wp-element-button\" href=\"https:\/\/www.cnam.ie\/ga\/an-pobal-ginearalta\/teilifis-raidio-fisean-ar-eileamh\/craoltoiri\/\">F\u00e9ach ar liosta ioml\u00e1n na gcraolt\u00f3ir\u00ed<\/a><\/div>\n<\/div>\n\n\n\n<p><\/p>\n","protected":false},"excerpt":{"rendered":"<p>T\u00e1 cine\u00e1lacha \u00e9ags\u00fala seirbh\u00eds\u00ed teilif\u00edse ag feidhmi\u00fa in \u00c9irinn. Is f\u00e9idir iad seo a mhiondeal\u00fa ina seirbh\u00eds\u00ed Me\u00e1n Seirbh\u00edse Poibl\u00ed, Seirbh\u00eds\u00ed Neamhsple\u00e1cha agus Pobail. Seirbh\u00eds\u00ed teilif\u00edse na Me\u00e1n Seirbh\u00edse Poibl\u00ed T\u00e1 freagracht fhorioml\u00e1n orainn as seirbh\u00eds\u00ed teilif\u00edse Me\u00e1n Seirbh\u00edse Poibl\u00ed na h\u00c9ireann a rial\u00e1il. Is iad sin: St\u00e1isi\u00fain teilif\u00edse RT\u00c9 St\u00e1isi\u00fain teilif\u00edse TG4 Cain\u00e9al Thithe [&hellip;]<\/p>\n","protected":false},"author":2,"featured_media":0,"parent":11377,"menu_order":27,"comment_status":"closed","ping_status":"closed","template":"","meta":{"_acf_changed":false,"_relevanssi_hide_post":"","_relevanssi_hide_content":"","_relevanssi_pin_for_all":"","_relevanssi_pin_keywords":"","_relevanssi_unpin_keywords":"","_relevanssi_related_keywords":"","_relevanssi_related_include_ids":"","_relevanssi_related_exclude_ids":"","_relevanssi_related_no_append":"","_relevanssi_related_not_related":"","_relevanssi_related_posts":"7648,7617,5185,7614,707,7660","_relevanssi_noindex_reason":"","_uag_custom_page_level_css":"","footnotes":""},"class_list":["post-11385","page","type-page","status-publish","hentry"],"acf":[],"yoast_head":"<!-- This site is optimized with the Yoast SEO plugin v27.3 - https:\/\/yoast.com\/product\/yoast-seo-wordpress\/ -->\n<title>Teilif\u00eds - Coimisi\u00fan na Me\u00e1n<\/title>\n<meta name=\"robots\" content=\"index, follow, max-snippet:-1, max-image-preview:large, max-video-preview:-1\" \/>\n<link rel=\"canonical\" href=\"https:\/\/www.cnam.ie\/ga\/tionscal-gairmithe\/craoltoireacht-fisean-ar-eileamh-digiteach\/tv\/\" \/>\n<meta property=\"og:locale\" content=\"ga_IE\" \/>\n<meta property=\"og:type\" content=\"article\" \/>\n<meta property=\"og:title\" content=\"Teilif\u00eds - Coimisi\u00fan na Me\u00e1n\" \/>\n<meta property=\"og:description\" content=\"T\u00e1 cine\u00e1lacha \u00e9ags\u00fala seirbh\u00eds\u00ed teilif\u00edse ag feidhmi\u00fa in \u00c9irinn. Is f\u00e9idir iad seo a mhiondeal\u00fa ina seirbh\u00eds\u00ed Me\u00e1n Seirbh\u00edse Poibl\u00ed, Seirbh\u00eds\u00ed Neamhsple\u00e1cha agus Pobail. Seirbh\u00eds\u00ed teilif\u00edse na Me\u00e1n Seirbh\u00edse Poibl\u00ed T\u00e1 freagracht fhorioml\u00e1n orainn as seirbh\u00eds\u00ed teilif\u00edse Me\u00e1n Seirbh\u00edse Poibl\u00ed na h\u00c9ireann a rial\u00e1il. Is iad sin: St\u00e1isi\u00fain teilif\u00edse RT\u00c9 St\u00e1isi\u00fain teilif\u00edse TG4 Cain\u00e9al Thithe [&hellip;]\" \/>\n<meta property=\"og:url\" content=\"https:\/\/www.cnam.ie\/ga\/tionscal-gairmithe\/craoltoireacht-fisean-ar-eileamh-digiteach\/tv\/\" \/>\n<meta property=\"og:site_name\" content=\"Coimisi\u00fan na Me\u00e1n\" \/>\n<meta property=\"article:publisher\" content=\"https:\/\/www.facebook.com\/CNaM.Ireland\/\" \/>\n<meta property=\"article:modified_time\" content=\"2026-03-18T10:43:14+00:00\" \/>\n<meta name=\"twitter:card\" content=\"summary_large_image\" \/>\n<meta name=\"twitter:site\" content=\"@CNaM_ie\" \/>\n<meta name=\"twitter:label1\" content=\"Est. reading time\" \/>\n\t<meta name=\"twitter:data1\" content=\"2 minutes\" \/>\n<script type=\"application\/ld+json\" class=\"yoast-schema-graph\">{\"@context\":\"https:\\\/\\\/schema.org\",\"@graph\":[{\"@type\":\"WebPage\",\"@id\":\"https:\\\/\\\/www.cnam.ie\\\/ga\\\/tionscal-gairmithe\\\/craoltoireacht-fisean-ar-eileamh-digiteach\\\/tv\\\/\",\"url\":\"https:\\\/\\\/www.cnam.ie\\\/ga\\\/tionscal-gairmithe\\\/craoltoireacht-fisean-ar-eileamh-digiteach\\\/tv\\\/\",\"name\":\"Teilif\u00eds - Coimisi\u00fan na Me\u00e1n\",\"isPartOf\":{\"@id\":\"https:\\\/\\\/www.cnam.ie\\\/ga\\\/#website\"},\"datePublished\":\"2024-10-18T08:53:11+00:00\",\"dateModified\":\"2026-03-18T10:43:14+00:00\",\"breadcrumb\":{\"@id\":\"https:\\\/\\\/www.cnam.ie\\\/ga\\\/tionscal-gairmithe\\\/craoltoireacht-fisean-ar-eileamh-digiteach\\\/tv\\\/#breadcrumb\"},\"inLanguage\":\"ga-IE\",\"potentialAction\":[{\"@type\":\"ReadAction\",\"target\":[\"https:\\\/\\\/www.cnam.ie\\\/ga\\\/tionscal-gairmithe\\\/craoltoireacht-fisean-ar-eileamh-digiteach\\\/tv\\\/\"]}]},{\"@type\":\"BreadcrumbList\",\"@id\":\"https:\\\/\\\/www.cnam.ie\\\/ga\\\/tionscal-gairmithe\\\/craoltoireacht-fisean-ar-eileamh-digiteach\\\/tv\\\/#breadcrumb\",\"itemListElement\":[{\"@type\":\"ListItem\",\"position\":1,\"name\":\"Home\",\"item\":\"https:\\\/\\\/www.cnam.ie\\\/ga\\\/\"},{\"@type\":\"ListItem\",\"position\":2,\"name\":\"Tionscal &#038; gairmithe\",\"item\":\"https:\\\/\\\/www.cnam.ie\\\/ga\\\/tionscal-gairmithe\\\/\"},{\"@type\":\"ListItem\",\"position\":3,\"name\":\"Craolt\u00f3ireacht, f\u00edse\u00e1n ar \u00e9ileamh &amp; digiteach\",\"item\":\"https:\\\/\\\/www.cnam.ie\\\/ga\\\/tionscal-gairmithe\\\/craoltoireacht-fisean-ar-eileamh-digiteach\\\/\"},{\"@type\":\"ListItem\",\"position\":4,\"name\":\"Teilif\u00eds\"}]},{\"@type\":\"WebSite\",\"@id\":\"https:\\\/\\\/www.cnam.ie\\\/ga\\\/#website\",\"url\":\"https:\\\/\\\/www.cnam.ie\\\/ga\\\/\",\"name\":\"Coimisiun na Mean\",\"description\":\"Coimisi\u00fan na Me\u00e1n\",\"publisher\":{\"@id\":\"https:\\\/\\\/www.cnam.ie\\\/ga\\\/#organization\"},\"potentialAction\":[{\"@type\":\"SearchAction\",\"target\":{\"@type\":\"EntryPoint\",\"urlTemplate\":\"https:\\\/\\\/www.cnam.ie\\\/ga\\\/?s={search_term_string}\"},\"query-input\":{\"@type\":\"PropertyValueSpecification\",\"valueRequired\":true,\"valueName\":\"search_term_string\"}}],\"inLanguage\":\"ga-IE\"},{\"@type\":\"Organization\",\"@id\":\"https:\\\/\\\/www.cnam.ie\\\/ga\\\/#organization\",\"name\":\"Coimisiun na Mean\",\"url\":\"https:\\\/\\\/www.cnam.ie\\\/ga\\\/\",\"logo\":{\"@type\":\"ImageObject\",\"inLanguage\":\"ga-IE\",\"@id\":\"https:\\\/\\\/www.cnam.ie\\\/ga\\\/#\\\/schema\\\/logo\\\/image\\\/\",\"url\":\"https:\\\/\\\/www.cnam.ie\\\/app\\\/uploads\\\/2024\\\/12\\\/Website-image-with-logo.jpg\",\"contentUrl\":\"https:\\\/\\\/www.cnam.ie\\\/app\\\/uploads\\\/2024\\\/12\\\/Website-image-with-logo.jpg\",\"width\":1200,\"height\":800,\"caption\":\"Coimisiun na Mean\"},\"image\":{\"@id\":\"https:\\\/\\\/www.cnam.ie\\\/ga\\\/#\\\/schema\\\/logo\\\/image\\\/\"},\"sameAs\":[\"https:\\\/\\\/www.facebook.com\\\/CNaM.Ireland\\\/\",\"https:\\\/\\\/x.com\\\/CNaM_ie\"]}]}<\/script>\n<!-- \/ Yoast SEO plugin. -->","yoast_head_json":{"title":"Teilif\u00eds - Coimisi\u00fan na Me\u00e1n","robots":{"index":"index","follow":"follow","max-snippet":"max-snippet:-1","max-image-preview":"max-image-preview:large","max-video-preview":"max-video-preview:-1"},"canonical":"https:\/\/www.cnam.ie\/ga\/tionscal-gairmithe\/craoltoireacht-fisean-ar-eileamh-digiteach\/tv\/","og_locale":"ga_IE","og_type":"article","og_title":"Teilif\u00eds - Coimisi\u00fan na Me\u00e1n","og_description":"T\u00e1 cine\u00e1lacha \u00e9ags\u00fala seirbh\u00eds\u00ed teilif\u00edse ag feidhmi\u00fa in \u00c9irinn. Is f\u00e9idir iad seo a mhiondeal\u00fa ina seirbh\u00eds\u00ed Me\u00e1n Seirbh\u00edse Poibl\u00ed, Seirbh\u00eds\u00ed Neamhsple\u00e1cha agus Pobail. Seirbh\u00eds\u00ed teilif\u00edse na Me\u00e1n Seirbh\u00edse Poibl\u00ed T\u00e1 freagracht fhorioml\u00e1n orainn as seirbh\u00eds\u00ed teilif\u00edse Me\u00e1n Seirbh\u00edse Poibl\u00ed na h\u00c9ireann a rial\u00e1il. Is iad sin: St\u00e1isi\u00fain teilif\u00edse RT\u00c9 St\u00e1isi\u00fain teilif\u00edse TG4 Cain\u00e9al Thithe [&hellip;]","og_url":"https:\/\/www.cnam.ie\/ga\/tionscal-gairmithe\/craoltoireacht-fisean-ar-eileamh-digiteach\/tv\/","og_site_name":"Coimisi\u00fan na Me\u00e1n","article_publisher":"https:\/\/www.facebook.com\/CNaM.Ireland\/","article_modified_time":"2026-03-18T10:43:14+00:00","twitter_card":"summary_large_image","twitter_site":"@CNaM_ie","twitter_misc":{"Est. reading time":"2 minutes"},"schema":{"@context":"https:\/\/schema.org","@graph":[{"@type":"WebPage","@id":"https:\/\/www.cnam.ie\/ga\/tionscal-gairmithe\/craoltoireacht-fisean-ar-eileamh-digiteach\/tv\/","url":"https:\/\/www.cnam.ie\/ga\/tionscal-gairmithe\/craoltoireacht-fisean-ar-eileamh-digiteach\/tv\/","name":"Teilif\u00eds - Coimisi\u00fan na Me\u00e1n","isPartOf":{"@id":"https:\/\/www.cnam.ie\/ga\/#website"},"datePublished":"2024-10-18T08:53:11+00:00","dateModified":"2026-03-18T10:43:14+00:00","breadcrumb":{"@id":"https:\/\/www.cnam.ie\/ga\/tionscal-gairmithe\/craoltoireacht-fisean-ar-eileamh-digiteach\/tv\/#breadcrumb"},"inLanguage":"ga-IE","potentialAction":[{"@type":"ReadAction","target":["https:\/\/www.cnam.ie\/ga\/tionscal-gairmithe\/craoltoireacht-fisean-ar-eileamh-digiteach\/tv\/"]}]},{"@type":"BreadcrumbList","@id":"https:\/\/www.cnam.ie\/ga\/tionscal-gairmithe\/craoltoireacht-fisean-ar-eileamh-digiteach\/tv\/#breadcrumb","itemListElement":[{"@type":"ListItem","position":1,"name":"Home","item":"https:\/\/www.cnam.ie\/ga\/"},{"@type":"ListItem","position":2,"name":"Tionscal &#038; gairmithe","item":"https:\/\/www.cnam.ie\/ga\/tionscal-gairmithe\/"},{"@type":"ListItem","position":3,"name":"Craolt\u00f3ireacht, f\u00edse\u00e1n ar \u00e9ileamh &amp; digiteach","item":"https:\/\/www.cnam.ie\/ga\/tionscal-gairmithe\/craoltoireacht-fisean-ar-eileamh-digiteach\/"},{"@type":"ListItem","position":4,"name":"Teilif\u00eds"}]},{"@type":"WebSite","@id":"https:\/\/www.cnam.ie\/ga\/#website","url":"https:\/\/www.cnam.ie\/ga\/","name":"Coimisiun na Mean","description":"Coimisi\u00fan na Me\u00e1n","publisher":{"@id":"https:\/\/www.cnam.ie\/ga\/#organization"},"potentialAction":[{"@type":"SearchAction","target":{"@type":"EntryPoint","urlTemplate":"https:\/\/www.cnam.ie\/ga\/?s={search_term_string}"},"query-input":{"@type":"PropertyValueSpecification","valueRequired":true,"valueName":"search_term_string"}}],"inLanguage":"ga-IE"},{"@type":"Organization","@id":"https:\/\/www.cnam.ie\/ga\/#organization","name":"Coimisiun na Mean","url":"https:\/\/www.cnam.ie\/ga\/","logo":{"@type":"ImageObject","inLanguage":"ga-IE","@id":"https:\/\/www.cnam.ie\/ga\/#\/schema\/logo\/image\/","url":"https:\/\/www.cnam.ie\/app\/uploads\/2024\/12\/Website-image-with-logo.jpg","contentUrl":"https:\/\/www.cnam.ie\/app\/uploads\/2024\/12\/Website-image-with-logo.jpg","width":1200,"height":800,"caption":"Coimisiun na Mean"},"image":{"@id":"https:\/\/www.cnam.ie\/ga\/#\/schema\/logo\/image\/"},"sameAs":["https:\/\/www.facebook.com\/CNaM.Ireland\/","https:\/\/x.com\/CNaM_ie"]}]}},"spectra_custom_meta":{"_top_nav_excluded":[""],"_cms_nav_minihome":[""],"_last_translation_edit_mode":["native-editor"],"_edit_lock":["1773830595:12"],"_relevanssi_related_posts":["7648,7617,5185,7614,707,7660"],"_edit_last":["12"],"_wp_page_template":[""],"_wpml_media_duplicate":["1"],"_wpml_media_featured":["1"],"_yoast_wpseo_content_score":["90"],"_yoast_wpseo_estimated-reading-time-minutes":["2"],"_wpml_word_count":["555"]},"uagb_featured_image_src":{"full":false,"thumbnail":false,"medium":false,"medium_large":false,"large":false,"1536x1536":false,"2048x2048":false,"gform-image-choice-sm":false,"gform-image-choice-md":false,"gform-image-choice-lg":false},"uagb_author_info":{"display_name":"Jose","author_link":"https:\/\/www.cnam.ie\/ga\/author\/jose\/"},"uagb_comment_info":0,"uagb_excerpt":"T\u00e1 cine\u00e1lacha \u00e9ags\u00fala seirbh\u00eds\u00ed teilif\u00edse ag feidhmi\u00fa in \u00c9irinn. Is f\u00e9idir iad seo a mhiondeal\u00fa ina seirbh\u00eds\u00ed Me\u00e1n Seirbh\u00edse Poibl\u00ed, Seirbh\u00eds\u00ed Neamhsple\u00e1cha agus Pobail. Seirbh\u00eds\u00ed teilif\u00edse na Me\u00e1n Seirbh\u00edse Poibl\u00ed T\u00e1 freagracht fhorioml\u00e1n orainn as seirbh\u00eds\u00ed teilif\u00edse Me\u00e1n Seirbh\u00edse Poibl\u00ed na h\u00c9ireann a rial\u00e1il. Is iad sin: St\u00e1isi\u00fain teilif\u00edse RT\u00c9 St\u00e1isi\u00fain teilif\u00edse TG4 Cain\u00e9al Thithe&hellip;","_links":{"self":[{"href":"https:\/\/www.cnam.ie\/ga\/wp-json\/wp\/v2\/pages\/11385","targetHints":{"allow":["GET"]}}],"collection":[{"href":"https:\/\/www.cnam.ie\/ga\/wp-json\/wp\/v2\/pages"}],"about":[{"href":"https:\/\/www.cnam.ie\/ga\/wp-json\/wp\/v2\/types\/page"}],"author":[{"embeddable":true,"href":"https:\/\/www.cnam.ie\/ga\/wp-json\/wp\/v2\/users\/2"}],"replies":[{"embeddable":true,"href":"https:\/\/www.cnam.ie\/ga\/wp-json\/wp\/v2\/comments?post=11385"}],"version-history":[{"count":10,"href":"https:\/\/www.cnam.ie\/ga\/wp-json\/wp\/v2\/pages\/11385\/revisions"}],"predecessor-version":[{"id":20517,"href":"https:\/\/www.cnam.ie\/ga\/wp-json\/wp\/v2\/pages\/11385\/revisions\/20517"}],"up":[{"embeddable":true,"href":"https:\/\/www.cnam.ie\/ga\/wp-json\/wp\/v2\/pages\/11377"}],"wp:attachment":[{"href":"https:\/\/www.cnam.ie\/ga\/wp-json\/wp\/v2\/media?parent=11385"}],"curies":[{"name":"wp","href":"https:\/\/api.w.org\/{rel}","templated":true}]}}