{"id":11564,"date":"2024-10-18T10:05:13","date_gmt":"2024-10-18T09:05:13","guid":{"rendered":"https:\/\/www.cnam.ie\/tionscal-gairmithe\/coid-reachtaiocht\/coid-rialacha\/"},"modified":"2025-01-15T12:37:58","modified_gmt":"2025-01-15T12:37:58","slug":"coid-rialacha","status":"publish","type":"page","link":"https:\/\/www.cnam.ie\/ga\/tionscal-gairmithe\/coid-reachtaiocht\/coid-rialacha\/","title":{"rendered":"C\u00f3id &#038; Rialacha"},"content":{"rendered":"\n<h2 class=\"wp-block-heading\">Craolt\u00f3ireacht agus f\u00edse\u00e1n ar \u00e9ileamh<\/h2>\n\n\n\n<div class=\"wp-block-uagb-container uagb-block-dcd47a94 alignfull uagb-is-root-container\"><div class=\"uagb-container-inner-blocks-wrap\">\n<div class=\"wp-block-uagb-container uagb-block-9376cc74\">\n<p class=\"has-medium-font-size\">Mar rialt\u00f3ir me\u00e1n na h\u00c9ireann, d\u00e9anann Coimisi\u00fan na Me\u00e1n rialach\u00e1in <strong>(d\u00e1 ngairtear C\u00f3id &amp; Rialacha)<\/strong> chun caighde\u00e1in agus cleachtais chraolt\u00f3ir\u00ed agus ard\u00e1in f\u00edse\u00e1in ar \u00e9ileamh a rial\u00fa.<\/p>\n\n\n\n<p class=\"has-medium-font-size\">Cl\u00fada\u00edonn na rialacha r\u00e9imse leathan \u00e1bhar, lena n-\u00e1ir\u00edtear cothroime, oibiacht\u00falacht agus neamhchlaontacht i dtuairisci\u00fa nuachta agus c\u00farsa\u00ed reatha, rialacha maidir le f\u00f3gra\u00edocht agus urra\u00edocht, lucht f\u00e9achana a chosaint ar \u00e1bhar d\u00edobh\u00e1lach, agus a chinnti\u00fa go bhfuil rochtain ag an bpobal ar na seirbh\u00eds\u00ed me\u00e1n at\u00e1 \u00e1 sol\u00e1thar. <\/p>\n<\/div>\n<\/div><\/div>\n\n\n\n<div class=\"wp-block-uagb-container uagb-block-25def94a alignfull uagb-is-root-container\"><div class=\"uagb-container-inner-blocks-wrap\">\n<div class=\"wp-block-uagb-container uagb-block-52cf852e\">\n<div class=\"wp-block-uagb-container uagb-block-e5448c8d\">\n<div class=\"wp-block-uagb-buttons uagb-buttons__outer-wrap uagb-btn__default-btn uagb-btn-tablet__default-btn uagb-btn-mobile__default-btn uagb-block-87aec940\"><div class=\"uagb-buttons__wrap uagb-buttons-layout-wrap \">\n<div class=\"wp-block-uagb-buttons-child uagb-buttons__outer-wrap uagb-block-36d45e67 wp-block-button\"><div class=\"uagb-button__wrapper\"><a class=\"uagb-buttons-repeater wp-block-button__link\" aria-label=\"\" href=\"https:\/\/www.cnam.ie\/industry-and-professionals\/codes-legislation\/codes-and-rules\/code-of-programme-standards\/\" rel=\"follow noopener\" target=\"_self\" role=\"button\"><div class=\"uagb-button__link\">Caighde\u00e1in na gCl\u00e1r\u00a0\u00a0<\/div><\/a><\/div><\/div>\n\n\n\n<div class=\"wp-block-uagb-buttons-child uagb-buttons__outer-wrap uagb-block-5c1b3646 wp-block-button\"><div class=\"uagb-button__wrapper\"><a class=\"uagb-buttons-repeater wp-block-button__link\" aria-label=\"\" href=\"https:\/\/www.cnam.ie\/industry-and-professionals\/codes-legislation\/codes-and-rules\/general-commercial-communications-code\/\" rel=\"follow noopener\" target=\"_self\" role=\"button\"><div class=\"uagb-button__link\">Cumars\u00e1id Tr\u00e1cht\u00e1la Ghinear\u00e1lta<\/div><\/a><\/div><\/div>\n\n\n\n<div class=\"wp-block-uagb-buttons-child uagb-buttons__outer-wrap uagb-block-0f5fa9ef wp-block-button\"><div class=\"uagb-button__wrapper\"><a class=\"uagb-buttons-repeater wp-block-button__link\" aria-label=\"\" href=\"https:\/\/www.cnam.ie\/industry-and-professionals\/codes-legislation\/codes-and-rules\/short-news-reporting-code\/\" rel=\"follow noopener\" target=\"_self\" role=\"button\"><div class=\"uagb-button__link\">Tuairisci\u00fa ar an Nuacht Ghearr <\/div><\/a><\/div><\/div>\n\n\n\n<div class=\"wp-block-uagb-buttons-child uagb-buttons__outer-wrap uagb-block-1766b5dd wp-block-button\"><div class=\"uagb-button__wrapper\"><a class=\"uagb-buttons-repeater wp-block-button__link\" aria-label=\"\" href=\"https:\/\/www.cnam.ie\/industry-and-professionals\/codes-legislation\/codes-and-rules\/advertising-rules-for-radio\/\" rel=\"follow noopener\" target=\"_self\" role=\"button\"><div class=\"uagb-button__link\">F\u00f3gra\u00edocht do Chraolt\u00f3ir\u00ed Raidi\u00f3<\/div><\/a><\/div><\/div>\n<\/div><\/div>\n<\/div>\n<\/div>\n\n\n\n<div class=\"wp-block-uagb-container uagb-block-07f4f2f0\">\n<div class=\"wp-block-uagb-container uagb-block-f0201caa\">\n<div class=\"wp-block-uagb-buttons uagb-buttons__outer-wrap uagb-btn__default-btn uagb-btn-tablet__default-btn uagb-btn-mobile__default-btn uagb-block-cae142fe\"><div class=\"uagb-buttons__wrap uagb-buttons-layout-wrap \">\n<div class=\"wp-block-uagb-buttons-child uagb-buttons__outer-wrap uagb-block-075f6159 wp-block-button\"><div class=\"uagb-button__wrapper\"><a class=\"uagb-buttons-repeater wp-block-button__link\" aria-label=\"\" href=\"https:\/\/www.cnam.ie\/industry-and-professionals\/codes-legislation\/codes-and-rules\/childrens-commercial-communications-code\/\" rel=\"follow noopener\" target=\"_self\" role=\"button\"><div class=\"uagb-button__link\">Cumars\u00e1id Tr\u00e1cht\u00e1la Leana\u00ed \u00a0<\/div><\/a><\/div><\/div>\n\n\n\n<div class=\"wp-block-uagb-buttons-child uagb-buttons__outer-wrap uagb-block-128efdd7 wp-block-button\"><div class=\"uagb-button__wrapper\"><a class=\"uagb-buttons-repeater wp-block-button__link\" aria-label=\"\" href=\"https:\/\/www.cnam.ie\/industry-and-professionals\/codes-legislation\/codes-and-rules\/rules-on-advertising-and-teleshopping\/\" rel=\"follow noopener\" target=\"_self\" role=\"button\"><div class=\"uagb-button__link\">F\u00f3gra\u00edocht, Teilishiopad\u00f3ireacht, Sl\u00e1ine Comhartha &amp; Faisn\u00e9is<\/div><\/a><\/div><\/div>\n\n\n\n<div class=\"wp-block-uagb-buttons-child uagb-buttons__outer-wrap uagb-block-8e5e74a4 wp-block-button\"><div class=\"uagb-button__wrapper\"><a class=\"uagb-buttons-repeater wp-block-button__link\" aria-label=\"\" href=\"https:\/\/www.cnam.ie\/industry-and-professionals\/codes-legislation\/codes-and-rules\/access-rules\/\" rel=\"follow noopener\" target=\"_self\" role=\"button\"><div class=\"uagb-button__link\">Rialacha Rochtana do Chraolt\u00f3ir\u00ed Teilif\u00edse<\/div><\/a><\/div><\/div>\n<\/div><\/div>\n<\/div>\n<\/div>\n\n\n\n<div class=\"wp-block-uagb-container uagb-block-bc723dca\">\n<div class=\"wp-block-uagb-container uagb-block-33fbcd35\">\n<div class=\"wp-block-uagb-buttons uagb-buttons__outer-wrap uagb-btn__default-btn uagb-btn-tablet__default-btn uagb-btn-mobile__default-btn uagb-block-2e695d03\"><div class=\"uagb-buttons__wrap uagb-buttons-layout-wrap \">\n<div class=\"wp-block-uagb-buttons-child uagb-buttons__outer-wrap uagb-block-13769470 wp-block-button\"><div class=\"uagb-button__wrapper\"><a class=\"uagb-buttons-repeater wp-block-button__link\" aria-label=\"\" href=\"https:\/\/www.cnam.ie\/industry-and-professionals\/codes-legislation\/codes-and-rules\/code-of-fairness-impartiality-and-objectivity\/\" rel=\"follow noopener\" target=\"_self\" role=\"button\"><div class=\"uagb-button__link\">Cothroime, Neamhchlaontacht agus Oibiacht\u00falacht i Nuacht &amp; C\u00farsa\u00ed Reatha<\/div><\/a><\/div><\/div>\n\n\n\n<div class=\"wp-block-uagb-buttons-child uagb-buttons__outer-wrap uagb-block-622d6fd2 wp-block-button\"><div class=\"uagb-button__wrapper\"><a class=\"uagb-buttons-repeater wp-block-button__link\" aria-label=\"\" href=\"https:\/\/www.cnam.ie\/industry-and-professionals\/codes-legislation\/codes-and-rules\/audiovisual-on-demand-media-service-code-rules\/\" rel=\"follow noopener\" target=\"_self\" role=\"button\"><div class=\"uagb-button__link\">Sol\u00e1thraithe Seirbh\u00edse Me\u00e1n Closamhairc ar \u00c9ileamh<\/div><\/a><\/div><\/div>\n<\/div><\/div>\n<\/div>\n\n\n\n<div class=\"wp-block-buttons is-layout-flex wp-block-buttons-is-layout-flex\"><\/div>\n<\/div>\n<\/div><\/div>\n\n\n\n<div class=\"wp-block-uagb-container uagb-block-e51a7268 alignfull uagb-is-root-container\"><div class=\"uagb-container-inner-blocks-wrap\">\n<div class=\"wp-block-uagb-container uagb-block-b9365e21\">\n<h3 class=\"wp-block-heading\">C\u00e9 leis a mbaineann na C\u00f3id &amp; Rialacha? <\/h3>\n\n\n\n<p>T\u00e1 <strong>feidhm ag C\u00f3id &amp; Rialacha craolach\u00e1in maidir<\/strong> le craolt\u00f3ir\u00ed teilif\u00edse agus raidi\u00f3 at\u00e1 lonnaithe in \u00c9irinn n\u00f3 a oibr\u00edonn \u00f3 \u00c9irinn.\u202f\u202f <\/p>\n\n\n\n<div class=\"wp-block-buttons is-layout-flex wp-block-buttons-is-layout-flex\">\n<div class=\"wp-block-button\"><a class=\"wp-block-button__link wp-element-button\" href=\"https:\/\/www.cnam.ie\/ga\/tionscal-gairmithe\/craoltoireacht-fisean-ar-eileamh-digiteach\/tv\/\">Teilif\u00eds<\/a><\/div>\n\n\n\n<div class=\"wp-block-button\"><a class=\"wp-block-button__link wp-element-button\" href=\"https:\/\/www.cnam.ie\/ga\/tionscal-gairmithe\/craoltoireacht-fisean-ar-eileamh-digiteach\/radio\/\">Raidi\u00f3<\/a><\/div>\n<\/div>\n\n\n\n<p>Baineann C\u00f3id &amp; Rialacha d\u2019fh\u00edse\u00e1n ar \u00e9ileamh le hard\u00e1in f\u00edse\u00e1in ar \u00e9ileamh at\u00e1 lonnaithe in \u00c9irinn.<\/p>\n\n\n\n<div class=\"wp-block-buttons is-layout-flex wp-block-buttons-is-layout-flex\">\n<div class=\"wp-block-button\"><a class=\"wp-block-button__link wp-element-button\" href=\"https:\/\/www.cnam.ie\/ga\/tionscal-gairmithe\/craoltoireacht-fisean-ar-eileamh-digiteach\/video-on-demand\/\">F\u00edse\u00e1n ar \u00e9ileamh<\/a><\/div>\n<\/div>\n<\/div>\n\n\n\n<div class=\"wp-block-uagb-container uagb-block-13ee7d03\"><\/div>\n<\/div><\/div>\n\n\n\n<div class=\"wp-block-uagb-advanced-heading uagb-block-1bdd3076\"><h2 class=\"uagb-heading-text\">S\u00e1bh\u00e1ilteacht ar L\u00edne<\/h2><\/div>\n\n\n\n<p><\/p>\n\n\n\n<p>Tugtar aghaidh sa Ch\u00f3d S\u00e1bh\u00e1ilteachta ar L\u00edne ar \u00e1bhar d\u00edobh\u00e1lach agus m\u00eddhleathach ar sheirbh\u00eds\u00ed ard\u00e1in comhroinnte f\u00edse\u00e1n.<\/p>\n\n\n\n<div class=\"wp-block-buttons is-layout-flex wp-block-buttons-is-layout-flex\">\n<div class=\"wp-block-button\"><a class=\"wp-block-button__link wp-element-button\" href=\"https:\/\/www.cnam.ie\/industry-and-professionals\/online-safety-framework\/online-safety-code\/\">C\u00f3d S\u00e1bh\u00e1ilteachta ar L\u00edne<\/a><\/div>\n<\/div>\n\n\n\n<p><\/p>\n","protected":false},"excerpt":{"rendered":"<p>Craolt\u00f3ireacht agus f\u00edse\u00e1n ar \u00e9ileamh Mar rialt\u00f3ir me\u00e1n na h\u00c9ireann, d\u00e9anann Coimisi\u00fan na Me\u00e1n rialach\u00e1in (d\u00e1 ngairtear C\u00f3id &amp; Rialacha) chun caighde\u00e1in agus cleachtais chraolt\u00f3ir\u00ed agus ard\u00e1in f\u00edse\u00e1in ar \u00e9ileamh a rial\u00fa. Cl\u00fada\u00edonn na rialacha r\u00e9imse leathan \u00e1bhar, lena n-\u00e1ir\u00edtear cothroime, oibiacht\u00falacht agus neamhchlaontacht i dtuairisci\u00fa nuachta agus c\u00farsa\u00ed reatha, rialacha maidir le f\u00f3gra\u00edocht agus [&hellip;]<\/p>\n","protected":false},"author":2,"featured_media":0,"parent":11559,"menu_order":0,"comment_status":"closed","ping_status":"closed","template":"page-templates\/page-blank-container.php","meta":{"_acf_changed":false,"_relevanssi_hide_post":"","_relevanssi_hide_content":"","_relevanssi_pin_for_all":"","_relevanssi_pin_keywords":"","_relevanssi_unpin_keywords":"","_relevanssi_related_keywords":"","_relevanssi_related_include_ids":"","_relevanssi_related_exclude_ids":"","_relevanssi_related_no_append":"","_relevanssi_related_not_related":"","_relevanssi_related_posts":"11086,4899,4441,3950,4179,7610","_relevanssi_noindex_reason":"","_uag_custom_page_level_css":"","footnotes":""},"class_list":["post-11564","page","type-page","status-publish","hentry"],"acf":[],"yoast_head":"<!-- This site is optimized with the Yoast SEO plugin v27.5 - https:\/\/yoast.com\/product\/yoast-seo-wordpress\/ -->\n<title>C\u00f3id &amp; Rialacha - Coimisi\u00fan na Me\u00e1n<\/title>\n<meta name=\"robots\" content=\"index, follow, max-snippet:-1, max-image-preview:large, max-video-preview:-1\" \/>\n<link rel=\"canonical\" href=\"https:\/\/www.cnam.ie\/ga\/tionscal-gairmithe\/coid-reachtaiocht\/coid-rialacha\/\" \/>\n<meta property=\"og:locale\" content=\"ga_IE\" \/>\n<meta property=\"og:type\" content=\"article\" \/>\n<meta property=\"og:title\" content=\"C\u00f3id &amp; Rialacha - Coimisi\u00fan na Me\u00e1n\" \/>\n<meta property=\"og:description\" content=\"Craolt\u00f3ireacht agus f\u00edse\u00e1n ar \u00e9ileamh Mar rialt\u00f3ir me\u00e1n na h\u00c9ireann, d\u00e9anann Coimisi\u00fan na Me\u00e1n rialach\u00e1in (d\u00e1 ngairtear C\u00f3id &amp; Rialacha) chun caighde\u00e1in agus cleachtais chraolt\u00f3ir\u00ed agus ard\u00e1in f\u00edse\u00e1in ar \u00e9ileamh a rial\u00fa. Cl\u00fada\u00edonn na rialacha r\u00e9imse leathan \u00e1bhar, lena n-\u00e1ir\u00edtear cothroime, oibiacht\u00falacht agus neamhchlaontacht i dtuairisci\u00fa nuachta agus c\u00farsa\u00ed reatha, rialacha maidir le f\u00f3gra\u00edocht agus [&hellip;]\" \/>\n<meta property=\"og:url\" content=\"https:\/\/www.cnam.ie\/ga\/tionscal-gairmithe\/coid-reachtaiocht\/coid-rialacha\/\" \/>\n<meta property=\"og:site_name\" content=\"Coimisi\u00fan na Me\u00e1n\" \/>\n<meta property=\"article:publisher\" content=\"https:\/\/www.facebook.com\/CNaM.Ireland\/\" \/>\n<meta property=\"article:modified_time\" content=\"2025-01-15T12:37:58+00:00\" \/>\n<meta name=\"twitter:card\" content=\"summary_large_image\" \/>\n<meta name=\"twitter:site\" content=\"@CNaM_ie\" \/>\n<meta name=\"twitter:label1\" content=\"Est. reading time\" \/>\n\t<meta name=\"twitter:data1\" content=\"1 minute\" \/>\n<script type=\"application\/ld+json\" class=\"yoast-schema-graph\">{\"@context\":\"https:\\\/\\\/schema.org\",\"@graph\":[{\"@type\":\"WebPage\",\"@id\":\"https:\\\/\\\/www.cnam.ie\\\/ga\\\/tionscal-gairmithe\\\/coid-reachtaiocht\\\/coid-rialacha\\\/\",\"url\":\"https:\\\/\\\/www.cnam.ie\\\/ga\\\/tionscal-gairmithe\\\/coid-reachtaiocht\\\/coid-rialacha\\\/\",\"name\":\"C\u00f3id & Rialacha - Coimisi\u00fan na Me\u00e1n\",\"isPartOf\":{\"@id\":\"https:\\\/\\\/www.cnam.ie\\\/ga\\\/#website\"},\"datePublished\":\"2024-10-18T09:05:13+00:00\",\"dateModified\":\"2025-01-15T12:37:58+00:00\",\"breadcrumb\":{\"@id\":\"https:\\\/\\\/www.cnam.ie\\\/ga\\\/tionscal-gairmithe\\\/coid-reachtaiocht\\\/coid-rialacha\\\/#breadcrumb\"},\"inLanguage\":\"ga-IE\",\"potentialAction\":[{\"@type\":\"ReadAction\",\"target\":[\"https:\\\/\\\/www.cnam.ie\\\/ga\\\/tionscal-gairmithe\\\/coid-reachtaiocht\\\/coid-rialacha\\\/\"]}]},{\"@type\":\"BreadcrumbList\",\"@id\":\"https:\\\/\\\/www.cnam.ie\\\/ga\\\/tionscal-gairmithe\\\/coid-reachtaiocht\\\/coid-rialacha\\\/#breadcrumb\",\"itemListElement\":[{\"@type\":\"ListItem\",\"position\":1,\"name\":\"Home\",\"item\":\"https:\\\/\\\/www.cnam.ie\\\/ga\\\/\"},{\"@type\":\"ListItem\",\"position\":2,\"name\":\"Tionscal &#038; gairmithe\",\"item\":\"https:\\\/\\\/www.cnam.ie\\\/ga\\\/tionscal-gairmithe\\\/\"},{\"@type\":\"ListItem\",\"position\":3,\"name\":\"C\u00f3id &#038; reachta\u00edocht\",\"item\":\"https:\\\/\\\/www.cnam.ie\\\/ga\\\/tionscal-gairmithe\\\/coid-reachtaiocht\\\/\"},{\"@type\":\"ListItem\",\"position\":4,\"name\":\"C\u00f3id &#038; Rialacha\"}]},{\"@type\":\"WebSite\",\"@id\":\"https:\\\/\\\/www.cnam.ie\\\/ga\\\/#website\",\"url\":\"https:\\\/\\\/www.cnam.ie\\\/ga\\\/\",\"name\":\"Coimisiun na Mean\",\"description\":\"Coimisi\u00fan na Me\u00e1n\",\"publisher\":{\"@id\":\"https:\\\/\\\/www.cnam.ie\\\/ga\\\/#organization\"},\"potentialAction\":[{\"@type\":\"SearchAction\",\"target\":{\"@type\":\"EntryPoint\",\"urlTemplate\":\"https:\\\/\\\/www.cnam.ie\\\/ga\\\/?s={search_term_string}\"},\"query-input\":{\"@type\":\"PropertyValueSpecification\",\"valueRequired\":true,\"valueName\":\"search_term_string\"}}],\"inLanguage\":\"ga-IE\"},{\"@type\":\"Organization\",\"@id\":\"https:\\\/\\\/www.cnam.ie\\\/ga\\\/#organization\",\"name\":\"Coimisiun na Mean\",\"url\":\"https:\\\/\\\/www.cnam.ie\\\/ga\\\/\",\"logo\":{\"@type\":\"ImageObject\",\"inLanguage\":\"ga-IE\",\"@id\":\"https:\\\/\\\/www.cnam.ie\\\/ga\\\/#\\\/schema\\\/logo\\\/image\\\/\",\"url\":\"https:\\\/\\\/www.cnam.ie\\\/app\\\/uploads\\\/2024\\\/12\\\/Website-image-with-logo.jpg\",\"contentUrl\":\"https:\\\/\\\/www.cnam.ie\\\/app\\\/uploads\\\/2024\\\/12\\\/Website-image-with-logo.jpg\",\"width\":1200,\"height\":800,\"caption\":\"Coimisiun na Mean\"},\"image\":{\"@id\":\"https:\\\/\\\/www.cnam.ie\\\/ga\\\/#\\\/schema\\\/logo\\\/image\\\/\"},\"sameAs\":[\"https:\\\/\\\/www.facebook.com\\\/CNaM.Ireland\\\/\",\"https:\\\/\\\/x.com\\\/CNaM_ie\"]}]}<\/script>\n<!-- \/ Yoast SEO plugin. -->","yoast_head_json":{"title":"C\u00f3id & Rialacha - Coimisi\u00fan na Me\u00e1n","robots":{"index":"index","follow":"follow","max-snippet":"max-snippet:-1","max-image-preview":"max-image-preview:large","max-video-preview":"max-video-preview:-1"},"canonical":"https:\/\/www.cnam.ie\/ga\/tionscal-gairmithe\/coid-reachtaiocht\/coid-rialacha\/","og_locale":"ga_IE","og_type":"article","og_title":"C\u00f3id & Rialacha - Coimisi\u00fan na Me\u00e1n","og_description":"Craolt\u00f3ireacht agus f\u00edse\u00e1n ar \u00e9ileamh Mar rialt\u00f3ir me\u00e1n na h\u00c9ireann, d\u00e9anann Coimisi\u00fan na Me\u00e1n rialach\u00e1in (d\u00e1 ngairtear C\u00f3id &amp; Rialacha) chun caighde\u00e1in agus cleachtais chraolt\u00f3ir\u00ed agus ard\u00e1in f\u00edse\u00e1in ar \u00e9ileamh a rial\u00fa. Cl\u00fada\u00edonn na rialacha r\u00e9imse leathan \u00e1bhar, lena n-\u00e1ir\u00edtear cothroime, oibiacht\u00falacht agus neamhchlaontacht i dtuairisci\u00fa nuachta agus c\u00farsa\u00ed reatha, rialacha maidir le f\u00f3gra\u00edocht agus [&hellip;]","og_url":"https:\/\/www.cnam.ie\/ga\/tionscal-gairmithe\/coid-reachtaiocht\/coid-rialacha\/","og_site_name":"Coimisi\u00fan na Me\u00e1n","article_publisher":"https:\/\/www.facebook.com\/CNaM.Ireland\/","article_modified_time":"2025-01-15T12:37:58+00:00","twitter_card":"summary_large_image","twitter_site":"@CNaM_ie","twitter_misc":{"Est. reading time":"1 minute"},"schema":{"@context":"https:\/\/schema.org","@graph":[{"@type":"WebPage","@id":"https:\/\/www.cnam.ie\/ga\/tionscal-gairmithe\/coid-reachtaiocht\/coid-rialacha\/","url":"https:\/\/www.cnam.ie\/ga\/tionscal-gairmithe\/coid-reachtaiocht\/coid-rialacha\/","name":"C\u00f3id & Rialacha - Coimisi\u00fan na Me\u00e1n","isPartOf":{"@id":"https:\/\/www.cnam.ie\/ga\/#website"},"datePublished":"2024-10-18T09:05:13+00:00","dateModified":"2025-01-15T12:37:58+00:00","breadcrumb":{"@id":"https:\/\/www.cnam.ie\/ga\/tionscal-gairmithe\/coid-reachtaiocht\/coid-rialacha\/#breadcrumb"},"inLanguage":"ga-IE","potentialAction":[{"@type":"ReadAction","target":["https:\/\/www.cnam.ie\/ga\/tionscal-gairmithe\/coid-reachtaiocht\/coid-rialacha\/"]}]},{"@type":"BreadcrumbList","@id":"https:\/\/www.cnam.ie\/ga\/tionscal-gairmithe\/coid-reachtaiocht\/coid-rialacha\/#breadcrumb","itemListElement":[{"@type":"ListItem","position":1,"name":"Home","item":"https:\/\/www.cnam.ie\/ga\/"},{"@type":"ListItem","position":2,"name":"Tionscal &#038; gairmithe","item":"https:\/\/www.cnam.ie\/ga\/tionscal-gairmithe\/"},{"@type":"ListItem","position":3,"name":"C\u00f3id &#038; reachta\u00edocht","item":"https:\/\/www.cnam.ie\/ga\/tionscal-gairmithe\/coid-reachtaiocht\/"},{"@type":"ListItem","position":4,"name":"C\u00f3id &#038; Rialacha"}]},{"@type":"WebSite","@id":"https:\/\/www.cnam.ie\/ga\/#website","url":"https:\/\/www.cnam.ie\/ga\/","name":"Coimisiun na Mean","description":"Coimisi\u00fan na Me\u00e1n","publisher":{"@id":"https:\/\/www.cnam.ie\/ga\/#organization"},"potentialAction":[{"@type":"SearchAction","target":{"@type":"EntryPoint","urlTemplate":"https:\/\/www.cnam.ie\/ga\/?s={search_term_string}"},"query-input":{"@type":"PropertyValueSpecification","valueRequired":true,"valueName":"search_term_string"}}],"inLanguage":"ga-IE"},{"@type":"Organization","@id":"https:\/\/www.cnam.ie\/ga\/#organization","name":"Coimisiun na Mean","url":"https:\/\/www.cnam.ie\/ga\/","logo":{"@type":"ImageObject","inLanguage":"ga-IE","@id":"https:\/\/www.cnam.ie\/ga\/#\/schema\/logo\/image\/","url":"https:\/\/www.cnam.ie\/app\/uploads\/2024\/12\/Website-image-with-logo.jpg","contentUrl":"https:\/\/www.cnam.ie\/app\/uploads\/2024\/12\/Website-image-with-logo.jpg","width":1200,"height":800,"caption":"Coimisiun na Mean"},"image":{"@id":"https:\/\/www.cnam.ie\/ga\/#\/schema\/logo\/image\/"},"sameAs":["https:\/\/www.facebook.com\/CNaM.Ireland\/","https:\/\/x.com\/CNaM_ie"]}]}},"spectra_custom_meta":{"_top_nav_excluded":[""],"_cms_nav_minihome":[""],"_wp_page_template":["page-templates\/page-blank-container.php"],"_last_translation_edit_mode":["native-editor"],"_edit_lock":["1736950213:10"],"_relevanssi_related_posts":["11086,4899,4441,3950,4179,7610"],"_edit_last":["10"],"_wpml_media_duplicate":["1"],"_wpml_media_featured":["1"],"_yoast_wpseo_content_score":["90"],"_yoast_wpseo_estimated-reading-time-minutes":["1"],"_uag_css_file_name":["uag-css-11564.css"],"_uag_js_file_name":["uag-js-11564.js"]},"uagb_featured_image_src":{"full":false,"thumbnail":false,"medium":false,"medium_large":false,"large":false,"1536x1536":false,"2048x2048":false,"gform-image-choice-sm":false,"gform-image-choice-md":false,"gform-image-choice-lg":false},"uagb_author_info":{"display_name":"Jose","author_link":"https:\/\/www.cnam.ie\/ga\/author\/jose\/"},"uagb_comment_info":0,"uagb_excerpt":"Craolt\u00f3ireacht agus f\u00edse\u00e1n ar \u00e9ileamh Mar rialt\u00f3ir me\u00e1n na h\u00c9ireann, d\u00e9anann Coimisi\u00fan na Me\u00e1n rialach\u00e1in (d\u00e1 ngairtear C\u00f3id &amp; Rialacha) chun caighde\u00e1in agus cleachtais chraolt\u00f3ir\u00ed agus ard\u00e1in f\u00edse\u00e1in ar \u00e9ileamh a rial\u00fa. Cl\u00fada\u00edonn na rialacha r\u00e9imse leathan \u00e1bhar, lena n-\u00e1ir\u00edtear cothroime, oibiacht\u00falacht agus neamhchlaontacht i dtuairisci\u00fa nuachta agus c\u00farsa\u00ed reatha, rialacha maidir le f\u00f3gra\u00edocht agus&hellip;","_links":{"self":[{"href":"https:\/\/www.cnam.ie\/ga\/wp-json\/wp\/v2\/pages\/11564","targetHints":{"allow":["GET"]}}],"collection":[{"href":"https:\/\/www.cnam.ie\/ga\/wp-json\/wp\/v2\/pages"}],"about":[{"href":"https:\/\/www.cnam.ie\/ga\/wp-json\/wp\/v2\/types\/page"}],"author":[{"embeddable":true,"href":"https:\/\/www.cnam.ie\/ga\/wp-json\/wp\/v2\/users\/2"}],"replies":[{"embeddable":true,"href":"https:\/\/www.cnam.ie\/ga\/wp-json\/wp\/v2\/comments?post=11564"}],"version-history":[{"count":7,"href":"https:\/\/www.cnam.ie\/ga\/wp-json\/wp\/v2\/pages\/11564\/revisions"}],"predecessor-version":[{"id":12501,"href":"https:\/\/www.cnam.ie\/ga\/wp-json\/wp\/v2\/pages\/11564\/revisions\/12501"}],"up":[{"embeddable":true,"href":"https:\/\/www.cnam.ie\/ga\/wp-json\/wp\/v2\/pages\/11559"}],"wp:attachment":[{"href":"https:\/\/www.cnam.ie\/ga\/wp-json\/wp\/v2\/media?parent=11564"}],"curies":[{"name":"wp","href":"https:\/\/api.w.org\/{rel}","templated":true}]}}