{"id":11645,"date":"2024-10-18T10:09:00","date_gmt":"2024-10-18T09:09:00","guid":{"rendered":"https:\/\/www.cnam.ie\/tionscal-gairmithe\/coid-reachtaiocht\/reachtaiocht\/"},"modified":"2025-09-19T16:45:43","modified_gmt":"2025-09-19T15:45:43","slug":"reachtaiocht","status":"publish","type":"page","link":"https:\/\/www.cnam.ie\/ga\/tionscal-gairmithe\/coid-reachtaiocht\/reachtaiocht\/","title":{"rendered":"Reachta\u00edocht"},"content":{"rendered":"\n<div class=\"wp-block-uagb-container uagb-block-1d5875b5 alignfull uagb-is-root-container\"><div class=\"uagb-container-inner-blocks-wrap\">\n<div class=\"wp-block-uagb-container uagb-block-2f005527\">\n<div class=\"wp-block-uagb-advanced-heading uagb-block-d9b72e84\"><p class=\"uagb-heading-text\">T\u00e1 r\u00e9imse leathan cumhachta\u00ed agus freagrachta\u00ed ag Coimisi\u00fan na Me\u00e1n at\u00e1 sainithe ag an reachta\u00edocht.\u202fIs \u00ed an reachta\u00edocht phr\u00edomha sa r\u00e9imse seo n\u00e1 an tAcht Craolach\u00e1in, 2009, arna leas\u00fa.<\/p><\/div>\n\n\n\n<div class=\"wp-block-uagb-advanced-heading uagb-block-c1ec72f8\"><\/div>\n<\/div>\n<\/div><\/div>\n\n\n\n<div class=\"wp-block-uagb-container uagb-block-68eab6b5 alignfull uagb-is-root-container\"><div class=\"uagb-container-inner-blocks-wrap\">\n<div class=\"wp-block-uagb-container uagb-layout-flex uagb-block-51655cdf\">\n<div class=\"wp-block-uagb-container uagb-block-6e077d8c\">\n<div class=\"wp-block-uagb-container uagb-block-2f0d3bb9\"><\/div>\n\n\n\n<div class=\"wp-block-uagb-advanced-heading uagb-block-d6be221f\"><p class=\"uagb-heading-text\"><strong>An tAcht Craolach\u00e1in<br>2009<\/strong><\/p><\/div>\n<a class=\"spectra-container-link-overlay\" rel=\"noopener\" href=\"https:\/\/www.cnam.ie\/ga\/tionscal-gairmithe\/coid-reachtaiocht\/reachtaiocht\/an-tacht-craolachain-2009\/\"> <\/a><\/div>\n\n\n\n<div class=\"wp-block-uagb-container uagb-block-def86536\">\n<div class=\"wp-block-uagb-image alignleft uagb-block-ed37a02f wp-block-uagb-image--layout-default wp-block-uagb-image--effect-static wp-block-uagb-image--align-left\"><figure class=\"wp-block-uagb-image__figure\"><img decoding=\"async\" srcset=\"https:\/\/www.cnam.ie\/app\/uploads\/2024\/10\/Advice-speech-bubbles-01.png ,https:\/\/www.cnam.ie\/app\/uploads\/2024\/10\/Advice-speech-bubbles-01.png 780w, https:\/\/www.cnam.ie\/app\/uploads\/2024\/10\/Advice-speech-bubbles-01.png 360w\" sizes=\"auto, (max-width: 480px) 150px\" src=\"https:\/\/www.cnam.ie\/app\/uploads\/2024\/10\/Advice-speech-bubbles-01.png\" alt=\"\" class=\"uag-image-36\" width=\"18\" height=\"18\" title=\"Advice-speech-bubbles-01\" loading=\"lazy\" role=\"img\"\/><\/figure><\/div>\n<\/div>\n<\/div>\n\n\n\n<div class=\"wp-block-uagb-container uagb-block-c4d44b73\">\n<div class=\"wp-block-uagb-container uagb-block-430c00cf\">\n<div class=\"wp-block-uagb-container uagb-block-feb5fb7c\"><\/div>\n\n\n\n<div class=\"wp-block-uagb-advanced-heading uagb-block-6265684e\"><p class=\"uagb-heading-text\"><strong>An tAcht um Rial\u00e1il S\u00e1bh\u00e1ilteachta<br>ar L\u00edne agus na Me\u00e1n<\/strong><\/p><\/div>\n<a class=\"spectra-container-link-overlay\" rel=\"noopener\" href=\"https:\/\/www.cnam.ie\/ga\/tionscal-gairmithe\/coid-reachtaiocht\/reachtaiocht\/an-tacht-um-rialail-sabhailteachta-ar-line-agus-na-mean-2022\/\"> <\/a><\/div>\n\n\n\n<div class=\"wp-block-uagb-container uagb-block-fda8897c\">\n<div class=\"wp-block-uagb-image alignleft uagb-block-ff90722c wp-block-uagb-image--layout-default wp-block-uagb-image--effect-static wp-block-uagb-image--align-left\"><figure class=\"wp-block-uagb-image__figure\"><img decoding=\"async\" srcset=\"https:\/\/www.cnam.ie\/app\/uploads\/2024\/10\/Advice-speech-bubbles-01.png ,https:\/\/www.cnam.ie\/app\/uploads\/2024\/10\/Advice-speech-bubbles-01.png 780w, https:\/\/www.cnam.ie\/app\/uploads\/2024\/10\/Advice-speech-bubbles-01.png 360w\" sizes=\"auto, (max-width: 480px) 150px\" src=\"https:\/\/www.cnam.ie\/app\/uploads\/2024\/10\/Advice-speech-bubbles-01.png\" alt=\"\" class=\"uag-image-36\" width=\"18\" height=\"18\" title=\"Advice-speech-bubbles-01\" loading=\"lazy\" role=\"img\"\/><\/figure><\/div>\n<\/div>\n<\/div>\n<\/div><\/div>\n\n\n\n<nav class=\"wp-block-uagb-container link-list uagb-block-2e49114d alignfull uagb-is-root-container\"><div class=\"uagb-container-inner-blocks-wrap\">\n<div class=\"wp-block-uagb-advanced-heading uagb-block-3e7faab4\"><p class=\"uagb-heading-text\"><strong>Ar an leathanach seo:<\/strong><\/p><\/div>\n\n\n\n<ul class=\"wp-block-list\">\n<li><a href=\"#craoltoireacht\">Craolt\u00f3ireacht agus f\u00edse\u00e1n ar \u00e9ileamh<\/a><\/li>\n\n\n\n<li><a href=\"#fisean\">Ard\u00e1in comhroinnte f\u00edse\u00e1n<\/a><\/li>\n\n\n\n<li><a href=\"#eorpach\">An Gn\u00edomh Eorpach um Shaoirse na Me\u00e1n<\/a><\/li>\n<\/ul>\n<\/div><\/nav>\n\n\n\n<h2 class=\"wp-block-heading\" id=\"craoltoireacht\">Craolt\u00f3ireacht agus f\u00edse\u00e1n ar \u00e9ileamh<\/h2>\n\n\n\n<p>Ceann de na feidhmeanna t\u00e1bhachtacha at\u00e1 againn is ea c\u00f3id, rialacha agus caighde\u00e1in a fhorbairt don chraolt\u00f3ireacht agus d\u2019fh\u00edse\u00e1n ar \u00e9ileamh. T\u00e1 na rialach\u00e1in seo \u00e1 dtreor\u00fa ag codanna t\u00e1bhachtacha den Acht Craolach\u00e1in, 2009 arna leas\u00fa.<\/p>\n\n\n\n<p>T\u00e1 s\u00e9 d\u2019oibleag\u00e1id ar gach seirbh\u00eds craolach\u00e1in agus f\u00edse\u00e1in ar \u00e9ileamh na dualgais a leagtar s\u00edos faoi alt 3B den Acht [ailt 46 (j) \u2014 (m)] a chomhl\u00edonadh. Baineann na dualgais seo le nuacht agus c\u00farsa\u00ed reatha, pr\u00edobh\u00e1ideacht, f\u00f3gra\u00edocht, d\u00edobh\u00e1il, agus cion m\u00edchu\u00ed, i measc nithe eile. I dteannta na ndualgas sin, tugtar de chumhacht do Choimisi\u00fan na Me\u00e1n le hailt 46N agus 46M den Acht c\u00f3id seirbh\u00edse me\u00e1n agus rialacha seirbh\u00edse me\u00e1n a fhorbairt. \u202fT\u00e1 na for\u00e1lacha dl\u00edthi\u00fala sin mar bhonn agus mar thaca ag \u00e1r gc\u00f3id agus rialacha foilsithe maidir le craoladh agus f\u00edse\u00e1n ar \u00e9ileamh. Pl\u00e9ann na c\u00f3id agus na rialacha sin le cumars\u00e1id tr\u00e1cht\u00e1la, teorainneacha f\u00f3gra\u00edochta laeth\u00fala agus in aghaidh na huaire, \u00e1bhar eagarth\u00f3ireachta (lena n-\u00e1ir\u00edtear \u00e1bhair a bhaineann le nuacht agus c\u00farsa\u00ed reatha, d\u00edobh\u00e1il agus cion m\u00edchu\u00ed), inrochtaineacht seirbh\u00eds\u00ed teilif\u00edse agus f\u00edse\u00e1in ar \u00e9ileamh agus \u00fas\u00e1id sleachta gearra nuachta.\u202f <\/p>\n\n\n\n<p>De bhun Ailt 46N(10) agus 46O(11) den Acht, beidh mainneachtain ag craolt\u00f3ir n\u00f3 ag sol\u00e1thra\u00ed f\u00edse\u00e1in ar \u00e9ileamh c\u00f3d seirbh\u00edse me\u00e1n n\u00f3 riail seirbh\u00edse me\u00e1n a chomhl\u00edonadh ina sh\u00e1r\u00fa chun cr\u00edocha Chuid 8B den Acht. Forbra\u00edodh na c\u00f3id agus na rialacha seo de r\u00e9ir alt 46Q den Acht.\u202f<\/p>\n\n\n\n<div class=\"wp-block-buttons is-layout-flex wp-block-buttons-is-layout-flex\">\n<div class=\"wp-block-button\"><a class=\"wp-block-button__link wp-element-button\" href=\"https:\/\/www.cnam.ie\/ga\/tionscal-gairmithe\/coid-reachtaiocht\/coid-rialacha\/\">F\u00e9ach na C\u00f3id &amp; Rialacha maidir le craoladh agus f\u00edse\u00e1n ar \u00e9ileamh <\/a><\/div>\n<\/div>\n\n\n\n<h2 class=\"wp-block-heading\" id=\"fisean\">Ard\u00e1in comhroinnte f\u00edse\u00e1n <\/h2>\n\n\n\n<p>I gc\u00e1s seirbh\u00eds\u00ed ard\u00e1in comhroinnte f\u00edse\u00e1n, f\u00e9adfaimid c\u00f3id s\u00e1bh\u00e1ilteachta ar l\u00edne a dh\u00e9anamh de r\u00e9ir alt 139K den Acht. T\u00e1 forbairt d\u00e9anta ar \u00e1r gC\u00f3d S\u00e1bh\u00e1ilteachta ar L\u00edne de r\u00e9ir na for\u00e1la seo. Forbra\u00edodh an C\u00f3d i gcomhr\u00e9ir le halt 139N den Acht.<\/p>\n\n\n\n<div class=\"wp-block-buttons is-layout-flex wp-block-buttons-is-layout-flex\">\n<div class=\"wp-block-button\"><a class=\"wp-block-button__link wp-element-button\" href=\"https:\/\/www.cnam.ie\/ga\/tionscal-gairmithe\/creat-sabhailteachta-ar-line\/cod-sabhailteachta-ar-line\/\">L\u00e9igh faoin gC\u00f3d S\u00e1bh\u00e1ilteachta ar L\u00edne <\/a><\/div>\n<\/div>\n\n\n\n<p>T\u00e1 feidhm ag an gC\u00f3d, de r\u00e9ir alt 139L den Acht, maidir le seirbh\u00eds\u00ed ard\u00e1in comhroinnte f\u00edse\u00e1n mar chatag\u00f3ir seirbh\u00eds\u00ed a gcuirfear an C\u00f3d i bhfeidhm maidir leo agus maidir le seirbh\u00eds ard\u00e1in comhroinnte f\u00edse\u00e1n aonair ainmnithe. Rinneadh cl\u00e1r de sheirbh\u00eds\u00ed ard\u00e1in comhroinnte f\u00edse\u00e1n, arna ainmni\u00fa ag Coimisi\u00fan na Me\u00e1n ag an tr\u00e1th seo agus a mbeidh feidhm ag an gC\u00f3d maidir leo, a fhorbairt de bhun alt 139J den Acht. De bhun Alt 139Q den Acht, beidh mainneachtain ag seirbh\u00eds ard\u00e1in comhroinnte f\u00edse\u00e1n an C\u00f3d a chomhl\u00edonadh ina sh\u00e1r\u00fa chun cr\u00edocha Chuid 8B den Acht.\u202f<\/p>\n\n\n\n<ul class=\"wp-block-list\">\n<li><a href=\"https:\/\/www.cnam.ie\/ga\/tionscal-gairmithe\/creat-sabhailteachta-ar-line\/cod-sabhailteachta-ar-line\/ainmniuchain-cuir-i-bhfeidhm-an-choid-sabhailteachta-ar-line\/\">L\u00e9igh faoi ainmnithe na seirbh\u00eds\u00ed \u00e1bhartha ar l\u00edne<\/a><\/li>\n<\/ul>\n\n\n\n<p>Ar leithligh, t\u00e1 \u00e1bhar treorach maidir le s\u00e1bh\u00e1ilteacht ar l\u00edne forbartha agus foilsithe ag Coimisi\u00fan na Me\u00e1n de bhun alt 139Z den Acht.<\/p>\n\n\n\n<ul class=\"wp-block-list\">\n<li><a href=\"https:\/\/www.cnam.ie\/app\/uploads\/2025\/01\/24236265_20241010_FINAL-OSC-Guidance-Materials_CF_vF_GA-1.pdf\">L\u00e9igh \u00c1bhar Treorach an Ch\u00f3id S\u00e1bh\u00e1ilteachta ar L\u00edne<\/a><\/li>\n<\/ul>\n\n\n\n<h2 class=\"wp-block-heading\" id=\"eorpach\">An Gn\u00edomh Eorpach um Shaoirse na Me\u00e1n<\/h2>\n\n\n\n<p>Is \u00e9ard at\u00e1 i gceist leis <a href=\"https:\/\/eur-lex.europa.eu\/legal-content\/GA\/TXT\/?uri=CELEX:32024R1083\" target=\"_blank\" rel=\"noreferrer noopener\">an nGn\u00edomh Eorpach um Shaoirse na Me\u00e1n (GESM)<\/a> rialach\u00e1n \u00f3n Aontas Eorpach lena gcuirtear i bhfeidhm rialacha nua chun iolrachas agus neamhsple\u00e1chas na me\u00e1n a chosaint agus f\u00e9achtar lena \u00e1irithi\u00fa leis gur f\u00e9idir leis na me\u00e1in oibri\u00fa ar bhealach n\u00edos fusa thar theorainneacha.<\/p>\n\n\n\n<p><a href=\"https:\/\/www.irishstatutebook.ie\/eli\/2025\/si\/22\/made\/en\/print\" target=\"_blank\" rel=\"noreferrer noopener\">Ainmn\u00edodh Coimisi\u00fan na Me\u00e1n mar an t\u00dadar\u00e1s Rial\u00e1la N\u00e1isi\u00fanta<\/a> in \u00c9irinn chun for\u00e1lacha \u00e1irithe a leagtar s\u00edos leis an dl\u00ed a chomhord\u00fa.<\/p>\n\n\n\n<div class=\"wp-block-buttons is-layout-flex wp-block-buttons-is-layout-flex\">\n<div class=\"wp-block-button\"><a class=\"wp-block-button__link wp-element-button\" href=\"https:\/\/www.cnam.ie\/ga\/tionscal-gairmithe\/coid-reachtaiocht\/reachtaiocht\/an-gniomh-eorpach-um-shaoirse-na-mean\/\">An Gn\u00edomh Eorpach um Shaoirse na Me\u00e1n<\/a><\/div>\n<\/div>\n","protected":false},"excerpt":{"rendered":"<p>T\u00e1 r\u00e9imse leathan cumhachta\u00ed agus freagrachta\u00ed ag Coimisi\u00fan na Me\u00e1n at\u00e1 sainithe ag an reachta\u00edocht.\u202fIs \u00ed an reachta\u00edocht phr\u00edomha sa r\u00e9imse seo n\u00e1 an tAcht Craolach\u00e1in, 2009, arna leas\u00fa. An tAcht Craolach\u00e1in2009 An tAcht um Rial\u00e1il S\u00e1bh\u00e1ilteachtaar L\u00edne agus na Me\u00e1n Ar an leathanach seo: Craolt\u00f3ireacht agus f\u00edse\u00e1n ar \u00e9ileamh Ceann de na feidhmeanna t\u00e1bhachtacha [&hellip;]<\/p>\n","protected":false},"author":2,"featured_media":0,"parent":11559,"menu_order":41,"comment_status":"closed","ping_status":"closed","template":"","meta":{"_acf_changed":false,"_relevanssi_hide_post":"","_relevanssi_hide_content":"","_relevanssi_pin_for_all":"","_relevanssi_pin_keywords":"","_relevanssi_unpin_keywords":"","_relevanssi_related_keywords":"","_relevanssi_related_include_ids":"","_relevanssi_related_exclude_ids":"","_relevanssi_related_no_append":"","_relevanssi_related_not_related":"","_relevanssi_related_posts":"2253,3950,4544,7648,7655,12255","_relevanssi_noindex_reason":"","_uag_custom_page_level_css":"","footnotes":""},"class_list":["post-11645","page","type-page","status-publish","hentry"],"acf":[],"yoast_head":"<!-- This site is optimized with the Yoast SEO plugin v27.3 - https:\/\/yoast.com\/product\/yoast-seo-wordpress\/ -->\n<title>Reachta\u00edocht - Coimisi\u00fan na Me\u00e1n<\/title>\n<meta name=\"robots\" content=\"index, follow, max-snippet:-1, max-image-preview:large, max-video-preview:-1\" \/>\n<link rel=\"canonical\" href=\"https:\/\/www.cnam.ie\/ga\/tionscal-gairmithe\/coid-reachtaiocht\/reachtaiocht\/\" \/>\n<meta property=\"og:locale\" content=\"ga_IE\" \/>\n<meta property=\"og:type\" content=\"article\" \/>\n<meta property=\"og:title\" content=\"Reachta\u00edocht - Coimisi\u00fan na Me\u00e1n\" \/>\n<meta property=\"og:description\" content=\"T\u00e1 r\u00e9imse leathan cumhachta\u00ed agus freagrachta\u00ed ag Coimisi\u00fan na Me\u00e1n at\u00e1 sainithe ag an reachta\u00edocht.\u202fIs \u00ed an reachta\u00edocht phr\u00edomha sa r\u00e9imse seo n\u00e1 an tAcht Craolach\u00e1in, 2009, arna leas\u00fa. An tAcht Craolach\u00e1in2009 An tAcht um Rial\u00e1il S\u00e1bh\u00e1ilteachtaar L\u00edne agus na Me\u00e1n Ar an leathanach seo: Craolt\u00f3ireacht agus f\u00edse\u00e1n ar \u00e9ileamh Ceann de na feidhmeanna t\u00e1bhachtacha [&hellip;]\" \/>\n<meta property=\"og:url\" content=\"https:\/\/www.cnam.ie\/ga\/tionscal-gairmithe\/coid-reachtaiocht\/reachtaiocht\/\" \/>\n<meta property=\"og:site_name\" content=\"Coimisi\u00fan na Me\u00e1n\" \/>\n<meta property=\"article:publisher\" content=\"https:\/\/www.facebook.com\/CNaM.Ireland\/\" \/>\n<meta property=\"article:modified_time\" content=\"2025-09-19T15:45:43+00:00\" \/>\n<meta property=\"og:image\" content=\"https:\/\/www.cnam.ie\/app\/uploads\/2024\/10\/Advice-speech-bubbles-01.png\" \/>\n<meta name=\"twitter:card\" content=\"summary_large_image\" \/>\n<meta name=\"twitter:site\" content=\"@CNaM_ie\" \/>\n<meta name=\"twitter:label1\" content=\"Est. reading time\" \/>\n\t<meta name=\"twitter:data1\" content=\"3 minutes\" \/>\n<script type=\"application\/ld+json\" class=\"yoast-schema-graph\">{\"@context\":\"https:\\\/\\\/schema.org\",\"@graph\":[{\"@type\":\"WebPage\",\"@id\":\"https:\\\/\\\/www.cnam.ie\\\/ga\\\/tionscal-gairmithe\\\/coid-reachtaiocht\\\/reachtaiocht\\\/\",\"url\":\"https:\\\/\\\/www.cnam.ie\\\/ga\\\/tionscal-gairmithe\\\/coid-reachtaiocht\\\/reachtaiocht\\\/\",\"name\":\"Reachta\u00edocht - Coimisi\u00fan na Me\u00e1n\",\"isPartOf\":{\"@id\":\"https:\\\/\\\/www.cnam.ie\\\/ga\\\/#website\"},\"primaryImageOfPage\":{\"@id\":\"https:\\\/\\\/www.cnam.ie\\\/ga\\\/tionscal-gairmithe\\\/coid-reachtaiocht\\\/reachtaiocht\\\/#primaryimage\"},\"image\":{\"@id\":\"https:\\\/\\\/www.cnam.ie\\\/ga\\\/tionscal-gairmithe\\\/coid-reachtaiocht\\\/reachtaiocht\\\/#primaryimage\"},\"thumbnailUrl\":\"https:\\\/\\\/www.cnam.ie\\\/app\\\/uploads\\\/2024\\\/10\\\/Advice-speech-bubbles-01.png\",\"datePublished\":\"2024-10-18T09:09:00+00:00\",\"dateModified\":\"2025-09-19T15:45:43+00:00\",\"breadcrumb\":{\"@id\":\"https:\\\/\\\/www.cnam.ie\\\/ga\\\/tionscal-gairmithe\\\/coid-reachtaiocht\\\/reachtaiocht\\\/#breadcrumb\"},\"inLanguage\":\"ga-IE\",\"potentialAction\":[{\"@type\":\"ReadAction\",\"target\":[\"https:\\\/\\\/www.cnam.ie\\\/ga\\\/tionscal-gairmithe\\\/coid-reachtaiocht\\\/reachtaiocht\\\/\"]}]},{\"@type\":\"ImageObject\",\"inLanguage\":\"ga-IE\",\"@id\":\"https:\\\/\\\/www.cnam.ie\\\/ga\\\/tionscal-gairmithe\\\/coid-reachtaiocht\\\/reachtaiocht\\\/#primaryimage\",\"url\":\"https:\\\/\\\/www.cnam.ie\\\/app\\\/uploads\\\/2024\\\/10\\\/Advice-speech-bubbles-01.png\",\"contentUrl\":\"https:\\\/\\\/www.cnam.ie\\\/app\\\/uploads\\\/2024\\\/10\\\/Advice-speech-bubbles-01.png\"},{\"@type\":\"BreadcrumbList\",\"@id\":\"https:\\\/\\\/www.cnam.ie\\\/ga\\\/tionscal-gairmithe\\\/coid-reachtaiocht\\\/reachtaiocht\\\/#breadcrumb\",\"itemListElement\":[{\"@type\":\"ListItem\",\"position\":1,\"name\":\"Home\",\"item\":\"https:\\\/\\\/www.cnam.ie\\\/ga\\\/\"},{\"@type\":\"ListItem\",\"position\":2,\"name\":\"Tionscal &#038; gairmithe\",\"item\":\"https:\\\/\\\/www.cnam.ie\\\/ga\\\/tionscal-gairmithe\\\/\"},{\"@type\":\"ListItem\",\"position\":3,\"name\":\"C\u00f3id &#038; reachta\u00edocht\",\"item\":\"https:\\\/\\\/www.cnam.ie\\\/ga\\\/tionscal-gairmithe\\\/coid-reachtaiocht\\\/\"},{\"@type\":\"ListItem\",\"position\":4,\"name\":\"Reachta\u00edocht\"}]},{\"@type\":\"WebSite\",\"@id\":\"https:\\\/\\\/www.cnam.ie\\\/ga\\\/#website\",\"url\":\"https:\\\/\\\/www.cnam.ie\\\/ga\\\/\",\"name\":\"Coimisiun na Mean\",\"description\":\"Coimisi\u00fan na Me\u00e1n\",\"publisher\":{\"@id\":\"https:\\\/\\\/www.cnam.ie\\\/ga\\\/#organization\"},\"potentialAction\":[{\"@type\":\"SearchAction\",\"target\":{\"@type\":\"EntryPoint\",\"urlTemplate\":\"https:\\\/\\\/www.cnam.ie\\\/ga\\\/?s={search_term_string}\"},\"query-input\":{\"@type\":\"PropertyValueSpecification\",\"valueRequired\":true,\"valueName\":\"search_term_string\"}}],\"inLanguage\":\"ga-IE\"},{\"@type\":\"Organization\",\"@id\":\"https:\\\/\\\/www.cnam.ie\\\/ga\\\/#organization\",\"name\":\"Coimisiun na Mean\",\"url\":\"https:\\\/\\\/www.cnam.ie\\\/ga\\\/\",\"logo\":{\"@type\":\"ImageObject\",\"inLanguage\":\"ga-IE\",\"@id\":\"https:\\\/\\\/www.cnam.ie\\\/ga\\\/#\\\/schema\\\/logo\\\/image\\\/\",\"url\":\"https:\\\/\\\/www.cnam.ie\\\/app\\\/uploads\\\/2024\\\/12\\\/Website-image-with-logo.jpg\",\"contentUrl\":\"https:\\\/\\\/www.cnam.ie\\\/app\\\/uploads\\\/2024\\\/12\\\/Website-image-with-logo.jpg\",\"width\":1200,\"height\":800,\"caption\":\"Coimisiun na Mean\"},\"image\":{\"@id\":\"https:\\\/\\\/www.cnam.ie\\\/ga\\\/#\\\/schema\\\/logo\\\/image\\\/\"},\"sameAs\":[\"https:\\\/\\\/www.facebook.com\\\/CNaM.Ireland\\\/\",\"https:\\\/\\\/x.com\\\/CNaM_ie\"]}]}<\/script>\n<!-- \/ Yoast SEO plugin. -->","yoast_head_json":{"title":"Reachta\u00edocht - Coimisi\u00fan na Me\u00e1n","robots":{"index":"index","follow":"follow","max-snippet":"max-snippet:-1","max-image-preview":"max-image-preview:large","max-video-preview":"max-video-preview:-1"},"canonical":"https:\/\/www.cnam.ie\/ga\/tionscal-gairmithe\/coid-reachtaiocht\/reachtaiocht\/","og_locale":"ga_IE","og_type":"article","og_title":"Reachta\u00edocht - Coimisi\u00fan na Me\u00e1n","og_description":"T\u00e1 r\u00e9imse leathan cumhachta\u00ed agus freagrachta\u00ed ag Coimisi\u00fan na Me\u00e1n at\u00e1 sainithe ag an reachta\u00edocht.\u202fIs \u00ed an reachta\u00edocht phr\u00edomha sa r\u00e9imse seo n\u00e1 an tAcht Craolach\u00e1in, 2009, arna leas\u00fa. An tAcht Craolach\u00e1in2009 An tAcht um Rial\u00e1il S\u00e1bh\u00e1ilteachtaar L\u00edne agus na Me\u00e1n Ar an leathanach seo: Craolt\u00f3ireacht agus f\u00edse\u00e1n ar \u00e9ileamh Ceann de na feidhmeanna t\u00e1bhachtacha [&hellip;]","og_url":"https:\/\/www.cnam.ie\/ga\/tionscal-gairmithe\/coid-reachtaiocht\/reachtaiocht\/","og_site_name":"Coimisi\u00fan na Me\u00e1n","article_publisher":"https:\/\/www.facebook.com\/CNaM.Ireland\/","article_modified_time":"2025-09-19T15:45:43+00:00","og_image":[{"url":"https:\/\/www.cnam.ie\/app\/uploads\/2024\/10\/Advice-speech-bubbles-01.png","type":"","width":"","height":""}],"twitter_card":"summary_large_image","twitter_site":"@CNaM_ie","twitter_misc":{"Est. reading time":"3 minutes"},"schema":{"@context":"https:\/\/schema.org","@graph":[{"@type":"WebPage","@id":"https:\/\/www.cnam.ie\/ga\/tionscal-gairmithe\/coid-reachtaiocht\/reachtaiocht\/","url":"https:\/\/www.cnam.ie\/ga\/tionscal-gairmithe\/coid-reachtaiocht\/reachtaiocht\/","name":"Reachta\u00edocht - Coimisi\u00fan na Me\u00e1n","isPartOf":{"@id":"https:\/\/www.cnam.ie\/ga\/#website"},"primaryImageOfPage":{"@id":"https:\/\/www.cnam.ie\/ga\/tionscal-gairmithe\/coid-reachtaiocht\/reachtaiocht\/#primaryimage"},"image":{"@id":"https:\/\/www.cnam.ie\/ga\/tionscal-gairmithe\/coid-reachtaiocht\/reachtaiocht\/#primaryimage"},"thumbnailUrl":"https:\/\/www.cnam.ie\/app\/uploads\/2024\/10\/Advice-speech-bubbles-01.png","datePublished":"2024-10-18T09:09:00+00:00","dateModified":"2025-09-19T15:45:43+00:00","breadcrumb":{"@id":"https:\/\/www.cnam.ie\/ga\/tionscal-gairmithe\/coid-reachtaiocht\/reachtaiocht\/#breadcrumb"},"inLanguage":"ga-IE","potentialAction":[{"@type":"ReadAction","target":["https:\/\/www.cnam.ie\/ga\/tionscal-gairmithe\/coid-reachtaiocht\/reachtaiocht\/"]}]},{"@type":"ImageObject","inLanguage":"ga-IE","@id":"https:\/\/www.cnam.ie\/ga\/tionscal-gairmithe\/coid-reachtaiocht\/reachtaiocht\/#primaryimage","url":"https:\/\/www.cnam.ie\/app\/uploads\/2024\/10\/Advice-speech-bubbles-01.png","contentUrl":"https:\/\/www.cnam.ie\/app\/uploads\/2024\/10\/Advice-speech-bubbles-01.png"},{"@type":"BreadcrumbList","@id":"https:\/\/www.cnam.ie\/ga\/tionscal-gairmithe\/coid-reachtaiocht\/reachtaiocht\/#breadcrumb","itemListElement":[{"@type":"ListItem","position":1,"name":"Home","item":"https:\/\/www.cnam.ie\/ga\/"},{"@type":"ListItem","position":2,"name":"Tionscal &#038; gairmithe","item":"https:\/\/www.cnam.ie\/ga\/tionscal-gairmithe\/"},{"@type":"ListItem","position":3,"name":"C\u00f3id &#038; reachta\u00edocht","item":"https:\/\/www.cnam.ie\/ga\/tionscal-gairmithe\/coid-reachtaiocht\/"},{"@type":"ListItem","position":4,"name":"Reachta\u00edocht"}]},{"@type":"WebSite","@id":"https:\/\/www.cnam.ie\/ga\/#website","url":"https:\/\/www.cnam.ie\/ga\/","name":"Coimisiun na Mean","description":"Coimisi\u00fan na Me\u00e1n","publisher":{"@id":"https:\/\/www.cnam.ie\/ga\/#organization"},"potentialAction":[{"@type":"SearchAction","target":{"@type":"EntryPoint","urlTemplate":"https:\/\/www.cnam.ie\/ga\/?s={search_term_string}"},"query-input":{"@type":"PropertyValueSpecification","valueRequired":true,"valueName":"search_term_string"}}],"inLanguage":"ga-IE"},{"@type":"Organization","@id":"https:\/\/www.cnam.ie\/ga\/#organization","name":"Coimisiun na Mean","url":"https:\/\/www.cnam.ie\/ga\/","logo":{"@type":"ImageObject","inLanguage":"ga-IE","@id":"https:\/\/www.cnam.ie\/ga\/#\/schema\/logo\/image\/","url":"https:\/\/www.cnam.ie\/app\/uploads\/2024\/12\/Website-image-with-logo.jpg","contentUrl":"https:\/\/www.cnam.ie\/app\/uploads\/2024\/12\/Website-image-with-logo.jpg","width":1200,"height":800,"caption":"Coimisiun na Mean"},"image":{"@id":"https:\/\/www.cnam.ie\/ga\/#\/schema\/logo\/image\/"},"sameAs":["https:\/\/www.facebook.com\/CNaM.Ireland\/","https:\/\/x.com\/CNaM_ie"]}]}},"spectra_custom_meta":{"_top_nav_excluded":[""],"_cms_nav_minihome":[""],"_last_translation_edit_mode":["native-editor"],"_edit_lock":["1758296745:9"],"_relevanssi_related_posts":["2253,3950,4544,7648,7655,12255"],"_edit_last":["9"],"_wp_page_template":[""],"_wpml_media_duplicate":["1"],"_wpml_media_featured":["1"],"_yoast_wpseo_content_score":["60"],"_yoast_wpseo_estimated-reading-time-minutes":["3"],"_wpml_word_count":["643"]},"uagb_featured_image_src":{"full":false,"thumbnail":false,"medium":false,"medium_large":false,"large":false,"1536x1536":false,"2048x2048":false,"gform-image-choice-sm":false,"gform-image-choice-md":false,"gform-image-choice-lg":false},"uagb_author_info":{"display_name":"Jose","author_link":"https:\/\/www.cnam.ie\/ga\/author\/jose\/"},"uagb_comment_info":0,"uagb_excerpt":"T\u00e1 r\u00e9imse leathan cumhachta\u00ed agus freagrachta\u00ed ag Coimisi\u00fan na Me\u00e1n at\u00e1 sainithe ag an reachta\u00edocht.\u202fIs \u00ed an reachta\u00edocht phr\u00edomha sa r\u00e9imse seo n\u00e1 an tAcht Craolach\u00e1in, 2009, arna leas\u00fa. An tAcht Craolach\u00e1in2009 An tAcht um Rial\u00e1il S\u00e1bh\u00e1ilteachtaar L\u00edne agus na Me\u00e1n Ar an leathanach seo: Craolt\u00f3ireacht agus f\u00edse\u00e1n ar \u00e9ileamh Ceann de na feidhmeanna t\u00e1bhachtacha&hellip;","_links":{"self":[{"href":"https:\/\/www.cnam.ie\/ga\/wp-json\/wp\/v2\/pages\/11645","targetHints":{"allow":["GET"]}}],"collection":[{"href":"https:\/\/www.cnam.ie\/ga\/wp-json\/wp\/v2\/pages"}],"about":[{"href":"https:\/\/www.cnam.ie\/ga\/wp-json\/wp\/v2\/types\/page"}],"author":[{"embeddable":true,"href":"https:\/\/www.cnam.ie\/ga\/wp-json\/wp\/v2\/users\/2"}],"replies":[{"embeddable":true,"href":"https:\/\/www.cnam.ie\/ga\/wp-json\/wp\/v2\/comments?post=11645"}],"version-history":[{"count":8,"href":"https:\/\/www.cnam.ie\/ga\/wp-json\/wp\/v2\/pages\/11645\/revisions"}],"predecessor-version":[{"id":17994,"href":"https:\/\/www.cnam.ie\/ga\/wp-json\/wp\/v2\/pages\/11645\/revisions\/17994"}],"up":[{"embeddable":true,"href":"https:\/\/www.cnam.ie\/ga\/wp-json\/wp\/v2\/pages\/11559"}],"wp:attachment":[{"href":"https:\/\/www.cnam.ie\/ga\/wp-json\/wp\/v2\/media?parent=11645"}],"curies":[{"name":"wp","href":"https:\/\/api.w.org\/{rel}","templated":true}]}}