{"id":11677,"date":"2024-11-05T17:15:17","date_gmt":"2024-11-05T17:15:17","guid":{"rendered":"https:\/\/www.cnam.ie\/tionscal-gairmithe\/forbairt-na-mean\/tacaiocht-maoiniu\/urraiocht\/"},"modified":"2026-01-15T12:04:13","modified_gmt":"2026-01-15T12:04:13","slug":"urraiocht","status":"publish","type":"page","link":"https:\/\/www.cnam.ie\/ga\/tionscal-gairmithe\/forbairt-na-mean\/tacaiocht-maoiniu\/urraiocht\/","title":{"rendered":"Urra\u00edocht"},"content":{"rendered":"\n<p class=\"has-medium-font-size\">Tuigeann Coimisi\u00fan na Me\u00e1n an t\u00e1bhacht a bhaineann leis an r\u00e9imse tallainne agus cruthaitheachta a aithint agus a chur chun cinn ar fud earn\u00e1il me\u00e1n na h\u00c9ireann. D\u00e9anaimid urra\u00edocht ar r\u00e9imse imeachta\u00ed agus gn\u00edomha\u00edochta\u00ed a bhaineann leis na me\u00e1in gach bliain a chuireann le suntasacht agus le hinfheictheacht \u00e1bhair at\u00e1 \u00e1bhartha \u00f3 thaobh an chult\u00fair de do lucht f\u00e9achana na h\u00c9ireann. T\u00e1imid ag tn\u00fath le dul i dteagmh\u00e1il le raon \u00e9ags\u00fail gr\u00fapa\u00ed chun a gcuid oibre agus \u00e1r r\u00f3l in earn\u00e1il na me\u00e1n a chur chun cinn.<\/p>\n\n\n\n<p>Re\u00e1cht\u00e1laimid babhta urra\u00edochta gach bliain, ag lorg iarratais chun tac\u00fa le raon imeachta\u00ed agus gn\u00edomha\u00edochta\u00ed me\u00e1n a bh\u00edonn ar si\u00fal ar fud na t\u00edre a ail\u00edn\u00edonn len\u00e1r R\u00e1iteas Strait\u00e9ise agus a chuireann \u00e1r gcuid oibre laistigh den earn\u00e1il me\u00e1n chun cinn.<\/p>\n\n\n\n<p>Sainmh\u00edn\u00edonn Coimisi\u00fan na Me\u00e1n urra\u00edocht mar:<\/p>\n\n\n\n<p>\u201crann\u00edoca\u00edocht airgid a thairgtear d\u2019eagra\u00edocht, n\u00f3 do dhuine aonair, chun cr\u00edocha tac\u00fa le himeacht a chur ar st\u00e1itse, seirbh\u00eds a shol\u00e1thar n\u00f3 gn\u00edomha\u00edocht a dh\u00e9anamh at\u00e1 i gcomhr\u00e9ir le cusp\u00f3ir\u00ed Choimisi\u00fan na Me\u00e1n, agus toradh sonrach \u00e1 ionchas.\u201d<\/p>\n\n\n\n<h2 class=\"wp-block-heading\">Cad is f\u00e9idir a urr\u00fa faoin Sc\u00e9im?<\/h2>\n\n\n\n<p>I measc sampla\u00ed d\u2019imeachta\u00ed agus gn\u00edomha\u00edochta\u00ed urraithe t\u00e1 f\u00e9ilte me\u00e1n, searmanais bronnta duaiseanna, agus comhdh\u00e1lacha agus seimine\u00e1ir me\u00e1n.<\/p>\n\n\n\n<p><span class=\"TextRun SCXW177141525 BCX0\" lang=\"GD\" xml:lang=\"GD\" data-contrast=\"none\"><span class=\"NormalTextRun SCXW177141525 BCX0\" data-ccp-parastyle=\"P68B1DB1-Normal2\" data-ccp-parastyle-defn=\"{&quot;ObjectId&quot;:&quot;5a423a37-b9f2-4eaf-946b-6d9d4a828157|55&quot;,&quot;ClassId&quot;:1073872969,&quot;Properties&quot;:[201342446,&quot;1&quot;,201342447,&quot;5&quot;,201342448,&quot;1&quot;,201342449,&quot;1&quot;,469777841,&quot;Arial&quot;,469777842,&quot;Arial&quot;,469777843,&quot;Times New Roman&quot;,469777844,&quot;Arial&quot;,201341986,&quot;1&quot;,469769226,&quot;Arial,Times New Roman&quot;,268442635,&quot;24&quot;,469775450,&quot;P68B1DB1-Normal2&quot;,201340122,&quot;2&quot;,134233614,&quot;true&quot;,469778129,&quot;P68B1DB1-Normal2&quot;,335572020,&quot;1&quot;,335551500,&quot;4922&quot;,469778324,&quot;Normal&quot;]}\"><strong>Cad nach f\u00e9idir a urr\u00fa:<\/strong>\u202fL\u00e9iri\u00fa scann\u00e1n, cl\u00e1r teilif\u00edse n\u00f3 raidi\u00f3, n\u00f3 taifeadadh podchraolta\u00ed, agus\/n\u00f3 cl\u00e1ir meant\u00f3ireachta n\u00f3 oili\u00fana. Maidir le deiseanna sna r\u00e9ims\u00ed seo, d\u2019fh\u00e9adfadh go mbeadh suim agat in\u00e1r gcl\u00e1ir mhaoinithe eile.<\/span><\/span><\/p>\n\n\n\n<h3 class=\"wp-block-heading\">Faighteoir\u00ed maoinithe rath\u00fala le haghaidh 2026<\/h3>\n\n\n\n<figure class=\"wp-block-table is-style-stripes\"><table><thead><tr><th>Iarratas\u00f3\u00edr<\/th><th>Imeacht<\/th><th>D\u00e1mhachtain Maoinithe i bPrionsabal \u20ac<\/th><\/tr><\/thead><tbody><tr><td>Dingle Animation Festival Ltd<\/td><td>Animation Dingle 2026<\/td><td>8,000<\/td><\/tr><tr><td>The Irish Animation Awards CLG<\/td><td>Animation Ireland Meitheal<\/td><td>8,000<\/td><\/tr><tr><td>Choice Music Prize<\/td><td>Choice Music Prize 2026<\/td><td>10,000<\/td><\/tr><tr><td>Cork International Film Festival CLG<\/td><td>Cork International Film Festival 2026<\/td><td>10,000<\/td><\/tr><tr><td>Community Radio Forum of Ireland<\/td><td>CRAOL Community Radio Achievement Awards<\/td><td>17,700<\/td><\/tr><tr><td>Fastnet Short Film Festival CLG<\/td><td>Fastnet Film Festival 2026<\/td><td>4,000<\/td><\/tr><tr><td>F\u00e9ile John Ford CLG<\/td><td>F\u00e9ile John Ford 2026<\/td><td>8,000<\/td><\/tr><tr><td>Ard\u00e1n<\/td><td>F\u00eds TV Summit 2026<\/td><td>13,000<\/td><\/tr><tr><td>Fresh Film CLG<\/td><td>Fresh International Film Festival 2026<\/td><td>8,000<\/td><\/tr><tr><td>Galway Film Fleadh CLG<\/td><td>Galway Film Fleadh 2026<\/td><td>18,000<\/td><\/tr><tr><td>Furthr<\/td><td>Creative Calling\/Creative Careers 2026<\/td><td>15,000<\/td><\/tr><tr><td>Furthr<\/td><td>Culture Crush 2026<\/td><td>8,000<\/td><\/tr><tr><td>GAZE Film Festival Ltd<\/td><td>GAZE Film Fest 2026<\/td><td>6,000<\/td><\/tr><tr><td>National LGBTQ+ Federation CLG &#8211; GCN<\/td><td>GCN GALAs<\/td><td>5,000<\/td><\/tr><tr><td>GORM Media DAC<\/td><td>GORM Gathering 2026<\/td><td>6,000<\/td><\/tr><tr><td>Harp Media Ltd<\/td><td>Harp Short Film &amp; Screenplay Competition 2026<\/td><td>4,500<\/td><\/tr><tr><td>Her Sport Media Ltd<\/td><td>Women in Sport Awards &amp; Her Sport Awards 2025<\/td><td>6,000<\/td><\/tr><tr><td>IFTA Academy CLG<\/td><td>IFTA Awards Ceremony &amp; Broadcast 2026<\/td><td>40,000<\/td><\/tr><tr><td>Independent Broadcasters Ireland<\/td><td>IMRO Radio Awards<\/td><td>23,000<\/td><\/tr><tr><td>Local Ireland<\/td><td>Local Ireland Media Awards<\/td><td>10,000<\/td><\/tr><tr><td>NewsBrands Ireland<\/td><td>Young Journalist Ireland Awards<\/td><td>10,000<\/td><\/tr><tr><td>NUJ<\/td><td>Freelance Forum Spring and Autumn 2026<\/td><td>6,000<\/td><\/tr><tr><td>Oireachtas na Gaeilge<\/td><td>Gradaim Chumarsaide an Oireachtais 2026<\/td><td>10,000<\/td><\/tr><tr><td>The Radharc Trust<\/td><td>Radharc Awards 2026<\/td><td>6,000<\/td><\/tr><tr><td>RTS Ireland \/ RT\u00c9<\/td><td>Grada\u00edm RTS Television Awards 2026<\/td><td>10,000<\/td><\/tr><tr><td>Shine t\/a Schizophrenia Association of Ireland<\/td><td>Mental Health Media Awards 2026<\/td><td>10,000<\/td><\/tr><tr><td>Waterford Sl\u00ed CLG<\/td><td>Use Your Voice Media Literacy Conference \/ Follow-on activities<\/td><td>4,000<\/td><\/tr><tr><td>Women in Film and Television Ireland CLG<\/td><td>2026 Women in Film and Television International Summit<\/td><td>20,000<\/td><\/tr><tr><td>TU Dublin<\/td><td>Women in Football; Representation, Participation and Futures<\/td><td>3,000<\/td><\/tr><tr><td>DIFF Festival Limited CLG<\/td><td>DIFF Media Hub<\/td><td>7,000<\/td><\/tr><\/tbody><tfoot><tr><td>Forioml\u00e1n<\/td><td><\/td><td>\u20ac314,200<\/td><\/tr><\/tfoot><\/table><\/figure>\n\n\n\n<h2 class=\"wp-block-heading\"><span class=\"TextRun SCXW79166259 BCX0\" lang=\"GD\" xml:lang=\"GD\" data-contrast=\"none\"><span class=\"NormalTextRun SCXW79166259 BCX0\" data-ccp-parastyle=\"P68B1DB1-Normal3\" data-ccp-parastyle-defn=\"{&quot;ObjectId&quot;:&quot;5a423a37-b9f2-4eaf-946b-6d9d4a828157|56&quot;,&quot;ClassId&quot;:1073872969,&quot;Properties&quot;:[201342446,&quot;1&quot;,201342447,&quot;5&quot;,201342448,&quot;1&quot;,201342449,&quot;1&quot;,469777841,&quot;Arial&quot;,469777842,&quot;Arial&quot;,469777843,&quot;Times New Roman&quot;,469777844,&quot;Arial&quot;,201341986,&quot;1&quot;,469769226,&quot;Arial,Times New Roman&quot;,268442635,&quot;42&quot;,469775450,&quot;P68B1DB1-Normal3&quot;,201340122,&quot;2&quot;,134233614,&quot;true&quot;,469778129,&quot;P68B1DB1-Normal3&quot;,335572020,&quot;1&quot;,134224900,&quot;true&quot;,335551500,&quot;4922&quot;,469778324,&quot;Normal&quot;]}\">An bhfuil sp\u00e9is agat iarratas a dh\u00e9anamh?<\/span><\/span><\/h2>\n\n\n\n<p>T\u00e1 iarratais do 2026 d\u00fanta anois.&nbsp;<a href=\"https:\/\/www.cnam.ie\/ga\/nuacht-foilseachain\/claru-nuashonruithenuachta\/\">Cl\u00e1raigh le haghaidh nuashonraithe nuachta<\/a>&nbsp;nua chun cloiste\u00e1il faoi bhabhta\u00ed maoinithe amach anseo. Is le haghaidh tagartha amh\u00e1in at\u00e1 an fhoirm iarratais roimhe seo agus an treoir th\u00edos.<\/p>\n\n\n\n<ul class=\"wp-block-list\">\n<li><span class=\"TextRun SCXW141263290 BCX0\" lang=\"GD\" xml:lang=\"GD\" data-contrast=\"none\"><span class=\"NormalTextRun SCXW141263290 BCX0\" data-ccp-parastyle=\"P68B1DB1-Normal2\" data-ccp-parastyle-defn=\"{&quot;ObjectId&quot;:&quot;5a423a37-b9f2-4eaf-946b-6d9d4a828157|55&quot;,&quot;ClassId&quot;:1073872969,&quot;Properties&quot;:[201342446,&quot;1&quot;,201342447,&quot;5&quot;,201342448,&quot;1&quot;,201342449,&quot;1&quot;,469777841,&quot;Arial&quot;,469777842,&quot;Arial&quot;,469777843,&quot;Times New Roman&quot;,469777844,&quot;Arial&quot;,201341986,&quot;1&quot;,469769226,&quot;Arial,Times New Roman&quot;,268442635,&quot;24&quot;,469775450,&quot;P68B1DB1-Normal2&quot;,201340122,&quot;2&quot;,134233614,&quot;true&quot;,469778129,&quot;P68B1DB1-Normal2&quot;,335572020,&quot;1&quot;,335551500,&quot;4922&quot;,469778324,&quot;Normal&quot;]}\">L\u00e9igh \u00e1r d<a href=\"https:\/\/www.cnam.ie\/app\/uploads\/2025\/09\/20250923_SponsorshipGuide_GA_vFinal.pdf\">Treoir Urra\u00edochta d\u2019Iarratas\u00f3ir\u00ed\u202f (PDF)<\/a><\/span><\/span><\/li>\n\n\n\n<li><a href=\"https:\/\/www.cnam.ie\/app\/uploads\/2025\/09\/20260923_Sponsosorship_App_Form_GA_v.Final_.docx\">Foirm Iarratais<\/a><\/li>\n\n\n\n<li><a href=\"https:\/\/www.cnam.ie\/app\/uploads\/2025\/09\/20250918_GA_Sponsorship_TemplateContract_GA_EF.pdf\">Conradh samplach<\/a><\/li>\n<\/ul>\n\n\n\n<p><\/p>\n","protected":false},"excerpt":{"rendered":"<p>Tuigeann Coimisi\u00fan na Me\u00e1n an t\u00e1bhacht a bhaineann leis an r\u00e9imse tallainne agus cruthaitheachta a aithint agus a chur chun cinn ar fud earn\u00e1il me\u00e1n na h\u00c9ireann. D\u00e9anaimid urra\u00edocht ar r\u00e9imse imeachta\u00ed agus gn\u00edomha\u00edochta\u00ed a bhaineann leis na me\u00e1in gach bliain a chuireann le suntasacht agus le hinfheictheacht \u00e1bhair at\u00e1 \u00e1bhartha \u00f3 thaobh an chult\u00fair [&hellip;]<\/p>\n","protected":false},"author":8,"featured_media":0,"parent":11671,"menu_order":34,"comment_status":"closed","ping_status":"closed","template":"","meta":{"_acf_changed":false,"_relevanssi_hide_post":"","_relevanssi_hide_content":"","_relevanssi_pin_for_all":"","_relevanssi_pin_keywords":"","_relevanssi_unpin_keywords":"","_relevanssi_related_keywords":"","_relevanssi_related_include_ids":"","_relevanssi_related_exclude_ids":"","_relevanssi_related_no_append":"","_relevanssi_related_not_related":"","_relevanssi_related_posts":"5185,7637,2890,3375,4899,11086","_relevanssi_noindex_reason":"","_uag_custom_page_level_css":"","footnotes":""},"class_list":["post-11677","page","type-page","status-publish","hentry"],"acf":[],"yoast_head":"<!-- This site is optimized with the Yoast SEO plugin v27.5 - https:\/\/yoast.com\/product\/yoast-seo-wordpress\/ -->\n<title>Urra\u00edocht - Coimisi\u00fan na Me\u00e1n<\/title>\n<meta name=\"robots\" content=\"index, follow, max-snippet:-1, max-image-preview:large, max-video-preview:-1\" \/>\n<link rel=\"canonical\" href=\"https:\/\/www.cnam.ie\/ga\/tionscal-gairmithe\/forbairt-na-mean\/tacaiocht-maoiniu\/urraiocht\/\" \/>\n<meta property=\"og:locale\" content=\"ga_IE\" \/>\n<meta property=\"og:type\" content=\"article\" \/>\n<meta property=\"og:title\" content=\"Urra\u00edocht - Coimisi\u00fan na Me\u00e1n\" \/>\n<meta property=\"og:description\" content=\"Tuigeann Coimisi\u00fan na Me\u00e1n an t\u00e1bhacht a bhaineann leis an r\u00e9imse tallainne agus cruthaitheachta a aithint agus a chur chun cinn ar fud earn\u00e1il me\u00e1n na h\u00c9ireann. D\u00e9anaimid urra\u00edocht ar r\u00e9imse imeachta\u00ed agus gn\u00edomha\u00edochta\u00ed a bhaineann leis na me\u00e1in gach bliain a chuireann le suntasacht agus le hinfheictheacht \u00e1bhair at\u00e1 \u00e1bhartha \u00f3 thaobh an chult\u00fair [&hellip;]\" \/>\n<meta property=\"og:url\" content=\"https:\/\/www.cnam.ie\/ga\/tionscal-gairmithe\/forbairt-na-mean\/tacaiocht-maoiniu\/urraiocht\/\" \/>\n<meta property=\"og:site_name\" content=\"Coimisi\u00fan na Me\u00e1n\" \/>\n<meta property=\"article:publisher\" content=\"https:\/\/www.facebook.com\/CNaM.Ireland\/\" \/>\n<meta property=\"article:modified_time\" content=\"2026-01-15T12:04:13+00:00\" \/>\n<meta property=\"og:image\" content=\"https:\/\/www.cnam.ie\/app\/uploads\/2025\/09\/GettyImages-1207065852.jpg\" \/>\n\t<meta property=\"og:image:width\" content=\"724\" \/>\n\t<meta property=\"og:image:height\" content=\"483\" \/>\n\t<meta property=\"og:image:type\" content=\"image\/jpeg\" \/>\n<meta name=\"twitter:card\" content=\"summary_large_image\" \/>\n<meta name=\"twitter:site\" content=\"@CNaM_ie\" \/>\n<meta name=\"twitter:label1\" content=\"Est. reading time\" \/>\n\t<meta name=\"twitter:data1\" content=\"3 minutes\" \/>\n<script type=\"application\/ld+json\" class=\"yoast-schema-graph\">{\"@context\":\"https:\\\/\\\/schema.org\",\"@graph\":[{\"@type\":\"WebPage\",\"@id\":\"https:\\\/\\\/www.cnam.ie\\\/ga\\\/tionscal-gairmithe\\\/forbairt-na-mean\\\/tacaiocht-maoiniu\\\/urraiocht\\\/\",\"url\":\"https:\\\/\\\/www.cnam.ie\\\/ga\\\/tionscal-gairmithe\\\/forbairt-na-mean\\\/tacaiocht-maoiniu\\\/urraiocht\\\/\",\"name\":\"Urra\u00edocht - Coimisi\u00fan na Me\u00e1n\",\"isPartOf\":{\"@id\":\"https:\\\/\\\/www.cnam.ie\\\/ga\\\/#website\"},\"datePublished\":\"2024-11-05T17:15:17+00:00\",\"dateModified\":\"2026-01-15T12:04:13+00:00\",\"breadcrumb\":{\"@id\":\"https:\\\/\\\/www.cnam.ie\\\/ga\\\/tionscal-gairmithe\\\/forbairt-na-mean\\\/tacaiocht-maoiniu\\\/urraiocht\\\/#breadcrumb\"},\"inLanguage\":\"ga-IE\",\"potentialAction\":[{\"@type\":\"ReadAction\",\"target\":[\"https:\\\/\\\/www.cnam.ie\\\/ga\\\/tionscal-gairmithe\\\/forbairt-na-mean\\\/tacaiocht-maoiniu\\\/urraiocht\\\/\"]}]},{\"@type\":\"BreadcrumbList\",\"@id\":\"https:\\\/\\\/www.cnam.ie\\\/ga\\\/tionscal-gairmithe\\\/forbairt-na-mean\\\/tacaiocht-maoiniu\\\/urraiocht\\\/#breadcrumb\",\"itemListElement\":[{\"@type\":\"ListItem\",\"position\":1,\"name\":\"Home\",\"item\":\"https:\\\/\\\/www.cnam.ie\\\/ga\\\/\"},{\"@type\":\"ListItem\",\"position\":2,\"name\":\"Tionscal &#038; gairmithe\",\"item\":\"https:\\\/\\\/www.cnam.ie\\\/ga\\\/tionscal-gairmithe\\\/\"},{\"@type\":\"ListItem\",\"position\":3,\"name\":\"Forbairt na me\u00e1n\",\"item\":\"https:\\\/\\\/www.cnam.ie\\\/ga\\\/tionscal-gairmithe\\\/forbairt-na-mean\\\/\"},{\"@type\":\"ListItem\",\"position\":4,\"name\":\"Taca\u00edocht &#038; maoini\u00fa\",\"item\":\"https:\\\/\\\/www.cnam.ie\\\/ga\\\/tionscal-gairmithe\\\/forbairt-na-mean\\\/tacaiocht-maoiniu\\\/\"},{\"@type\":\"ListItem\",\"position\":5,\"name\":\"Urra\u00edocht\"}]},{\"@type\":\"WebSite\",\"@id\":\"https:\\\/\\\/www.cnam.ie\\\/ga\\\/#website\",\"url\":\"https:\\\/\\\/www.cnam.ie\\\/ga\\\/\",\"name\":\"Coimisiun na Mean\",\"description\":\"Coimisi\u00fan na Me\u00e1n\",\"publisher\":{\"@id\":\"https:\\\/\\\/www.cnam.ie\\\/ga\\\/#organization\"},\"potentialAction\":[{\"@type\":\"SearchAction\",\"target\":{\"@type\":\"EntryPoint\",\"urlTemplate\":\"https:\\\/\\\/www.cnam.ie\\\/ga\\\/?s={search_term_string}\"},\"query-input\":{\"@type\":\"PropertyValueSpecification\",\"valueRequired\":true,\"valueName\":\"search_term_string\"}}],\"inLanguage\":\"ga-IE\"},{\"@type\":\"Organization\",\"@id\":\"https:\\\/\\\/www.cnam.ie\\\/ga\\\/#organization\",\"name\":\"Coimisiun na Mean\",\"url\":\"https:\\\/\\\/www.cnam.ie\\\/ga\\\/\",\"logo\":{\"@type\":\"ImageObject\",\"inLanguage\":\"ga-IE\",\"@id\":\"https:\\\/\\\/www.cnam.ie\\\/ga\\\/#\\\/schema\\\/logo\\\/image\\\/\",\"url\":\"https:\\\/\\\/www.cnam.ie\\\/app\\\/uploads\\\/2024\\\/12\\\/Website-image-with-logo.jpg\",\"contentUrl\":\"https:\\\/\\\/www.cnam.ie\\\/app\\\/uploads\\\/2024\\\/12\\\/Website-image-with-logo.jpg\",\"width\":1200,\"height\":800,\"caption\":\"Coimisiun na Mean\"},\"image\":{\"@id\":\"https:\\\/\\\/www.cnam.ie\\\/ga\\\/#\\\/schema\\\/logo\\\/image\\\/\"},\"sameAs\":[\"https:\\\/\\\/www.facebook.com\\\/CNaM.Ireland\\\/\",\"https:\\\/\\\/x.com\\\/CNaM_ie\"]}]}<\/script>\n<!-- \/ Yoast SEO plugin. -->","yoast_head_json":{"title":"Urra\u00edocht - Coimisi\u00fan na Me\u00e1n","robots":{"index":"index","follow":"follow","max-snippet":"max-snippet:-1","max-image-preview":"max-image-preview:large","max-video-preview":"max-video-preview:-1"},"canonical":"https:\/\/www.cnam.ie\/ga\/tionscal-gairmithe\/forbairt-na-mean\/tacaiocht-maoiniu\/urraiocht\/","og_locale":"ga_IE","og_type":"article","og_title":"Urra\u00edocht - Coimisi\u00fan na Me\u00e1n","og_description":"Tuigeann Coimisi\u00fan na Me\u00e1n an t\u00e1bhacht a bhaineann leis an r\u00e9imse tallainne agus cruthaitheachta a aithint agus a chur chun cinn ar fud earn\u00e1il me\u00e1n na h\u00c9ireann. D\u00e9anaimid urra\u00edocht ar r\u00e9imse imeachta\u00ed agus gn\u00edomha\u00edochta\u00ed a bhaineann leis na me\u00e1in gach bliain a chuireann le suntasacht agus le hinfheictheacht \u00e1bhair at\u00e1 \u00e1bhartha \u00f3 thaobh an chult\u00fair [&hellip;]","og_url":"https:\/\/www.cnam.ie\/ga\/tionscal-gairmithe\/forbairt-na-mean\/tacaiocht-maoiniu\/urraiocht\/","og_site_name":"Coimisi\u00fan na Me\u00e1n","article_publisher":"https:\/\/www.facebook.com\/CNaM.Ireland\/","article_modified_time":"2026-01-15T12:04:13+00:00","og_image":[{"width":724,"height":483,"url":"https:\/\/www.cnam.ie\/app\/uploads\/2025\/09\/GettyImages-1207065852.jpg","type":"image\/jpeg"}],"twitter_card":"summary_large_image","twitter_site":"@CNaM_ie","twitter_misc":{"Est. reading time":"3 minutes"},"schema":{"@context":"https:\/\/schema.org","@graph":[{"@type":"WebPage","@id":"https:\/\/www.cnam.ie\/ga\/tionscal-gairmithe\/forbairt-na-mean\/tacaiocht-maoiniu\/urraiocht\/","url":"https:\/\/www.cnam.ie\/ga\/tionscal-gairmithe\/forbairt-na-mean\/tacaiocht-maoiniu\/urraiocht\/","name":"Urra\u00edocht - Coimisi\u00fan na Me\u00e1n","isPartOf":{"@id":"https:\/\/www.cnam.ie\/ga\/#website"},"datePublished":"2024-11-05T17:15:17+00:00","dateModified":"2026-01-15T12:04:13+00:00","breadcrumb":{"@id":"https:\/\/www.cnam.ie\/ga\/tionscal-gairmithe\/forbairt-na-mean\/tacaiocht-maoiniu\/urraiocht\/#breadcrumb"},"inLanguage":"ga-IE","potentialAction":[{"@type":"ReadAction","target":["https:\/\/www.cnam.ie\/ga\/tionscal-gairmithe\/forbairt-na-mean\/tacaiocht-maoiniu\/urraiocht\/"]}]},{"@type":"BreadcrumbList","@id":"https:\/\/www.cnam.ie\/ga\/tionscal-gairmithe\/forbairt-na-mean\/tacaiocht-maoiniu\/urraiocht\/#breadcrumb","itemListElement":[{"@type":"ListItem","position":1,"name":"Home","item":"https:\/\/www.cnam.ie\/ga\/"},{"@type":"ListItem","position":2,"name":"Tionscal &#038; gairmithe","item":"https:\/\/www.cnam.ie\/ga\/tionscal-gairmithe\/"},{"@type":"ListItem","position":3,"name":"Forbairt na me\u00e1n","item":"https:\/\/www.cnam.ie\/ga\/tionscal-gairmithe\/forbairt-na-mean\/"},{"@type":"ListItem","position":4,"name":"Taca\u00edocht &#038; maoini\u00fa","item":"https:\/\/www.cnam.ie\/ga\/tionscal-gairmithe\/forbairt-na-mean\/tacaiocht-maoiniu\/"},{"@type":"ListItem","position":5,"name":"Urra\u00edocht"}]},{"@type":"WebSite","@id":"https:\/\/www.cnam.ie\/ga\/#website","url":"https:\/\/www.cnam.ie\/ga\/","name":"Coimisiun na Mean","description":"Coimisi\u00fan na Me\u00e1n","publisher":{"@id":"https:\/\/www.cnam.ie\/ga\/#organization"},"potentialAction":[{"@type":"SearchAction","target":{"@type":"EntryPoint","urlTemplate":"https:\/\/www.cnam.ie\/ga\/?s={search_term_string}"},"query-input":{"@type":"PropertyValueSpecification","valueRequired":true,"valueName":"search_term_string"}}],"inLanguage":"ga-IE"},{"@type":"Organization","@id":"https:\/\/www.cnam.ie\/ga\/#organization","name":"Coimisiun na Mean","url":"https:\/\/www.cnam.ie\/ga\/","logo":{"@type":"ImageObject","inLanguage":"ga-IE","@id":"https:\/\/www.cnam.ie\/ga\/#\/schema\/logo\/image\/","url":"https:\/\/www.cnam.ie\/app\/uploads\/2024\/12\/Website-image-with-logo.jpg","contentUrl":"https:\/\/www.cnam.ie\/app\/uploads\/2024\/12\/Website-image-with-logo.jpg","width":1200,"height":800,"caption":"Coimisiun na Mean"},"image":{"@id":"https:\/\/www.cnam.ie\/ga\/#\/schema\/logo\/image\/"},"sameAs":["https:\/\/www.facebook.com\/CNaM.Ireland\/","https:\/\/x.com\/CNaM_ie"]}]}},"spectra_custom_meta":{"_top_nav_excluded":[""],"_cms_nav_minihome":[""],"_wp_page_template":["default"],"_last_translation_edit_mode":["native-editor"],"_edit_lock":["1768489274:12"],"_relevanssi_related_posts":["5185,7637,2890,3375,4899,11086"],"_edit_last":["12"],"_wpml_media_duplicate":["1"],"_wpml_media_featured":["1"],"_yoast_wpseo_content_score":["90"],"_yoast_wpseo_estimated-reading-time-minutes":["3"],"_wpml_word_count":["626"],"_yoast_wpseo_opengraph-image":["https:\/\/www.cnam.ie\/app\/uploads\/2025\/09\/GettyImages-1207065852.jpg"],"_yoast_wpseo_opengraph-image-id":["18055"]},"uagb_featured_image_src":{"full":false,"thumbnail":false,"medium":false,"medium_large":false,"large":false,"1536x1536":false,"2048x2048":false,"gform-image-choice-sm":false,"gform-image-choice-md":false,"gform-image-choice-lg":false},"uagb_author_info":{"display_name":"Padraig Foran","author_link":"https:\/\/www.cnam.ie\/ga\/author\/padraigf\/"},"uagb_comment_info":0,"uagb_excerpt":"Tuigeann Coimisi\u00fan na Me\u00e1n an t\u00e1bhacht a bhaineann leis an r\u00e9imse tallainne agus cruthaitheachta a aithint agus a chur chun cinn ar fud earn\u00e1il me\u00e1n na h\u00c9ireann. D\u00e9anaimid urra\u00edocht ar r\u00e9imse imeachta\u00ed agus gn\u00edomha\u00edochta\u00ed a bhaineann leis na me\u00e1in gach bliain a chuireann le suntasacht agus le hinfheictheacht \u00e1bhair at\u00e1 \u00e1bhartha \u00f3 thaobh an chult\u00fair&hellip;","_links":{"self":[{"href":"https:\/\/www.cnam.ie\/ga\/wp-json\/wp\/v2\/pages\/11677","targetHints":{"allow":["GET"]}}],"collection":[{"href":"https:\/\/www.cnam.ie\/ga\/wp-json\/wp\/v2\/pages"}],"about":[{"href":"https:\/\/www.cnam.ie\/ga\/wp-json\/wp\/v2\/types\/page"}],"author":[{"embeddable":true,"href":"https:\/\/www.cnam.ie\/ga\/wp-json\/wp\/v2\/users\/8"}],"replies":[{"embeddable":true,"href":"https:\/\/www.cnam.ie\/ga\/wp-json\/wp\/v2\/comments?post=11677"}],"version-history":[{"count":12,"href":"https:\/\/www.cnam.ie\/ga\/wp-json\/wp\/v2\/pages\/11677\/revisions"}],"predecessor-version":[{"id":19713,"href":"https:\/\/www.cnam.ie\/ga\/wp-json\/wp\/v2\/pages\/11677\/revisions\/19713"}],"up":[{"embeddable":true,"href":"https:\/\/www.cnam.ie\/ga\/wp-json\/wp\/v2\/pages\/11671"}],"wp:attachment":[{"href":"https:\/\/www.cnam.ie\/ga\/wp-json\/wp\/v2\/media?parent=11677"}],"curies":[{"name":"wp","href":"https:\/\/api.w.org\/{rel}","templated":true}]}}