{"id":11788,"date":"2024-10-31T12:56:58","date_gmt":"2024-10-31T12:56:58","guid":{"rendered":"https:\/\/www.cnam.ie\/tionscal-gairmithe\/craoltoireacht-fisean-ar-eileamh-digiteach\/meain-na-seirbhise-poibli\/"},"modified":"2026-04-16T10:49:11","modified_gmt":"2026-04-16T09:49:11","slug":"meain-na-seirbhise-poibli","status":"publish","type":"page","link":"https:\/\/www.cnam.ie\/ga\/tionscal-gairmithe\/craoltoireacht-fisean-ar-eileamh-digiteach\/meain-na-seirbhise-poibli\/","title":{"rendered":"Me\u00e1in na Seirbh\u00edse Poibl\u00ed"},"content":{"rendered":"\n<div class=\"wp-block-uagb-container uagb-block-1d5875b5 alignfull uagb-is-root-container\"><div class=\"uagb-container-inner-blocks-wrap\">\n<div class=\"wp-block-uagb-container uagb-block-2f005527\">\n<div class=\"wp-block-uagb-container uagb-block-22557d82 alignfull uagb-is-root-container\"><div class=\"uagb-container-inner-blocks-wrap\">\n<div class=\"wp-block-uagb-container uagb-block-db68e182\">\n<div class=\"wp-block-uagb-advanced-heading uagb-block-d9b72e84\"><p class=\"uagb-heading-text\">Is eagra\u00edochta\u00ed me\u00e1n iad Me\u00e1in na Seirbh\u00edse Poibl\u00ed at\u00e1 faoi \u00fain\u00e9ireacht phoibl\u00ed agus a mhaoin\u00edtear go poibl\u00ed agus a shol\u00e1thra\u00edonn \u00e1bhar a bhaineann le riachtanais dhaonlathacha, sh\u00f3isialta agus chult\u00fartha shocha\u00ed na h\u00c9ireann at\u00e1 saor ag pointe an tomhaltais.<\/p><\/div>\n<\/div>\n\n\n\n<div class=\"wp-block-uagb-container uagb-block-a29321d3\"><\/div>\n<\/div><\/div>\n<\/div>\n<\/div><\/div>\n\n\n\n<div class=\"wp-block-buttons is-layout-flex wp-block-buttons-is-layout-flex\">\n<div class=\"wp-block-button\"><a class=\"wp-block-button__link wp-element-button\" href=\"https:\/\/www.cnam.ie\/ga\/tionscal-gairmithe\/craoltoireacht-fisean-ar-eileamh-digiteach\/meain-na-seirbhise-poibli\/tuarascalacha-ar-na-meain-seirbhise-poibli\/\">L\u00e9igh Tuarasc\u00e1lacha ar na Me\u00e1in Seirbh\u00edse Poibl\u00ed<\/a><\/div>\n<\/div>\n\n\n\n<p>In \u00c9irinn, t\u00e1 \u00e1r n-eagra\u00edochta\u00ed Me\u00e1n Seirbh\u00edse Poibl\u00ed \u2014 RT\u00c9 agus TG4 \u2014 cead\u00fanaithe ag an Aire TCult\u00fair, Cumars\u00e1ide agus Sp\u00f3irt agus rialaithe ag Coimisi\u00fan na Me\u00e1n.<\/p>\n\n\n\n<p>T\u00e1 RT\u00c9 p\u00e1irtmhaoinithe ag an t\u00e1ille chead\u00fanais agus p\u00e1irtmhaoinithe ag ioncam tr\u00e1cht\u00e1la. T\u00e1 sainch\u00faram leathan ar RT\u00c9, agus t\u00e1 freagracht air as seirbh\u00eds\u00ed raidi\u00f3 agus teilif\u00edse a shol\u00e1thar i mB\u00e9arla agus i nGaeilge araon. T\u00e1 s\u00e9 de cheangal ar RT\u00c9 freagairt do leasanna agus d\u2019\u00e1bhair imn\u00ed an phobail uile laistigh d\u2019oile\u00e1n na h\u00c9ireann, agus aird ar leith a thabhairt ar ghn\u00e9ithe a idirdheala\u00edonn an cult\u00far sin agus, go h\u00e1irithe, an Ghaeilge.<\/p>\n\n\n\n<p>T\u00e1 TG4 p\u00e1irtmhaoinithe ag St\u00e1tchiste na h\u00c9ireann, le hioncam breise \u00f3 aer-am tr\u00e1cht\u00e1la a dh\u00edol. T\u00e1 TG4 freagrach as seirbh\u00eds teilif\u00edse a shol\u00e1thar a bhfuil a raon cl\u00e1r i nGaeilge go pr\u00edomha. L\u00e9ir\u00edonn cl\u00e1ir TG4 na gn\u00e9ithe \u00e9ags\u00fala at\u00e1 i gcult\u00far oile\u00e1n na h\u00c9ireann ar fad agus aird ar leith \u00e1 tabhairt ar ghn\u00e9ithe a dh\u00e9anann idirdheal\u00fa idir an cult\u00far sin agus, go h\u00e1irithe, na r\u00e9igi\u00fain Ghaeltachta (Gaeilge).<\/p>\n\n\n\n<p>Ceangla\u00edtear ar sheirbh\u00eds\u00ed RT\u00c9 agus TG4 araon a bheith ar f\u00e1il, a mh\u00e9id is ind\u00e9anta le r\u00e9as\u00fan, do phobal uile oile\u00e1n na h\u00c9ireann. N\u00ed m\u00f3r carachtar seirbh\u00edse poibl\u00ed a bheith ag gach seirbh\u00eds agus n\u00ed m\u00f3r iad a bheith saor in aisce don aer.<\/p>\n\n\n\n<p><span class=\"TextRun SCXW147761670 BCX0\" lang=\"GD\" xml:lang=\"GD\" data-contrast=\"none\"><span class=\"NormalTextRun SCXW147761670 BCX0\" data-ccp-parastyle=\"P68B1DB1-Normal3\" data-ccp-parastyle-defn=\"{&quot;ObjectId&quot;:&quot;3370916a-5b2e-4cab-8467-c969d066e1c8|92&quot;,&quot;ClassId&quot;:1073872969,&quot;Properties&quot;:[201342446,&quot;1&quot;,201342447,&quot;5&quot;,201342448,&quot;1&quot;,201342449,&quot;1&quot;,469777841,&quot;Arial&quot;,469777842,&quot;Arial&quot;,469777843,&quot;Times New Roman&quot;,469777844,&quot;Arial&quot;,201341986,&quot;1&quot;,469769226,&quot;Arial,Times New Roman&quot;,268442635,&quot;24&quot;,469775450,&quot;P68B1DB1-Normal3&quot;,201340122,&quot;2&quot;,134233614,&quot;true&quot;,469778129,&quot;P68B1DB1-Normal3&quot;,335572020,&quot;1&quot;,335551500,&quot;4922&quot;,469778324,&quot;Normal&quot;]}\">T\u00e1 cusp\u00f3ir\u00ed poibl\u00ed, feidhmeanna agus oibleag\u00e1id\u00ed reacht\u00fala RT\u00c9 agus TG4 leagtha amach in ailt 113 go 116 (RT\u00c9) agus 117 go 119 (TG4) den <\/span><\/span><a class=\"Hyperlink SCXW147761670 BCX0\" href=\"https:\/\/www.irishstatutebook.ie\/eli\/2009\/act\/18\/enacted\/en\/html\" target=\"_blank\" rel=\"noreferrer noopener\"><span class=\"TextRun Underlined SCXW147761670 BCX0\" lang=\"GD\" xml:lang=\"GD\" data-contrast=\"none\"><span class=\"NormalTextRun SCXW147761670 BCX0\" data-ccp-parastyle=\"P68B1DB1-Normal3\">Acht Craolach\u00e1in, 2009 (arna leas\u00fa).<\/span><\/span><\/a><span class=\"TextRun SCXW147761670 BCX0\" lang=\"GD\" xml:lang=\"GD\" data-contrast=\"none\"><span class=\"NormalTextRun SCXW147761670 BCX0\" data-ccp-parastyle=\"P68B1DB1-Normal3\"> D\u00e9antar for\u00e1il in alt 123 maidir leis an leithroinnt maoinithe, agus t\u00e1 an pr\u00f3iseas chun athruithe ar mhaoini\u00fa poibl\u00ed a mholadh leagtha amach in alt 124 agus t\u00e1 for\u00e1lacha maidir le cead\u00fanais teilif\u00edse le f\u00e1il i gcuid 9 den Acht.<\/span><\/span><\/p>\n\n\n\n<p>Cuirtear maoini\u00fa ar f\u00e1il ar bhonn bliant\u00fail faoi l\u00e1thair. Chomhaontaigh an Rialtas c\u00f3ras leasaithe maoinithe phoibl\u00ed ilbhliant\u00fail do RT\u00c9 i m\u00ed I\u00fail 2024, c\u00f3ras ina bhfuil c\u00f3ras na gcead\u00fanas teilif\u00edse agus taca\u00edocht \u00f3n St\u00e1tchiste.<\/p>\n\n\n\n<p class=\"has-cnam-brown-03-background-color has-background\" id=\"Broadcasting-Act-2009\"><span class=\"TextRun SCXW242522002 BCX0\" lang=\"GD\" xml:lang=\"GD\" data-contrast=\"none\"><span class=\"NormalTextRun SCXW242522002 BCX0\" data-ccp-parastyle=\"P68B1DB1-Normal4\" data-ccp-parastyle-defn=\"{&quot;ObjectId&quot;:&quot;3370916a-5b2e-4cab-8467-c969d066e1c8|93&quot;,&quot;ClassId&quot;:1073872969,&quot;Properties&quot;:[201342446,&quot;1&quot;,201342447,&quot;5&quot;,201342448,&quot;1&quot;,201342449,&quot;1&quot;,469777841,&quot;Arial&quot;,469777842,&quot;Arial&quot;,469777843,&quot;Times New Roman&quot;,469777844,&quot;Arial&quot;,201341986,&quot;1&quot;,469769226,&quot;Arial,Times New Roman&quot;,268442635,&quot;24&quot;,469775450,&quot;P68B1DB1-Normal4&quot;,201340122,&quot;2&quot;,134233614,&quot;true&quot;,469778129,&quot;P68B1DB1-Normal4&quot;,335572020,&quot;1&quot;,134224901,&quot;true&quot;,335551500,&quot;4922&quot;,469778324,&quot;Normal&quot;]}\">D\u00e9antar for\u00e1il san Acht Craolach\u00e1in<\/span><span class=\"NormalTextRun SCXW242522002 BCX0\" data-ccp-parastyle=\"P68B1DB1-Normal4\">,<\/span><span class=\"NormalTextRun SCXW242522002 BCX0\" data-ccp-parastyle=\"P68B1DB1-Normal4\"> 2009 (arna leas\u00fa) freisin maidir le cead\u00fan\u00fa agus maoirseacht <\/span><\/span><a class=\"Hyperlink SCXW242522002 BCX0\" href=\"https:\/\/www.oireachtas.ie\/ga\/oireachtas-tv\/oireachtas-tv-channel\/\" target=\"_blank\" rel=\"noreferrer noopener\"><span class=\"FieldRange SCXW242522002 BCX0\"><span class=\"TextRun Underlined SCXW242522002 BCX0\" lang=\"GD\" xml:lang=\"GD\" data-contrast=\"none\"><span class=\"NormalTextRun CommentStart CommentHighlightPipeRest CommentHighlightRest SCXW242522002 BCX0\" data-ccp-parastyle=\"P68B1DB1-Normal4\">Teilif\u00eds an Oireachtais<\/span><\/span><\/span><\/a><span class=\"TextRun SCXW242522002 BCX0\" lang=\"GD\" xml:lang=\"GD\" data-contrast=\"none\"><span class=\"NormalTextRun CommentHighlightRest SCXW242522002 BCX0\" data-ccp-parastyle=\"P68B1DB1-Normal4\">,<\/span><span class=\"NormalTextRun CommentHighlightPipeRest SCXW242522002 BCX0\" data-ccp-parastyle=\"P68B1DB1-Normal4\"> seirbh\u00eds craolach\u00e1in i leith Thithe an Oireachtais.<\/span><\/span><\/p>\n\n\n\n<h2 class=\"wp-block-heading\">An m\u00e9id a dh\u00e9anaimid<\/h2>\n\n\n\n<p><span class=\"TextRun SCXW243526252 BCX0\" lang=\"GD\" xml:lang=\"GD\" data-contrast=\"none\"><span class=\"NormalTextRun SCXW243526252 BCX0\" data-ccp-parastyle=\"P68B1DB1-Normal3\" data-ccp-parastyle-defn=\"{&quot;ObjectId&quot;:&quot;3370916a-5b2e-4cab-8467-c969d066e1c8|92&quot;,&quot;ClassId&quot;:1073872969,&quot;Properties&quot;:[201342446,&quot;1&quot;,201342447,&quot;5&quot;,201342448,&quot;1&quot;,201342449,&quot;1&quot;,469777841,&quot;Arial&quot;,469777842,&quot;Arial&quot;,469777843,&quot;Times New Roman&quot;,469777844,&quot;Arial&quot;,201341986,&quot;1&quot;,469769226,&quot;Arial,Times New Roman&quot;,268442635,&quot;24&quot;,469775450,&quot;P68B1DB1-Normal3&quot;,201340122,&quot;2&quot;,134233614,&quot;true&quot;,469778129,&quot;P68B1DB1-Normal3&quot;,335572020,&quot;1&quot;,335551500,&quot;4922&quot;,469778324,&quot;Normal&quot;]}\">Mar a fhor\u00e1iltear san <\/span><\/span><a class=\"Hyperlink SCXW243526252 BCX0\" href=\"https:\/\/www.irishstatutebook.ie\/eli\/2009\/act\/18\/enacted\/en\/html\" target=\"_blank\" rel=\"noreferrer noopener\"><span class=\"TextRun Underlined SCXW243526252 BCX0\" lang=\"GD\" xml:lang=\"GD\" data-contrast=\"none\"><span class=\"NormalTextRun SCXW243526252 BCX0\" data-ccp-parastyle=\"P68B1DB1-Normal3\">Acht Craolach\u00e1in, 2009 (arna leas\u00fa),<\/span><\/span><\/a><span class=\"TextRun SCXW243526252 BCX0\" lang=\"GD\" xml:lang=\"GD\" data-contrast=\"none\"><span class=\"NormalTextRun SCXW243526252 BCX0\" data-ccp-parastyle=\"P68B1DB1-Normal3\"> t\u00e1 roinnt freagrachta\u00ed orainn maidir le meas\u00fan\u00fa a dh\u00e9anamh ar RT\u00c9 agus TG4, ar a maoini\u00fa agus a n-oibr\u00edochta\u00ed agus ar sheachadadh a gcuid cusp\u00f3ir\u00ed seirbh\u00edse poibl\u00ed mar a shainmh\u00edn\u00edtear sa reachta\u00edocht.<\/span><\/span><\/p>\n\n\n\n<p>I measc na bhfor\u00e1lacha reacht\u00fala t\u00e1:<\/p>\n\n\n\n<ul class=\"wp-block-list\">\n<li>meas\u00fan\u00fa ar R\u00e1itis Bhliant\u00fala Gealltanas Feidhm\u00edochta (\u2018ASPC\u2019) faoi Alt 102(3) den acht;<\/li>\n\n\n\n<li>Athbhreithnithe Bliant\u00fala ar Fheidhm\u00edocht agus ar Mhaoini\u00fa Poibl\u00ed (\u201cARPPF\u201d) a dh\u00e9anamh faoi Alt 124(2)(5);<\/li>\n\n\n\n<li>Athbhreithnithe C\u00faig Bliana ar Mhaoini\u00fa Poibl\u00ed (\u201c5YRPF\u201d) le haghaidh PSM a leagtar amach in Alt 124(8) a \u00e9asc\u00fa;<\/li>\n\n\n\n<li>Iarmhairt Earn\u00e1lach (Alt 100 agus Alt 103) agus Meas\u00fanuithe Comhfhiontair (Alt 104) a chur i gcr\u00edch, arna iarraidh sin ag an Aire Cult\u00fair, Cumars\u00e1ide agus Sp\u00f3irt.<\/li>\n<\/ul>\n\n\n\n<p>D\u00e9anann Coimisi\u00fan na Me\u00e1n eagra\u00edochta\u00ed me\u00e1n seirbh\u00edse poibl\u00ed a choinne\u00e1il cuntasach chun na nithe seo a leanas a chinnti\u00fa:<\/p>\n\n\n\n<ul class=\"wp-block-list\">\n<li>tr\u00e9dhearcacht agus cuntasacht a l\u00e9iri\u00fa maidir leis an \u00fas\u00e1id a bhaineann siad as cist\u00ed poibl\u00ed, i gcomhr\u00e9ir le ceanglais dhl\u00ed na h\u00c9ireann agus an dl\u00ed Eorpaigh; agus<\/li>\n\n\n\n<li>an leibh\u00e9al seirbh\u00edse a bhfuil s\u00fail ag an lucht f\u00e9achana\/lucht \u00e9isteachta leis a chur ar f\u00e1il d\u00f3ibh.<\/li>\n<\/ul>\n\n\n\n<p>T\u00e1 \u00e1r gcuid oibre neodrach \u00f3 thaobh ard\u00e1in de agus cuims\u00edonn s\u00ed gach seirbh\u00eds (teilif\u00eds, raidi\u00f3, digiteach) a chuireann eagra\u00edocht me\u00e1n na seirbh\u00edse poibl\u00ed ar f\u00e1il.<\/p>\n\n\n\n<p>Mar eagra\u00edocht, t\u00e1imid d\u00edrithe ar dhaoine agus ar an lucht f\u00e9achana\/lucht \u00e9isteachta, ag feidhmi\u00fa le muin\u00edn, ionracas agus misneach agus ag seachadadh tionchair tr\u00ed chinnteoireacht neamhsple\u00e1ch.<\/p>\n\n\n\n<div class=\"wp-block-uagb-container uagb-block-c6591b81 alignfull uagb-is-root-container\"><div class=\"uagb-container-inner-blocks-wrap\">\n<h4 class=\"wp-block-heading\">Creidimid go bhfuil s\u00e9 riachtanach go nd\u00e9anfaidh eagra\u00edochta\u00ed Me\u00e1n Seirbh\u00edse Poibl\u00ed in \u00c9irinn an m\u00e9id seo a leanas:<\/h4>\n\n\n\n<ul class=\"wp-block-list\">\n<li>dul i mbun nu\u00e1la\u00edochta agus ceangal le riachtanais lucht f\u00e9achana\/\u00e9isteachta na h\u00c9ireann a spreagadh;<\/li>\n\n\n\n<li>iolrachas tuairim\u00ed agus dearctha\u00ed a chur ar f\u00e1il;<\/li>\n\n\n\n<li>\u00e9ags\u00falacht chult\u00far agus thaith\u00ed na h\u00c9ireann a l\u00e9iri\u00fa;<\/li>\n\n\n\n<li>a bheith siad sl\u00e1n, inbhuanaithe, tr\u00e9dhearcach agus cuntasach; agus<\/li>\n\n\n\n<li>a bheith in ann a gcion r\u00edth\u00e1bhachtach a dh\u00e9anamh i socha\u00ed fheidhmi\u00fail, oscailte agus dhaonlathach.<\/li>\n<\/ul>\n<\/div><\/div>\n","protected":false},"excerpt":{"rendered":"<p>Is eagra\u00edochta\u00ed me\u00e1n iad Me\u00e1in na Seirbh\u00edse Poibl\u00ed at\u00e1 faoi \u00fain\u00e9ireacht phoibl\u00ed agus a mhaoin\u00edtear go poibl\u00ed agus a shol\u00e1thra\u00edonn \u00e1bhar a bhaineann le riachtanais dhaonlathacha, sh\u00f3isialta agus chult\u00fartha shocha\u00ed na h\u00c9ireann at\u00e1 saor ag pointe an tomhaltais. In \u00c9irinn, t\u00e1 \u00e1r n-eagra\u00edochta\u00ed Me\u00e1n Seirbh\u00edse Poibl\u00ed \u2014 RT\u00c9 agus TG4 \u2014 cead\u00fanaithe ag an Aire [&hellip;]<\/p>\n","protected":false},"author":4,"featured_media":0,"parent":11377,"menu_order":83,"comment_status":"closed","ping_status":"closed","template":"","meta":{"_acf_changed":false,"_relevanssi_hide_post":"","_relevanssi_hide_content":"","_relevanssi_pin_for_all":"","_relevanssi_pin_keywords":"","_relevanssi_unpin_keywords":"","_relevanssi_related_keywords":"","_relevanssi_related_include_ids":"","_relevanssi_related_exclude_ids":"","_relevanssi_related_no_append":"","_relevanssi_related_not_related":"","_relevanssi_related_posts":"14768,15365,7630,11086,18145,3071","_relevanssi_noindex_reason":"","_uag_custom_page_level_css":"","footnotes":""},"class_list":["post-11788","page","type-page","status-publish","hentry"],"acf":[],"yoast_head":"<!-- This site is optimized with the Yoast SEO plugin v27.5 - https:\/\/yoast.com\/product\/yoast-seo-wordpress\/ -->\n<title>Me\u00e1in na Seirbh\u00edse Poibl\u00ed - Coimisi\u00fan na Me\u00e1n<\/title>\n<meta name=\"robots\" content=\"index, follow, max-snippet:-1, max-image-preview:large, max-video-preview:-1\" \/>\n<link rel=\"canonical\" href=\"https:\/\/www.cnam.ie\/ga\/tionscal-gairmithe\/craoltoireacht-fisean-ar-eileamh-digiteach\/meain-na-seirbhise-poibli\/\" \/>\n<meta property=\"og:locale\" content=\"ga_IE\" \/>\n<meta property=\"og:type\" content=\"article\" \/>\n<meta property=\"og:title\" content=\"Me\u00e1in na Seirbh\u00edse Poibl\u00ed - Coimisi\u00fan na Me\u00e1n\" \/>\n<meta property=\"og:description\" content=\"Is eagra\u00edochta\u00ed me\u00e1n iad Me\u00e1in na Seirbh\u00edse Poibl\u00ed at\u00e1 faoi \u00fain\u00e9ireacht phoibl\u00ed agus a mhaoin\u00edtear go poibl\u00ed agus a shol\u00e1thra\u00edonn \u00e1bhar a bhaineann le riachtanais dhaonlathacha, sh\u00f3isialta agus chult\u00fartha shocha\u00ed na h\u00c9ireann at\u00e1 saor ag pointe an tomhaltais. In \u00c9irinn, t\u00e1 \u00e1r n-eagra\u00edochta\u00ed Me\u00e1n Seirbh\u00edse Poibl\u00ed \u2014 RT\u00c9 agus TG4 \u2014 cead\u00fanaithe ag an Aire [&hellip;]\" \/>\n<meta property=\"og:url\" content=\"https:\/\/www.cnam.ie\/ga\/tionscal-gairmithe\/craoltoireacht-fisean-ar-eileamh-digiteach\/meain-na-seirbhise-poibli\/\" \/>\n<meta property=\"og:site_name\" content=\"Coimisi\u00fan na Me\u00e1n\" \/>\n<meta property=\"article:publisher\" content=\"https:\/\/www.facebook.com\/CNaM.Ireland\/\" \/>\n<meta property=\"article:modified_time\" content=\"2026-04-16T09:49:11+00:00\" \/>\n<meta name=\"twitter:card\" content=\"summary_large_image\" \/>\n<meta name=\"twitter:site\" content=\"@CNaM_ie\" \/>\n<meta name=\"twitter:label1\" content=\"Est. reading time\" \/>\n\t<meta name=\"twitter:data1\" content=\"4 minutes\" \/>\n<script type=\"application\/ld+json\" class=\"yoast-schema-graph\">{\"@context\":\"https:\\\/\\\/schema.org\",\"@graph\":[{\"@type\":\"WebPage\",\"@id\":\"https:\\\/\\\/www.cnam.ie\\\/ga\\\/tionscal-gairmithe\\\/craoltoireacht-fisean-ar-eileamh-digiteach\\\/meain-na-seirbhise-poibli\\\/\",\"url\":\"https:\\\/\\\/www.cnam.ie\\\/ga\\\/tionscal-gairmithe\\\/craoltoireacht-fisean-ar-eileamh-digiteach\\\/meain-na-seirbhise-poibli\\\/\",\"name\":\"Me\u00e1in na Seirbh\u00edse Poibl\u00ed - Coimisi\u00fan na Me\u00e1n\",\"isPartOf\":{\"@id\":\"https:\\\/\\\/www.cnam.ie\\\/ga\\\/#website\"},\"datePublished\":\"2024-10-31T12:56:58+00:00\",\"dateModified\":\"2026-04-16T09:49:11+00:00\",\"breadcrumb\":{\"@id\":\"https:\\\/\\\/www.cnam.ie\\\/ga\\\/tionscal-gairmithe\\\/craoltoireacht-fisean-ar-eileamh-digiteach\\\/meain-na-seirbhise-poibli\\\/#breadcrumb\"},\"inLanguage\":\"ga-IE\",\"potentialAction\":[{\"@type\":\"ReadAction\",\"target\":[\"https:\\\/\\\/www.cnam.ie\\\/ga\\\/tionscal-gairmithe\\\/craoltoireacht-fisean-ar-eileamh-digiteach\\\/meain-na-seirbhise-poibli\\\/\"]}]},{\"@type\":\"BreadcrumbList\",\"@id\":\"https:\\\/\\\/www.cnam.ie\\\/ga\\\/tionscal-gairmithe\\\/craoltoireacht-fisean-ar-eileamh-digiteach\\\/meain-na-seirbhise-poibli\\\/#breadcrumb\",\"itemListElement\":[{\"@type\":\"ListItem\",\"position\":1,\"name\":\"Home\",\"item\":\"https:\\\/\\\/www.cnam.ie\\\/ga\\\/\"},{\"@type\":\"ListItem\",\"position\":2,\"name\":\"Tionscal &#038; gairmithe\",\"item\":\"https:\\\/\\\/www.cnam.ie\\\/ga\\\/tionscal-gairmithe\\\/\"},{\"@type\":\"ListItem\",\"position\":3,\"name\":\"Craolt\u00f3ireacht, f\u00edse\u00e1n ar \u00e9ileamh &amp; digiteach\",\"item\":\"https:\\\/\\\/www.cnam.ie\\\/ga\\\/tionscal-gairmithe\\\/craoltoireacht-fisean-ar-eileamh-digiteach\\\/\"},{\"@type\":\"ListItem\",\"position\":4,\"name\":\"Me\u00e1in na Seirbh\u00edse Poibl\u00ed\"}]},{\"@type\":\"WebSite\",\"@id\":\"https:\\\/\\\/www.cnam.ie\\\/ga\\\/#website\",\"url\":\"https:\\\/\\\/www.cnam.ie\\\/ga\\\/\",\"name\":\"Coimisiun na Mean\",\"description\":\"Coimisi\u00fan na Me\u00e1n\",\"publisher\":{\"@id\":\"https:\\\/\\\/www.cnam.ie\\\/ga\\\/#organization\"},\"potentialAction\":[{\"@type\":\"SearchAction\",\"target\":{\"@type\":\"EntryPoint\",\"urlTemplate\":\"https:\\\/\\\/www.cnam.ie\\\/ga\\\/?s={search_term_string}\"},\"query-input\":{\"@type\":\"PropertyValueSpecification\",\"valueRequired\":true,\"valueName\":\"search_term_string\"}}],\"inLanguage\":\"ga-IE\"},{\"@type\":\"Organization\",\"@id\":\"https:\\\/\\\/www.cnam.ie\\\/ga\\\/#organization\",\"name\":\"Coimisiun na Mean\",\"url\":\"https:\\\/\\\/www.cnam.ie\\\/ga\\\/\",\"logo\":{\"@type\":\"ImageObject\",\"inLanguage\":\"ga-IE\",\"@id\":\"https:\\\/\\\/www.cnam.ie\\\/ga\\\/#\\\/schema\\\/logo\\\/image\\\/\",\"url\":\"https:\\\/\\\/www.cnam.ie\\\/app\\\/uploads\\\/2024\\\/12\\\/Website-image-with-logo.jpg\",\"contentUrl\":\"https:\\\/\\\/www.cnam.ie\\\/app\\\/uploads\\\/2024\\\/12\\\/Website-image-with-logo.jpg\",\"width\":1200,\"height\":800,\"caption\":\"Coimisiun na Mean\"},\"image\":{\"@id\":\"https:\\\/\\\/www.cnam.ie\\\/ga\\\/#\\\/schema\\\/logo\\\/image\\\/\"},\"sameAs\":[\"https:\\\/\\\/www.facebook.com\\\/CNaM.Ireland\\\/\",\"https:\\\/\\\/x.com\\\/CNaM_ie\"]}]}<\/script>\n<!-- \/ Yoast SEO plugin. -->","yoast_head_json":{"title":"Me\u00e1in na Seirbh\u00edse Poibl\u00ed - Coimisi\u00fan na Me\u00e1n","robots":{"index":"index","follow":"follow","max-snippet":"max-snippet:-1","max-image-preview":"max-image-preview:large","max-video-preview":"max-video-preview:-1"},"canonical":"https:\/\/www.cnam.ie\/ga\/tionscal-gairmithe\/craoltoireacht-fisean-ar-eileamh-digiteach\/meain-na-seirbhise-poibli\/","og_locale":"ga_IE","og_type":"article","og_title":"Me\u00e1in na Seirbh\u00edse Poibl\u00ed - Coimisi\u00fan na Me\u00e1n","og_description":"Is eagra\u00edochta\u00ed me\u00e1n iad Me\u00e1in na Seirbh\u00edse Poibl\u00ed at\u00e1 faoi \u00fain\u00e9ireacht phoibl\u00ed agus a mhaoin\u00edtear go poibl\u00ed agus a shol\u00e1thra\u00edonn \u00e1bhar a bhaineann le riachtanais dhaonlathacha, sh\u00f3isialta agus chult\u00fartha shocha\u00ed na h\u00c9ireann at\u00e1 saor ag pointe an tomhaltais. In \u00c9irinn, t\u00e1 \u00e1r n-eagra\u00edochta\u00ed Me\u00e1n Seirbh\u00edse Poibl\u00ed \u2014 RT\u00c9 agus TG4 \u2014 cead\u00fanaithe ag an Aire [&hellip;]","og_url":"https:\/\/www.cnam.ie\/ga\/tionscal-gairmithe\/craoltoireacht-fisean-ar-eileamh-digiteach\/meain-na-seirbhise-poibli\/","og_site_name":"Coimisi\u00fan na Me\u00e1n","article_publisher":"https:\/\/www.facebook.com\/CNaM.Ireland\/","article_modified_time":"2026-04-16T09:49:11+00:00","twitter_card":"summary_large_image","twitter_site":"@CNaM_ie","twitter_misc":{"Est. reading time":"4 minutes"},"schema":{"@context":"https:\/\/schema.org","@graph":[{"@type":"WebPage","@id":"https:\/\/www.cnam.ie\/ga\/tionscal-gairmithe\/craoltoireacht-fisean-ar-eileamh-digiteach\/meain-na-seirbhise-poibli\/","url":"https:\/\/www.cnam.ie\/ga\/tionscal-gairmithe\/craoltoireacht-fisean-ar-eileamh-digiteach\/meain-na-seirbhise-poibli\/","name":"Me\u00e1in na Seirbh\u00edse Poibl\u00ed - Coimisi\u00fan na Me\u00e1n","isPartOf":{"@id":"https:\/\/www.cnam.ie\/ga\/#website"},"datePublished":"2024-10-31T12:56:58+00:00","dateModified":"2026-04-16T09:49:11+00:00","breadcrumb":{"@id":"https:\/\/www.cnam.ie\/ga\/tionscal-gairmithe\/craoltoireacht-fisean-ar-eileamh-digiteach\/meain-na-seirbhise-poibli\/#breadcrumb"},"inLanguage":"ga-IE","potentialAction":[{"@type":"ReadAction","target":["https:\/\/www.cnam.ie\/ga\/tionscal-gairmithe\/craoltoireacht-fisean-ar-eileamh-digiteach\/meain-na-seirbhise-poibli\/"]}]},{"@type":"BreadcrumbList","@id":"https:\/\/www.cnam.ie\/ga\/tionscal-gairmithe\/craoltoireacht-fisean-ar-eileamh-digiteach\/meain-na-seirbhise-poibli\/#breadcrumb","itemListElement":[{"@type":"ListItem","position":1,"name":"Home","item":"https:\/\/www.cnam.ie\/ga\/"},{"@type":"ListItem","position":2,"name":"Tionscal &#038; gairmithe","item":"https:\/\/www.cnam.ie\/ga\/tionscal-gairmithe\/"},{"@type":"ListItem","position":3,"name":"Craolt\u00f3ireacht, f\u00edse\u00e1n ar \u00e9ileamh &amp; digiteach","item":"https:\/\/www.cnam.ie\/ga\/tionscal-gairmithe\/craoltoireacht-fisean-ar-eileamh-digiteach\/"},{"@type":"ListItem","position":4,"name":"Me\u00e1in na Seirbh\u00edse Poibl\u00ed"}]},{"@type":"WebSite","@id":"https:\/\/www.cnam.ie\/ga\/#website","url":"https:\/\/www.cnam.ie\/ga\/","name":"Coimisiun na Mean","description":"Coimisi\u00fan na Me\u00e1n","publisher":{"@id":"https:\/\/www.cnam.ie\/ga\/#organization"},"potentialAction":[{"@type":"SearchAction","target":{"@type":"EntryPoint","urlTemplate":"https:\/\/www.cnam.ie\/ga\/?s={search_term_string}"},"query-input":{"@type":"PropertyValueSpecification","valueRequired":true,"valueName":"search_term_string"}}],"inLanguage":"ga-IE"},{"@type":"Organization","@id":"https:\/\/www.cnam.ie\/ga\/#organization","name":"Coimisiun na Mean","url":"https:\/\/www.cnam.ie\/ga\/","logo":{"@type":"ImageObject","inLanguage":"ga-IE","@id":"https:\/\/www.cnam.ie\/ga\/#\/schema\/logo\/image\/","url":"https:\/\/www.cnam.ie\/app\/uploads\/2024\/12\/Website-image-with-logo.jpg","contentUrl":"https:\/\/www.cnam.ie\/app\/uploads\/2024\/12\/Website-image-with-logo.jpg","width":1200,"height":800,"caption":"Coimisiun na Mean"},"image":{"@id":"https:\/\/www.cnam.ie\/ga\/#\/schema\/logo\/image\/"},"sameAs":["https:\/\/www.facebook.com\/CNaM.Ireland\/","https:\/\/x.com\/CNaM_ie"]}]}},"spectra_custom_meta":{"_top_nav_excluded":[""],"_cms_nav_minihome":[""],"_last_translation_edit_mode":["native-editor"],"_wp_page_template":[""],"_edit_lock":["1776332951:12"],"_relevanssi_related_posts":["14768,15365,7630,11086,18145,3071"],"_wpml_word_count":["795"],"_edit_last":["12"],"_yoast_wpseo_content_score":["30"],"_yoast_wpseo_estimated-reading-time-minutes":["4"]},"uagb_featured_image_src":{"full":false,"thumbnail":false,"medium":false,"medium_large":false,"large":false,"1536x1536":false,"2048x2048":false,"gform-image-choice-sm":false,"gform-image-choice-md":false,"gform-image-choice-lg":false},"uagb_author_info":{"display_name":"Remi","author_link":"https:\/\/www.cnam.ie\/ga\/author\/remi\/"},"uagb_comment_info":0,"uagb_excerpt":"Is eagra\u00edochta\u00ed me\u00e1n iad Me\u00e1in na Seirbh\u00edse Poibl\u00ed at\u00e1 faoi \u00fain\u00e9ireacht phoibl\u00ed agus a mhaoin\u00edtear go poibl\u00ed agus a shol\u00e1thra\u00edonn \u00e1bhar a bhaineann le riachtanais dhaonlathacha, sh\u00f3isialta agus chult\u00fartha shocha\u00ed na h\u00c9ireann at\u00e1 saor ag pointe an tomhaltais. In \u00c9irinn, t\u00e1 \u00e1r n-eagra\u00edochta\u00ed Me\u00e1n Seirbh\u00edse Poibl\u00ed \u2014 RT\u00c9 agus TG4 \u2014 cead\u00fanaithe ag an Aire&hellip;","_links":{"self":[{"href":"https:\/\/www.cnam.ie\/ga\/wp-json\/wp\/v2\/pages\/11788","targetHints":{"allow":["GET"]}}],"collection":[{"href":"https:\/\/www.cnam.ie\/ga\/wp-json\/wp\/v2\/pages"}],"about":[{"href":"https:\/\/www.cnam.ie\/ga\/wp-json\/wp\/v2\/types\/page"}],"author":[{"embeddable":true,"href":"https:\/\/www.cnam.ie\/ga\/wp-json\/wp\/v2\/users\/4"}],"replies":[{"embeddable":true,"href":"https:\/\/www.cnam.ie\/ga\/wp-json\/wp\/v2\/comments?post=11788"}],"version-history":[{"count":4,"href":"https:\/\/www.cnam.ie\/ga\/wp-json\/wp\/v2\/pages\/11788\/revisions"}],"predecessor-version":[{"id":20805,"href":"https:\/\/www.cnam.ie\/ga\/wp-json\/wp\/v2\/pages\/11788\/revisions\/20805"}],"up":[{"embeddable":true,"href":"https:\/\/www.cnam.ie\/ga\/wp-json\/wp\/v2\/pages\/11377"}],"wp:attachment":[{"href":"https:\/\/www.cnam.ie\/ga\/wp-json\/wp\/v2\/media?parent=11788"}],"curies":[{"name":"wp","href":"https:\/\/api.w.org\/{rel}","templated":true}]}}