{"id":11888,"date":"2024-10-18T10:12:27","date_gmt":"2024-10-18T09:12:27","guid":{"rendered":"https:\/\/www.cnam.ie\/ceadunu-teilifise\/"},"modified":"2026-03-26T09:39:49","modified_gmt":"2026-03-26T09:39:49","slug":"ceadunu-teilifise","status":"publish","type":"page","link":"https:\/\/www.cnam.ie\/ga\/tionscal-gairmithe\/ceadunu-claru\/ceadunu-craolachain\/ceadunu-teilifise\/","title":{"rendered":"Cead\u00fan\u00fa teilif\u00edse"},"content":{"rendered":"\n<h2 class=\"wp-block-heading\">Seirbh\u00eds teilif\u00edse n\u00e1isi\u00fanta neamhsple\u00e1ch<\/h2>\n\n\n\n<p>Cuirimid t\u00fas leis an bpr\u00f3iseas cead\u00fan\u00fach\u00e1in chun conradh seirbh\u00edse cl\u00e1r teilif\u00edse a bhronnadh chun tarchur seirbh\u00edse n\u00e1isi\u00fanta teilif\u00edse saor le craoladh a \u00e9asc\u00fa. T\u00e1 dualgais reacht\u00fala ar an tseirbh\u00eds seo maidir le h\u00e1bhar cult\u00fartha, nuachta agus c\u00farsa\u00ed reatha a idirdheala\u00edonn \u00ed \u00f3 sheirbh\u00eds\u00ed teilif\u00edse eile.\u202fBronnadh an conradh seirbh\u00edse cl\u00e1r teilif\u00edse reatha ar Virgin Media Television Limited i m\u00ed I\u00fail 2023.<\/p>\n\n\n\n<h2 class=\"wp-block-heading\">Conartha\u00ed sol\u00e1thair l\u00e1nais<\/h2>\n\n\n\n<p>Oibr\u00edmid pr\u00f3iseas cead\u00fan\u00fach\u00e1in oscailte (imoibr\u00edoch) chun cl\u00e1ir a shol\u00e1thar mar chuid d\u2019ilphl\u00e9acs n\u00f3 chun iad a tharchur mar sheirbh\u00eds craolach\u00e1in sa St\u00e1t, mar chuid den St\u00e1t n\u00f3 in \u00e1it eile tr\u00ed l\u00edonra cumars\u00e1ide leictreona\u00ed, lena n-\u00e1ir\u00edtear l\u00edonra satail\u00edte, c\u00f3ras MMD, l\u00edonra tal\u00fan seasta n\u00f3 soghluaiste, l\u00edonra teilif\u00edse c\u00e1bla, l\u00edonra teilif\u00edse pr\u00f3tacail idirl\u00edn, n\u00f3 aon chine\u00e1l eile l\u00edonra cumars\u00e1ide leictreona\u00ed.<\/p>\n\n\n\n<p>D\u2019fhoils\u00edomar Treoir agus Foirm Iarratais d\u2019iarratas\u00f3ir\u00ed at\u00e1 ag lorg conradh sol\u00e1thair \u00e1bhair faoi alt 71 den Acht Craolach\u00e1in, 2009.<\/p>\n\n\n\n<div class=\"wp-block-buttons is-layout-flex wp-block-buttons-is-layout-flex\">\n<div class=\"wp-block-button\"><a class=\"wp-block-button__link wp-element-button\" href=\"https:\/\/www.cnam.ie\/app\/uploads\/2025\/02\/20250219_S71-Guide-and-App-2025_vFinal.pdf\">Treoir (B\u00e9arla) (PDF)<\/a><\/div>\n\n\n\n<div class=\"wp-block-button\"><a class=\"wp-block-button__link wp-element-button\" href=\"\/app\/uploads\/2024\/11\/Broadcasting-Contract-Application-form.docx\">Foirm Iarratais (B\u00e9arla) (Word)<\/a><\/div>\n<\/div>\n\n\n\n<h2 class=\"wp-block-heading\">Ilphl\u00e9acsanna Teilif\u00edse Digiteacha Trast\u00edre (DTT)<\/h2>\n\n\n\n<p>T\u00e1 freagracht orainn as ilphl\u00e9acsanna a bhun\u00fa, a chothabh\u00e1il agus a oibri\u00fa sa bhreis orthu si\u00fad nach bhfuil \u00e1 gcothabh\u00e1il agus \u00e1 n-oibri\u00fa ag RT\u00c9.<\/p>\n\n\n\n<p><span class=\"TextRun SCXW157431921 BCX0\" lang=\"GD\" xml:lang=\"GD\" data-contrast=\"none\"><span class=\"NormalTextRun SCXW157431921 BCX0\" data-ccp-parastyle=\"P68B1DB1-Normal3\" data-ccp-parastyle-defn=\"{&quot;ObjectId&quot;:&quot;84c02a9c-a33d-42ca-89c5-c3cd4fcdc387|38&quot;,&quot;ClassId&quot;:1073872969,&quot;Properties&quot;:[201342446,&quot;1&quot;,201342447,&quot;5&quot;,201342448,&quot;1&quot;,201342449,&quot;1&quot;,469777841,&quot;Arial&quot;,469777842,&quot;Arial&quot;,469777843,&quot;Times New Roman&quot;,469777844,&quot;Arial&quot;,201341986,&quot;1&quot;,469769226,&quot;Arial,Times New Roman&quot;,268442635,&quot;24&quot;,469775450,&quot;P68B1DB1-Normal3&quot;,201340122,&quot;2&quot;,134233614,&quot;true&quot;,469778129,&quot;P68B1DB1-Normal3&quot;,335572020,&quot;1&quot;,335551500,&quot;4922&quot;,469778324,&quot;Normal&quot;]}\">Tar \u00e9is pr\u00f3iseas cead\u00fan\u00fach\u00e1in n\u00e1r \u00e9irigh leis a cuireadh i gcr\u00edch in 2010, <span class=\"NormalTextRun CommentStart CommentHighlightPipeRest CommentHighlightRest SCXW157431921 BCX0\" data-ccp-parastyle=\"P68B1DB1-Normal3\">rinne \u00dadar\u00e1s Craolach\u00e1in na h\u00c9ireann a bh\u00ed ann roimhe seo <\/span><a href=\"https:\/\/www.cnam.ie\/app\/uploads\/2024\/11\/Digital-Terrestrial-TV-Report.pdf\"><span class=\"NormalTextRun CommentStart CommentHighlightPipeRest CommentHighlightRest SCXW157431921 BCX0\" data-ccp-parastyle=\"P68B1DB1-Normal3\">athbhreithni\u00fa (PDF)<\/span> (B\u00e9arla)<\/a> in 2013 chun na hionchais do DTT tr\u00e1cht\u00e1la in \u00c9irinn a mheas.<\/span><\/span><\/p>\n\n\n\n<p>Fuarthas amach san athbhreithni\u00fa sin nach raibh d\u00e1la\u00ed an mhargaidh fabhrach do sheoladh seirbh\u00edse den s\u00f3rt sin.\u202f Is f\u00e9idir na hionchais do DTT agus do shamhlacha digiteacha eile a chur san \u00e1ireamh agus beartais chead\u00fan\u00fach\u00e1in Choimisi\u00fan na Me\u00e1n \u00e1 bhforbairt amach anseo chun tac\u00fa le seirbh\u00eds\u00ed craolach\u00e1in agus closamhairc ar \u00e9ileamh at\u00e1 inbhuanaithe, oscailte agus iolra\u00edoch agus a gcuirfear t\u00fas leo lena athbhreithni\u00fa ar an Strait\u00e9is um Sheirbh\u00eds\u00ed Craolach\u00e1in in 2025.<\/p>\n\n\n\n<h2 class=\"wp-block-heading\">Seirbh\u00eds\u00ed teilif\u00edse pobail<\/h2>\n\n\n\n<p>Oibr\u00edmid an pr\u00f3iseas cead\u00fan\u00fach\u00e1in do sheirbh\u00eds\u00ed teilif\u00edse \u00e1bhair phobail.<\/p>\n\n\n\n<p>T\u00e1 dh\u00e1 sheirbh\u00eds ar an aer faoi l\u00e1thair, DCTV i mBaile \u00c1tha Cliath agus CCTV i gCorcaigh. T\u00e1 an pr\u00f3iseas athchead\u00fanaithe do na seirbh\u00eds\u00ed seo ar si\u00fal anois, agus tugtar cuireadh don d\u00e1 sheirbh\u00eds iarratas a dh\u00e9anamh ar chonradh nua roimh an 21 Ean\u00e1ir 2026.<\/p>\n\n\n\n<ul class=\"wp-block-list\">\n<li><a href=\"https:\/\/www.cnam.ie\/app\/uploads\/2026\/03\/26319163_202509_Community-CPC_Guidelines_v0.2_GA.pdf\">Treoir<\/a> (PDF)<\/li>\n\n\n\n<li><a href=\"https:\/\/www.cnam.ie\/app\/uploads\/2026\/03\/26319163_202509_Community-CPC_Application-Form_V0.2_GA.pdf\">Foirm<\/a> (PDF)<\/li>\n<\/ul>\n\n\n\n<p>Tugann Plean Cead\u00fan\u00fach\u00e1in Teilif\u00edse Pobail do 2026 sonra\u00ed faoi na seirbh\u00eds\u00ed a bheidh le cead\u00fan\u00fa agus na pobail a bhfreastal\u00f3idh siad orthu.<\/p>\n\n\n\n<div class=\"wp-block-buttons is-layout-flex wp-block-buttons-is-layout-flex\">\n<div class=\"wp-block-button\"><a class=\"wp-block-button__link wp-element-button\" href=\"https:\/\/www.cnam.ie\/app\/uploads\/2025\/10\/20251014_Community-TV_Licensing-Plan_2026_GA-1.pdf\">Plean Cead\u00fan\u00fach\u00e1in Teilif\u00edse Pobail do 2026 (PDF)<\/a><\/div>\n<\/div>\n\n\n\n<p><\/p>\n\n\n\n<p><\/p>\n\n\n\n<p><\/p>\n","protected":false},"excerpt":{"rendered":"<p>Seirbh\u00eds teilif\u00edse n\u00e1isi\u00fanta neamhsple\u00e1ch Cuirimid t\u00fas leis an bpr\u00f3iseas cead\u00fan\u00fach\u00e1in chun conradh seirbh\u00edse cl\u00e1r teilif\u00edse a bhronnadh chun tarchur seirbh\u00edse n\u00e1isi\u00fanta teilif\u00edse saor le craoladh a \u00e9asc\u00fa. T\u00e1 dualgais reacht\u00fala ar an tseirbh\u00eds seo maidir le h\u00e1bhar cult\u00fartha, nuachta agus c\u00farsa\u00ed reatha a idirdheala\u00edonn \u00ed \u00f3 sheirbh\u00eds\u00ed teilif\u00edse eile.\u202fBronnadh an conradh seirbh\u00edse cl\u00e1r teilif\u00edse reatha [&hellip;]<\/p>\n","protected":false},"author":2,"featured_media":0,"parent":11909,"menu_order":0,"comment_status":"closed","ping_status":"closed","template":"","meta":{"_acf_changed":false,"_relevanssi_hide_post":"","_relevanssi_hide_content":"","_relevanssi_pin_for_all":"","_relevanssi_pin_keywords":"","_relevanssi_unpin_keywords":"","_relevanssi_related_keywords":"","_relevanssi_related_include_ids":"","_relevanssi_related_exclude_ids":"","_relevanssi_related_no_append":"","_relevanssi_related_not_related":"","_relevanssi_related_posts":"4441,11086,3328,7632,7623,5377","_relevanssi_noindex_reason":"","_uag_custom_page_level_css":"","footnotes":""},"class_list":["post-11888","page","type-page","status-publish","hentry"],"acf":[],"yoast_head":"<!-- This site is optimized with the Yoast SEO plugin v27.5 - https:\/\/yoast.com\/product\/yoast-seo-wordpress\/ -->\n<title>Cead\u00fan\u00fa teilif\u00edse - Coimisi\u00fan na Me\u00e1n<\/title>\n<meta name=\"robots\" content=\"index, follow, max-snippet:-1, max-image-preview:large, max-video-preview:-1\" \/>\n<link rel=\"canonical\" href=\"https:\/\/www.cnam.ie\/ga\/tionscal-gairmithe\/ceadunu-claru\/ceadunu-craolachain\/ceadunu-teilifise\/\" \/>\n<meta property=\"og:locale\" content=\"ga_IE\" \/>\n<meta property=\"og:type\" content=\"article\" \/>\n<meta property=\"og:title\" content=\"Cead\u00fan\u00fa teilif\u00edse - Coimisi\u00fan na Me\u00e1n\" \/>\n<meta property=\"og:description\" content=\"Seirbh\u00eds teilif\u00edse n\u00e1isi\u00fanta neamhsple\u00e1ch Cuirimid t\u00fas leis an bpr\u00f3iseas cead\u00fan\u00fach\u00e1in chun conradh seirbh\u00edse cl\u00e1r teilif\u00edse a bhronnadh chun tarchur seirbh\u00edse n\u00e1isi\u00fanta teilif\u00edse saor le craoladh a \u00e9asc\u00fa. T\u00e1 dualgais reacht\u00fala ar an tseirbh\u00eds seo maidir le h\u00e1bhar cult\u00fartha, nuachta agus c\u00farsa\u00ed reatha a idirdheala\u00edonn \u00ed \u00f3 sheirbh\u00eds\u00ed teilif\u00edse eile.\u202fBronnadh an conradh seirbh\u00edse cl\u00e1r teilif\u00edse reatha [&hellip;]\" \/>\n<meta property=\"og:url\" content=\"https:\/\/www.cnam.ie\/ga\/tionscal-gairmithe\/ceadunu-claru\/ceadunu-craolachain\/ceadunu-teilifise\/\" \/>\n<meta property=\"og:site_name\" content=\"Coimisi\u00fan na Me\u00e1n\" \/>\n<meta property=\"article:publisher\" content=\"https:\/\/www.facebook.com\/CNaM.Ireland\/\" \/>\n<meta property=\"article:modified_time\" content=\"2026-03-26T09:39:49+00:00\" \/>\n<meta name=\"twitter:card\" content=\"summary_large_image\" \/>\n<meta name=\"twitter:site\" content=\"@CNaM_ie\" \/>\n<meta name=\"twitter:label1\" content=\"Est. reading time\" \/>\n\t<meta name=\"twitter:data1\" content=\"2 minutes\" \/>\n<script type=\"application\/ld+json\" class=\"yoast-schema-graph\">{\"@context\":\"https:\\\/\\\/schema.org\",\"@graph\":[{\"@type\":\"WebPage\",\"@id\":\"https:\\\/\\\/www.cnam.ie\\\/ga\\\/tionscal-gairmithe\\\/ceadunu-claru\\\/ceadunu-craolachain\\\/ceadunu-teilifise\\\/\",\"url\":\"https:\\\/\\\/www.cnam.ie\\\/ga\\\/tionscal-gairmithe\\\/ceadunu-claru\\\/ceadunu-craolachain\\\/ceadunu-teilifise\\\/\",\"name\":\"Cead\u00fan\u00fa teilif\u00edse - Coimisi\u00fan na Me\u00e1n\",\"isPartOf\":{\"@id\":\"https:\\\/\\\/www.cnam.ie\\\/ga\\\/#website\"},\"datePublished\":\"2024-10-18T09:12:27+00:00\",\"dateModified\":\"2026-03-26T09:39:49+00:00\",\"breadcrumb\":{\"@id\":\"https:\\\/\\\/www.cnam.ie\\\/ga\\\/tionscal-gairmithe\\\/ceadunu-claru\\\/ceadunu-craolachain\\\/ceadunu-teilifise\\\/#breadcrumb\"},\"inLanguage\":\"ga-IE\",\"potentialAction\":[{\"@type\":\"ReadAction\",\"target\":[\"https:\\\/\\\/www.cnam.ie\\\/ga\\\/tionscal-gairmithe\\\/ceadunu-claru\\\/ceadunu-craolachain\\\/ceadunu-teilifise\\\/\"]}]},{\"@type\":\"BreadcrumbList\",\"@id\":\"https:\\\/\\\/www.cnam.ie\\\/ga\\\/tionscal-gairmithe\\\/ceadunu-claru\\\/ceadunu-craolachain\\\/ceadunu-teilifise\\\/#breadcrumb\",\"itemListElement\":[{\"@type\":\"ListItem\",\"position\":1,\"name\":\"Home\",\"item\":\"https:\\\/\\\/www.cnam.ie\\\/ga\\\/\"},{\"@type\":\"ListItem\",\"position\":2,\"name\":\"Tionscal &#038; gairmithe\",\"item\":\"https:\\\/\\\/www.cnam.ie\\\/ga\\\/tionscal-gairmithe\\\/\"},{\"@type\":\"ListItem\",\"position\":3,\"name\":\"Cead\u00fan\u00fa &#038; cl\u00e1r\u00fa\",\"item\":\"https:\\\/\\\/www.cnam.ie\\\/ga\\\/tionscal-gairmithe\\\/ceadunu-claru\\\/\"},{\"@type\":\"ListItem\",\"position\":4,\"name\":\"Cead\u00fan\u00fa craolach\u00e1in\",\"item\":\"https:\\\/\\\/www.cnam.ie\\\/ga\\\/tionscal-gairmithe\\\/ceadunu-claru\\\/ceadunu-craolachain\\\/\"},{\"@type\":\"ListItem\",\"position\":5,\"name\":\"Cead\u00fan\u00fa teilif\u00edse\"}]},{\"@type\":\"WebSite\",\"@id\":\"https:\\\/\\\/www.cnam.ie\\\/ga\\\/#website\",\"url\":\"https:\\\/\\\/www.cnam.ie\\\/ga\\\/\",\"name\":\"Coimisiun na Mean\",\"description\":\"Coimisi\u00fan na Me\u00e1n\",\"publisher\":{\"@id\":\"https:\\\/\\\/www.cnam.ie\\\/ga\\\/#organization\"},\"potentialAction\":[{\"@type\":\"SearchAction\",\"target\":{\"@type\":\"EntryPoint\",\"urlTemplate\":\"https:\\\/\\\/www.cnam.ie\\\/ga\\\/?s={search_term_string}\"},\"query-input\":{\"@type\":\"PropertyValueSpecification\",\"valueRequired\":true,\"valueName\":\"search_term_string\"}}],\"inLanguage\":\"ga-IE\"},{\"@type\":\"Organization\",\"@id\":\"https:\\\/\\\/www.cnam.ie\\\/ga\\\/#organization\",\"name\":\"Coimisiun na Mean\",\"url\":\"https:\\\/\\\/www.cnam.ie\\\/ga\\\/\",\"logo\":{\"@type\":\"ImageObject\",\"inLanguage\":\"ga-IE\",\"@id\":\"https:\\\/\\\/www.cnam.ie\\\/ga\\\/#\\\/schema\\\/logo\\\/image\\\/\",\"url\":\"https:\\\/\\\/www.cnam.ie\\\/app\\\/uploads\\\/2024\\\/12\\\/Website-image-with-logo.jpg\",\"contentUrl\":\"https:\\\/\\\/www.cnam.ie\\\/app\\\/uploads\\\/2024\\\/12\\\/Website-image-with-logo.jpg\",\"width\":1200,\"height\":800,\"caption\":\"Coimisiun na Mean\"},\"image\":{\"@id\":\"https:\\\/\\\/www.cnam.ie\\\/ga\\\/#\\\/schema\\\/logo\\\/image\\\/\"},\"sameAs\":[\"https:\\\/\\\/www.facebook.com\\\/CNaM.Ireland\\\/\",\"https:\\\/\\\/x.com\\\/CNaM_ie\"]}]}<\/script>\n<!-- \/ Yoast SEO plugin. -->","yoast_head_json":{"title":"Cead\u00fan\u00fa teilif\u00edse - Coimisi\u00fan na Me\u00e1n","robots":{"index":"index","follow":"follow","max-snippet":"max-snippet:-1","max-image-preview":"max-image-preview:large","max-video-preview":"max-video-preview:-1"},"canonical":"https:\/\/www.cnam.ie\/ga\/tionscal-gairmithe\/ceadunu-claru\/ceadunu-craolachain\/ceadunu-teilifise\/","og_locale":"ga_IE","og_type":"article","og_title":"Cead\u00fan\u00fa teilif\u00edse - Coimisi\u00fan na Me\u00e1n","og_description":"Seirbh\u00eds teilif\u00edse n\u00e1isi\u00fanta neamhsple\u00e1ch Cuirimid t\u00fas leis an bpr\u00f3iseas cead\u00fan\u00fach\u00e1in chun conradh seirbh\u00edse cl\u00e1r teilif\u00edse a bhronnadh chun tarchur seirbh\u00edse n\u00e1isi\u00fanta teilif\u00edse saor le craoladh a \u00e9asc\u00fa. T\u00e1 dualgais reacht\u00fala ar an tseirbh\u00eds seo maidir le h\u00e1bhar cult\u00fartha, nuachta agus c\u00farsa\u00ed reatha a idirdheala\u00edonn \u00ed \u00f3 sheirbh\u00eds\u00ed teilif\u00edse eile.\u202fBronnadh an conradh seirbh\u00edse cl\u00e1r teilif\u00edse reatha [&hellip;]","og_url":"https:\/\/www.cnam.ie\/ga\/tionscal-gairmithe\/ceadunu-claru\/ceadunu-craolachain\/ceadunu-teilifise\/","og_site_name":"Coimisi\u00fan na Me\u00e1n","article_publisher":"https:\/\/www.facebook.com\/CNaM.Ireland\/","article_modified_time":"2026-03-26T09:39:49+00:00","twitter_card":"summary_large_image","twitter_site":"@CNaM_ie","twitter_misc":{"Est. reading time":"2 minutes"},"schema":{"@context":"https:\/\/schema.org","@graph":[{"@type":"WebPage","@id":"https:\/\/www.cnam.ie\/ga\/tionscal-gairmithe\/ceadunu-claru\/ceadunu-craolachain\/ceadunu-teilifise\/","url":"https:\/\/www.cnam.ie\/ga\/tionscal-gairmithe\/ceadunu-claru\/ceadunu-craolachain\/ceadunu-teilifise\/","name":"Cead\u00fan\u00fa teilif\u00edse - Coimisi\u00fan na Me\u00e1n","isPartOf":{"@id":"https:\/\/www.cnam.ie\/ga\/#website"},"datePublished":"2024-10-18T09:12:27+00:00","dateModified":"2026-03-26T09:39:49+00:00","breadcrumb":{"@id":"https:\/\/www.cnam.ie\/ga\/tionscal-gairmithe\/ceadunu-claru\/ceadunu-craolachain\/ceadunu-teilifise\/#breadcrumb"},"inLanguage":"ga-IE","potentialAction":[{"@type":"ReadAction","target":["https:\/\/www.cnam.ie\/ga\/tionscal-gairmithe\/ceadunu-claru\/ceadunu-craolachain\/ceadunu-teilifise\/"]}]},{"@type":"BreadcrumbList","@id":"https:\/\/www.cnam.ie\/ga\/tionscal-gairmithe\/ceadunu-claru\/ceadunu-craolachain\/ceadunu-teilifise\/#breadcrumb","itemListElement":[{"@type":"ListItem","position":1,"name":"Home","item":"https:\/\/www.cnam.ie\/ga\/"},{"@type":"ListItem","position":2,"name":"Tionscal &#038; gairmithe","item":"https:\/\/www.cnam.ie\/ga\/tionscal-gairmithe\/"},{"@type":"ListItem","position":3,"name":"Cead\u00fan\u00fa &#038; cl\u00e1r\u00fa","item":"https:\/\/www.cnam.ie\/ga\/tionscal-gairmithe\/ceadunu-claru\/"},{"@type":"ListItem","position":4,"name":"Cead\u00fan\u00fa craolach\u00e1in","item":"https:\/\/www.cnam.ie\/ga\/tionscal-gairmithe\/ceadunu-claru\/ceadunu-craolachain\/"},{"@type":"ListItem","position":5,"name":"Cead\u00fan\u00fa teilif\u00edse"}]},{"@type":"WebSite","@id":"https:\/\/www.cnam.ie\/ga\/#website","url":"https:\/\/www.cnam.ie\/ga\/","name":"Coimisiun na Mean","description":"Coimisi\u00fan na Me\u00e1n","publisher":{"@id":"https:\/\/www.cnam.ie\/ga\/#organization"},"potentialAction":[{"@type":"SearchAction","target":{"@type":"EntryPoint","urlTemplate":"https:\/\/www.cnam.ie\/ga\/?s={search_term_string}"},"query-input":{"@type":"PropertyValueSpecification","valueRequired":true,"valueName":"search_term_string"}}],"inLanguage":"ga-IE"},{"@type":"Organization","@id":"https:\/\/www.cnam.ie\/ga\/#organization","name":"Coimisiun na Mean","url":"https:\/\/www.cnam.ie\/ga\/","logo":{"@type":"ImageObject","inLanguage":"ga-IE","@id":"https:\/\/www.cnam.ie\/ga\/#\/schema\/logo\/image\/","url":"https:\/\/www.cnam.ie\/app\/uploads\/2024\/12\/Website-image-with-logo.jpg","contentUrl":"https:\/\/www.cnam.ie\/app\/uploads\/2024\/12\/Website-image-with-logo.jpg","width":1200,"height":800,"caption":"Coimisiun na Mean"},"image":{"@id":"https:\/\/www.cnam.ie\/ga\/#\/schema\/logo\/image\/"},"sameAs":["https:\/\/www.facebook.com\/CNaM.Ireland\/","https:\/\/x.com\/CNaM_ie"]}]}},"spectra_custom_meta":{"_top_nav_excluded":[""],"_cms_nav_minihome":[""],"_last_translation_edit_mode":["native-editor"],"_edit_lock":["1774537292:12"],"_relevanssi_related_posts":["4441,11086,3328,7632,7623,5377"],"_wp_page_template":[""],"_edit_last":["12"],"_wpml_media_duplicate":["1"],"_wpml_media_featured":["1"],"_yoast_wpseo_content_score":["60"],"_yoast_wpseo_estimated-reading-time-minutes":["2"],"_wpml_word_count":["469"]},"uagb_featured_image_src":{"full":false,"thumbnail":false,"medium":false,"medium_large":false,"large":false,"1536x1536":false,"2048x2048":false,"gform-image-choice-sm":false,"gform-image-choice-md":false,"gform-image-choice-lg":false},"uagb_author_info":{"display_name":"Jose","author_link":"https:\/\/www.cnam.ie\/ga\/author\/jose\/"},"uagb_comment_info":0,"uagb_excerpt":"Seirbh\u00eds teilif\u00edse n\u00e1isi\u00fanta neamhsple\u00e1ch Cuirimid t\u00fas leis an bpr\u00f3iseas cead\u00fan\u00fach\u00e1in chun conradh seirbh\u00edse cl\u00e1r teilif\u00edse a bhronnadh chun tarchur seirbh\u00edse n\u00e1isi\u00fanta teilif\u00edse saor le craoladh a \u00e9asc\u00fa. T\u00e1 dualgais reacht\u00fala ar an tseirbh\u00eds seo maidir le h\u00e1bhar cult\u00fartha, nuachta agus c\u00farsa\u00ed reatha a idirdheala\u00edonn \u00ed \u00f3 sheirbh\u00eds\u00ed teilif\u00edse eile.\u202fBronnadh an conradh seirbh\u00edse cl\u00e1r teilif\u00edse reatha&hellip;","_links":{"self":[{"href":"https:\/\/www.cnam.ie\/ga\/wp-json\/wp\/v2\/pages\/11888","targetHints":{"allow":["GET"]}}],"collection":[{"href":"https:\/\/www.cnam.ie\/ga\/wp-json\/wp\/v2\/pages"}],"about":[{"href":"https:\/\/www.cnam.ie\/ga\/wp-json\/wp\/v2\/types\/page"}],"author":[{"embeddable":true,"href":"https:\/\/www.cnam.ie\/ga\/wp-json\/wp\/v2\/users\/2"}],"replies":[{"embeddable":true,"href":"https:\/\/www.cnam.ie\/ga\/wp-json\/wp\/v2\/comments?post=11888"}],"version-history":[{"count":12,"href":"https:\/\/www.cnam.ie\/ga\/wp-json\/wp\/v2\/pages\/11888\/revisions"}],"predecessor-version":[{"id":20656,"href":"https:\/\/www.cnam.ie\/ga\/wp-json\/wp\/v2\/pages\/11888\/revisions\/20656"}],"up":[{"embeddable":true,"href":"https:\/\/www.cnam.ie\/ga\/wp-json\/wp\/v2\/pages\/11909"}],"wp:attachment":[{"href":"https:\/\/www.cnam.ie\/ga\/wp-json\/wp\/v2\/media?parent=11888"}],"curies":[{"name":"wp","href":"https:\/\/api.w.org\/{rel}","templated":true}]}}