{"id":11902,"date":"2024-10-18T09:22:11","date_gmt":"2024-10-18T08:22:11","guid":{"rendered":"https:\/\/www.cnam.ie\/tionscal-gairmithe\/ceadunu-claru\/"},"modified":"2025-01-24T13:42:45","modified_gmt":"2025-01-24T13:42:45","slug":"ceadunu-claru","status":"publish","type":"page","link":"https:\/\/www.cnam.ie\/ga\/tionscal-gairmithe\/ceadunu-claru\/","title":{"rendered":"Cead\u00fan\u00fa &#038; cl\u00e1r\u00fa"},"content":{"rendered":"\n<div class=\"wp-block-uagb-container uagb-block-df7c6e8f alignfull uagb-is-root-container\"><div class=\"uagb-container-inner-blocks-wrap\">\n<div class=\"wp-block-uagb-container uagb-block-e36165a5\">\n<h2 class=\"wp-block-heading\">Cead\u00fan\u00fa craolach\u00e1in<\/h2>\n\n\n\n<p class=\"has-medium-font-size\">T\u00e1 Coimisi\u00fan na Me\u00e1n freagrach as cead\u00fan\u00fa seirbh\u00eds\u00ed neamhsple\u00e1cha raidi\u00f3 agus teilif\u00edse.<\/p>\n\n\n\n<p>Is \u00e9 \u00e1r bpr\u00edomhchusp\u00f3ir cead\u00fan\u00fach\u00e1in n\u00e1 a chinnti\u00fa go bhfuil seirbh\u00eds\u00ed craolach\u00e1in sa St\u00e1t cuimsitheach agus iolra\u00edoch agus gur fearr a fhreastala\u00edonn siad ar riachtanais mhuintir oile\u00e1n na h\u00c9ireann, agus a dteangacha, a dtaith\u00ed agus a dtraidisi\u00fain agus a n-\u00e9ags\u00falacht reiligi\u00fanach, eitici\u00fail agus chult\u00fartha \u00e1 gcur san \u00e1ireamh.<\/p>\n\n\n\n<p>D\u00e9anaimid monat\u00f3ireacht ar chomhl\u00edonadh na gcraolt\u00f3ir\u00ed maidir le t\u00e9arma\u00ed a gconartha\u00ed craolach\u00e1in agus a gC\u00f3d agus a Rialacha tr\u00ed ghn\u00edomha\u00edochta\u00ed \u00e9ags\u00fala, lena n-\u00e1ir\u00edtear gear\u00e1in \u00f3 lucht f\u00e9achana a bhainisti\u00fa, ini\u00fachta\u00ed\/athbhreithnithe comhl\u00edontachta, agus \u00e9isteacht le h\u00e1bhar craolta agus\/n\u00f3 f\u00e9achaint air.<\/p>\n\n\n\n<div class=\"wp-block-buttons is-layout-flex wp-block-buttons-is-layout-flex\">\n<div class=\"wp-block-button\"><a class=\"wp-block-button__link wp-element-button\" href=\"https:\/\/www.cnam.ie\/industry-and-professionals\/licensing-registration\/broadcast-licensing\/\">Cead\u00fan\u00fa craolach\u00e1in<\/a><\/div>\n<\/div>\n<\/div>\n\n\n\n<div class=\"wp-block-uagb-container uag-blocks-common-selector uagb-block-72616de1\"><\/div>\n<\/div><\/div>\n\n\n\n<div class=\"wp-block-uagb-container uagb-block-ad302b6f alignfull uagb-is-root-container\"><div class=\"uagb-container-inner-blocks-wrap\">\n<div class=\"wp-block-uagb-container uagb-block-0ce227ff\">\n<h2 class=\"wp-block-heading\">Sol\u00e1thraithe Seirbh\u00edse Me\u00e1n a Chl\u00e1r\u00fa<\/h2>\n\n\n\n<p class=\"has-medium-font-size\">T\u00e1 Coimisi\u00fan na Me\u00e1n freagrach as seirbh\u00eds\u00ed me\u00e1n closamhairc ar \u00e9ileamh (f\u00edse\u00e1n ar \u00e9ileamh) at\u00e1 bunaithe in \u00c9irinn a rial\u00e1il.<\/p>\n\n\n\n<p>T\u00e1 dualgas reacht\u00fail orainn Cl\u00e1r Sol\u00e1thraithe Seirbh\u00edse Me\u00e1n a bhun\u00fa agus a chothabh\u00e1il.<\/p>\n\n\n\n<div class=\"wp-block-buttons is-layout-flex wp-block-buttons-is-layout-flex\">\n<div class=\"wp-block-button\"><a class=\"wp-block-button__link wp-element-button\" href=\"https:\/\/www.cnam.ie\/industry-and-professionals\/licensing-registration\/registration-of-media-service-providers\/\">Sol\u00e1thraithe Seirbh\u00edse Me\u00e1n a Chl\u00e1r\u00fa<\/a><\/div>\n<\/div>\n<\/div>\n\n\n\n<div class=\"wp-block-uagb-container uag-blocks-common-selector uagb-block-7ab1752f\"><\/div>\n<\/div><\/div>\n","protected":false},"excerpt":{"rendered":"<p>Cead\u00fan\u00fa craolach\u00e1in T\u00e1 Coimisi\u00fan na Me\u00e1n freagrach as cead\u00fan\u00fa seirbh\u00eds\u00ed neamhsple\u00e1cha raidi\u00f3 agus teilif\u00edse. Is \u00e9 \u00e1r bpr\u00edomhchusp\u00f3ir cead\u00fan\u00fach\u00e1in n\u00e1 a chinnti\u00fa go bhfuil seirbh\u00eds\u00ed craolach\u00e1in sa St\u00e1t cuimsitheach agus iolra\u00edoch agus gur fearr a fhreastala\u00edonn siad ar riachtanais mhuintir oile\u00e1n na h\u00c9ireann, agus a dteangacha, a dtaith\u00ed agus a dtraidisi\u00fain agus a n-\u00e9ags\u00falacht reiligi\u00fanach, [&hellip;]<\/p>\n","protected":false},"author":2,"featured_media":0,"parent":10715,"menu_order":104,"comment_status":"closed","ping_status":"closed","template":"page-templates\/page-blank-container.php","meta":{"_acf_changed":false,"_relevanssi_hide_post":"","_relevanssi_hide_content":"","_relevanssi_pin_for_all":"","_relevanssi_pin_keywords":"","_relevanssi_unpin_keywords":"","_relevanssi_related_keywords":"","_relevanssi_related_include_ids":"","_relevanssi_related_exclude_ids":"","_relevanssi_related_no_append":"","_relevanssi_related_not_related":"","_relevanssi_related_posts":"3071,2139,7601,7615,7634,5819","_relevanssi_noindex_reason":"","_uag_custom_page_level_css":"","footnotes":""},"class_list":["post-11902","page","type-page","status-publish","hentry"],"acf":[],"yoast_head":"<!-- This site is optimized with the Yoast SEO plugin v27.6 - https:\/\/yoast.com\/product\/yoast-seo-wordpress\/ -->\n<title>Cead\u00fan\u00fa &amp; cl\u00e1r\u00fa - Coimisi\u00fan na Me\u00e1n<\/title>\n<meta name=\"robots\" content=\"index, follow, max-snippet:-1, max-image-preview:large, max-video-preview:-1\" \/>\n<link rel=\"canonical\" href=\"https:\/\/www.cnam.ie\/ga\/tionscal-gairmithe\/ceadunu-claru\/\" \/>\n<meta property=\"og:locale\" content=\"ga_IE\" \/>\n<meta property=\"og:type\" content=\"article\" \/>\n<meta property=\"og:title\" content=\"Cead\u00fan\u00fa &amp; cl\u00e1r\u00fa - Coimisi\u00fan na Me\u00e1n\" \/>\n<meta property=\"og:description\" content=\"Cead\u00fan\u00fa craolach\u00e1in T\u00e1 Coimisi\u00fan na Me\u00e1n freagrach as cead\u00fan\u00fa seirbh\u00eds\u00ed neamhsple\u00e1cha raidi\u00f3 agus teilif\u00edse. Is \u00e9 \u00e1r bpr\u00edomhchusp\u00f3ir cead\u00fan\u00fach\u00e1in n\u00e1 a chinnti\u00fa go bhfuil seirbh\u00eds\u00ed craolach\u00e1in sa St\u00e1t cuimsitheach agus iolra\u00edoch agus gur fearr a fhreastala\u00edonn siad ar riachtanais mhuintir oile\u00e1n na h\u00c9ireann, agus a dteangacha, a dtaith\u00ed agus a dtraidisi\u00fain agus a n-\u00e9ags\u00falacht reiligi\u00fanach, [&hellip;]\" \/>\n<meta property=\"og:url\" content=\"https:\/\/www.cnam.ie\/ga\/tionscal-gairmithe\/ceadunu-claru\/\" \/>\n<meta property=\"og:site_name\" content=\"Coimisi\u00fan na Me\u00e1n\" \/>\n<meta property=\"article:publisher\" content=\"https:\/\/www.facebook.com\/CNaM.Ireland\/\" \/>\n<meta property=\"article:modified_time\" content=\"2025-01-24T13:42:45+00:00\" \/>\n<meta name=\"twitter:card\" content=\"summary_large_image\" \/>\n<meta name=\"twitter:site\" content=\"@CNaM_ie\" \/>\n<meta name=\"twitter:label1\" content=\"Est. reading time\" \/>\n\t<meta name=\"twitter:data1\" content=\"1 minute\" \/>\n<script type=\"application\/ld+json\" class=\"yoast-schema-graph\">{\"@context\":\"https:\\\/\\\/schema.org\",\"@graph\":[{\"@type\":\"WebPage\",\"@id\":\"https:\\\/\\\/www.cnam.ie\\\/ga\\\/tionscal-gairmithe\\\/ceadunu-claru\\\/\",\"url\":\"https:\\\/\\\/www.cnam.ie\\\/ga\\\/tionscal-gairmithe\\\/ceadunu-claru\\\/\",\"name\":\"Cead\u00fan\u00fa & cl\u00e1r\u00fa - Coimisi\u00fan na Me\u00e1n\",\"isPartOf\":{\"@id\":\"https:\\\/\\\/www.cnam.ie\\\/ga\\\/#website\"},\"datePublished\":\"2024-10-18T08:22:11+00:00\",\"dateModified\":\"2025-01-24T13:42:45+00:00\",\"breadcrumb\":{\"@id\":\"https:\\\/\\\/www.cnam.ie\\\/ga\\\/tionscal-gairmithe\\\/ceadunu-claru\\\/#breadcrumb\"},\"inLanguage\":\"ga-IE\",\"potentialAction\":[{\"@type\":\"ReadAction\",\"target\":[\"https:\\\/\\\/www.cnam.ie\\\/ga\\\/tionscal-gairmithe\\\/ceadunu-claru\\\/\"]}]},{\"@type\":\"BreadcrumbList\",\"@id\":\"https:\\\/\\\/www.cnam.ie\\\/ga\\\/tionscal-gairmithe\\\/ceadunu-claru\\\/#breadcrumb\",\"itemListElement\":[{\"@type\":\"ListItem\",\"position\":1,\"name\":\"Home\",\"item\":\"https:\\\/\\\/www.cnam.ie\\\/ga\\\/\"},{\"@type\":\"ListItem\",\"position\":2,\"name\":\"Tionscal &#038; gairmithe\",\"item\":\"https:\\\/\\\/www.cnam.ie\\\/ga\\\/tionscal-gairmithe\\\/\"},{\"@type\":\"ListItem\",\"position\":3,\"name\":\"Cead\u00fan\u00fa &#038; cl\u00e1r\u00fa\"}]},{\"@type\":\"WebSite\",\"@id\":\"https:\\\/\\\/www.cnam.ie\\\/ga\\\/#website\",\"url\":\"https:\\\/\\\/www.cnam.ie\\\/ga\\\/\",\"name\":\"Coimisiun na Mean\",\"description\":\"Coimisi\u00fan na Me\u00e1n\",\"publisher\":{\"@id\":\"https:\\\/\\\/www.cnam.ie\\\/ga\\\/#organization\"},\"potentialAction\":[{\"@type\":\"SearchAction\",\"target\":{\"@type\":\"EntryPoint\",\"urlTemplate\":\"https:\\\/\\\/www.cnam.ie\\\/ga\\\/?s={search_term_string}\"},\"query-input\":{\"@type\":\"PropertyValueSpecification\",\"valueRequired\":true,\"valueName\":\"search_term_string\"}}],\"inLanguage\":\"ga-IE\"},{\"@type\":\"Organization\",\"@id\":\"https:\\\/\\\/www.cnam.ie\\\/ga\\\/#organization\",\"name\":\"Coimisiun na Mean\",\"url\":\"https:\\\/\\\/www.cnam.ie\\\/ga\\\/\",\"logo\":{\"@type\":\"ImageObject\",\"inLanguage\":\"ga-IE\",\"@id\":\"https:\\\/\\\/www.cnam.ie\\\/ga\\\/#\\\/schema\\\/logo\\\/image\\\/\",\"url\":\"https:\\\/\\\/www.cnam.ie\\\/app\\\/uploads\\\/2024\\\/12\\\/Website-image-with-logo.jpg\",\"contentUrl\":\"https:\\\/\\\/www.cnam.ie\\\/app\\\/uploads\\\/2024\\\/12\\\/Website-image-with-logo.jpg\",\"width\":1200,\"height\":800,\"caption\":\"Coimisiun na Mean\"},\"image\":{\"@id\":\"https:\\\/\\\/www.cnam.ie\\\/ga\\\/#\\\/schema\\\/logo\\\/image\\\/\"},\"sameAs\":[\"https:\\\/\\\/www.facebook.com\\\/CNaM.Ireland\\\/\",\"https:\\\/\\\/x.com\\\/CNaM_ie\"]}]}<\/script>\n<!-- \/ Yoast SEO plugin. -->","yoast_head_json":{"title":"Cead\u00fan\u00fa & cl\u00e1r\u00fa - Coimisi\u00fan na Me\u00e1n","robots":{"index":"index","follow":"follow","max-snippet":"max-snippet:-1","max-image-preview":"max-image-preview:large","max-video-preview":"max-video-preview:-1"},"canonical":"https:\/\/www.cnam.ie\/ga\/tionscal-gairmithe\/ceadunu-claru\/","og_locale":"ga_IE","og_type":"article","og_title":"Cead\u00fan\u00fa & cl\u00e1r\u00fa - Coimisi\u00fan na Me\u00e1n","og_description":"Cead\u00fan\u00fa craolach\u00e1in T\u00e1 Coimisi\u00fan na Me\u00e1n freagrach as cead\u00fan\u00fa seirbh\u00eds\u00ed neamhsple\u00e1cha raidi\u00f3 agus teilif\u00edse. Is \u00e9 \u00e1r bpr\u00edomhchusp\u00f3ir cead\u00fan\u00fach\u00e1in n\u00e1 a chinnti\u00fa go bhfuil seirbh\u00eds\u00ed craolach\u00e1in sa St\u00e1t cuimsitheach agus iolra\u00edoch agus gur fearr a fhreastala\u00edonn siad ar riachtanais mhuintir oile\u00e1n na h\u00c9ireann, agus a dteangacha, a dtaith\u00ed agus a dtraidisi\u00fain agus a n-\u00e9ags\u00falacht reiligi\u00fanach, [&hellip;]","og_url":"https:\/\/www.cnam.ie\/ga\/tionscal-gairmithe\/ceadunu-claru\/","og_site_name":"Coimisi\u00fan na Me\u00e1n","article_publisher":"https:\/\/www.facebook.com\/CNaM.Ireland\/","article_modified_time":"2025-01-24T13:42:45+00:00","twitter_card":"summary_large_image","twitter_site":"@CNaM_ie","twitter_misc":{"Est. reading time":"1 minute"},"schema":{"@context":"https:\/\/schema.org","@graph":[{"@type":"WebPage","@id":"https:\/\/www.cnam.ie\/ga\/tionscal-gairmithe\/ceadunu-claru\/","url":"https:\/\/www.cnam.ie\/ga\/tionscal-gairmithe\/ceadunu-claru\/","name":"Cead\u00fan\u00fa & cl\u00e1r\u00fa - Coimisi\u00fan na Me\u00e1n","isPartOf":{"@id":"https:\/\/www.cnam.ie\/ga\/#website"},"datePublished":"2024-10-18T08:22:11+00:00","dateModified":"2025-01-24T13:42:45+00:00","breadcrumb":{"@id":"https:\/\/www.cnam.ie\/ga\/tionscal-gairmithe\/ceadunu-claru\/#breadcrumb"},"inLanguage":"ga-IE","potentialAction":[{"@type":"ReadAction","target":["https:\/\/www.cnam.ie\/ga\/tionscal-gairmithe\/ceadunu-claru\/"]}]},{"@type":"BreadcrumbList","@id":"https:\/\/www.cnam.ie\/ga\/tionscal-gairmithe\/ceadunu-claru\/#breadcrumb","itemListElement":[{"@type":"ListItem","position":1,"name":"Home","item":"https:\/\/www.cnam.ie\/ga\/"},{"@type":"ListItem","position":2,"name":"Tionscal &#038; gairmithe","item":"https:\/\/www.cnam.ie\/ga\/tionscal-gairmithe\/"},{"@type":"ListItem","position":3,"name":"Cead\u00fan\u00fa &#038; cl\u00e1r\u00fa"}]},{"@type":"WebSite","@id":"https:\/\/www.cnam.ie\/ga\/#website","url":"https:\/\/www.cnam.ie\/ga\/","name":"Coimisiun na Mean","description":"Coimisi\u00fan na Me\u00e1n","publisher":{"@id":"https:\/\/www.cnam.ie\/ga\/#organization"},"potentialAction":[{"@type":"SearchAction","target":{"@type":"EntryPoint","urlTemplate":"https:\/\/www.cnam.ie\/ga\/?s={search_term_string}"},"query-input":{"@type":"PropertyValueSpecification","valueRequired":true,"valueName":"search_term_string"}}],"inLanguage":"ga-IE"},{"@type":"Organization","@id":"https:\/\/www.cnam.ie\/ga\/#organization","name":"Coimisiun na Mean","url":"https:\/\/www.cnam.ie\/ga\/","logo":{"@type":"ImageObject","inLanguage":"ga-IE","@id":"https:\/\/www.cnam.ie\/ga\/#\/schema\/logo\/image\/","url":"https:\/\/www.cnam.ie\/app\/uploads\/2024\/12\/Website-image-with-logo.jpg","contentUrl":"https:\/\/www.cnam.ie\/app\/uploads\/2024\/12\/Website-image-with-logo.jpg","width":1200,"height":800,"caption":"Coimisiun na Mean"},"image":{"@id":"https:\/\/www.cnam.ie\/ga\/#\/schema\/logo\/image\/"},"sameAs":["https:\/\/www.facebook.com\/CNaM.Ireland\/","https:\/\/x.com\/CNaM_ie"]}]}},"spectra_custom_meta":{"_top_nav_excluded":[""],"_cms_nav_minihome":[""],"_wp_page_template":["page-templates\/page-blank-container.php"],"_last_translation_edit_mode":["native-editor"],"_edit_lock":["1737726166:5"],"_relevanssi_related_posts":["3071,2139,7601,7615,7634,5819"],"_edit_last":["5"],"_wpml_media_duplicate":["1"],"_wpml_media_featured":["1"],"_yoast_wpseo_content_score":["90"],"_yoast_wpseo_estimated-reading-time-minutes":["1"],"_uag_css_file_name":["uag-css-11902.css"],"_uag_js_file_name":["uag-js-11902.js"]},"uagb_featured_image_src":{"full":false,"thumbnail":false,"medium":false,"medium_large":false,"large":false,"1536x1536":false,"2048x2048":false,"gform-image-choice-sm":false,"gform-image-choice-md":false,"gform-image-choice-lg":false},"uagb_author_info":{"display_name":"Jose","author_link":"https:\/\/www.cnam.ie\/ga\/author\/jose\/"},"uagb_comment_info":0,"uagb_excerpt":"Cead\u00fan\u00fa craolach\u00e1in T\u00e1 Coimisi\u00fan na Me\u00e1n freagrach as cead\u00fan\u00fa seirbh\u00eds\u00ed neamhsple\u00e1cha raidi\u00f3 agus teilif\u00edse. Is \u00e9 \u00e1r bpr\u00edomhchusp\u00f3ir cead\u00fan\u00fach\u00e1in n\u00e1 a chinnti\u00fa go bhfuil seirbh\u00eds\u00ed craolach\u00e1in sa St\u00e1t cuimsitheach agus iolra\u00edoch agus gur fearr a fhreastala\u00edonn siad ar riachtanais mhuintir oile\u00e1n na h\u00c9ireann, agus a dteangacha, a dtaith\u00ed agus a dtraidisi\u00fain agus a n-\u00e9ags\u00falacht reiligi\u00fanach,&hellip;","_links":{"self":[{"href":"https:\/\/www.cnam.ie\/ga\/wp-json\/wp\/v2\/pages\/11902","targetHints":{"allow":["GET"]}}],"collection":[{"href":"https:\/\/www.cnam.ie\/ga\/wp-json\/wp\/v2\/pages"}],"about":[{"href":"https:\/\/www.cnam.ie\/ga\/wp-json\/wp\/v2\/types\/page"}],"author":[{"embeddable":true,"href":"https:\/\/www.cnam.ie\/ga\/wp-json\/wp\/v2\/users\/2"}],"replies":[{"embeddable":true,"href":"https:\/\/www.cnam.ie\/ga\/wp-json\/wp\/v2\/comments?post=11902"}],"version-history":[{"count":2,"href":"https:\/\/www.cnam.ie\/ga\/wp-json\/wp\/v2\/pages\/11902\/revisions"}],"predecessor-version":[{"id":14373,"href":"https:\/\/www.cnam.ie\/ga\/wp-json\/wp\/v2\/pages\/11902\/revisions\/14373"}],"up":[{"embeddable":true,"href":"https:\/\/www.cnam.ie\/ga\/wp-json\/wp\/v2\/pages\/10715"}],"wp:attachment":[{"href":"https:\/\/www.cnam.ie\/ga\/wp-json\/wp\/v2\/media?parent=11902"}],"curies":[{"name":"wp","href":"https:\/\/api.w.org\/{rel}","templated":true}]}}