{"id":12062,"date":"2024-11-01T16:23:12","date_gmt":"2024-11-01T16:23:12","guid":{"rendered":"https:\/\/www.cnam.ie\/maidir-le\/an-meid-a-dheanaimid\/"},"modified":"2025-08-20T08:59:02","modified_gmt":"2025-08-20T07:59:02","slug":"an-meid-a-dheanaimid","status":"publish","type":"page","link":"https:\/\/www.cnam.ie\/ga\/maidir-le\/an-meid-a-dheanaimid\/","title":{"rendered":"An m\u00e9id a dh\u00e9anaimid"},"content":{"rendered":"\n<div class=\"wp-block-uagb-container uagb-block-1d5875b5 alignfull uagb-is-root-container\"><div class=\"uagb-container-inner-blocks-wrap\">\n<div class=\"wp-block-uagb-container uagb-block-2f005527\">\n<div class=\"wp-block-uagb-advanced-heading uagb-block-d9b72e84\"><p class=\"uagb-heading-text\">T\u00e1imid tiomanta go m\u00f3r do chearta bun\u00fasacha a chur chun cinn agus a chaomhn\u00fa, rud a chinnteoidh go gcuirfidh \u00e1r dt\u00edrdhreach me\u00e1n le socha\u00ed oscailte dhaonlathach. T\u00e1 seasamh leis an gceart chun tuairim\u00ed a nochtadh mar bhonn agus mar thaca ag gach r\u00e9imse d\u00e1r gcuid oibre.<\/p><\/div>\n\n\n\n<ul class=\"wp-block-list\">\n<li>Cuirimid an c\u00f3ras rial\u00e1la maidir le s\u00e1bh\u00e1ilteacht ar l\u00edne i bhfeidhm.<\/li>\n\n\n\n<li>Riala\u00edmid craolt\u00f3ir\u00ed agus sol\u00e1thraithe f\u00edse\u00e1in ar \u00e9ileamh.<\/li>\n\n\n\n<li>Taca\u00edmid le hearn\u00e1il na me\u00e1n cumars\u00e1ide n\u00edos leithne.<\/li>\n<\/ul>\n<\/div>\n<\/div><\/div>\n\n\n\n<div class=\"wp-block-uagb-container feature-box uagb-block-2957a38b alignfull uagb-is-root-container\"><div class=\"uagb-container-inner-blocks-wrap\">\n<div class=\"wp-block-uagb-container uagb-block-1989ad81\">\n<div class=\"wp-block-uagb-advanced-heading uagb-block-bcfe6992\"><h2 class=\"uagb-heading-text\">Forfheidhmi\u00fa an Chreata S\u00e1bh\u00e1ilteachta ar L\u00edne\u202f<\/h2><\/div>\n\n\n\n<p>Is sinne at\u00e1 freagrach as Creat S\u00e1bh\u00e1ilteachta ar L\u00edne na h\u00c9ireann. Leis an gcreat t\u00e1bhachtach sin, beidh seirbh\u00eds\u00ed digiteacha freagrach as an gcaoi a gcosna\u00edonn siad daoine, go h\u00e1irithe leana\u00ed, ar dh\u00edobh\u00e1il ar l\u00edne. <\/p>\n\n\n\n<div class=\"wp-block-buttons is-layout-flex wp-block-buttons-is-layout-flex\" style=\"margin-top:0;margin-bottom:0\">\n<div class=\"wp-block-button\"><a class=\"wp-block-button__link wp-element-button\" href=\"https:\/\/www.cnam.ie\/ga\/an-pobal-ginearalta\/sabhailteacht-ar-line\/\">Faigh tuilleadh eolais faoi sh\u00e1bh\u00e1ilteacht ar l\u00edne <\/a><\/div>\n<\/div>\n<\/div>\n<\/div><\/div>\n\n\n\n<div class=\"wp-block-uagb-container feature-box uagb-block-2dd5fb7b alignfull uagb-is-root-container\"><div class=\"uagb-container-inner-blocks-wrap\">\n<div class=\"wp-block-uagb-container uagb-block-57bf63b5\">\n<div class=\"wp-block-uagb-advanced-heading uagb-block-7ff0c628\"><h2 class=\"uagb-heading-text\">Rial\u00e1il ar sheirbh\u00eds\u00ed craolach\u00e1in agus f\u00edse\u00e1in ar \u00e9ileamh\u202f<\/h2><\/div>\n\n\n\n<p>T\u00e1imid freagrach as maoirseacht a dh\u00e9anamh ar rial\u00e1il na seirbh\u00eds\u00ed craolach\u00e1in agus f\u00edse\u00e1in ar \u00e9ileamh in \u00c9irinn. I measc \u00e1r bhfeidhmeanna rial\u00e1la t\u00e1 na Me\u00e1in Seirbh\u00edse Poibl\u00ed a rial\u00e1il, seirbh\u00eds\u00ed craolach\u00e1in a chead\u00fan\u00fa, gear\u00e1in \u00f3n lucht f\u00e9achana agus \u00f3n lucht \u00e9isteachta a l\u00e1imhse\u00e1il, agus C\u00f3id agus Rialacha a fhorbairt.<\/p>\n\n\n\n<div class=\"wp-block-buttons is-layout-flex wp-block-buttons-is-layout-flex\" style=\"margin-top:0;margin-bottom:0\">\n<div class=\"wp-block-button\"><a class=\"wp-block-button__link wp-element-button\" href=\"https:\/\/www.cnam.ie\/ga\/an-pobal-ginearalta\/teilifis-raidio-fisean-ar-eileamh\/\">Faigh tuilleadh eolais faoi rial\u00e1il teilif\u00edse, raidi\u00f3 agus seirbh\u00eds\u00ed ar \u00e9ileamh <\/a><\/div>\n<\/div>\n<\/div>\n<\/div><\/div>\n\n\n\n<div class=\"wp-block-uagb-container feature-box uagb-block-e51a7268 alignfull uagb-is-root-container\"><div class=\"uagb-container-inner-blocks-wrap\">\n<div class=\"wp-block-uagb-container uagb-block-b9365e21\">\n<div class=\"wp-block-uagb-advanced-heading uagb-block-29608a60\"><h2 class=\"uagb-heading-text\">Forbairt earn\u00e1il na me\u00e1n<\/h2><\/div>\n\n\n\n<p>D\u00e9anaimid r\u00e9imse leathan gn\u00edomha\u00edochta\u00ed chun tac\u00fa le hearn\u00e1il me\u00e1n na h\u00c9ireann agus chun cuidi\u00fa le h\u00e1bhar a fhorbairt do lucht f\u00e9achana\/\u00e9isteachta na h\u00c9ireann a l\u00e9ir\u00edonn agus a mh\u00fanla\u00edonn socha\u00ed na h\u00c9ireann.\u202f\u00c1ir\u00edtear orthu sin sc\u00e9imeanna maoinithe agus cur chun feidhme cl\u00e1r foghlama agus forbartha earn\u00e1la. Oibr\u00edmid freisin le craolt\u00f3ir\u00ed chun comhionannas inscne, cothromas, \u00e9ags\u00falacht agus cuimsi\u00fa a chur chun cinn go lean\u00fanach in earn\u00e1il me\u00e1n na h\u00c9ireann. <\/p>\n\n\n\n<div class=\"wp-block-buttons is-layout-flex wp-block-buttons-is-layout-flex\" style=\"margin-top:0;margin-bottom:0\">\n<div class=\"wp-block-button\"><a class=\"wp-block-button__link wp-element-button\" href=\"https:\/\/www.cnam.ie\/ga\/an-pobal-ginearalta\/forbairt-na-mean\/\">Faigh tuilleadh eolais faoi fhorbairt na me\u00e1n <\/a><\/div>\n<\/div>\n<\/div>\n<\/div><\/div>\n\n\n\n<p>Cl\u00fada\u00edonn \u00e1r gc\u00e9ad R\u00e1iteas Strait\u00e9ise an tr\u00e9imhse tr\u00ed bliana \u00f3 2025 go 2027 agus leagann s\u00e9 amach \u00e1r bhf\u00eds don t\u00edrdhreach me\u00e1n in \u00c9irinn, chomh maith le s\u00e9 thoradh strait\u00e9iseacha a chabhr\u00f3idh linn f\u00f3cas g\u00e9ar a choinne\u00e1il ar an bhf\u00eds sin.<\/p>\n\n\n\n<div class=\"wp-block-buttons is-layout-flex wp-block-buttons-is-layout-flex\">\n<div class=\"wp-block-button\"><a class=\"wp-block-button__link wp-element-button\" href=\"https:\/\/www.cnam.ie\/ga\/maidir-le\/an-meid-a-dheanaimid\/ar-raiteas-straiteise\/\">\u00c1r R\u00e1iteas Strait\u00e9ise<\/a><\/div>\n<\/div>\n","protected":false},"excerpt":{"rendered":"<p>T\u00e1imid tiomanta go m\u00f3r do chearta bun\u00fasacha a chur chun cinn agus a chaomhn\u00fa, rud a chinnteoidh go gcuirfidh \u00e1r dt\u00edrdhreach me\u00e1n le socha\u00ed oscailte dhaonlathach. T\u00e1 seasamh leis an gceart chun tuairim\u00ed a nochtadh mar bhonn agus mar thaca ag gach r\u00e9imse d\u00e1r gcuid oibre. Forfheidhmi\u00fa an Chreata S\u00e1bh\u00e1ilteachta ar L\u00edne\u202f Is sinne at\u00e1 [&hellip;]<\/p>\n","protected":false},"author":8,"featured_media":0,"parent":10701,"menu_order":30,"comment_status":"closed","ping_status":"closed","template":"","meta":{"_acf_changed":false,"_relevanssi_hide_post":"","_relevanssi_hide_content":"","_relevanssi_pin_for_all":"","_relevanssi_pin_keywords":"","_relevanssi_unpin_keywords":"","_relevanssi_related_keywords":"","_relevanssi_related_include_ids":"","_relevanssi_related_exclude_ids":"","_relevanssi_related_no_append":"","_relevanssi_related_not_related":"","_relevanssi_related_posts":"858,7662,2372,3726,7647,806","_relevanssi_noindex_reason":"","_uag_custom_page_level_css":"","footnotes":""},"class_list":["post-12062","page","type-page","status-publish","hentry"],"acf":[],"yoast_head":"<!-- This site is optimized with the Yoast SEO plugin v27.4 - https:\/\/yoast.com\/product\/yoast-seo-wordpress\/ -->\n<title>An m\u00e9id a dh\u00e9anaimid - Coimisi\u00fan na Me\u00e1n<\/title>\n<meta name=\"robots\" content=\"index, follow, max-snippet:-1, max-image-preview:large, max-video-preview:-1\" \/>\n<link rel=\"canonical\" href=\"https:\/\/www.cnam.ie\/ga\/maidir-le\/an-meid-a-dheanaimid\/\" \/>\n<meta property=\"og:locale\" content=\"ga_IE\" \/>\n<meta property=\"og:type\" content=\"article\" \/>\n<meta property=\"og:title\" content=\"An m\u00e9id a dh\u00e9anaimid - Coimisi\u00fan na Me\u00e1n\" \/>\n<meta property=\"og:description\" content=\"T\u00e1imid tiomanta go m\u00f3r do chearta bun\u00fasacha a chur chun cinn agus a chaomhn\u00fa, rud a chinnteoidh go gcuirfidh \u00e1r dt\u00edrdhreach me\u00e1n le socha\u00ed oscailte dhaonlathach. T\u00e1 seasamh leis an gceart chun tuairim\u00ed a nochtadh mar bhonn agus mar thaca ag gach r\u00e9imse d\u00e1r gcuid oibre. Forfheidhmi\u00fa an Chreata S\u00e1bh\u00e1ilteachta ar L\u00edne\u202f Is sinne at\u00e1 [&hellip;]\" \/>\n<meta property=\"og:url\" content=\"https:\/\/www.cnam.ie\/ga\/maidir-le\/an-meid-a-dheanaimid\/\" \/>\n<meta property=\"og:site_name\" content=\"Coimisi\u00fan na Me\u00e1n\" \/>\n<meta property=\"article:publisher\" content=\"https:\/\/www.facebook.com\/CNaM.Ireland\/\" \/>\n<meta property=\"article:modified_time\" content=\"2025-08-20T07:59:02+00:00\" \/>\n<meta name=\"twitter:card\" content=\"summary_large_image\" \/>\n<meta name=\"twitter:site\" content=\"@CNaM_ie\" \/>\n<meta name=\"twitter:label1\" content=\"Est. reading time\" \/>\n\t<meta name=\"twitter:data1\" content=\"2 minutes\" \/>\n<script type=\"application\/ld+json\" class=\"yoast-schema-graph\">{\"@context\":\"https:\\\/\\\/schema.org\",\"@graph\":[{\"@type\":\"WebPage\",\"@id\":\"https:\\\/\\\/www.cnam.ie\\\/ga\\\/maidir-le\\\/an-meid-a-dheanaimid\\\/\",\"url\":\"https:\\\/\\\/www.cnam.ie\\\/ga\\\/maidir-le\\\/an-meid-a-dheanaimid\\\/\",\"name\":\"An m\u00e9id a dh\u00e9anaimid - Coimisi\u00fan na Me\u00e1n\",\"isPartOf\":{\"@id\":\"https:\\\/\\\/www.cnam.ie\\\/ga\\\/#website\"},\"datePublished\":\"2024-11-01T16:23:12+00:00\",\"dateModified\":\"2025-08-20T07:59:02+00:00\",\"breadcrumb\":{\"@id\":\"https:\\\/\\\/www.cnam.ie\\\/ga\\\/maidir-le\\\/an-meid-a-dheanaimid\\\/#breadcrumb\"},\"inLanguage\":\"ga-IE\",\"potentialAction\":[{\"@type\":\"ReadAction\",\"target\":[\"https:\\\/\\\/www.cnam.ie\\\/ga\\\/maidir-le\\\/an-meid-a-dheanaimid\\\/\"]}]},{\"@type\":\"BreadcrumbList\",\"@id\":\"https:\\\/\\\/www.cnam.ie\\\/ga\\\/maidir-le\\\/an-meid-a-dheanaimid\\\/#breadcrumb\",\"itemListElement\":[{\"@type\":\"ListItem\",\"position\":1,\"name\":\"Home\",\"item\":\"https:\\\/\\\/www.cnam.ie\\\/ga\\\/\"},{\"@type\":\"ListItem\",\"position\":2,\"name\":\"Maidir linn\",\"item\":\"https:\\\/\\\/www.cnam.ie\\\/ga\\\/maidir-le\\\/\"},{\"@type\":\"ListItem\",\"position\":3,\"name\":\"An m\u00e9id a dh\u00e9anaimid\"}]},{\"@type\":\"WebSite\",\"@id\":\"https:\\\/\\\/www.cnam.ie\\\/ga\\\/#website\",\"url\":\"https:\\\/\\\/www.cnam.ie\\\/ga\\\/\",\"name\":\"Coimisiun na Mean\",\"description\":\"Coimisi\u00fan na Me\u00e1n\",\"publisher\":{\"@id\":\"https:\\\/\\\/www.cnam.ie\\\/ga\\\/#organization\"},\"potentialAction\":[{\"@type\":\"SearchAction\",\"target\":{\"@type\":\"EntryPoint\",\"urlTemplate\":\"https:\\\/\\\/www.cnam.ie\\\/ga\\\/?s={search_term_string}\"},\"query-input\":{\"@type\":\"PropertyValueSpecification\",\"valueRequired\":true,\"valueName\":\"search_term_string\"}}],\"inLanguage\":\"ga-IE\"},{\"@type\":\"Organization\",\"@id\":\"https:\\\/\\\/www.cnam.ie\\\/ga\\\/#organization\",\"name\":\"Coimisiun na Mean\",\"url\":\"https:\\\/\\\/www.cnam.ie\\\/ga\\\/\",\"logo\":{\"@type\":\"ImageObject\",\"inLanguage\":\"ga-IE\",\"@id\":\"https:\\\/\\\/www.cnam.ie\\\/ga\\\/#\\\/schema\\\/logo\\\/image\\\/\",\"url\":\"https:\\\/\\\/www.cnam.ie\\\/app\\\/uploads\\\/2024\\\/12\\\/Website-image-with-logo.jpg\",\"contentUrl\":\"https:\\\/\\\/www.cnam.ie\\\/app\\\/uploads\\\/2024\\\/12\\\/Website-image-with-logo.jpg\",\"width\":1200,\"height\":800,\"caption\":\"Coimisiun na Mean\"},\"image\":{\"@id\":\"https:\\\/\\\/www.cnam.ie\\\/ga\\\/#\\\/schema\\\/logo\\\/image\\\/\"},\"sameAs\":[\"https:\\\/\\\/www.facebook.com\\\/CNaM.Ireland\\\/\",\"https:\\\/\\\/x.com\\\/CNaM_ie\"]}]}<\/script>\n<!-- \/ Yoast SEO plugin. -->","yoast_head_json":{"title":"An m\u00e9id a dh\u00e9anaimid - Coimisi\u00fan na Me\u00e1n","robots":{"index":"index","follow":"follow","max-snippet":"max-snippet:-1","max-image-preview":"max-image-preview:large","max-video-preview":"max-video-preview:-1"},"canonical":"https:\/\/www.cnam.ie\/ga\/maidir-le\/an-meid-a-dheanaimid\/","og_locale":"ga_IE","og_type":"article","og_title":"An m\u00e9id a dh\u00e9anaimid - Coimisi\u00fan na Me\u00e1n","og_description":"T\u00e1imid tiomanta go m\u00f3r do chearta bun\u00fasacha a chur chun cinn agus a chaomhn\u00fa, rud a chinnteoidh go gcuirfidh \u00e1r dt\u00edrdhreach me\u00e1n le socha\u00ed oscailte dhaonlathach. T\u00e1 seasamh leis an gceart chun tuairim\u00ed a nochtadh mar bhonn agus mar thaca ag gach r\u00e9imse d\u00e1r gcuid oibre. Forfheidhmi\u00fa an Chreata S\u00e1bh\u00e1ilteachta ar L\u00edne\u202f Is sinne at\u00e1 [&hellip;]","og_url":"https:\/\/www.cnam.ie\/ga\/maidir-le\/an-meid-a-dheanaimid\/","og_site_name":"Coimisi\u00fan na Me\u00e1n","article_publisher":"https:\/\/www.facebook.com\/CNaM.Ireland\/","article_modified_time":"2025-08-20T07:59:02+00:00","twitter_card":"summary_large_image","twitter_site":"@CNaM_ie","twitter_misc":{"Est. reading time":"2 minutes"},"schema":{"@context":"https:\/\/schema.org","@graph":[{"@type":"WebPage","@id":"https:\/\/www.cnam.ie\/ga\/maidir-le\/an-meid-a-dheanaimid\/","url":"https:\/\/www.cnam.ie\/ga\/maidir-le\/an-meid-a-dheanaimid\/","name":"An m\u00e9id a dh\u00e9anaimid - Coimisi\u00fan na Me\u00e1n","isPartOf":{"@id":"https:\/\/www.cnam.ie\/ga\/#website"},"datePublished":"2024-11-01T16:23:12+00:00","dateModified":"2025-08-20T07:59:02+00:00","breadcrumb":{"@id":"https:\/\/www.cnam.ie\/ga\/maidir-le\/an-meid-a-dheanaimid\/#breadcrumb"},"inLanguage":"ga-IE","potentialAction":[{"@type":"ReadAction","target":["https:\/\/www.cnam.ie\/ga\/maidir-le\/an-meid-a-dheanaimid\/"]}]},{"@type":"BreadcrumbList","@id":"https:\/\/www.cnam.ie\/ga\/maidir-le\/an-meid-a-dheanaimid\/#breadcrumb","itemListElement":[{"@type":"ListItem","position":1,"name":"Home","item":"https:\/\/www.cnam.ie\/ga\/"},{"@type":"ListItem","position":2,"name":"Maidir linn","item":"https:\/\/www.cnam.ie\/ga\/maidir-le\/"},{"@type":"ListItem","position":3,"name":"An m\u00e9id a dh\u00e9anaimid"}]},{"@type":"WebSite","@id":"https:\/\/www.cnam.ie\/ga\/#website","url":"https:\/\/www.cnam.ie\/ga\/","name":"Coimisiun na Mean","description":"Coimisi\u00fan na Me\u00e1n","publisher":{"@id":"https:\/\/www.cnam.ie\/ga\/#organization"},"potentialAction":[{"@type":"SearchAction","target":{"@type":"EntryPoint","urlTemplate":"https:\/\/www.cnam.ie\/ga\/?s={search_term_string}"},"query-input":{"@type":"PropertyValueSpecification","valueRequired":true,"valueName":"search_term_string"}}],"inLanguage":"ga-IE"},{"@type":"Organization","@id":"https:\/\/www.cnam.ie\/ga\/#organization","name":"Coimisiun na Mean","url":"https:\/\/www.cnam.ie\/ga\/","logo":{"@type":"ImageObject","inLanguage":"ga-IE","@id":"https:\/\/www.cnam.ie\/ga\/#\/schema\/logo\/image\/","url":"https:\/\/www.cnam.ie\/app\/uploads\/2024\/12\/Website-image-with-logo.jpg","contentUrl":"https:\/\/www.cnam.ie\/app\/uploads\/2024\/12\/Website-image-with-logo.jpg","width":1200,"height":800,"caption":"Coimisiun na Mean"},"image":{"@id":"https:\/\/www.cnam.ie\/ga\/#\/schema\/logo\/image\/"},"sameAs":["https:\/\/www.facebook.com\/CNaM.Ireland\/","https:\/\/x.com\/CNaM_ie"]}]}},"spectra_custom_meta":{"_top_nav_excluded":[""],"_cms_nav_minihome":[""],"_last_translation_edit_mode":["native-editor"],"_edit_lock":["1755676743:9"],"_relevanssi_related_posts":["858,7662,2372,3726,7647,806"],"_edit_last":["9"],"_wp_page_template":[""],"_wpml_media_duplicate":["1"],"_wpml_media_featured":["1"],"_yoast_wpseo_content_score":["60"],"_yoast_wpseo_estimated-reading-time-minutes":["2"],"_wpml_word_count":["377"]},"uagb_featured_image_src":{"full":false,"thumbnail":false,"medium":false,"medium_large":false,"large":false,"1536x1536":false,"2048x2048":false,"gform-image-choice-sm":false,"gform-image-choice-md":false,"gform-image-choice-lg":false},"uagb_author_info":{"display_name":"Padraig Foran","author_link":"https:\/\/www.cnam.ie\/ga\/author\/padraigf\/"},"uagb_comment_info":0,"uagb_excerpt":"T\u00e1imid tiomanta go m\u00f3r do chearta bun\u00fasacha a chur chun cinn agus a chaomhn\u00fa, rud a chinnteoidh go gcuirfidh \u00e1r dt\u00edrdhreach me\u00e1n le socha\u00ed oscailte dhaonlathach. T\u00e1 seasamh leis an gceart chun tuairim\u00ed a nochtadh mar bhonn agus mar thaca ag gach r\u00e9imse d\u00e1r gcuid oibre. Forfheidhmi\u00fa an Chreata S\u00e1bh\u00e1ilteachta ar L\u00edne\u202f Is sinne at\u00e1&hellip;","_links":{"self":[{"href":"https:\/\/www.cnam.ie\/ga\/wp-json\/wp\/v2\/pages\/12062","targetHints":{"allow":["GET"]}}],"collection":[{"href":"https:\/\/www.cnam.ie\/ga\/wp-json\/wp\/v2\/pages"}],"about":[{"href":"https:\/\/www.cnam.ie\/ga\/wp-json\/wp\/v2\/types\/page"}],"author":[{"embeddable":true,"href":"https:\/\/www.cnam.ie\/ga\/wp-json\/wp\/v2\/users\/8"}],"replies":[{"embeddable":true,"href":"https:\/\/www.cnam.ie\/ga\/wp-json\/wp\/v2\/comments?post=12062"}],"version-history":[{"count":4,"href":"https:\/\/www.cnam.ie\/ga\/wp-json\/wp\/v2\/pages\/12062\/revisions"}],"predecessor-version":[{"id":17304,"href":"https:\/\/www.cnam.ie\/ga\/wp-json\/wp\/v2\/pages\/12062\/revisions\/17304"}],"up":[{"embeddable":true,"href":"https:\/\/www.cnam.ie\/ga\/wp-json\/wp\/v2\/pages\/10701"}],"wp:attachment":[{"href":"https:\/\/www.cnam.ie\/ga\/wp-json\/wp\/v2\/media?parent=12062"}],"curies":[{"name":"wp","href":"https:\/\/api.w.org\/{rel}","templated":true}]}}