{"id":12079,"date":"2024-11-04T10:16:01","date_gmt":"2024-11-04T10:16:01","guid":{"rendered":"https:\/\/www.cnam.ie\/maidir-le\/taighde\/"},"modified":"2025-01-27T15:12:10","modified_gmt":"2025-01-27T15:12:10","slug":"taighde","status":"publish","type":"page","link":"https:\/\/www.cnam.ie\/ga\/maidir-le\/taighde\/","title":{"rendered":"Taighde"},"content":{"rendered":"\n<div class=\"wp-block-uagb-container uagb-block-c17eadff alignfull uagb-is-root-container\"><div class=\"uagb-container-inner-blocks-wrap\">\n<div class=\"wp-block-uagb-container uagb-block-01445e04\">\n<div class=\"wp-block-uagb-advanced-heading uagb-block-748dd911\"><p class=\"uagb-heading-text\">Leis an Acht um Rial\u00e1il S\u00e1bh\u00e1ilteachta ar L\u00edne agus na Me\u00e1n, ceangla\u00edtear orainn dul i mbun cinnteoireacht fhianaisebhunaithe i ngach rud a dh\u00e9anaimid, agus cinnteoireacht fhianaisebhunaithe ag gach duine a mb\u00edmid i gcomhairle leo a chur chun cinn.\u202fAr leithligh, mhol an Coimisi\u00fan um Thodhcha\u00ed na Me\u00e1n, a bhunaigh an Rialtas i m\u00ed Mhe\u00e1n F\u00f3mhair 2020, go mbun\u00f3fa\u00ed aonad taighde laistigh de Choimisi\u00fan na Me\u00e1n chun \u00e1r gcumas inmhe\u00e1nach taighde agus meast\u00f3ireachta a neart\u00fa.<\/p><\/div>\n<\/div>\n\n\n\n<div class=\"wp-block-uagb-container uagb-block-a29321d3\"><\/div>\n<\/div><\/div>\n\n\n\n<p>Bunaithe ar an m\u00e9id thuas, buna\u00edodh \u00e1r bhfoireann taighde, agus d\u00e9anann s\u00ed taighde eitici\u00fail iontaofa, ardchaighde\u00e1in a sheoladh agus a choimisi\u00fan\u00fa chun bonn eolais a chur faoin\u00e1r bpr\u00f3isis bhreithni\u00fach\u00e1in agus cheaptha beartas, agus chun an bonn fianaise a leathn\u00fa ar na pr\u00edomhcheisteanna a nd\u00edr\u00edmid orthu. Tr\u00ed thaighde a chur ar f\u00e1il go poibl\u00ed, taca\u00edmid freisin le cinnteoireacht fhianaisebhunaithe ag p\u00e1irtithe leasmhara eile.<\/p>\n\n\n\n<h2 class=\"wp-block-heading\">Cl\u00e1r taighde<\/h2>\n\n\n\n<p><span class=\"TextRun SCXW199794124 BCX0\" lang=\"GD\" xml:lang=\"GD\" data-contrast=\"none\"><span class=\"NormalTextRun SCXW199794124 BCX0\" data-ccp-parastyle=\"P68B1DB1-Normal3\" data-ccp-parastyle-defn=\"{&quot;ObjectId&quot;:&quot;45a991d4-ebce-48b5-943a-0bcfaa098289|56&quot;,&quot;ClassId&quot;:1073872969,&quot;Properties&quot;:[201342446,&quot;1&quot;,201342447,&quot;5&quot;,201342448,&quot;1&quot;,201342449,&quot;1&quot;,469777841,&quot;Arial&quot;,469777842,&quot;Arial&quot;,469777843,&quot;Times New Roman&quot;,469777844,&quot;Arial&quot;,201341986,&quot;1&quot;,469769226,&quot;Arial,Times New Roman&quot;,268442635,&quot;24&quot;,469775450,&quot;P68B1DB1-Normal3&quot;,201340122,&quot;2&quot;,134233614,&quot;true&quot;,469778129,&quot;P68B1DB1-Normal3&quot;,335572020,&quot;1&quot;,335551500,&quot;4922&quot;,469778324,&quot;Normal&quot;]}\">Gach bliain, glacaimid <\/span><\/span><span class=\"TextRun Underlined SCXW199794124 BCX0\" lang=\"GD\" xml:lang=\"GD\" data-contrast=\"none\"><span class=\"NormalTextRun SCXW199794124 BCX0\" data-ccp-parastyle=\"P68B1DB1-Normal3\">cl\u00e1r <\/span><\/span><a class=\"Hyperlink SCXW199794124 BCX0\" href=\"https:\/\/www.cnam.ie\/about\/research\/research-programme\/\" target=\"_blank\" rel=\"noreferrer noopener\"><span class=\"TextRun Underlined SCXW199794124 BCX0\" lang=\"GD\" xml:lang=\"GD\" data-contrast=\"none\"><span class=\"NormalTextRun SCXW199794124 BCX0\" data-ccp-parastyle=\"P68B1DB1-Normal3\">taighde<\/span><\/span><span class=\"TextRun SCXW199794124 BCX0\" lang=\"GD\" xml:lang=\"GD\" data-contrast=\"none\"><span class=\"NormalTextRun SCXW199794124 BCX0\" data-ccp-parastyle=\"P68B1DB1-Normal3\"> at\u00e1<\/span><\/span><\/a><span class=\"TextRun SCXW199794124 BCX0\" lang=\"GD\" xml:lang=\"GD\" data-contrast=\"none\"><span class=\"NormalTextRun SCXW199794124 BCX0\" data-ccp-parastyle=\"P68B1DB1-Normal3\"> faoi threoir ag na tosa\u00edochta\u00ed strait\u00e9iseacha in\u00e1r <\/span><\/span><a class=\"Hyperlink SCXW199794124 BCX0\" href=\"https:\/\/www.cnam.ie\/ga\/maidir-le\/an-meid-a-dheanaimid\/ar-raiteas-straiteise\/\" target=\"_blank\" rel=\"noreferrer noopener\"><span class=\"TextRun Underlined SCXW199794124 BCX0\" lang=\"GD\" xml:lang=\"GD\" data-contrast=\"none\"><span class=\"NormalTextRun SCXW199794124 BCX0\" data-ccp-parastyle=\"P68B1DB1-Normal3\">Strait\u00e9is Chorpar\u00e1ideach<\/span><\/span><\/a><span class=\"TextRun SCXW199794124 BCX0\" lang=\"GD\" xml:lang=\"GD\" data-contrast=\"none\"><span class=\"NormalTextRun SCXW199794124 BCX0\" data-ccp-parastyle=\"P68B1DB1-Normal3\">.\u202f De ghn\u00e1th, cuims\u00edonn an cl\u00e1r taighde measc\u00e1n de na nithe seo a leanas:<\/span><\/span><\/p>\n\n\n\n<ul class=\"wp-block-list\">\n<li>Taighde a dh\u00e9anaimid go hinmhe\u00e1nach, taighde a chuirtear amach ar conradh chuig eagra\u00edocht sheachtrach, agus taighde a bhaineann le measc\u00e1n de shaineolas inmhe\u00e1nach agus seachtrach araon.<\/li>\n\n\n\n<li>Taighde a threora\u00edmid, agus taighde a gcomhoibr\u00edmid le heagra\u00edochta\u00ed eile ina leith.<\/li>\n\n\n\n<li>Taighde lena mbaineann sonra\u00ed cainn\u00edocht\u00fala (is \u00e9 sin, sonra\u00ed at\u00e1 uimhri\u00fail\/intomhaiste), taighde lena mbaineann sonra\u00ed c\u00e1il\u00edocht\u00fala (is \u00e9 sin, sonra\u00ed \u00f3 bh\u00e9al agus sonra\u00ed tuairisci\u00fala), agus taighde lena mbaineann measc\u00e1n den d\u00e1 rud (\u2018taighde modhanna measctha\u2019).<\/li>\n\n\n\n<li>Tionscadail taighde at\u00e1 gearrth\u00e9armach \u00f3 thaobh cine\u00e1il de, (is \u00e9 sin, a dh\u00e9antar ar feadh roinnt m\u00edonna) agus taighde at\u00e1 n\u00edos fadt\u00e9arma\u00ed \u00f3 thaobh cine\u00e1il de (a bh\u00edonn ar si\u00fal ar feadh roinnt blianta go minic agus a bhfuil bearta iomad\u00fala i gceist leis).<\/li>\n<\/ul>\n\n\n\n<p>\u00c1ir\u00edtear an m\u00e9id seo a leanas sa chl\u00e1r taighde don bhliain reatha:<\/p>\n\n\n\n<ul class=\"wp-block-list\">\n<li>Tionscadal taighde modhanna measctha ar Mhn\u00e1 agus Ceol i gCraolt\u00f3ireacht Fuaime.<\/li>\n\n\n\n<li>Tionscadal taighde modhanna measctha, i gcomhar le hOifig Aicmithe Scann\u00e1n na h\u00c9ireann, ar fhoins\u00ed d\u00edobh\u00e1la i scann\u00e1in agus i gcl\u00e1ir.<\/li>\n\n\n\n<li>Tuarasc\u00e1il tr\u00ed bliana ar \u00fain\u00e9ireacht agus rial\u00fa na me\u00e1n, mar a cheangla\u00edtear le halt 28M den Acht Ioma\u00edochta, 2002.<\/li>\n\n\n\n<li>Tuarasc\u00e1il ar anNuacht Dhigiteach na h\u00c9ireann, tuarasc\u00e1il bhliant\u00fail arna d\u00e9anamh ag Institi\u00faid Reuters um Staid\u00e9ar ar an Iriseoireacht agus arna hanail\u00edsi\u00fa ag Institi\u00faid FuJo in DCU.<\/li>\n\n\n\n<li><span class=\"TextRun SCXW183901300 BCX0\" lang=\"GD\" xml:lang=\"GD\" data-contrast=\"none\"><span class=\"NormalTextRun SCXW183901300 BCX0\" data-ccp-parastyle=\"P68B1DB1-Normal3\" data-ccp-parastyle-defn=\"{&quot;ObjectId&quot;:&quot;45a991d4-ebce-48b5-943a-0bcfaa098289|56&quot;,&quot;ClassId&quot;:1073872969,&quot;Properties&quot;:[201342446,&quot;1&quot;,201342447,&quot;5&quot;,201342448,&quot;1&quot;,201342449,&quot;1&quot;,469777841,&quot;Arial&quot;,469777842,&quot;Arial&quot;,469777843,&quot;Times New Roman&quot;,469777844,&quot;Arial&quot;,201341986,&quot;1&quot;,469769226,&quot;Arial,Times New Roman&quot;,268442635,&quot;24&quot;,469775450,&quot;P68B1DB1-Normal3&quot;,201340122,&quot;2&quot;,134233614,&quot;true&quot;,469778129,&quot;P68B1DB1-Normal3&quot;,335572020,&quot;1&quot;,335551500,&quot;4922&quot;,469778324,&quot;Normal&quot;]}\">Dearadh pr\u00f3isis agus cur chun feidhme Airteagal 40 (4-11) <\/span><\/span><a class=\"Hyperlink SCXW183901300 BCX0\" href=\"https:\/\/www.cnam.ie\/ga\/tionscal-gairmithe\/creat-sabhailteachta-ar-line\/deimhniuchain-sceimeanna\/rochtain-ar-shonrai-do-thaighdeoiri-grinnfhiosruithe\/\" target=\"_blank\" rel=\"noreferrer noopener\"><span class=\"TextRun Underlined SCXW183901300 BCX0\" lang=\"GD\" xml:lang=\"GD\" data-contrast=\"none\"><span class=\"NormalTextRun SCXW183901300 BCX0\" data-ccp-parastyle=\"P68B1DB1-Normal3\">Rochtain<\/span><\/span><\/a><span class=\"TextRun Underlined SCXW183901300 BCX0\" lang=\"GD\" xml:lang=\"GD\" data-contrast=\"none\"><span class=\"NormalTextRun SCXW183901300 BCX0\" data-ccp-parastyle=\"P68B1DB1-Normal3\"> ar Shonra\u00ed do Thaighdeoir\u00ed Grinnfhiosraithe<\/span><\/span><span class=\"TextRun SCXW183901300 BCX0\" lang=\"GD\" xml:lang=\"GD\" data-contrast=\"none\"><span class=\"NormalTextRun SCXW183901300 BCX0\" data-ccp-parastyle=\"P68B1DB1-Normal3\">, a bhainisti\u00fa, i gcomhr\u00e9ir len\u00e1r n-oibleag\u00e1id\u00ed mar Chomhordaitheoir Seirbh\u00eds\u00ed Digiteacha (DSC) faoi Airteagal 40 (4-11) den <\/span><\/span><a class=\"Hyperlink SCXW183901300 BCX0\" href=\"https:\/\/www.cnam.ie\/ga\/tionscal-gairmithe\/creat-sabhailteachta-ar-line\/an-gniomh-um-sheirbhisi-digiteacha\/\" target=\"_blank\" rel=\"noreferrer noopener\"><span class=\"TextRun Underlined SCXW183901300 BCX0\" lang=\"GD\" xml:lang=\"GD\" data-contrast=\"none\"><span class=\"NormalTextRun SCXW183901300 BCX0\" data-ccp-parastyle=\"P68B1DB1-Normal3\">Ghn\u00edomh um Sheirbh\u00eds\u00ed Digiteacha.<\/span><\/span><\/a><span class=\"TextRun SCXW183901300 BCX0\" lang=\"GD\" xml:lang=\"GD\" data-contrast=\"none\"><span class=\"NormalTextRun SCXW183901300 BCX0\" data-ccp-parastyle=\"P68B1DB1-Normal3\">\u202f<\/span><\/span><span class=\"EOP SCXW183901300 BCX0\" data-ccp-props=\"{&quot;134233117&quot;:true,&quot;201341983&quot;:0,&quot;335557856&quot;:16777215,&quot;335559739&quot;:60,&quot;335559740&quot;:240}\">&nbsp;<\/span><\/li>\n<\/ul>\n\n\n\n<div class=\"wp-block-buttons is-layout-flex wp-block-buttons-is-layout-flex\">\n<div class=\"wp-block-button\"><a class=\"wp-block-button__link wp-element-button\" href=\"https:\/\/www.cnam.ie\/about\/research\/completed-research\/\">Faigh tuilleadh eolais faoi na tionscadail taighde at\u00e1 curtha i gcr\u00edch againn<\/a><\/div>\n<\/div>\n","protected":false},"excerpt":{"rendered":"<p>Leis an Acht um Rial\u00e1il S\u00e1bh\u00e1ilteachta ar L\u00edne agus na Me\u00e1n, ceangla\u00edtear orainn dul i mbun cinnteoireacht fhianaisebhunaithe i ngach rud a dh\u00e9anaimid, agus cinnteoireacht fhianaisebhunaithe ag gach duine a mb\u00edmid i gcomhairle leo a chur chun cinn.\u202fAr leithligh, mhol an Coimisi\u00fan um Thodhcha\u00ed na Me\u00e1n, a bhunaigh an Rialtas i m\u00ed Mhe\u00e1n F\u00f3mhair 2020, [&hellip;]<\/p>\n","protected":false},"author":8,"featured_media":0,"parent":10701,"menu_order":28,"comment_status":"closed","ping_status":"closed","template":"","meta":{"_acf_changed":false,"_relevanssi_hide_post":"","_relevanssi_hide_content":"","_relevanssi_pin_for_all":"","_relevanssi_pin_keywords":"","_relevanssi_unpin_keywords":"","_relevanssi_related_keywords":"","_relevanssi_related_include_ids":"","_relevanssi_related_exclude_ids":"","_relevanssi_related_no_append":"","_relevanssi_related_not_related":"","_relevanssi_related_posts":"858,806,3328,4151,4544,7610","_relevanssi_noindex_reason":"","_uag_custom_page_level_css":"","footnotes":""},"class_list":["post-12079","page","type-page","status-publish","hentry"],"acf":[],"yoast_head":"<!-- This site is optimized with the Yoast SEO plugin v27.4 - https:\/\/yoast.com\/product\/yoast-seo-wordpress\/ -->\n<title>Taighde - Coimisi\u00fan na Me\u00e1n<\/title>\n<meta name=\"robots\" content=\"index, follow, max-snippet:-1, max-image-preview:large, max-video-preview:-1\" \/>\n<link rel=\"canonical\" href=\"https:\/\/www.cnam.ie\/ga\/maidir-le\/taighde\/\" \/>\n<meta property=\"og:locale\" content=\"ga_IE\" \/>\n<meta property=\"og:type\" content=\"article\" \/>\n<meta property=\"og:title\" content=\"Taighde - Coimisi\u00fan na Me\u00e1n\" \/>\n<meta property=\"og:description\" content=\"Leis an Acht um Rial\u00e1il S\u00e1bh\u00e1ilteachta ar L\u00edne agus na Me\u00e1n, ceangla\u00edtear orainn dul i mbun cinnteoireacht fhianaisebhunaithe i ngach rud a dh\u00e9anaimid, agus cinnteoireacht fhianaisebhunaithe ag gach duine a mb\u00edmid i gcomhairle leo a chur chun cinn.\u202fAr leithligh, mhol an Coimisi\u00fan um Thodhcha\u00ed na Me\u00e1n, a bhunaigh an Rialtas i m\u00ed Mhe\u00e1n F\u00f3mhair 2020, [&hellip;]\" \/>\n<meta property=\"og:url\" content=\"https:\/\/www.cnam.ie\/ga\/maidir-le\/taighde\/\" \/>\n<meta property=\"og:site_name\" content=\"Coimisi\u00fan na Me\u00e1n\" \/>\n<meta property=\"article:publisher\" content=\"https:\/\/www.facebook.com\/CNaM.Ireland\/\" \/>\n<meta property=\"article:modified_time\" content=\"2025-01-27T15:12:10+00:00\" \/>\n<meta name=\"twitter:card\" content=\"summary_large_image\" \/>\n<meta name=\"twitter:site\" content=\"@CNaM_ie\" \/>\n<meta name=\"twitter:label1\" content=\"Est. reading time\" \/>\n\t<meta name=\"twitter:data1\" content=\"2 minutes\" \/>\n<script type=\"application\/ld+json\" class=\"yoast-schema-graph\">{\"@context\":\"https:\\\/\\\/schema.org\",\"@graph\":[{\"@type\":\"WebPage\",\"@id\":\"https:\\\/\\\/www.cnam.ie\\\/ga\\\/maidir-le\\\/taighde\\\/\",\"url\":\"https:\\\/\\\/www.cnam.ie\\\/ga\\\/maidir-le\\\/taighde\\\/\",\"name\":\"Taighde - Coimisi\u00fan na Me\u00e1n\",\"isPartOf\":{\"@id\":\"https:\\\/\\\/www.cnam.ie\\\/ga\\\/#website\"},\"datePublished\":\"2024-11-04T10:16:01+00:00\",\"dateModified\":\"2025-01-27T15:12:10+00:00\",\"breadcrumb\":{\"@id\":\"https:\\\/\\\/www.cnam.ie\\\/ga\\\/maidir-le\\\/taighde\\\/#breadcrumb\"},\"inLanguage\":\"ga-IE\",\"potentialAction\":[{\"@type\":\"ReadAction\",\"target\":[\"https:\\\/\\\/www.cnam.ie\\\/ga\\\/maidir-le\\\/taighde\\\/\"]}]},{\"@type\":\"BreadcrumbList\",\"@id\":\"https:\\\/\\\/www.cnam.ie\\\/ga\\\/maidir-le\\\/taighde\\\/#breadcrumb\",\"itemListElement\":[{\"@type\":\"ListItem\",\"position\":1,\"name\":\"Home\",\"item\":\"https:\\\/\\\/www.cnam.ie\\\/ga\\\/\"},{\"@type\":\"ListItem\",\"position\":2,\"name\":\"Maidir linn\",\"item\":\"https:\\\/\\\/www.cnam.ie\\\/ga\\\/maidir-le\\\/\"},{\"@type\":\"ListItem\",\"position\":3,\"name\":\"Taighde\"}]},{\"@type\":\"WebSite\",\"@id\":\"https:\\\/\\\/www.cnam.ie\\\/ga\\\/#website\",\"url\":\"https:\\\/\\\/www.cnam.ie\\\/ga\\\/\",\"name\":\"Coimisiun na Mean\",\"description\":\"Coimisi\u00fan na Me\u00e1n\",\"publisher\":{\"@id\":\"https:\\\/\\\/www.cnam.ie\\\/ga\\\/#organization\"},\"potentialAction\":[{\"@type\":\"SearchAction\",\"target\":{\"@type\":\"EntryPoint\",\"urlTemplate\":\"https:\\\/\\\/www.cnam.ie\\\/ga\\\/?s={search_term_string}\"},\"query-input\":{\"@type\":\"PropertyValueSpecification\",\"valueRequired\":true,\"valueName\":\"search_term_string\"}}],\"inLanguage\":\"ga-IE\"},{\"@type\":\"Organization\",\"@id\":\"https:\\\/\\\/www.cnam.ie\\\/ga\\\/#organization\",\"name\":\"Coimisiun na Mean\",\"url\":\"https:\\\/\\\/www.cnam.ie\\\/ga\\\/\",\"logo\":{\"@type\":\"ImageObject\",\"inLanguage\":\"ga-IE\",\"@id\":\"https:\\\/\\\/www.cnam.ie\\\/ga\\\/#\\\/schema\\\/logo\\\/image\\\/\",\"url\":\"https:\\\/\\\/www.cnam.ie\\\/app\\\/uploads\\\/2024\\\/12\\\/Website-image-with-logo.jpg\",\"contentUrl\":\"https:\\\/\\\/www.cnam.ie\\\/app\\\/uploads\\\/2024\\\/12\\\/Website-image-with-logo.jpg\",\"width\":1200,\"height\":800,\"caption\":\"Coimisiun na Mean\"},\"image\":{\"@id\":\"https:\\\/\\\/www.cnam.ie\\\/ga\\\/#\\\/schema\\\/logo\\\/image\\\/\"},\"sameAs\":[\"https:\\\/\\\/www.facebook.com\\\/CNaM.Ireland\\\/\",\"https:\\\/\\\/x.com\\\/CNaM_ie\"]}]}<\/script>\n<!-- \/ Yoast SEO plugin. -->","yoast_head_json":{"title":"Taighde - Coimisi\u00fan na Me\u00e1n","robots":{"index":"index","follow":"follow","max-snippet":"max-snippet:-1","max-image-preview":"max-image-preview:large","max-video-preview":"max-video-preview:-1"},"canonical":"https:\/\/www.cnam.ie\/ga\/maidir-le\/taighde\/","og_locale":"ga_IE","og_type":"article","og_title":"Taighde - Coimisi\u00fan na Me\u00e1n","og_description":"Leis an Acht um Rial\u00e1il S\u00e1bh\u00e1ilteachta ar L\u00edne agus na Me\u00e1n, ceangla\u00edtear orainn dul i mbun cinnteoireacht fhianaisebhunaithe i ngach rud a dh\u00e9anaimid, agus cinnteoireacht fhianaisebhunaithe ag gach duine a mb\u00edmid i gcomhairle leo a chur chun cinn.\u202fAr leithligh, mhol an Coimisi\u00fan um Thodhcha\u00ed na Me\u00e1n, a bhunaigh an Rialtas i m\u00ed Mhe\u00e1n F\u00f3mhair 2020, [&hellip;]","og_url":"https:\/\/www.cnam.ie\/ga\/maidir-le\/taighde\/","og_site_name":"Coimisi\u00fan na Me\u00e1n","article_publisher":"https:\/\/www.facebook.com\/CNaM.Ireland\/","article_modified_time":"2025-01-27T15:12:10+00:00","twitter_card":"summary_large_image","twitter_site":"@CNaM_ie","twitter_misc":{"Est. reading time":"2 minutes"},"schema":{"@context":"https:\/\/schema.org","@graph":[{"@type":"WebPage","@id":"https:\/\/www.cnam.ie\/ga\/maidir-le\/taighde\/","url":"https:\/\/www.cnam.ie\/ga\/maidir-le\/taighde\/","name":"Taighde - Coimisi\u00fan na Me\u00e1n","isPartOf":{"@id":"https:\/\/www.cnam.ie\/ga\/#website"},"datePublished":"2024-11-04T10:16:01+00:00","dateModified":"2025-01-27T15:12:10+00:00","breadcrumb":{"@id":"https:\/\/www.cnam.ie\/ga\/maidir-le\/taighde\/#breadcrumb"},"inLanguage":"ga-IE","potentialAction":[{"@type":"ReadAction","target":["https:\/\/www.cnam.ie\/ga\/maidir-le\/taighde\/"]}]},{"@type":"BreadcrumbList","@id":"https:\/\/www.cnam.ie\/ga\/maidir-le\/taighde\/#breadcrumb","itemListElement":[{"@type":"ListItem","position":1,"name":"Home","item":"https:\/\/www.cnam.ie\/ga\/"},{"@type":"ListItem","position":2,"name":"Maidir linn","item":"https:\/\/www.cnam.ie\/ga\/maidir-le\/"},{"@type":"ListItem","position":3,"name":"Taighde"}]},{"@type":"WebSite","@id":"https:\/\/www.cnam.ie\/ga\/#website","url":"https:\/\/www.cnam.ie\/ga\/","name":"Coimisiun na Mean","description":"Coimisi\u00fan na Me\u00e1n","publisher":{"@id":"https:\/\/www.cnam.ie\/ga\/#organization"},"potentialAction":[{"@type":"SearchAction","target":{"@type":"EntryPoint","urlTemplate":"https:\/\/www.cnam.ie\/ga\/?s={search_term_string}"},"query-input":{"@type":"PropertyValueSpecification","valueRequired":true,"valueName":"search_term_string"}}],"inLanguage":"ga-IE"},{"@type":"Organization","@id":"https:\/\/www.cnam.ie\/ga\/#organization","name":"Coimisiun na Mean","url":"https:\/\/www.cnam.ie\/ga\/","logo":{"@type":"ImageObject","inLanguage":"ga-IE","@id":"https:\/\/www.cnam.ie\/ga\/#\/schema\/logo\/image\/","url":"https:\/\/www.cnam.ie\/app\/uploads\/2024\/12\/Website-image-with-logo.jpg","contentUrl":"https:\/\/www.cnam.ie\/app\/uploads\/2024\/12\/Website-image-with-logo.jpg","width":1200,"height":800,"caption":"Coimisiun na Mean"},"image":{"@id":"https:\/\/www.cnam.ie\/ga\/#\/schema\/logo\/image\/"},"sameAs":["https:\/\/www.facebook.com\/CNaM.Ireland\/","https:\/\/x.com\/CNaM_ie"]}]}},"spectra_custom_meta":{"_top_nav_excluded":[""],"_cms_nav_minihome":[""],"_last_translation_edit_mode":["native-editor"],"_edit_lock":["1737995855:10"],"_relevanssi_related_posts":["858,806,3328,4151,4544,7610"],"_wp_page_template":[""],"_edit_last":["10"],"_wpml_media_duplicate":["1"],"_wpml_media_featured":["1"],"_yoast_wpseo_content_score":["60"],"_yoast_wpseo_estimated-reading-time-minutes":["2"],"_uag_css_file_name":["uag-css-12079.css"],"_uag_js_file_name":["uag-js-12079.js"]},"uagb_featured_image_src":{"full":false,"thumbnail":false,"medium":false,"medium_large":false,"large":false,"1536x1536":false,"2048x2048":false,"gform-image-choice-sm":false,"gform-image-choice-md":false,"gform-image-choice-lg":false},"uagb_author_info":{"display_name":"Padraig Foran","author_link":"https:\/\/www.cnam.ie\/ga\/author\/padraigf\/"},"uagb_comment_info":0,"uagb_excerpt":"Leis an Acht um Rial\u00e1il S\u00e1bh\u00e1ilteachta ar L\u00edne agus na Me\u00e1n, ceangla\u00edtear orainn dul i mbun cinnteoireacht fhianaisebhunaithe i ngach rud a dh\u00e9anaimid, agus cinnteoireacht fhianaisebhunaithe ag gach duine a mb\u00edmid i gcomhairle leo a chur chun cinn.\u202fAr leithligh, mhol an Coimisi\u00fan um Thodhcha\u00ed na Me\u00e1n, a bhunaigh an Rialtas i m\u00ed Mhe\u00e1n F\u00f3mhair 2020,&hellip;","_links":{"self":[{"href":"https:\/\/www.cnam.ie\/ga\/wp-json\/wp\/v2\/pages\/12079","targetHints":{"allow":["GET"]}}],"collection":[{"href":"https:\/\/www.cnam.ie\/ga\/wp-json\/wp\/v2\/pages"}],"about":[{"href":"https:\/\/www.cnam.ie\/ga\/wp-json\/wp\/v2\/types\/page"}],"author":[{"embeddable":true,"href":"https:\/\/www.cnam.ie\/ga\/wp-json\/wp\/v2\/users\/8"}],"replies":[{"embeddable":true,"href":"https:\/\/www.cnam.ie\/ga\/wp-json\/wp\/v2\/comments?post=12079"}],"version-history":[{"count":2,"href":"https:\/\/www.cnam.ie\/ga\/wp-json\/wp\/v2\/pages\/12079\/revisions"}],"predecessor-version":[{"id":14408,"href":"https:\/\/www.cnam.ie\/ga\/wp-json\/wp\/v2\/pages\/12079\/revisions\/14408"}],"up":[{"embeddable":true,"href":"https:\/\/www.cnam.ie\/ga\/wp-json\/wp\/v2\/pages\/10701"}],"wp:attachment":[{"href":"https:\/\/www.cnam.ie\/ga\/wp-json\/wp\/v2\/media?parent=12079"}],"curies":[{"name":"wp","href":"https:\/\/api.w.org\/{rel}","templated":true}]}}