{"id":12093,"date":"2024-11-04T11:11:45","date_gmt":"2024-11-04T11:11:45","guid":{"rendered":"https:\/\/www.cnam.ie\/maidir-le\/comhionannas-eagsulacht-agus-cuimsiu\/"},"modified":"2025-01-10T01:40:18","modified_gmt":"2025-01-10T01:40:18","slug":"comhionannas-eagsulacht-agus-cuimsiu","status":"publish","type":"page","link":"https:\/\/www.cnam.ie\/ga\/maidir-le\/comhionannas-eagsulacht-agus-cuimsiu\/","title":{"rendered":"Comhionannas, \u00e9ags\u00falacht agus cuimsi\u00fa"},"content":{"rendered":"\n<div class=\"wp-block-uagb-container uagb-block-1d5875b5 alignfull uagb-is-root-container\"><div class=\"uagb-container-inner-blocks-wrap\">\n<div class=\"wp-block-uagb-container uagb-block-2f005527\">\n<div class=\"wp-block-uagb-advanced-heading uagb-block-d9b72e84\"><p class=\"uagb-heading-text\"><span class=\"TextRun SCXW63589206 BCX0\" lang=\"GD\" xml:lang=\"GD\" data-contrast=\"auto\"><span class=\"NormalTextRun SCXW63589206 BCX0\">Ag Coimisi\u00fan na Me\u00e1n, t\u00e1 <\/span><span class=\"NormalTextRun SCXW63589206 BCX0\">B\u00e9im ar Dhaoine<\/span><span class=\"NormalTextRun SCXW63589206 BCX0\"> ar cheann d\u00e1r <\/span><\/span><a class=\"Hyperlink SCXW63589206 BCX0\" href=\"https:\/\/www.cnam.ie\/ga\/maidir-le\/ce-muid-fein\/our-values\/\" target=\"_blank\" rel=\"noreferrer noopener\"><span class=\"TextRun Underlined SCXW63589206 BCX0\" lang=\"GD\" xml:lang=\"GD\" data-contrast=\"none\"><span class=\"NormalTextRun SCXW63589206 BCX0\" data-ccp-charstyle=\"Hyperlink\">gcro\u00edluachanna,<\/span><\/span><\/a><span class=\"TextRun SCXW63589206 BCX0\" lang=\"GD\" xml:lang=\"GD\" data-contrast=\"auto\"><span class=\"NormalTextRun SCXW63589206 BCX0\"> agus is cuid l\u00e1rnach de sin \u00e9 \u00e1r dtiomantas t\u00fas \u00e1ite a thabhairt don chuimsi\u00fa agus glacadh leis an luach a ghabhann leis an \u00e9ags\u00falacht.<\/span><\/span><\/p><\/div>\n\n\n\n<p>Creidimid sa t\u00e1bhacht a bhaineann le peirspict\u00edochta\u00ed \u00e9ags\u00fala agus le taith\u00ed saoil \u00e9ags\u00fail agus aithn\u00edmid an rannchuidi\u00fa uath\u00fail a dh\u00e9anann \u00e1r bhfostaithe. Is \u00e9 \u00e1r gcusp\u00f3ir timpeallacht oscailte agus uilechuimsitheach a chruth\u00fa ina mbraitheann gach duine go bhfuil meas orthu agus ina dtaca\u00edtear leo a bheith ar a nd\u00f3igh f\u00e9in.<\/p>\n<\/div>\n\n\n\n<div class=\"wp-block-uagb-container uagb-block-a29321d3\"><\/div>\n<\/div><\/div>\n\n<h2 class=\"wp-block-heading\">\u00c1r gcur chuige<\/h2>\n\n<p>T\u00e1 Comhionannas, \u00c9ags\u00falacht agus Cuimsi\u00fa (EDI) i gcro\u00edl\u00e1r \u00e1r Strait\u00e9ise Daoine, ar pr\u00edomhchumas\u00f3ir d\u00e1r gc\u00e9ad Strait\u00e9is Eagra\u00edocht\u00fail \u00e9. I gcomhr\u00e9ir len\u00e1r gc\u00e9ad strait\u00e9is GEDI d\u2019earn\u00e1il na me\u00e1n, is bunchloch d\u00e1r luachanna eagra\u00edocht\u00fala \u00e9 EDI. T\u00e1imid tiomanta do chult\u00far cuimsitheach a choth\u00fa ina nd\u00e9antar an \u00e9ags\u00falacht sa cheannaireacht a shaothr\u00fa go gn\u00edomhach. Beidh \u00e1r gcur chuige bunaithe ar shonra\u00ed, bunaithe ar fhianaise agus d\u00edrithe ar thortha\u00ed, rud a chinnteoidh go l\u00e9ireoidh \u00e1r dtionscnaimh riachtanais athraitheacha \u00e1r lucht saothair agus \u00e1r socha\u00ed.<\/p>\n\n<div class=\"wp-block-uagb-container feature-box uagb-block-e51a7268 alignfull uagb-is-root-container\"><div class=\"uagb-container-inner-blocks-wrap\">\n<div class=\"wp-block-uagb-container uagb-block-b9365e21\">\n<div class=\"wp-block-uagb-advanced-heading uagb-block-75507e59\"><p class=\"uagb-heading-text\"><span class=\"TextRun SCXW186430327 BCX0\" lang=\"GD\" xml:lang=\"GD\" data-contrast=\"auto\"><span class=\"NormalTextRun SCXW186430327 BCX0\">Mar eagra\u00edocht nua, t\u00e1 dul chun cinn suntasach d\u00e9anta againn cheana f\u00e9in maidir le EDI a leab\u00fa i ngach rud a dh\u00e9anaimid. T\u00e1 creidi\u00fan\u00fa Cr\u00e9-Umha bainte amach againn \u00f3 <\/span><\/span><a class=\"Hyperlink SCXW186430327 BCX0\" href=\"https:\/\/irishcentrefordiversity.ie\/\" target=\"_blank\" rel=\"noreferrer noopener\"><span class=\"TextRun Underlined SCXW186430327 BCX0\" lang=\"GD\" xml:lang=\"GD\" data-contrast=\"none\"><span class=\"NormalTextRun SCXW186430327 BCX0\" data-ccp-charstyle=\"Hyperlink\">Ionad \u00c9ags\u00falachta na h\u00c9ireann,<\/span><\/span><\/a><span class=\"TextRun SCXW186430327 BCX0\" lang=\"GD\" xml:lang=\"GD\" data-contrast=\"auto\"><span class=\"NormalTextRun SCXW186430327 BCX0\"> rud a dhearbha\u00edonn \u00e1r dtiomantas d<\/span><span class=\"NormalTextRun SCXW186430327 BCX0\">o bhonn<\/span><span class=\"NormalTextRun SCXW186430327 BCX0\"> l\u00e1idir a th\u00f3g\u00e1il don chothromas agus don chuimsi\u00fa. Chomh maith leis sin, chuamar i gcomhph\u00e1irt\u00edocht le <\/span><\/span><a class=\"Hyperlink SCXW186430327 BCX0\" href=\"https:\/\/www.opendoorsinitiative.ie\/\" target=\"_blank\" rel=\"noreferrer noopener\"><span class=\"TextRun Underlined SCXW186430327 BCX0\" lang=\"GD\" xml:lang=\"GD\" data-contrast=\"none\"><span class=\"NormalTextRun SCXW186430327 BCX0\" data-ccp-charstyle=\"Hyperlink\">Tionscnamh na nDoirse Oscailte<\/span><\/span><span class=\"TextRun SCXW186430327 BCX0\" lang=\"GD\" xml:lang=\"GD\" data-contrast=\"auto\"><span class=\"NormalTextRun SCXW186430327 BCX0\" data-ccp-charstyle=\"Hyperlink\"> chun tuilleadh feabhais a<\/span><\/span><\/a><span class=\"TextRun SCXW186430327 BCX0\" lang=\"GD\" xml:lang=\"GD\" data-contrast=\"auto\"><span class=\"NormalTextRun SCXW186430327 BCX0\"> chur ar \u00e1r n-iarrachta\u00ed beala\u00ed a chruth\u00fa i dtreo na hinfhostaitheachta cothroime do phobail at\u00e1 faoi ghannionada\u00edocht.<\/span><\/span><span class=\"EOP SCXW186430327 BCX0\" data-ccp-props=\"{}\">\u00a0<\/span><\/p><\/div>\n<\/div>\n\n\n\n<div class=\"wp-block-uagb-container uagb-block-13ee7d03\"><\/div>\n<\/div><\/div>\n\n<div class=\"wp-block-uagb-container feature-box uagb-block-80e80c20 alignfull uagb-is-root-container\"><div class=\"uagb-container-inner-blocks-wrap\">\n<div class=\"wp-block-uagb-container uagb-block-3d7761d7\">\n<div class=\"wp-block-uagb-advanced-heading uagb-block-536b7336\"><p class=\"uagb-heading-text\">C\u00e9 go bhfuilimid br\u00f3d\u00fail as an dul chun cinn at\u00e1 d\u00e9anta againn, t\u00e1 a fhios againn go bhfuil n\u00edos m\u00f3 le d\u00e9anamh. Sna blianta amach romhainn, t\u00e1imid tiomanta do thionscnaimh uaillmhianacha EDI a chur i bhfeidhm a thagann len\u00e1r luachanna cuimsitheacha agus a chabhra\u00edonn linn ionad oibre a th\u00f3g\u00e1il a l\u00e9ir\u00edonn go f\u00edrinneach an domhan \u00e9ags\u00fail a bhfreastala\u00edmid air.<\/p><\/div>\n<\/div>\n\n\n\n<div class=\"wp-block-uagb-container uagb-block-638f7509\"><\/div>\n<\/div><\/div>\n\n<p>Coinnigh s\u00fail amach chun an t-eolas is d\u00e9ana\u00ed a fh\u00e1il faoin\u00e1r n-aistear lean\u00fanach EDI agus chun r\u00e1iteas ioml\u00e1n a fh\u00e1il faoin\u00e1r ngealltanais maidir le comhionannas, \u00e9ags\u00falacht agus cuimsi\u00fa.\u202f<\/p>\n","protected":false},"excerpt":{"rendered":"<p>Ag Coimisi\u00fan na Me\u00e1n, t\u00e1 B\u00e9im ar Dhaoine ar cheann d\u00e1r gcro\u00edluachanna, agus is cuid l\u00e1rnach de sin \u00e9 \u00e1r dtiomantas t\u00fas \u00e1ite a thabhairt don chuimsi\u00fa agus glacadh leis an luach a ghabhann leis an \u00e9ags\u00falacht. Creidimid sa t\u00e1bhacht a bhaineann le peirspict\u00edochta\u00ed \u00e9ags\u00fala agus le taith\u00ed saoil \u00e9ags\u00fail agus aithn\u00edmid an rannchuidi\u00fa uath\u00fail [&hellip;]<\/p>\n","protected":false},"author":8,"featured_media":0,"parent":10701,"menu_order":45,"comment_status":"closed","ping_status":"closed","template":"page-templates\/page-blank-container.php","meta":{"_acf_changed":false,"_relevanssi_hide_post":"","_relevanssi_hide_content":"","_relevanssi_pin_for_all":"","_relevanssi_pin_keywords":"","_relevanssi_unpin_keywords":"","_relevanssi_related_keywords":"","_relevanssi_related_include_ids":"","_relevanssi_related_exclude_ids":"","_relevanssi_related_no_append":"","_relevanssi_related_not_related":"","_relevanssi_related_posts":"4151,3328,7634,6086,7605,7614","_relevanssi_noindex_reason":"","_uag_custom_page_level_css":"","footnotes":""},"class_list":["post-12093","page","type-page","status-publish","hentry"],"acf":[],"yoast_head":"<!-- This site is optimized with the Yoast SEO plugin v27.5 - https:\/\/yoast.com\/product\/yoast-seo-wordpress\/ -->\n<title>Comhionannas, \u00e9ags\u00falacht agus cuimsi\u00fa - Coimisi\u00fan na Me\u00e1n<\/title>\n<meta name=\"robots\" content=\"index, follow, max-snippet:-1, max-image-preview:large, max-video-preview:-1\" \/>\n<link rel=\"canonical\" href=\"https:\/\/www.cnam.ie\/ga\/maidir-le\/comhionannas-eagsulacht-agus-cuimsiu\/\" \/>\n<meta property=\"og:locale\" content=\"ga_IE\" \/>\n<meta property=\"og:type\" content=\"article\" \/>\n<meta property=\"og:title\" content=\"Comhionannas, \u00e9ags\u00falacht agus cuimsi\u00fa - Coimisi\u00fan na Me\u00e1n\" \/>\n<meta property=\"og:description\" content=\"Ag Coimisi\u00fan na Me\u00e1n, t\u00e1 B\u00e9im ar Dhaoine ar cheann d\u00e1r gcro\u00edluachanna, agus is cuid l\u00e1rnach de sin \u00e9 \u00e1r dtiomantas t\u00fas \u00e1ite a thabhairt don chuimsi\u00fa agus glacadh leis an luach a ghabhann leis an \u00e9ags\u00falacht. Creidimid sa t\u00e1bhacht a bhaineann le peirspict\u00edochta\u00ed \u00e9ags\u00fala agus le taith\u00ed saoil \u00e9ags\u00fail agus aithn\u00edmid an rannchuidi\u00fa uath\u00fail [&hellip;]\" \/>\n<meta property=\"og:url\" content=\"https:\/\/www.cnam.ie\/ga\/maidir-le\/comhionannas-eagsulacht-agus-cuimsiu\/\" \/>\n<meta property=\"og:site_name\" content=\"Coimisi\u00fan na Me\u00e1n\" \/>\n<meta property=\"article:publisher\" content=\"https:\/\/www.facebook.com\/CNaM.Ireland\/\" \/>\n<meta property=\"article:modified_time\" content=\"2025-01-10T01:40:18+00:00\" \/>\n<meta name=\"twitter:card\" content=\"summary_large_image\" \/>\n<meta name=\"twitter:site\" content=\"@CNaM_ie\" \/>\n<meta name=\"twitter:label1\" content=\"Est. reading time\" \/>\n\t<meta name=\"twitter:data1\" content=\"2 minutes\" \/>\n<script type=\"application\/ld+json\" class=\"yoast-schema-graph\">{\"@context\":\"https:\\\/\\\/schema.org\",\"@graph\":[{\"@type\":\"WebPage\",\"@id\":\"https:\\\/\\\/www.cnam.ie\\\/ga\\\/maidir-le\\\/comhionannas-eagsulacht-agus-cuimsiu\\\/\",\"url\":\"https:\\\/\\\/www.cnam.ie\\\/ga\\\/maidir-le\\\/comhionannas-eagsulacht-agus-cuimsiu\\\/\",\"name\":\"Comhionannas, \u00e9ags\u00falacht agus cuimsi\u00fa - Coimisi\u00fan na Me\u00e1n\",\"isPartOf\":{\"@id\":\"https:\\\/\\\/www.cnam.ie\\\/ga\\\/#website\"},\"datePublished\":\"2024-11-04T11:11:45+00:00\",\"dateModified\":\"2025-01-10T01:40:18+00:00\",\"breadcrumb\":{\"@id\":\"https:\\\/\\\/www.cnam.ie\\\/ga\\\/maidir-le\\\/comhionannas-eagsulacht-agus-cuimsiu\\\/#breadcrumb\"},\"inLanguage\":\"ga-IE\",\"potentialAction\":[{\"@type\":\"ReadAction\",\"target\":[\"https:\\\/\\\/www.cnam.ie\\\/ga\\\/maidir-le\\\/comhionannas-eagsulacht-agus-cuimsiu\\\/\"]}]},{\"@type\":\"BreadcrumbList\",\"@id\":\"https:\\\/\\\/www.cnam.ie\\\/ga\\\/maidir-le\\\/comhionannas-eagsulacht-agus-cuimsiu\\\/#breadcrumb\",\"itemListElement\":[{\"@type\":\"ListItem\",\"position\":1,\"name\":\"Home\",\"item\":\"https:\\\/\\\/www.cnam.ie\\\/ga\\\/\"},{\"@type\":\"ListItem\",\"position\":2,\"name\":\"Maidir linn\",\"item\":\"https:\\\/\\\/www.cnam.ie\\\/ga\\\/maidir-le\\\/\"},{\"@type\":\"ListItem\",\"position\":3,\"name\":\"Comhionannas, \u00e9ags\u00falacht agus cuimsi\u00fa\"}]},{\"@type\":\"WebSite\",\"@id\":\"https:\\\/\\\/www.cnam.ie\\\/ga\\\/#website\",\"url\":\"https:\\\/\\\/www.cnam.ie\\\/ga\\\/\",\"name\":\"Coimisiun na Mean\",\"description\":\"Coimisi\u00fan na Me\u00e1n\",\"publisher\":{\"@id\":\"https:\\\/\\\/www.cnam.ie\\\/ga\\\/#organization\"},\"potentialAction\":[{\"@type\":\"SearchAction\",\"target\":{\"@type\":\"EntryPoint\",\"urlTemplate\":\"https:\\\/\\\/www.cnam.ie\\\/ga\\\/?s={search_term_string}\"},\"query-input\":{\"@type\":\"PropertyValueSpecification\",\"valueRequired\":true,\"valueName\":\"search_term_string\"}}],\"inLanguage\":\"ga-IE\"},{\"@type\":\"Organization\",\"@id\":\"https:\\\/\\\/www.cnam.ie\\\/ga\\\/#organization\",\"name\":\"Coimisiun na Mean\",\"url\":\"https:\\\/\\\/www.cnam.ie\\\/ga\\\/\",\"logo\":{\"@type\":\"ImageObject\",\"inLanguage\":\"ga-IE\",\"@id\":\"https:\\\/\\\/www.cnam.ie\\\/ga\\\/#\\\/schema\\\/logo\\\/image\\\/\",\"url\":\"https:\\\/\\\/www.cnam.ie\\\/app\\\/uploads\\\/2024\\\/12\\\/Website-image-with-logo.jpg\",\"contentUrl\":\"https:\\\/\\\/www.cnam.ie\\\/app\\\/uploads\\\/2024\\\/12\\\/Website-image-with-logo.jpg\",\"width\":1200,\"height\":800,\"caption\":\"Coimisiun na Mean\"},\"image\":{\"@id\":\"https:\\\/\\\/www.cnam.ie\\\/ga\\\/#\\\/schema\\\/logo\\\/image\\\/\"},\"sameAs\":[\"https:\\\/\\\/www.facebook.com\\\/CNaM.Ireland\\\/\",\"https:\\\/\\\/x.com\\\/CNaM_ie\"]}]}<\/script>\n<!-- \/ Yoast SEO plugin. -->","yoast_head_json":{"title":"Comhionannas, \u00e9ags\u00falacht agus cuimsi\u00fa - Coimisi\u00fan na Me\u00e1n","robots":{"index":"index","follow":"follow","max-snippet":"max-snippet:-1","max-image-preview":"max-image-preview:large","max-video-preview":"max-video-preview:-1"},"canonical":"https:\/\/www.cnam.ie\/ga\/maidir-le\/comhionannas-eagsulacht-agus-cuimsiu\/","og_locale":"ga_IE","og_type":"article","og_title":"Comhionannas, \u00e9ags\u00falacht agus cuimsi\u00fa - Coimisi\u00fan na Me\u00e1n","og_description":"Ag Coimisi\u00fan na Me\u00e1n, t\u00e1 B\u00e9im ar Dhaoine ar cheann d\u00e1r gcro\u00edluachanna, agus is cuid l\u00e1rnach de sin \u00e9 \u00e1r dtiomantas t\u00fas \u00e1ite a thabhairt don chuimsi\u00fa agus glacadh leis an luach a ghabhann leis an \u00e9ags\u00falacht. Creidimid sa t\u00e1bhacht a bhaineann le peirspict\u00edochta\u00ed \u00e9ags\u00fala agus le taith\u00ed saoil \u00e9ags\u00fail agus aithn\u00edmid an rannchuidi\u00fa uath\u00fail [&hellip;]","og_url":"https:\/\/www.cnam.ie\/ga\/maidir-le\/comhionannas-eagsulacht-agus-cuimsiu\/","og_site_name":"Coimisi\u00fan na Me\u00e1n","article_publisher":"https:\/\/www.facebook.com\/CNaM.Ireland\/","article_modified_time":"2025-01-10T01:40:18+00:00","twitter_card":"summary_large_image","twitter_site":"@CNaM_ie","twitter_misc":{"Est. reading time":"2 minutes"},"schema":{"@context":"https:\/\/schema.org","@graph":[{"@type":"WebPage","@id":"https:\/\/www.cnam.ie\/ga\/maidir-le\/comhionannas-eagsulacht-agus-cuimsiu\/","url":"https:\/\/www.cnam.ie\/ga\/maidir-le\/comhionannas-eagsulacht-agus-cuimsiu\/","name":"Comhionannas, \u00e9ags\u00falacht agus cuimsi\u00fa - Coimisi\u00fan na Me\u00e1n","isPartOf":{"@id":"https:\/\/www.cnam.ie\/ga\/#website"},"datePublished":"2024-11-04T11:11:45+00:00","dateModified":"2025-01-10T01:40:18+00:00","breadcrumb":{"@id":"https:\/\/www.cnam.ie\/ga\/maidir-le\/comhionannas-eagsulacht-agus-cuimsiu\/#breadcrumb"},"inLanguage":"ga-IE","potentialAction":[{"@type":"ReadAction","target":["https:\/\/www.cnam.ie\/ga\/maidir-le\/comhionannas-eagsulacht-agus-cuimsiu\/"]}]},{"@type":"BreadcrumbList","@id":"https:\/\/www.cnam.ie\/ga\/maidir-le\/comhionannas-eagsulacht-agus-cuimsiu\/#breadcrumb","itemListElement":[{"@type":"ListItem","position":1,"name":"Home","item":"https:\/\/www.cnam.ie\/ga\/"},{"@type":"ListItem","position":2,"name":"Maidir linn","item":"https:\/\/www.cnam.ie\/ga\/maidir-le\/"},{"@type":"ListItem","position":3,"name":"Comhionannas, \u00e9ags\u00falacht agus cuimsi\u00fa"}]},{"@type":"WebSite","@id":"https:\/\/www.cnam.ie\/ga\/#website","url":"https:\/\/www.cnam.ie\/ga\/","name":"Coimisiun na Mean","description":"Coimisi\u00fan na Me\u00e1n","publisher":{"@id":"https:\/\/www.cnam.ie\/ga\/#organization"},"potentialAction":[{"@type":"SearchAction","target":{"@type":"EntryPoint","urlTemplate":"https:\/\/www.cnam.ie\/ga\/?s={search_term_string}"},"query-input":{"@type":"PropertyValueSpecification","valueRequired":true,"valueName":"search_term_string"}}],"inLanguage":"ga-IE"},{"@type":"Organization","@id":"https:\/\/www.cnam.ie\/ga\/#organization","name":"Coimisiun na Mean","url":"https:\/\/www.cnam.ie\/ga\/","logo":{"@type":"ImageObject","inLanguage":"ga-IE","@id":"https:\/\/www.cnam.ie\/ga\/#\/schema\/logo\/image\/","url":"https:\/\/www.cnam.ie\/app\/uploads\/2024\/12\/Website-image-with-logo.jpg","contentUrl":"https:\/\/www.cnam.ie\/app\/uploads\/2024\/12\/Website-image-with-logo.jpg","width":1200,"height":800,"caption":"Coimisiun na Mean"},"image":{"@id":"https:\/\/www.cnam.ie\/ga\/#\/schema\/logo\/image\/"},"sameAs":["https:\/\/www.facebook.com\/CNaM.Ireland\/","https:\/\/x.com\/CNaM_ie"]}]}},"spectra_custom_meta":{"_top_nav_excluded":[""],"_cms_nav_minihome":[""],"_wp_page_template":["page-templates\/page-blank-container.php"],"_last_translation_edit_mode":["translation-editor"],"_edit_lock":["1736473089:8"],"_relevanssi_related_posts":["4151,3328,7634,6086,7605,7614"],"_uag_css_file_name":["uag-css-12093.css"],"_uag_js_file_name":["uag-js-12093.js"]},"uagb_featured_image_src":{"full":false,"thumbnail":false,"medium":false,"medium_large":false,"large":false,"1536x1536":false,"2048x2048":false,"gform-image-choice-sm":false,"gform-image-choice-md":false,"gform-image-choice-lg":false},"uagb_author_info":{"display_name":"Padraig Foran","author_link":"https:\/\/www.cnam.ie\/ga\/author\/padraigf\/"},"uagb_comment_info":0,"uagb_excerpt":"Ag Coimisi\u00fan na Me\u00e1n, t\u00e1 B\u00e9im ar Dhaoine ar cheann d\u00e1r gcro\u00edluachanna, agus is cuid l\u00e1rnach de sin \u00e9 \u00e1r dtiomantas t\u00fas \u00e1ite a thabhairt don chuimsi\u00fa agus glacadh leis an luach a ghabhann leis an \u00e9ags\u00falacht. Creidimid sa t\u00e1bhacht a bhaineann le peirspict\u00edochta\u00ed \u00e9ags\u00fala agus le taith\u00ed saoil \u00e9ags\u00fail agus aithn\u00edmid an rannchuidi\u00fa uath\u00fail&hellip;","_links":{"self":[{"href":"https:\/\/www.cnam.ie\/ga\/wp-json\/wp\/v2\/pages\/12093","targetHints":{"allow":["GET"]}}],"collection":[{"href":"https:\/\/www.cnam.ie\/ga\/wp-json\/wp\/v2\/pages"}],"about":[{"href":"https:\/\/www.cnam.ie\/ga\/wp-json\/wp\/v2\/types\/page"}],"author":[{"embeddable":true,"href":"https:\/\/www.cnam.ie\/ga\/wp-json\/wp\/v2\/users\/8"}],"replies":[{"embeddable":true,"href":"https:\/\/www.cnam.ie\/ga\/wp-json\/wp\/v2\/comments?post=12093"}],"version-history":[{"count":1,"href":"https:\/\/www.cnam.ie\/ga\/wp-json\/wp\/v2\/pages\/12093\/revisions"}],"predecessor-version":[{"id":12094,"href":"https:\/\/www.cnam.ie\/ga\/wp-json\/wp\/v2\/pages\/12093\/revisions\/12094"}],"up":[{"embeddable":true,"href":"https:\/\/www.cnam.ie\/ga\/wp-json\/wp\/v2\/pages\/10701"}],"wp:attachment":[{"href":"https:\/\/www.cnam.ie\/ga\/wp-json\/wp\/v2\/media?parent=12093"}],"curies":[{"name":"wp","href":"https:\/\/api.w.org\/{rel}","templated":true}]}}