{"id":12315,"date":"2024-11-05T17:05:16","date_gmt":"2024-11-05T17:05:16","guid":{"rendered":"https:\/\/www.cnam.ie\/rialachas\/saorail-faisneise\/"},"modified":"2026-02-25T12:25:28","modified_gmt":"2026-02-25T12:25:28","slug":"saorail-faisneise","status":"publish","type":"page","link":"https:\/\/www.cnam.ie\/ga\/rialachas\/saorail-faisneise\/","title":{"rendered":"Saor\u00e1il Faisn\u00e9ise"},"content":{"rendered":"\n<div class=\"wp-block-uagb-container uagb-block-dabd37cf alignfull uagb-is-root-container\"><div class=\"uagb-container-inner-blocks-wrap\">\n<div class=\"wp-block-uagb-container uagb-block-cabddf94\">\n<div class=\"wp-block-uagb-advanced-heading uagb-block-d9b72e84\"><p class=\"uagb-heading-text\"><span class=\"TextRun SCXW85689505 BCX0\" lang=\"GD\" xml:lang=\"GD\" data-contrast=\"none\"><span class=\"NormalTextRun SCXW85689505 BCX0\">Ceada\u00edonn an <\/span><\/span><a class=\"Hyperlink SCXW85689505 BCX0\" href=\"https:\/\/www.oireachtas.ie\/en\/bills\/bill\/2013\/89\/\" target=\"_blank\" rel=\"noreferrer noopener\"><span class=\"TextRun Underlined SCXW85689505 BCX0\" lang=\"GD\" xml:lang=\"GD\" data-contrast=\"none\"><span class=\"NormalTextRun SCXW85689505 BCX0\" data-ccp-charstyle=\"Hyperlink\">tAcht um Shaor\u00e1il Faisn\u00e9ise, 2014<\/span><\/span><\/a><span class=\"TextRun SCXW85689505 BCX0\" lang=\"GD\" xml:lang=\"GD\" data-contrast=\"none\"><span class=\"NormalTextRun SCXW85689505 BCX0\"> do<\/span><span class=\"NormalTextRun SCXW85689505 BCX0\"> bhaill den <\/span><span class=\"NormalTextRun SCXW85689505 BCX0\">phobal rochtain a fh\u00e1il, <\/span><span class=\"NormalTextRun SCXW85689505 BCX0\">ach iad a iarraidh<\/span><span class=\"NormalTextRun SCXW85689505 BCX0\">, ar thaifid at\u00e1 i seilbh Choimisi\u00fan na Me\u00e1n.<\/span><\/span><\/p><\/div>\n\n\n\n<p>Tugann s\u00e9 an ceart duit d\u2019fhaisn\u00e9is phearsanta a cheart\u00fa n\u00f3 a nuashonr\u00fa, i gc\u00e1s ina bhfuil an fhaisn\u00e9is sin neamhioml\u00e1n, m\u00edcheart n\u00f3 m\u00edthreorach, agus c\u00faiseanna a fh\u00e1il le cinnt\u00ed a rinne Coimisi\u00fan na Me\u00e1n a th\u00e9ann i bhfeidhm ort.<\/p>\n<\/div>\n\n\n\n<div class=\"wp-block-uagb-container uagb-block-a2ce5e3a\"><\/div>\n<\/div><\/div>\n\n\n\n<p>Mar sin f\u00e9in, agus aitheantas \u00e1 thabhairt don cheanglas at\u00e1 ar Choimisi\u00fan na Me\u00e1n a bheith in ann a ghn\u00f3 a dh\u00e9anamh i gcomhr\u00e9ir le pr\u00f3is chu\u00ed agus n\u00f3s imeachta cu\u00ed, t\u00e1 d\u00edol\u00faint\u00ed d\u00e1 bhfor\u00e1iltear san Acht ar f\u00e9idir iad a chur i bhfeidhm maidir le cine\u00e1lacha \u00e1irithe faisn\u00e9ise i gc\u00fains\u00ed \u00e1irithe. Leagtar iad sin amach san Acht um Shaor\u00e1il Faisn\u00e9ise, agus \u00e1ir\u00edtear ar na pr\u00edomhdh\u00edol\u00faint\u00ed:<\/p>\n\n\n\n<ul class=\"wp-block-list\">\n<li>faisn\u00e9is r\u00fanda agus faisn\u00e9is at\u00e1 \u00edogair \u00f3 thaobh na tr\u00e1cht\u00e1la de<\/li>\n\n\n\n<li>pl\u00e9 ar chomhlachta\u00ed Saor\u00e1la Faisn\u00e9ise<\/li>\n\n\n\n<li>pl\u00e9 ar chomhlachta\u00ed Saor\u00e1la Faisn\u00e9ise<\/li>\n\n\n\n<li>faisn\u00e9is phearsanta<\/li>\n<\/ul>\n\n\n\n<p>M\u00e1 \u00fas\u00e1idtear aon cheann de na d\u00edol\u00faint\u00ed seo chun faisn\u00e9is a choinne\u00e1il siar, m\u00edneofar na c\u00faiseanna go soil\u00e9ir duit. Is f\u00e9idir di\u00falt\u00fa d\u2019iarratais freisin m\u00e1 mheastar iad a bheith r\u00f3mh\u00f3r, ach oibreoidh Coimisi\u00fan na Me\u00e1n leis an iarrth\u00f3ir chun an t-iarratas a shimpli\u00fa agus\/n\u00f3 a athr\u00fa.<\/p>\n\n\n\n<p><span class=\"TextRun SCXW38860642 BCX0\" lang=\"GD\" xml:lang=\"GD\" data-contrast=\"none\"><span class=\"NormalTextRun SCXW38860642 BCX0\">T\u00e1 faisn\u00e9is agus treoir \u00fas\u00e1ideach maidir le Saor\u00e1il Faisn\u00e9ise ar f\u00e1il ar shu\u00edomh gr\u00e9as\u00e1in an rialtais, <\/span><\/span><a class=\"Hyperlink SCXW38860642 BCX0\" href=\"http:\/\/foi.gov.ie\/\" target=\"_blank\" rel=\"noreferrer noopener\"><span class=\"TextRun Underlined SCXW38860642 BCX0\" lang=\"GD\" xml:lang=\"GD\" data-contrast=\"none\"><span class=\"NormalTextRun SCXW38860642 BCX0\" data-ccp-charstyle=\"Hyperlink\">www.foi.gov.ie<\/span><\/span><\/a><span class=\"TextRun SCXW38860642 BCX0\" lang=\"GD\" xml:lang=\"GD\" data-contrast=\"none\"><span class=\"NormalTextRun SCXW38860642 BCX0\">.<\/span><\/span><\/p>\n\n\n\n<h2 class=\"wp-block-heading\">Iarratas a dh\u00e9anam<\/h2>\n\n\n\n<p>N\u00ed m\u00f3r iarratais ar fhaisn\u00e9is faoin Acht um Shaor\u00e1il Faisn\u00e9ise a dh\u00e9anamh i scr\u00edbhinn agus n\u00ed m\u00f3r a lua iontu go bhfuil an fhaisn\u00e9is\/an taifead \u00e1 lorg faoin Acht um Shaor\u00e1il Faisn\u00e9ise. Ba ch\u00f3ir duit an oiread eolais agus is f\u00e9idir a thabhairt faoin taifead\/faoi na taifid at\u00e1 uait, le go mbeimid in ann an t-eolas at\u00e1 uait a aithint.  Is f\u00e9idir leat teagmh\u00e1il a dh\u00e9anamh linn chun comhairle a fh\u00e1il sula nd\u00e9anann t\u00fa d\u2019iarratas.<\/p>\n\n\n\n<p><span class=\"TextRun SCXW28953420 BCX0\" lang=\"GD\" xml:lang=\"GD\" data-contrast=\"none\"><span class=\"NormalTextRun SCXW28953420 BCX0\" data-ccp-parastyle=\"P68B1DB1-Normal2\">Ba cheart iarratais um Shaor\u00e1il Faisn\u00e9ise a chur isteach chuig <\/span><\/span><a class=\"Hyperlink SCXW28953420 BCX0\" href=\"mailto:foi@cnam.ie\" target=\"_blank\" rel=\"noreferrer noopener\"><span class=\"TextRun Underlined SCXW28953420 BCX0\" lang=\"GD\" xml:lang=\"GD\" data-contrast=\"none\"><span class=\"NormalTextRun SCXW28953420 BCX0\" data-ccp-charstyle=\"Hyperlink\">foi@cnam.ie<\/span><\/span><\/a><span class=\"TextRun SCXW28953420 BCX0\" lang=\"GD\" xml:lang=\"GD\" data-contrast=\"none\"><span class=\"NormalTextRun SCXW28953420 BCX0\" data-ccp-parastyle=\"P68B1DB1-Normal2\">.<\/span><\/span><\/p>\n\n\n\n<h2 class=\"wp-block-heading\">Sc\u00e9im Foilseach\u00e1in um Shaor\u00e1il Faisn\u00e9ise<\/h2>\n\n\n\n<p>F\u00e9ach ar <a href=\"https:\/\/www.cnam.ie\/ga\/rialachas\/saorail-faisneise\/sceim-foilseachain-um-shaorail-faisneise\/\">Sc\u00e9im Foilseach\u00e1in Choimisi\u00fan na Me\u00e1n<\/a><\/p>\n\n\n\n<h2 class=\"wp-block-heading\">Loga\u00ed nochta<\/h2>\n\n\n\n<ul class=\"wp-block-list\">\n<li><a href=\"https:\/\/www.cnam.ie\/app\/uploads\/2026\/02\/20260217_2025_Q3_FOILOG_GA_For-Publication_CC.pdf\">2025 Q3 (PDF)<\/a><\/li>\n\n\n\n<li><a href=\"https:\/\/www.cnam.ie\/app\/uploads\/2026\/02\/20260217_2025_Q2_FOILOG_GA_For-Publication_CC.pdf\">2025 Q2 (PDF)<\/a><\/li>\n\n\n\n<li><a href=\"https:\/\/www.cnam.ie\/app\/uploads\/2025\/07\/20250722_2025_Q1_FOILOG_For-Publication_GA_CC.pdf\">2025 Q1 (PDF)<\/a><\/li>\n\n\n\n<li><a href=\"https:\/\/www.cnam.ie\/app\/uploads\/2025\/07\/20250703_2024_Q4_FOILOG_For-Publication_update_GA_CC.pdf\">2024 Q4 (PDF)<\/a><\/li>\n\n\n\n<li><a href=\"https:\/\/www.cnam.ie\/app\/uploads\/2025\/07\/20250703_2024_Q3_FOILOG_For-Publication_update_GA_CC.pdf\">2024 Q3 (PDF)<\/a><\/li>\n\n\n\n<li><a href=\"https:\/\/www.cnam.ie\/app\/uploads\/2025\/02\/20250130_2024_Q2_FOILOG_For-Publication_CC-GA.pdf\">2024 Q2 (PDF)<\/a><\/li>\n\n\n\n<li><a href=\"https:\/\/www.cnam.ie\/app\/uploads\/2025\/02\/20250130_2024_Q1_FOILOG_For-Publication_CC-GA.pdf\">2024 Q1 (PDF)<\/a><\/li>\n\n\n\n<li><a href=\"https:\/\/www.cnam.ie\/app\/uploads\/2024\/11\/20240403_2023_FOILOG_CC-1.pdf\">2023 (PDF) (B\u00e9arla)<\/a><\/li>\n<\/ul>\n","protected":false},"excerpt":{"rendered":"<p>Ceada\u00edonn an tAcht um Shaor\u00e1il Faisn\u00e9ise, 2014 do bhaill den phobal rochtain a fh\u00e1il, ach iad a iarraidh, ar thaifid at\u00e1 i seilbh Choimisi\u00fan na Me\u00e1n. Tugann s\u00e9 an ceart duit d\u2019fhaisn\u00e9is phearsanta a cheart\u00fa n\u00f3 a nuashonr\u00fa, i gc\u00e1s ina bhfuil an fhaisn\u00e9is sin neamhioml\u00e1n, m\u00edcheart n\u00f3 m\u00edthreorach, agus c\u00faiseanna a fh\u00e1il le cinnt\u00ed [&hellip;]<\/p>\n","protected":false},"author":4,"featured_media":0,"parent":10709,"menu_order":115,"comment_status":"closed","ping_status":"closed","template":"","meta":{"_acf_changed":false,"_relevanssi_hide_post":"","_relevanssi_hide_content":"","_relevanssi_pin_for_all":"","_relevanssi_pin_keywords":"","_relevanssi_unpin_keywords":"","_relevanssi_related_keywords":"","_relevanssi_related_include_ids":"","_relevanssi_related_exclude_ids":"","_relevanssi_related_no_append":"","_relevanssi_related_not_related":"","_relevanssi_related_posts":"4956,7630,7623,6086,3328,4985","_relevanssi_noindex_reason":"","_uag_custom_page_level_css":"","footnotes":""},"class_list":["post-12315","page","type-page","status-publish","hentry"],"acf":[],"yoast_head":"<!-- This site is optimized with the Yoast SEO plugin v27.5 - https:\/\/yoast.com\/product\/yoast-seo-wordpress\/ -->\n<title>Saor\u00e1il Faisn\u00e9ise - Coimisi\u00fan na Me\u00e1n<\/title>\n<meta name=\"robots\" content=\"index, follow, max-snippet:-1, max-image-preview:large, max-video-preview:-1\" \/>\n<link rel=\"canonical\" href=\"https:\/\/www.cnam.ie\/ga\/rialachas\/saorail-faisneise\/\" \/>\n<meta property=\"og:locale\" content=\"ga_IE\" \/>\n<meta property=\"og:type\" content=\"article\" \/>\n<meta property=\"og:title\" content=\"Saor\u00e1il Faisn\u00e9ise - Coimisi\u00fan na Me\u00e1n\" \/>\n<meta property=\"og:description\" content=\"Ceada\u00edonn an tAcht um Shaor\u00e1il Faisn\u00e9ise, 2014 do bhaill den phobal rochtain a fh\u00e1il, ach iad a iarraidh, ar thaifid at\u00e1 i seilbh Choimisi\u00fan na Me\u00e1n. Tugann s\u00e9 an ceart duit d\u2019fhaisn\u00e9is phearsanta a cheart\u00fa n\u00f3 a nuashonr\u00fa, i gc\u00e1s ina bhfuil an fhaisn\u00e9is sin neamhioml\u00e1n, m\u00edcheart n\u00f3 m\u00edthreorach, agus c\u00faiseanna a fh\u00e1il le cinnt\u00ed [&hellip;]\" \/>\n<meta property=\"og:url\" content=\"https:\/\/www.cnam.ie\/ga\/rialachas\/saorail-faisneise\/\" \/>\n<meta property=\"og:site_name\" content=\"Coimisi\u00fan na Me\u00e1n\" \/>\n<meta property=\"article:publisher\" content=\"https:\/\/www.facebook.com\/CNaM.Ireland\/\" \/>\n<meta property=\"article:modified_time\" content=\"2026-02-25T12:25:28+00:00\" \/>\n<meta name=\"twitter:card\" content=\"summary_large_image\" \/>\n<meta name=\"twitter:site\" content=\"@CNaM_ie\" \/>\n<meta name=\"twitter:label1\" content=\"Est. reading time\" \/>\n\t<meta name=\"twitter:data1\" content=\"2 minutes\" \/>\n<script type=\"application\/ld+json\" class=\"yoast-schema-graph\">{\"@context\":\"https:\\\/\\\/schema.org\",\"@graph\":[{\"@type\":\"WebPage\",\"@id\":\"https:\\\/\\\/www.cnam.ie\\\/ga\\\/rialachas\\\/saorail-faisneise\\\/\",\"url\":\"https:\\\/\\\/www.cnam.ie\\\/ga\\\/rialachas\\\/saorail-faisneise\\\/\",\"name\":\"Saor\u00e1il Faisn\u00e9ise - Coimisi\u00fan na Me\u00e1n\",\"isPartOf\":{\"@id\":\"https:\\\/\\\/www.cnam.ie\\\/ga\\\/#website\"},\"datePublished\":\"2024-11-05T17:05:16+00:00\",\"dateModified\":\"2026-02-25T12:25:28+00:00\",\"breadcrumb\":{\"@id\":\"https:\\\/\\\/www.cnam.ie\\\/ga\\\/rialachas\\\/saorail-faisneise\\\/#breadcrumb\"},\"inLanguage\":\"ga-IE\",\"potentialAction\":[{\"@type\":\"ReadAction\",\"target\":[\"https:\\\/\\\/www.cnam.ie\\\/ga\\\/rialachas\\\/saorail-faisneise\\\/\"]}]},{\"@type\":\"BreadcrumbList\",\"@id\":\"https:\\\/\\\/www.cnam.ie\\\/ga\\\/rialachas\\\/saorail-faisneise\\\/#breadcrumb\",\"itemListElement\":[{\"@type\":\"ListItem\",\"position\":1,\"name\":\"Home\",\"item\":\"https:\\\/\\\/www.cnam.ie\\\/ga\\\/\"},{\"@type\":\"ListItem\",\"position\":2,\"name\":\"Rialachas\",\"item\":\"https:\\\/\\\/www.cnam.ie\\\/ga\\\/rialachas\\\/\"},{\"@type\":\"ListItem\",\"position\":3,\"name\":\"Saor\u00e1il Faisn\u00e9ise\"}]},{\"@type\":\"WebSite\",\"@id\":\"https:\\\/\\\/www.cnam.ie\\\/ga\\\/#website\",\"url\":\"https:\\\/\\\/www.cnam.ie\\\/ga\\\/\",\"name\":\"Coimisiun na Mean\",\"description\":\"Coimisi\u00fan na Me\u00e1n\",\"publisher\":{\"@id\":\"https:\\\/\\\/www.cnam.ie\\\/ga\\\/#organization\"},\"potentialAction\":[{\"@type\":\"SearchAction\",\"target\":{\"@type\":\"EntryPoint\",\"urlTemplate\":\"https:\\\/\\\/www.cnam.ie\\\/ga\\\/?s={search_term_string}\"},\"query-input\":{\"@type\":\"PropertyValueSpecification\",\"valueRequired\":true,\"valueName\":\"search_term_string\"}}],\"inLanguage\":\"ga-IE\"},{\"@type\":\"Organization\",\"@id\":\"https:\\\/\\\/www.cnam.ie\\\/ga\\\/#organization\",\"name\":\"Coimisiun na Mean\",\"url\":\"https:\\\/\\\/www.cnam.ie\\\/ga\\\/\",\"logo\":{\"@type\":\"ImageObject\",\"inLanguage\":\"ga-IE\",\"@id\":\"https:\\\/\\\/www.cnam.ie\\\/ga\\\/#\\\/schema\\\/logo\\\/image\\\/\",\"url\":\"https:\\\/\\\/www.cnam.ie\\\/app\\\/uploads\\\/2024\\\/12\\\/Website-image-with-logo.jpg\",\"contentUrl\":\"https:\\\/\\\/www.cnam.ie\\\/app\\\/uploads\\\/2024\\\/12\\\/Website-image-with-logo.jpg\",\"width\":1200,\"height\":800,\"caption\":\"Coimisiun na Mean\"},\"image\":{\"@id\":\"https:\\\/\\\/www.cnam.ie\\\/ga\\\/#\\\/schema\\\/logo\\\/image\\\/\"},\"sameAs\":[\"https:\\\/\\\/www.facebook.com\\\/CNaM.Ireland\\\/\",\"https:\\\/\\\/x.com\\\/CNaM_ie\"]}]}<\/script>\n<!-- \/ Yoast SEO plugin. -->","yoast_head_json":{"title":"Saor\u00e1il Faisn\u00e9ise - Coimisi\u00fan na Me\u00e1n","robots":{"index":"index","follow":"follow","max-snippet":"max-snippet:-1","max-image-preview":"max-image-preview:large","max-video-preview":"max-video-preview:-1"},"canonical":"https:\/\/www.cnam.ie\/ga\/rialachas\/saorail-faisneise\/","og_locale":"ga_IE","og_type":"article","og_title":"Saor\u00e1il Faisn\u00e9ise - Coimisi\u00fan na Me\u00e1n","og_description":"Ceada\u00edonn an tAcht um Shaor\u00e1il Faisn\u00e9ise, 2014 do bhaill den phobal rochtain a fh\u00e1il, ach iad a iarraidh, ar thaifid at\u00e1 i seilbh Choimisi\u00fan na Me\u00e1n. Tugann s\u00e9 an ceart duit d\u2019fhaisn\u00e9is phearsanta a cheart\u00fa n\u00f3 a nuashonr\u00fa, i gc\u00e1s ina bhfuil an fhaisn\u00e9is sin neamhioml\u00e1n, m\u00edcheart n\u00f3 m\u00edthreorach, agus c\u00faiseanna a fh\u00e1il le cinnt\u00ed [&hellip;]","og_url":"https:\/\/www.cnam.ie\/ga\/rialachas\/saorail-faisneise\/","og_site_name":"Coimisi\u00fan na Me\u00e1n","article_publisher":"https:\/\/www.facebook.com\/CNaM.Ireland\/","article_modified_time":"2026-02-25T12:25:28+00:00","twitter_card":"summary_large_image","twitter_site":"@CNaM_ie","twitter_misc":{"Est. reading time":"2 minutes"},"schema":{"@context":"https:\/\/schema.org","@graph":[{"@type":"WebPage","@id":"https:\/\/www.cnam.ie\/ga\/rialachas\/saorail-faisneise\/","url":"https:\/\/www.cnam.ie\/ga\/rialachas\/saorail-faisneise\/","name":"Saor\u00e1il Faisn\u00e9ise - Coimisi\u00fan na Me\u00e1n","isPartOf":{"@id":"https:\/\/www.cnam.ie\/ga\/#website"},"datePublished":"2024-11-05T17:05:16+00:00","dateModified":"2026-02-25T12:25:28+00:00","breadcrumb":{"@id":"https:\/\/www.cnam.ie\/ga\/rialachas\/saorail-faisneise\/#breadcrumb"},"inLanguage":"ga-IE","potentialAction":[{"@type":"ReadAction","target":["https:\/\/www.cnam.ie\/ga\/rialachas\/saorail-faisneise\/"]}]},{"@type":"BreadcrumbList","@id":"https:\/\/www.cnam.ie\/ga\/rialachas\/saorail-faisneise\/#breadcrumb","itemListElement":[{"@type":"ListItem","position":1,"name":"Home","item":"https:\/\/www.cnam.ie\/ga\/"},{"@type":"ListItem","position":2,"name":"Rialachas","item":"https:\/\/www.cnam.ie\/ga\/rialachas\/"},{"@type":"ListItem","position":3,"name":"Saor\u00e1il Faisn\u00e9ise"}]},{"@type":"WebSite","@id":"https:\/\/www.cnam.ie\/ga\/#website","url":"https:\/\/www.cnam.ie\/ga\/","name":"Coimisiun na Mean","description":"Coimisi\u00fan na Me\u00e1n","publisher":{"@id":"https:\/\/www.cnam.ie\/ga\/#organization"},"potentialAction":[{"@type":"SearchAction","target":{"@type":"EntryPoint","urlTemplate":"https:\/\/www.cnam.ie\/ga\/?s={search_term_string}"},"query-input":{"@type":"PropertyValueSpecification","valueRequired":true,"valueName":"search_term_string"}}],"inLanguage":"ga-IE"},{"@type":"Organization","@id":"https:\/\/www.cnam.ie\/ga\/#organization","name":"Coimisiun na Mean","url":"https:\/\/www.cnam.ie\/ga\/","logo":{"@type":"ImageObject","inLanguage":"ga-IE","@id":"https:\/\/www.cnam.ie\/ga\/#\/schema\/logo\/image\/","url":"https:\/\/www.cnam.ie\/app\/uploads\/2024\/12\/Website-image-with-logo.jpg","contentUrl":"https:\/\/www.cnam.ie\/app\/uploads\/2024\/12\/Website-image-with-logo.jpg","width":1200,"height":800,"caption":"Coimisiun na Mean"},"image":{"@id":"https:\/\/www.cnam.ie\/ga\/#\/schema\/logo\/image\/"},"sameAs":["https:\/\/www.facebook.com\/CNaM.Ireland\/","https:\/\/x.com\/CNaM_ie"]}]}},"spectra_custom_meta":{"_top_nav_excluded":[""],"_cms_nav_minihome":[""],"_last_translation_edit_mode":["native-editor"],"_edit_lock":["1772023814:10"],"_relevanssi_related_posts":["4956,7630,7623,6086,3328,4985"],"_wp_page_template":[""],"_edit_last":["10"],"_wpml_media_duplicate":["1"],"_wpml_media_featured":["1"],"_yoast_wpseo_content_score":["90"],"_yoast_wpseo_estimated-reading-time-minutes":["2"],"_wpml_word_count":["368"]},"uagb_featured_image_src":{"full":false,"thumbnail":false,"medium":false,"medium_large":false,"large":false,"1536x1536":false,"2048x2048":false,"gform-image-choice-sm":false,"gform-image-choice-md":false,"gform-image-choice-lg":false},"uagb_author_info":{"display_name":"Remi","author_link":"https:\/\/www.cnam.ie\/ga\/author\/remi\/"},"uagb_comment_info":0,"uagb_excerpt":"Ceada\u00edonn an tAcht um Shaor\u00e1il Faisn\u00e9ise, 2014 do bhaill den phobal rochtain a fh\u00e1il, ach iad a iarraidh, ar thaifid at\u00e1 i seilbh Choimisi\u00fan na Me\u00e1n. Tugann s\u00e9 an ceart duit d\u2019fhaisn\u00e9is phearsanta a cheart\u00fa n\u00f3 a nuashonr\u00fa, i gc\u00e1s ina bhfuil an fhaisn\u00e9is sin neamhioml\u00e1n, m\u00edcheart n\u00f3 m\u00edthreorach, agus c\u00faiseanna a fh\u00e1il le cinnt\u00ed&hellip;","_links":{"self":[{"href":"https:\/\/www.cnam.ie\/ga\/wp-json\/wp\/v2\/pages\/12315","targetHints":{"allow":["GET"]}}],"collection":[{"href":"https:\/\/www.cnam.ie\/ga\/wp-json\/wp\/v2\/pages"}],"about":[{"href":"https:\/\/www.cnam.ie\/ga\/wp-json\/wp\/v2\/types\/page"}],"author":[{"embeddable":true,"href":"https:\/\/www.cnam.ie\/ga\/wp-json\/wp\/v2\/users\/4"}],"replies":[{"embeddable":true,"href":"https:\/\/www.cnam.ie\/ga\/wp-json\/wp\/v2\/comments?post=12315"}],"version-history":[{"count":12,"href":"https:\/\/www.cnam.ie\/ga\/wp-json\/wp\/v2\/pages\/12315\/revisions"}],"predecessor-version":[{"id":20252,"href":"https:\/\/www.cnam.ie\/ga\/wp-json\/wp\/v2\/pages\/12315\/revisions\/20252"}],"up":[{"embeddable":true,"href":"https:\/\/www.cnam.ie\/ga\/wp-json\/wp\/v2\/pages\/10709"}],"wp:attachment":[{"href":"https:\/\/www.cnam.ie\/ga\/wp-json\/wp\/v2\/media?parent=12315"}],"curies":[{"name":"wp","href":"https:\/\/api.w.org\/{rel}","templated":true}]}}