{"id":12319,"date":"2024-11-05T17:06:00","date_gmt":"2024-11-05T17:06:00","guid":{"rendered":"https:\/\/www.cnam.ie\/rialachas\/nochtuithe-cosanta\/"},"modified":"2026-04-07T11:57:24","modified_gmt":"2026-04-07T10:57:24","slug":"nochtuithe-cosanta","status":"publish","type":"page","link":"https:\/\/www.cnam.ie\/ga\/rialachas\/nochtuithe-cosanta\/","title":{"rendered":"Nochtuithe cosanta"},"content":{"rendered":"\n<div class=\"wp-block-uagb-container uagb-block-6b51f4ad alignfull uagb-is-root-container\"><div class=\"uagb-container-inner-blocks-wrap\">\n<div class=\"wp-block-uagb-container uagb-block-4762f16d\">\n<div class=\"wp-block-uagb-advanced-heading uagb-block-79766d39\"><p class=\"uagb-heading-text\"><span class=\"TextRun SCXW21619544 BCX0\" lang=\"GD\" xml:lang=\"GD\" data-contrast=\"none\"><span class=\"NormalTextRun SCXW21619544 BCX0\" data-ccp-parastyle=\"P68B1DB1-Normal2\" data-ccp-parastyle-defn=\"{&quot;ObjectId&quot;:&quot;5350fecf-50cb-4a61-9a4e-fb54fb0be9ab|55&quot;,&quot;ClassId&quot;:1073872969,&quot;Properties&quot;:[201342446,&quot;1&quot;,201342447,&quot;5&quot;,201342448,&quot;1&quot;,201342449,&quot;1&quot;,469777841,&quot;Arial&quot;,469777842,&quot;Arial&quot;,469777843,&quot;Times New Roman&quot;,469777844,&quot;Arial&quot;,201341986,&quot;1&quot;,469769226,&quot;Arial,Times New Roman&quot;,268442635,&quot;33&quot;,469775450,&quot;P68B1DB1-Normal2&quot;,201340122,&quot;2&quot;,134233614,&quot;true&quot;,469778129,&quot;P68B1DB1-Normal2&quot;,335572020,&quot;1&quot;,335551500,&quot;4922&quot;,469778324,&quot;Normal&quot;]}\">Mar a leagtar amach san <\/span><\/span><a class=\"Hyperlink SCXW21619544 BCX0\" href=\"https:\/\/www.irishstatutebook.ie\/eli\/2014\/act\/14\/enacted\/en\/html\" target=\"_blank\" rel=\"noreferrer noopener\"><span class=\"TextRun Underlined SCXW21619544 BCX0\" lang=\"GD\" xml:lang=\"GD\" data-contrast=\"none\"><span class=\"NormalTextRun SCXW21619544 BCX0\" data-ccp-parastyle=\"P68B1DB1-Normal2\">Acht um Nochtadh Cosanta, 2014<\/span><\/span><\/a><span class=\"TextRun SCXW21619544 BCX0\" lang=\"GD\" xml:lang=\"GD\" data-contrast=\"none\"><span class=\"NormalTextRun SCXW21619544 BCX0\" data-ccp-parastyle=\"P68B1DB1-Normal2\">, is f\u00e9idir nochtadh cosanta a dh\u00e9anamh le rial\u00e1laithe seachtracha \u00e1irithe n\u00f3 le \u2018daoine forordaithe\u2019. Is minic a thugtar sceithireacht ar nochtadh den s\u00f3rt sin.<\/span><\/span><\/p><\/div>\n<\/div>\n<\/div><\/div>\n\n\n\n<p>T\u00e1 dh\u00e1 Bheartas um Nochtadh Cosanta againn a chuireann eolas ar f\u00e1il maidir le conas nochtadh cosanta a dh\u00e9anamh, ceann amh\u00e1in le haghaidh tuairisci\u00fa seachtrach agus ceann eile le haghaidh tuairisci\u00fa inmhe\u00e1nach.<\/p>\n\n\n\n<div class=\"wp-block-buttons is-layout-flex wp-block-buttons-is-layout-flex\">\n<div class=\"wp-block-button\"><a class=\"wp-block-button__link wp-element-button\" href=\"https:\/\/www.cnam.ie\/app\/uploads\/2024\/12\/ProtectedDisclosures_External.pdf\">Beartas maidir le Nochtadh Cosanta \u2014 tuairisci\u00fa seachtrach (PDF)<\/a><\/div>\n\n\n\n<div class=\"wp-block-button\"><a class=\"wp-block-button__link wp-element-button\" href=\"https:\/\/www.cnam.ie\/app\/uploads\/2024\/12\/ProtectedDisclosures_Internal.pdf\">Beartas maidir le Nochtadh Cosanta \u2014 tuairisci\u00fa inmhe\u00e1nach (PDF) (B\u00e9arla)<\/a><\/div>\n<\/div>\n\n\n\n<h2 class=\"wp-block-heading\">Tuarasc\u00e1lacha maidir le nochta\u00ed cosanta<\/h2>\n\n\n\n<p>Ceangla\u00edtear leis an Acht um Nochtadh Cosanta go bhfoilseoidh comhlachta\u00ed poibl\u00ed tuarasc\u00e1il tr\u00e1th nach d\u00e9ana\u00ed n\u00e1 an 31 M\u00e1rta gach bliain maidir leis na nithe seo a leanas:<\/p>\n\n\n\n<ul class=\"wp-block-list\">\n<li>l\u00edon na nochtuithe cosanta a rinneadh an bhliain roimhe sin<\/li>\n<\/ul>\n\n\n\n<ul class=\"wp-block-list\">\n<li>aon bhearta, m\u00e1s ann d\u00f3ibh, a rinneadh mar fhreagra ar na nochtuithe sin<\/li>\n<\/ul>\n\n\n\n<div class=\"wp-block-buttons is-layout-flex wp-block-buttons-is-layout-flex\">\n<div class=\"wp-block-button\"><a class=\"wp-block-button__link wp-element-button\" href=\"https:\/\/www.cnam.ie\/app\/uploads\/2026\/04\/CnaM-Annual-Report-Protected-Disclosures-2025_GA.pdf\">Tuarasc\u00e1il Bhliant\u00fail 2025 (PDF)<\/a><\/div>\n\n\n\n<div class=\"wp-block-button\"><a class=\"wp-block-button__link wp-element-button\" href=\"https:\/\/www.cnam.ie\/app\/uploads\/2025\/03\/Protected-Disclosures-AR-31032025-GA_RJ.pdf\">Tuarasc\u00e1il Bhliant\u00fail 2024 (PDF)<\/a><\/div>\n\n\n\n<div class=\"wp-block-button\"><a class=\"wp-block-button__link wp-element-button\" href=\"https:\/\/www.cnam.ie\/app\/uploads\/2024\/11\/Protected-Disclsoures-Annual-Report-2023-1.pdf\">Tuarasc\u00e1il Bhliant\u00fail 2023 (PDF)<\/a><\/div>\n<\/div>\n","protected":false},"excerpt":{"rendered":"<p>Mar a leagtar amach san Acht um Nochtadh Cosanta, 2014, is f\u00e9idir nochtadh cosanta a dh\u00e9anamh le rial\u00e1laithe seachtracha \u00e1irithe n\u00f3 le \u2018daoine forordaithe\u2019. Is minic a thugtar sceithireacht ar nochtadh den s\u00f3rt sin. T\u00e1 dh\u00e1 Bheartas um Nochtadh Cosanta againn a chuireann eolas ar f\u00e1il maidir le conas nochtadh cosanta a dh\u00e9anamh, ceann amh\u00e1in [&hellip;]<\/p>\n","protected":false},"author":4,"featured_media":0,"parent":10709,"menu_order":120,"comment_status":"closed","ping_status":"closed","template":"","meta":{"_acf_changed":false,"_relevanssi_hide_post":"","_relevanssi_hide_content":"","_relevanssi_pin_for_all":"","_relevanssi_pin_keywords":"","_relevanssi_unpin_keywords":"","_relevanssi_related_keywords":"","_relevanssi_related_include_ids":"","_relevanssi_related_exclude_ids":"","_relevanssi_related_no_append":"","_relevanssi_related_not_related":"","_relevanssi_related_posts":"2372,7663,7660,7609,7637,7603","_relevanssi_noindex_reason":"","_uag_custom_page_level_css":"","footnotes":""},"class_list":["post-12319","page","type-page","status-publish","hentry"],"acf":[],"yoast_head":"<!-- This site is optimized with the Yoast SEO plugin v27.3 - https:\/\/yoast.com\/product\/yoast-seo-wordpress\/ -->\n<title>Nochtuithe cosanta - Coimisi\u00fan na Me\u00e1n<\/title>\n<meta name=\"robots\" content=\"index, follow, max-snippet:-1, max-image-preview:large, max-video-preview:-1\" \/>\n<link rel=\"canonical\" href=\"https:\/\/www.cnam.ie\/ga\/rialachas\/nochtuithe-cosanta\/\" \/>\n<meta property=\"og:locale\" content=\"ga_IE\" \/>\n<meta property=\"og:type\" content=\"article\" \/>\n<meta property=\"og:title\" content=\"Nochtuithe cosanta - Coimisi\u00fan na Me\u00e1n\" \/>\n<meta property=\"og:description\" content=\"Mar a leagtar amach san Acht um Nochtadh Cosanta, 2014, is f\u00e9idir nochtadh cosanta a dh\u00e9anamh le rial\u00e1laithe seachtracha \u00e1irithe n\u00f3 le \u2018daoine forordaithe\u2019. Is minic a thugtar sceithireacht ar nochtadh den s\u00f3rt sin. T\u00e1 dh\u00e1 Bheartas um Nochtadh Cosanta againn a chuireann eolas ar f\u00e1il maidir le conas nochtadh cosanta a dh\u00e9anamh, ceann amh\u00e1in [&hellip;]\" \/>\n<meta property=\"og:url\" content=\"https:\/\/www.cnam.ie\/ga\/rialachas\/nochtuithe-cosanta\/\" \/>\n<meta property=\"og:site_name\" content=\"Coimisi\u00fan na Me\u00e1n\" \/>\n<meta property=\"article:publisher\" content=\"https:\/\/www.facebook.com\/CNaM.Ireland\/\" \/>\n<meta property=\"article:modified_time\" content=\"2026-04-07T10:57:24+00:00\" \/>\n<meta name=\"twitter:card\" content=\"summary_large_image\" \/>\n<meta name=\"twitter:site\" content=\"@CNaM_ie\" \/>\n<meta name=\"twitter:label1\" content=\"Est. reading time\" \/>\n\t<meta name=\"twitter:data1\" content=\"1 minute\" \/>\n<script type=\"application\/ld+json\" class=\"yoast-schema-graph\">{\"@context\":\"https:\\\/\\\/schema.org\",\"@graph\":[{\"@type\":\"WebPage\",\"@id\":\"https:\\\/\\\/www.cnam.ie\\\/ga\\\/rialachas\\\/nochtuithe-cosanta\\\/\",\"url\":\"https:\\\/\\\/www.cnam.ie\\\/ga\\\/rialachas\\\/nochtuithe-cosanta\\\/\",\"name\":\"Nochtuithe cosanta - Coimisi\u00fan na Me\u00e1n\",\"isPartOf\":{\"@id\":\"https:\\\/\\\/www.cnam.ie\\\/ga\\\/#website\"},\"datePublished\":\"2024-11-05T17:06:00+00:00\",\"dateModified\":\"2026-04-07T10:57:24+00:00\",\"breadcrumb\":{\"@id\":\"https:\\\/\\\/www.cnam.ie\\\/ga\\\/rialachas\\\/nochtuithe-cosanta\\\/#breadcrumb\"},\"inLanguage\":\"ga-IE\",\"potentialAction\":[{\"@type\":\"ReadAction\",\"target\":[\"https:\\\/\\\/www.cnam.ie\\\/ga\\\/rialachas\\\/nochtuithe-cosanta\\\/\"]}]},{\"@type\":\"BreadcrumbList\",\"@id\":\"https:\\\/\\\/www.cnam.ie\\\/ga\\\/rialachas\\\/nochtuithe-cosanta\\\/#breadcrumb\",\"itemListElement\":[{\"@type\":\"ListItem\",\"position\":1,\"name\":\"Home\",\"item\":\"https:\\\/\\\/www.cnam.ie\\\/ga\\\/\"},{\"@type\":\"ListItem\",\"position\":2,\"name\":\"Rialachas\",\"item\":\"https:\\\/\\\/www.cnam.ie\\\/ga\\\/rialachas\\\/\"},{\"@type\":\"ListItem\",\"position\":3,\"name\":\"Nochtuithe cosanta\"}]},{\"@type\":\"WebSite\",\"@id\":\"https:\\\/\\\/www.cnam.ie\\\/ga\\\/#website\",\"url\":\"https:\\\/\\\/www.cnam.ie\\\/ga\\\/\",\"name\":\"Coimisiun na Mean\",\"description\":\"Coimisi\u00fan na Me\u00e1n\",\"publisher\":{\"@id\":\"https:\\\/\\\/www.cnam.ie\\\/ga\\\/#organization\"},\"potentialAction\":[{\"@type\":\"SearchAction\",\"target\":{\"@type\":\"EntryPoint\",\"urlTemplate\":\"https:\\\/\\\/www.cnam.ie\\\/ga\\\/?s={search_term_string}\"},\"query-input\":{\"@type\":\"PropertyValueSpecification\",\"valueRequired\":true,\"valueName\":\"search_term_string\"}}],\"inLanguage\":\"ga-IE\"},{\"@type\":\"Organization\",\"@id\":\"https:\\\/\\\/www.cnam.ie\\\/ga\\\/#organization\",\"name\":\"Coimisiun na Mean\",\"url\":\"https:\\\/\\\/www.cnam.ie\\\/ga\\\/\",\"logo\":{\"@type\":\"ImageObject\",\"inLanguage\":\"ga-IE\",\"@id\":\"https:\\\/\\\/www.cnam.ie\\\/ga\\\/#\\\/schema\\\/logo\\\/image\\\/\",\"url\":\"https:\\\/\\\/www.cnam.ie\\\/app\\\/uploads\\\/2024\\\/12\\\/Website-image-with-logo.jpg\",\"contentUrl\":\"https:\\\/\\\/www.cnam.ie\\\/app\\\/uploads\\\/2024\\\/12\\\/Website-image-with-logo.jpg\",\"width\":1200,\"height\":800,\"caption\":\"Coimisiun na Mean\"},\"image\":{\"@id\":\"https:\\\/\\\/www.cnam.ie\\\/ga\\\/#\\\/schema\\\/logo\\\/image\\\/\"},\"sameAs\":[\"https:\\\/\\\/www.facebook.com\\\/CNaM.Ireland\\\/\",\"https:\\\/\\\/x.com\\\/CNaM_ie\"]}]}<\/script>\n<!-- \/ Yoast SEO plugin. -->","yoast_head_json":{"title":"Nochtuithe cosanta - Coimisi\u00fan na Me\u00e1n","robots":{"index":"index","follow":"follow","max-snippet":"max-snippet:-1","max-image-preview":"max-image-preview:large","max-video-preview":"max-video-preview:-1"},"canonical":"https:\/\/www.cnam.ie\/ga\/rialachas\/nochtuithe-cosanta\/","og_locale":"ga_IE","og_type":"article","og_title":"Nochtuithe cosanta - Coimisi\u00fan na Me\u00e1n","og_description":"Mar a leagtar amach san Acht um Nochtadh Cosanta, 2014, is f\u00e9idir nochtadh cosanta a dh\u00e9anamh le rial\u00e1laithe seachtracha \u00e1irithe n\u00f3 le \u2018daoine forordaithe\u2019. Is minic a thugtar sceithireacht ar nochtadh den s\u00f3rt sin. T\u00e1 dh\u00e1 Bheartas um Nochtadh Cosanta againn a chuireann eolas ar f\u00e1il maidir le conas nochtadh cosanta a dh\u00e9anamh, ceann amh\u00e1in [&hellip;]","og_url":"https:\/\/www.cnam.ie\/ga\/rialachas\/nochtuithe-cosanta\/","og_site_name":"Coimisi\u00fan na Me\u00e1n","article_publisher":"https:\/\/www.facebook.com\/CNaM.Ireland\/","article_modified_time":"2026-04-07T10:57:24+00:00","twitter_card":"summary_large_image","twitter_site":"@CNaM_ie","twitter_misc":{"Est. reading time":"1 minute"},"schema":{"@context":"https:\/\/schema.org","@graph":[{"@type":"WebPage","@id":"https:\/\/www.cnam.ie\/ga\/rialachas\/nochtuithe-cosanta\/","url":"https:\/\/www.cnam.ie\/ga\/rialachas\/nochtuithe-cosanta\/","name":"Nochtuithe cosanta - Coimisi\u00fan na Me\u00e1n","isPartOf":{"@id":"https:\/\/www.cnam.ie\/ga\/#website"},"datePublished":"2024-11-05T17:06:00+00:00","dateModified":"2026-04-07T10:57:24+00:00","breadcrumb":{"@id":"https:\/\/www.cnam.ie\/ga\/rialachas\/nochtuithe-cosanta\/#breadcrumb"},"inLanguage":"ga-IE","potentialAction":[{"@type":"ReadAction","target":["https:\/\/www.cnam.ie\/ga\/rialachas\/nochtuithe-cosanta\/"]}]},{"@type":"BreadcrumbList","@id":"https:\/\/www.cnam.ie\/ga\/rialachas\/nochtuithe-cosanta\/#breadcrumb","itemListElement":[{"@type":"ListItem","position":1,"name":"Home","item":"https:\/\/www.cnam.ie\/ga\/"},{"@type":"ListItem","position":2,"name":"Rialachas","item":"https:\/\/www.cnam.ie\/ga\/rialachas\/"},{"@type":"ListItem","position":3,"name":"Nochtuithe cosanta"}]},{"@type":"WebSite","@id":"https:\/\/www.cnam.ie\/ga\/#website","url":"https:\/\/www.cnam.ie\/ga\/","name":"Coimisiun na Mean","description":"Coimisi\u00fan na Me\u00e1n","publisher":{"@id":"https:\/\/www.cnam.ie\/ga\/#organization"},"potentialAction":[{"@type":"SearchAction","target":{"@type":"EntryPoint","urlTemplate":"https:\/\/www.cnam.ie\/ga\/?s={search_term_string}"},"query-input":{"@type":"PropertyValueSpecification","valueRequired":true,"valueName":"search_term_string"}}],"inLanguage":"ga-IE"},{"@type":"Organization","@id":"https:\/\/www.cnam.ie\/ga\/#organization","name":"Coimisiun na Mean","url":"https:\/\/www.cnam.ie\/ga\/","logo":{"@type":"ImageObject","inLanguage":"ga-IE","@id":"https:\/\/www.cnam.ie\/ga\/#\/schema\/logo\/image\/","url":"https:\/\/www.cnam.ie\/app\/uploads\/2024\/12\/Website-image-with-logo.jpg","contentUrl":"https:\/\/www.cnam.ie\/app\/uploads\/2024\/12\/Website-image-with-logo.jpg","width":1200,"height":800,"caption":"Coimisiun na Mean"},"image":{"@id":"https:\/\/www.cnam.ie\/ga\/#\/schema\/logo\/image\/"},"sameAs":["https:\/\/www.facebook.com\/CNaM.Ireland\/","https:\/\/x.com\/CNaM_ie"]}]}},"spectra_custom_meta":{"_top_nav_excluded":[""],"_cms_nav_minihome":[""],"_last_translation_edit_mode":["native-editor"],"_edit_lock":["1775561258:10"],"_relevanssi_related_posts":["2372,7663,7660,7609,7637,7603"],"_edit_last":["10"],"_wp_page_template":[""],"_wpml_media_duplicate":["1"],"_wpml_media_featured":["1"],"_yoast_wpseo_content_score":["90"],"_yoast_wpseo_estimated-reading-time-minutes":["1"],"_wpml_word_count":["181"]},"uagb_featured_image_src":{"full":false,"thumbnail":false,"medium":false,"medium_large":false,"large":false,"1536x1536":false,"2048x2048":false,"gform-image-choice-sm":false,"gform-image-choice-md":false,"gform-image-choice-lg":false},"uagb_author_info":{"display_name":"Remi","author_link":"https:\/\/www.cnam.ie\/ga\/author\/remi\/"},"uagb_comment_info":0,"uagb_excerpt":"Mar a leagtar amach san Acht um Nochtadh Cosanta, 2014, is f\u00e9idir nochtadh cosanta a dh\u00e9anamh le rial\u00e1laithe seachtracha \u00e1irithe n\u00f3 le \u2018daoine forordaithe\u2019. Is minic a thugtar sceithireacht ar nochtadh den s\u00f3rt sin. T\u00e1 dh\u00e1 Bheartas um Nochtadh Cosanta againn a chuireann eolas ar f\u00e1il maidir le conas nochtadh cosanta a dh\u00e9anamh, ceann amh\u00e1in&hellip;","_links":{"self":[{"href":"https:\/\/www.cnam.ie\/ga\/wp-json\/wp\/v2\/pages\/12319","targetHints":{"allow":["GET"]}}],"collection":[{"href":"https:\/\/www.cnam.ie\/ga\/wp-json\/wp\/v2\/pages"}],"about":[{"href":"https:\/\/www.cnam.ie\/ga\/wp-json\/wp\/v2\/types\/page"}],"author":[{"embeddable":true,"href":"https:\/\/www.cnam.ie\/ga\/wp-json\/wp\/v2\/users\/4"}],"replies":[{"embeddable":true,"href":"https:\/\/www.cnam.ie\/ga\/wp-json\/wp\/v2\/comments?post=12319"}],"version-history":[{"count":11,"href":"https:\/\/www.cnam.ie\/ga\/wp-json\/wp\/v2\/pages\/12319\/revisions"}],"predecessor-version":[{"id":20719,"href":"https:\/\/www.cnam.ie\/ga\/wp-json\/wp\/v2\/pages\/12319\/revisions\/20719"}],"up":[{"embeddable":true,"href":"https:\/\/www.cnam.ie\/ga\/wp-json\/wp\/v2\/pages\/10709"}],"wp:attachment":[{"href":"https:\/\/www.cnam.ie\/ga\/wp-json\/wp\/v2\/media?parent=12319"}],"curies":[{"name":"wp","href":"https:\/\/api.w.org\/{rel}","templated":true}]}}