{"id":14042,"date":"2024-12-03T12:14:19","date_gmt":"2024-12-03T12:14:19","guid":{"rendered":"https:\/\/www.cnam.ie\/an-pobal-ginearalta\/teilifis-raidio-fisean-ar-eileamh\/craoltoiri\/"},"modified":"2025-01-22T17:55:31","modified_gmt":"2025-01-22T17:55:31","slug":"craoltoiri","status":"publish","type":"page","link":"https:\/\/www.cnam.ie\/ga\/an-pobal-ginearalta\/teilifis-raidio-fisean-ar-eileamh\/craoltoiri\/","title":{"rendered":"Craolt\u00f3ir\u00ed"},"content":{"rendered":"\n<div class=\"wp-block-uagb-container uagb-block-1d5875b5 alignfull uagb-is-root-container\"><div class=\"uagb-container-inner-blocks-wrap\">\n<div class=\"wp-block-uagb-container uagb-block-2f005527\">\n<div class=\"wp-block-uagb-advanced-heading uagb-block-d9b72e84\"><p class=\"uagb-heading-text\">Faigh liosta na gcraolt\u00f3ir\u00ed th\u00edos. Is f\u00e9idir leat na roghanna scagaire a \u00fas\u00e1id chun craolt\u00f3ir\u00ed ar leith a chuardach.<\/p><\/div>\n<\/div>\n<\/div><\/div>\n","protected":false},"excerpt":{"rendered":"<p>Faigh liosta na gcraolt\u00f3ir\u00ed th\u00edos. Is f\u00e9idir leat na roghanna scagaire a \u00fas\u00e1id chun craolt\u00f3ir\u00ed ar leith a chuardach.<\/p>\n","protected":false},"author":4,"featured_media":0,"parent":11766,"menu_order":83,"comment_status":"closed","ping_status":"closed","template":"template-parts\/page-broadcasters.php","meta":{"_acf_changed":false,"_relevanssi_hide_post":"","_relevanssi_hide_content":"","_relevanssi_pin_for_all":"","_relevanssi_pin_keywords":"","_relevanssi_unpin_keywords":"","_relevanssi_related_keywords":"","_relevanssi_related_include_ids":"","_relevanssi_related_exclude_ids":"","_relevanssi_related_no_append":"","_relevanssi_related_not_related":"","_relevanssi_related_posts":"","_relevanssi_noindex_reason":"","_uag_custom_page_level_css":"","footnotes":""},"class_list":["post-14042","page","type-page","status-publish","hentry"],"acf":[],"yoast_head":"<!-- This site is optimized with the Yoast SEO plugin v27.5 - https:\/\/yoast.com\/product\/yoast-seo-wordpress\/ -->\n<title>Craolt\u00f3ir\u00ed - Coimisi\u00fan na Me\u00e1n<\/title>\n<meta name=\"robots\" content=\"index, follow, max-snippet:-1, max-image-preview:large, max-video-preview:-1\" \/>\n<link rel=\"canonical\" href=\"https:\/\/www.cnam.ie\/ga\/an-pobal-ginearalta\/teilifis-raidio-fisean-ar-eileamh\/craoltoiri\/\" \/>\n<meta property=\"og:locale\" content=\"ga_IE\" \/>\n<meta property=\"og:type\" content=\"article\" \/>\n<meta property=\"og:title\" content=\"Craolt\u00f3ir\u00ed - Coimisi\u00fan na Me\u00e1n\" \/>\n<meta property=\"og:description\" content=\"Faigh liosta na gcraolt\u00f3ir\u00ed th\u00edos. Is f\u00e9idir leat na roghanna scagaire a \u00fas\u00e1id chun craolt\u00f3ir\u00ed ar leith a chuardach.\" \/>\n<meta property=\"og:url\" content=\"https:\/\/www.cnam.ie\/ga\/an-pobal-ginearalta\/teilifis-raidio-fisean-ar-eileamh\/craoltoiri\/\" \/>\n<meta property=\"og:site_name\" content=\"Coimisi\u00fan na Me\u00e1n\" \/>\n<meta property=\"article:publisher\" content=\"https:\/\/www.facebook.com\/CNaM.Ireland\/\" \/>\n<meta property=\"article:modified_time\" content=\"2025-01-22T17:55:31+00:00\" \/>\n<meta name=\"twitter:card\" content=\"summary_large_image\" \/>\n<meta name=\"twitter:site\" content=\"@CNaM_ie\" \/>\n<script type=\"application\/ld+json\" class=\"yoast-schema-graph\">{\"@context\":\"https:\\\/\\\/schema.org\",\"@graph\":[{\"@type\":\"WebPage\",\"@id\":\"https:\\\/\\\/www.cnam.ie\\\/ga\\\/an-pobal-ginearalta\\\/teilifis-raidio-fisean-ar-eileamh\\\/craoltoiri\\\/\",\"url\":\"https:\\\/\\\/www.cnam.ie\\\/ga\\\/an-pobal-ginearalta\\\/teilifis-raidio-fisean-ar-eileamh\\\/craoltoiri\\\/\",\"name\":\"Craolt\u00f3ir\u00ed - Coimisi\u00fan na Me\u00e1n\",\"isPartOf\":{\"@id\":\"https:\\\/\\\/www.cnam.ie\\\/ga\\\/#website\"},\"datePublished\":\"2024-12-03T12:14:19+00:00\",\"dateModified\":\"2025-01-22T17:55:31+00:00\",\"breadcrumb\":{\"@id\":\"https:\\\/\\\/www.cnam.ie\\\/ga\\\/an-pobal-ginearalta\\\/teilifis-raidio-fisean-ar-eileamh\\\/craoltoiri\\\/#breadcrumb\"},\"inLanguage\":\"ga-IE\",\"potentialAction\":[{\"@type\":\"ReadAction\",\"target\":[\"https:\\\/\\\/www.cnam.ie\\\/ga\\\/an-pobal-ginearalta\\\/teilifis-raidio-fisean-ar-eileamh\\\/craoltoiri\\\/\"]}]},{\"@type\":\"BreadcrumbList\",\"@id\":\"https:\\\/\\\/www.cnam.ie\\\/ga\\\/an-pobal-ginearalta\\\/teilifis-raidio-fisean-ar-eileamh\\\/craoltoiri\\\/#breadcrumb\",\"itemListElement\":[{\"@type\":\"ListItem\",\"position\":1,\"name\":\"Home\",\"item\":\"https:\\\/\\\/www.cnam.ie\\\/ga\\\/\"},{\"@type\":\"ListItem\",\"position\":2,\"name\":\"An Pobal i gCoitinne\",\"item\":\"https:\\\/\\\/www.cnam.ie\\\/ga\\\/\"},{\"@type\":\"ListItem\",\"position\":3,\"name\":\"Teilif\u00eds, raidi\u00f3 &#038; f\u00edse\u00e1n ar \u00e9ileamh\",\"item\":\"https:\\\/\\\/www.cnam.ie\\\/ga\\\/an-pobal-ginearalta\\\/teilifis-raidio-fisean-ar-eileamh\\\/\"},{\"@type\":\"ListItem\",\"position\":4,\"name\":\"Craolt\u00f3ir\u00ed\"}]},{\"@type\":\"WebSite\",\"@id\":\"https:\\\/\\\/www.cnam.ie\\\/ga\\\/#website\",\"url\":\"https:\\\/\\\/www.cnam.ie\\\/ga\\\/\",\"name\":\"Coimisiun na Mean\",\"description\":\"Coimisi\u00fan na Me\u00e1n\",\"publisher\":{\"@id\":\"https:\\\/\\\/www.cnam.ie\\\/ga\\\/#organization\"},\"potentialAction\":[{\"@type\":\"SearchAction\",\"target\":{\"@type\":\"EntryPoint\",\"urlTemplate\":\"https:\\\/\\\/www.cnam.ie\\\/ga\\\/?s={search_term_string}\"},\"query-input\":{\"@type\":\"PropertyValueSpecification\",\"valueRequired\":true,\"valueName\":\"search_term_string\"}}],\"inLanguage\":\"ga-IE\"},{\"@type\":\"Organization\",\"@id\":\"https:\\\/\\\/www.cnam.ie\\\/ga\\\/#organization\",\"name\":\"Coimisiun na Mean\",\"url\":\"https:\\\/\\\/www.cnam.ie\\\/ga\\\/\",\"logo\":{\"@type\":\"ImageObject\",\"inLanguage\":\"ga-IE\",\"@id\":\"https:\\\/\\\/www.cnam.ie\\\/ga\\\/#\\\/schema\\\/logo\\\/image\\\/\",\"url\":\"https:\\\/\\\/www.cnam.ie\\\/app\\\/uploads\\\/2024\\\/12\\\/Website-image-with-logo.jpg\",\"contentUrl\":\"https:\\\/\\\/www.cnam.ie\\\/app\\\/uploads\\\/2024\\\/12\\\/Website-image-with-logo.jpg\",\"width\":1200,\"height\":800,\"caption\":\"Coimisiun na Mean\"},\"image\":{\"@id\":\"https:\\\/\\\/www.cnam.ie\\\/ga\\\/#\\\/schema\\\/logo\\\/image\\\/\"},\"sameAs\":[\"https:\\\/\\\/www.facebook.com\\\/CNaM.Ireland\\\/\",\"https:\\\/\\\/x.com\\\/CNaM_ie\"]}]}<\/script>\n<!-- \/ Yoast SEO plugin. -->","yoast_head_json":{"title":"Craolt\u00f3ir\u00ed - Coimisi\u00fan na Me\u00e1n","robots":{"index":"index","follow":"follow","max-snippet":"max-snippet:-1","max-image-preview":"max-image-preview:large","max-video-preview":"max-video-preview:-1"},"canonical":"https:\/\/www.cnam.ie\/ga\/an-pobal-ginearalta\/teilifis-raidio-fisean-ar-eileamh\/craoltoiri\/","og_locale":"ga_IE","og_type":"article","og_title":"Craolt\u00f3ir\u00ed - Coimisi\u00fan na Me\u00e1n","og_description":"Faigh liosta na gcraolt\u00f3ir\u00ed th\u00edos. Is f\u00e9idir leat na roghanna scagaire a \u00fas\u00e1id chun craolt\u00f3ir\u00ed ar leith a chuardach.","og_url":"https:\/\/www.cnam.ie\/ga\/an-pobal-ginearalta\/teilifis-raidio-fisean-ar-eileamh\/craoltoiri\/","og_site_name":"Coimisi\u00fan na Me\u00e1n","article_publisher":"https:\/\/www.facebook.com\/CNaM.Ireland\/","article_modified_time":"2025-01-22T17:55:31+00:00","twitter_card":"summary_large_image","twitter_site":"@CNaM_ie","schema":{"@context":"https:\/\/schema.org","@graph":[{"@type":"WebPage","@id":"https:\/\/www.cnam.ie\/ga\/an-pobal-ginearalta\/teilifis-raidio-fisean-ar-eileamh\/craoltoiri\/","url":"https:\/\/www.cnam.ie\/ga\/an-pobal-ginearalta\/teilifis-raidio-fisean-ar-eileamh\/craoltoiri\/","name":"Craolt\u00f3ir\u00ed - Coimisi\u00fan na Me\u00e1n","isPartOf":{"@id":"https:\/\/www.cnam.ie\/ga\/#website"},"datePublished":"2024-12-03T12:14:19+00:00","dateModified":"2025-01-22T17:55:31+00:00","breadcrumb":{"@id":"https:\/\/www.cnam.ie\/ga\/an-pobal-ginearalta\/teilifis-raidio-fisean-ar-eileamh\/craoltoiri\/#breadcrumb"},"inLanguage":"ga-IE","potentialAction":[{"@type":"ReadAction","target":["https:\/\/www.cnam.ie\/ga\/an-pobal-ginearalta\/teilifis-raidio-fisean-ar-eileamh\/craoltoiri\/"]}]},{"@type":"BreadcrumbList","@id":"https:\/\/www.cnam.ie\/ga\/an-pobal-ginearalta\/teilifis-raidio-fisean-ar-eileamh\/craoltoiri\/#breadcrumb","itemListElement":[{"@type":"ListItem","position":1,"name":"Home","item":"https:\/\/www.cnam.ie\/ga\/"},{"@type":"ListItem","position":2,"name":"An Pobal i gCoitinne","item":"https:\/\/www.cnam.ie\/ga\/"},{"@type":"ListItem","position":3,"name":"Teilif\u00eds, raidi\u00f3 &#038; f\u00edse\u00e1n ar \u00e9ileamh","item":"https:\/\/www.cnam.ie\/ga\/an-pobal-ginearalta\/teilifis-raidio-fisean-ar-eileamh\/"},{"@type":"ListItem","position":4,"name":"Craolt\u00f3ir\u00ed"}]},{"@type":"WebSite","@id":"https:\/\/www.cnam.ie\/ga\/#website","url":"https:\/\/www.cnam.ie\/ga\/","name":"Coimisiun na Mean","description":"Coimisi\u00fan na Me\u00e1n","publisher":{"@id":"https:\/\/www.cnam.ie\/ga\/#organization"},"potentialAction":[{"@type":"SearchAction","target":{"@type":"EntryPoint","urlTemplate":"https:\/\/www.cnam.ie\/ga\/?s={search_term_string}"},"query-input":{"@type":"PropertyValueSpecification","valueRequired":true,"valueName":"search_term_string"}}],"inLanguage":"ga-IE"},{"@type":"Organization","@id":"https:\/\/www.cnam.ie\/ga\/#organization","name":"Coimisiun na Mean","url":"https:\/\/www.cnam.ie\/ga\/","logo":{"@type":"ImageObject","inLanguage":"ga-IE","@id":"https:\/\/www.cnam.ie\/ga\/#\/schema\/logo\/image\/","url":"https:\/\/www.cnam.ie\/app\/uploads\/2024\/12\/Website-image-with-logo.jpg","contentUrl":"https:\/\/www.cnam.ie\/app\/uploads\/2024\/12\/Website-image-with-logo.jpg","width":1200,"height":800,"caption":"Coimisiun na Mean"},"image":{"@id":"https:\/\/www.cnam.ie\/ga\/#\/schema\/logo\/image\/"},"sameAs":["https:\/\/www.facebook.com\/CNaM.Ireland\/","https:\/\/x.com\/CNaM_ie"]}]}},"spectra_custom_meta":{"_top_nav_excluded":[""],"_cms_nav_minihome":[""],"_wp_page_template":["template-parts\/page-broadcasters.php"],"_last_translation_edit_mode":["translation-editor"],"_uag_css_file_name":["uag-css-14042.css"],"_uag_js_file_name":["uag-js-14042.js"]},"uagb_featured_image_src":{"full":false,"thumbnail":false,"medium":false,"medium_large":false,"large":false,"1536x1536":false,"2048x2048":false,"gform-image-choice-sm":false,"gform-image-choice-md":false,"gform-image-choice-lg":false},"uagb_author_info":{"display_name":"Remi","author_link":"https:\/\/www.cnam.ie\/ga\/author\/remi\/"},"uagb_comment_info":0,"uagb_excerpt":"Faigh liosta na gcraolt\u00f3ir\u00ed th\u00edos. Is f\u00e9idir leat na roghanna scagaire a \u00fas\u00e1id chun craolt\u00f3ir\u00ed ar leith a chuardach.","_links":{"self":[{"href":"https:\/\/www.cnam.ie\/ga\/wp-json\/wp\/v2\/pages\/14042","targetHints":{"allow":["GET"]}}],"collection":[{"href":"https:\/\/www.cnam.ie\/ga\/wp-json\/wp\/v2\/pages"}],"about":[{"href":"https:\/\/www.cnam.ie\/ga\/wp-json\/wp\/v2\/types\/page"}],"author":[{"embeddable":true,"href":"https:\/\/www.cnam.ie\/ga\/wp-json\/wp\/v2\/users\/4"}],"replies":[{"embeddable":true,"href":"https:\/\/www.cnam.ie\/ga\/wp-json\/wp\/v2\/comments?post=14042"}],"version-history":[{"count":1,"href":"https:\/\/www.cnam.ie\/ga\/wp-json\/wp\/v2\/pages\/14042\/revisions"}],"predecessor-version":[{"id":14043,"href":"https:\/\/www.cnam.ie\/ga\/wp-json\/wp\/v2\/pages\/14042\/revisions\/14043"}],"up":[{"embeddable":true,"href":"https:\/\/www.cnam.ie\/ga\/wp-json\/wp\/v2\/pages\/11766"}],"wp:attachment":[{"href":"https:\/\/www.cnam.ie\/ga\/wp-json\/wp\/v2\/media?parent=14042"}],"curies":[{"name":"wp","href":"https:\/\/api.w.org\/{rel}","templated":true}]}}