{"id":18244,"date":"2025-09-30T17:38:20","date_gmt":"2025-09-30T16:38:20","guid":{"rendered":"https:\/\/www.cnam.ie\/an-pobal-ginearalta\/treoracha-acmhainni\/digital-regulator-coimisiun-na-mean\/"},"modified":"2025-09-30T18:04:30","modified_gmt":"2025-09-30T17:04:30","slug":"digital-regulator-coimisiun-na-mean","status":"publish","type":"page","link":"https:\/\/www.cnam.ie\/ga\/an-pobal-ginearalta\/treoracha-acmhainni\/digital-regulator-coimisiun-na-mean\/","title":{"rendered":"Rialt\u00f3ir Digiteach: Coimisi\u00fan na Me\u00e1n"},"content":{"rendered":"\n<div class=\"wp-block-uagb-container uagb-block-1d5875b5 alignfull uagb-is-root-container\"><div class=\"uagb-container-inner-blocks-wrap\">\n<div class=\"wp-block-uagb-container uagb-block-a29321d3\"><\/div>\n\n\n\n<div class=\"wp-block-uagb-container uagb-block-2f005527\">\n<div class=\"wp-block-uagb-advanced-heading uagb-block-d9b72e84\"><p class=\"uagb-heading-text\">Is \u00e9 Coimisi\u00fan na Me\u00e1n gn\u00edomhaireacht na h\u00c9ireann chun t\u00edrdhreach me\u00e1n at\u00e1 rath\u00fail, \u00e9ags\u00fail, cruthaitheach, s\u00e1bh\u00e1ilte agus iontaofa a fhorbairt agus a rial\u00fa. <\/p><\/div>\n\n\n\n<p>Is muidne an rialt\u00f3ir me\u00e1n neamhsple\u00e1ch at\u00e1 freagrach as craolt\u00f3ir\u00ed, sol\u00e1thraithe f\u00edse\u00e1n ar \u00e9ileamh agus ard\u00e1n ar l\u00edne at\u00e1 lonnaithe in \u00c9irinn a rial\u00e1il. <\/p>\n<\/div>\n<\/div><\/div>\n\n\n\n<p>T\u00e1imid tiomanta do chearta bun\u00fasacha a chur chun cinn agus a chosaint, agus a chinnti\u00fa go gcuireann \u00e1r dt\u00edrdhreach me\u00e1n le socha\u00ed oscailte dhaonlathach. T\u00e1 cosaint an chirt chun saoirse cainte mar bhonn agus taca faoi gach r\u00e9imse d\u00e1r gcuid oibre. <\/p>\n\n\n\n<p>T\u00e1imid freagrach as Creat S\u00e1bh\u00e1ilteachta ar L\u00edne na h\u00c9ireann. Leis an gcreat t\u00e1bhachtach seo, beidh seirbh\u00eds\u00ed digiteacha freagrach as an gcaoi a dtugann siad cosaint do dhaoine, go h\u00e1irithe leana\u00ed, \u00f3 dh\u00edobh\u00e1il ar l\u00edne. <\/p>\n\n\n\n<p>D\u00e9anaimid maoirseacht ar rial\u00e1il seirbh\u00eds\u00ed craolach\u00e1in agus f\u00edse\u00e1n ar \u00e9ileamh in \u00c9irinn. \u00c1ir\u00edtear len\u00e1r bhfeidhmeanna rial\u00e1la Me\u00e1in na Seirbh\u00edse Poibl\u00ed a rial\u00e1il, seirbh\u00eds\u00ed craolt\u00f3ireachta a chead\u00fan\u00fa, gear\u00e1in \u00f3 lucht f\u00e9achana agus \u00f3 \u00e9isteoir\u00ed a l\u00e1imhse\u00e1il, agus na C\u00f3id agus Rialacha a fhorbairt. <\/p>\n\n\n\n<p>Taca\u00edmid le hearn\u00e1il na me\u00e1n in \u00c9irinn tr\u00ed r\u00e9imse leathan gn\u00edomha\u00edochta\u00ed chun cabhr\u00fa le h\u00e1bhar a fhorbairt le haghaidh luchtanna f\u00e9achana\/\u00e9isteachta \u00c9ireannacha a l\u00e9ir\u00edonn agus a mh\u00fanla\u00edonn socha\u00ed na h\u00c9ireann. \u00c1ir\u00edtear leis seo sc\u00e9imeanna maoinithe, cur chun feidhme chl\u00e1ir foghlama agus forbartha earn\u00e1la, agus oibri\u00fa le craolt\u00f3ir\u00ed chun an comhionannas inscne, cothromas, \u00e9ags\u00falacht agus ionchuimsitheacht in earn\u00e1il me\u00e1n na h\u00c9ireann a chur chun cinn go lean\u00fanach. <\/p>\n\n\n\n<div class=\"wp-block-buttons is-layout-flex wp-block-buttons-is-layout-flex\">\n<div class=\"wp-block-button\"><a class=\"wp-block-button__link wp-element-button\" href=\"https:\/\/www.cnam.ie\/ga\/maidir-le\/\">Chun Tuilleadh eolais a fh\u00e1il<\/a><\/div>\n<\/div>\n\n\n\n<h2 class=\"wp-block-heading\">Sonra\u00ed teagmh\u00e1la<\/h2>\n\n\n\n<p>T\u00e1 \u00e1r nIonad Teagmh\u00e1la ar f\u00e1il chun comhairle a thabhairt do bhaill an phobail maidir le deacrachta\u00ed a bh\u00ed acu ar ard\u00e1n ar l\u00edne. Is f\u00e9idir leat r\u00edomhphost a sheoladh chuig <a href=\"mailto:usersupport@cnam.ie\">usersupport@cnam.ie<\/a> n\u00f3 glaoch a chur ar an Ionad Teagmh\u00e1la ag +353 1 9637755 (Luan-Aoine 8a.m. go 6p.m.).<\/p>\n\n\n\n<ul class=\"wp-block-list\">\n<li>M\u00e1 thagann t\u00fa ar \u00e1bhar m\u00eddhleathach n\u00f3 d\u00edobh\u00e1lach ar ard\u00e1n, ba cheart duit an t-\u00e1bhar a thuairisci\u00fa don ard\u00e1n at\u00e1 i gceist ar dt\u00fas. <\/li>\n\n\n\n<li>M\u00e1 fheiceann t\u00fa \u00e1bhar a chreideann t\u00fa a bheith ina bhagairt ar shaol n\u00f3 ar sh\u00e1bh\u00e1ilteacht duine, ba cheart duit teagmh\u00e1il a dh\u00e9anamh leis na seirbh\u00eds\u00ed \u00e9igeand\u00e1la ag 112.<\/li>\n<\/ul>\n\n\n\n<h2 class=\"wp-block-heading\">Sampla\u00ed de na ruda\u00ed gur f\u00e9idir leat a thuairisci\u00fa d\u00fainn:<\/h2>\n\n\n\n<ul class=\"wp-block-list\">\n<li>ceisteanna maidir le teagmh\u00e1il a dh\u00e9anamh le hard\u00e1n, \u00e1bhar a thuairisci\u00fa d\u2019ard\u00e1n, n\u00f3 gear\u00e1n a dh\u00e9anamh le hard\u00e1n;<\/li>\n\n\n\n<li>ceisteanna maidir le h\u00e1bhar at\u00e1 \u00e1 bhaint, cuntais ar fionra\u00ed;\u202f <\/li>\n\n\n\n<li>ceisteanna maidir le f\u00f3gra\u00edocht ar l\u00edne;\u202f <\/li>\n\n\n\n<li>c\u00f3rais molta\u00ed \/ sruthanna \u2018duitse\u2019;\u202f <\/li>\n\n\n\n<li>t\u00e9arma\u00ed agus coinn\u00edollacha an ard\u00e1in nach bhfuil cosaint leana\u00ed mar chuid d\u00edobh. <\/li>\n<\/ul>\n\n\n\n<p><\/p>\n\n\n\n<div class=\"wp-block-buttons is-layout-flex wp-block-buttons-is-layout-flex\">\n<div class=\"wp-block-button\"><a class=\"wp-block-button__link wp-element-button\" href=\"https:\/\/www.cnam.ie\/ga\/an-pobal-ginearalta\/tuairisc-gearan-a-dheanamh\/\">Tuairisc &amp; gear\u00e1n a dh\u00e9anamh<\/a><\/div>\n<\/div>\n","protected":false},"excerpt":{"rendered":"<p>Is \u00e9 Coimisi\u00fan na Me\u00e1n gn\u00edomhaireacht na h\u00c9ireann chun t\u00edrdhreach me\u00e1n at\u00e1 rath\u00fail, \u00e9ags\u00fail, cruthaitheach, s\u00e1bh\u00e1ilte agus iontaofa a fhorbairt agus a rial\u00fa. Is muidne an rialt\u00f3ir me\u00e1n neamhsple\u00e1ch at\u00e1 freagrach as craolt\u00f3ir\u00ed, sol\u00e1thraithe f\u00edse\u00e1n ar \u00e9ileamh agus ard\u00e1n ar l\u00edne at\u00e1 lonnaithe in \u00c9irinn a rial\u00e1il. T\u00e1imid tiomanta do chearta bun\u00fasacha a chur chun [&hellip;]<\/p>\n","protected":false},"author":8,"featured_media":0,"parent":11030,"menu_order":65,"comment_status":"closed","ping_status":"closed","template":"","meta":{"_acf_changed":false,"_relevanssi_hide_post":"","_relevanssi_hide_content":"","_relevanssi_pin_for_all":"","_relevanssi_pin_keywords":"","_relevanssi_unpin_keywords":"","_relevanssi_related_keywords":"","_relevanssi_related_include_ids":"","_relevanssi_related_exclude_ids":"","_relevanssi_related_no_append":"","_relevanssi_related_not_related":"","_relevanssi_related_posts":"4151,7628,7605,806,7644,18145","_relevanssi_noindex_reason":"","_uag_custom_page_level_css":"","footnotes":""},"class_list":["post-18244","page","type-page","status-publish","hentry"],"acf":[],"yoast_head":"<!-- This site is optimized with the Yoast SEO plugin v27.5 - https:\/\/yoast.com\/product\/yoast-seo-wordpress\/ -->\n<title>Rialt\u00f3ir Digiteach: Coimisi\u00fan na Me\u00e1n - Coimisi\u00fan na Me\u00e1n<\/title>\n<meta name=\"robots\" content=\"index, follow, max-snippet:-1, max-image-preview:large, max-video-preview:-1\" \/>\n<link rel=\"canonical\" href=\"https:\/\/www.cnam.ie\/ga\/an-pobal-ginearalta\/treoracha-acmhainni\/digital-regulator-coimisiun-na-mean\/\" \/>\n<meta property=\"og:locale\" content=\"ga_IE\" \/>\n<meta property=\"og:type\" content=\"article\" \/>\n<meta property=\"og:title\" content=\"Rialt\u00f3ir Digiteach: Coimisi\u00fan na Me\u00e1n - Coimisi\u00fan na Me\u00e1n\" \/>\n<meta property=\"og:description\" content=\"Is \u00e9 Coimisi\u00fan na Me\u00e1n gn\u00edomhaireacht na h\u00c9ireann chun t\u00edrdhreach me\u00e1n at\u00e1 rath\u00fail, \u00e9ags\u00fail, cruthaitheach, s\u00e1bh\u00e1ilte agus iontaofa a fhorbairt agus a rial\u00fa. Is muidne an rialt\u00f3ir me\u00e1n neamhsple\u00e1ch at\u00e1 freagrach as craolt\u00f3ir\u00ed, sol\u00e1thraithe f\u00edse\u00e1n ar \u00e9ileamh agus ard\u00e1n ar l\u00edne at\u00e1 lonnaithe in \u00c9irinn a rial\u00e1il. T\u00e1imid tiomanta do chearta bun\u00fasacha a chur chun [&hellip;]\" \/>\n<meta property=\"og:url\" content=\"https:\/\/www.cnam.ie\/ga\/an-pobal-ginearalta\/treoracha-acmhainni\/digital-regulator-coimisiun-na-mean\/\" \/>\n<meta property=\"og:site_name\" content=\"Coimisi\u00fan na Me\u00e1n\" \/>\n<meta property=\"article:publisher\" content=\"https:\/\/www.facebook.com\/CNaM.Ireland\/\" \/>\n<meta property=\"article:modified_time\" content=\"2025-09-30T17:04:30+00:00\" \/>\n<meta name=\"twitter:card\" content=\"summary_large_image\" \/>\n<meta name=\"twitter:site\" content=\"@CNaM_ie\" \/>\n<meta name=\"twitter:label1\" content=\"Est. reading time\" \/>\n\t<meta name=\"twitter:data1\" content=\"3 minutes\" \/>\n<script type=\"application\/ld+json\" class=\"yoast-schema-graph\">{\"@context\":\"https:\\\/\\\/schema.org\",\"@graph\":[{\"@type\":\"WebPage\",\"@id\":\"https:\\\/\\\/www.cnam.ie\\\/ga\\\/an-pobal-ginearalta\\\/treoracha-acmhainni\\\/digital-regulator-coimisiun-na-mean\\\/\",\"url\":\"https:\\\/\\\/www.cnam.ie\\\/ga\\\/an-pobal-ginearalta\\\/treoracha-acmhainni\\\/digital-regulator-coimisiun-na-mean\\\/\",\"name\":\"Rialt\u00f3ir Digiteach: Coimisi\u00fan na Me\u00e1n - Coimisi\u00fan na Me\u00e1n\",\"isPartOf\":{\"@id\":\"https:\\\/\\\/www.cnam.ie\\\/ga\\\/#website\"},\"datePublished\":\"2025-09-30T16:38:20+00:00\",\"dateModified\":\"2025-09-30T17:04:30+00:00\",\"breadcrumb\":{\"@id\":\"https:\\\/\\\/www.cnam.ie\\\/ga\\\/an-pobal-ginearalta\\\/treoracha-acmhainni\\\/digital-regulator-coimisiun-na-mean\\\/#breadcrumb\"},\"inLanguage\":\"ga-IE\",\"potentialAction\":[{\"@type\":\"ReadAction\",\"target\":[\"https:\\\/\\\/www.cnam.ie\\\/ga\\\/an-pobal-ginearalta\\\/treoracha-acmhainni\\\/digital-regulator-coimisiun-na-mean\\\/\"]}]},{\"@type\":\"BreadcrumbList\",\"@id\":\"https:\\\/\\\/www.cnam.ie\\\/ga\\\/an-pobal-ginearalta\\\/treoracha-acmhainni\\\/digital-regulator-coimisiun-na-mean\\\/#breadcrumb\",\"itemListElement\":[{\"@type\":\"ListItem\",\"position\":1,\"name\":\"Home\",\"item\":\"https:\\\/\\\/www.cnam.ie\\\/ga\\\/\"},{\"@type\":\"ListItem\",\"position\":2,\"name\":\"An Pobal i gCoitinne\",\"item\":\"https:\\\/\\\/www.cnam.ie\\\/ga\\\/\"},{\"@type\":\"ListItem\",\"position\":3,\"name\":\"Treoracha &amp; acmhainn\u00ed\",\"item\":\"https:\\\/\\\/www.cnam.ie\\\/ga\\\/an-pobal-ginearalta\\\/treoracha-acmhainni\\\/\"},{\"@type\":\"ListItem\",\"position\":4,\"name\":\"Rialt\u00f3ir Digiteach: Coimisi\u00fan na Me\u00e1n\"}]},{\"@type\":\"WebSite\",\"@id\":\"https:\\\/\\\/www.cnam.ie\\\/ga\\\/#website\",\"url\":\"https:\\\/\\\/www.cnam.ie\\\/ga\\\/\",\"name\":\"Coimisiun na Mean\",\"description\":\"Coimisi\u00fan na Me\u00e1n\",\"publisher\":{\"@id\":\"https:\\\/\\\/www.cnam.ie\\\/ga\\\/#organization\"},\"potentialAction\":[{\"@type\":\"SearchAction\",\"target\":{\"@type\":\"EntryPoint\",\"urlTemplate\":\"https:\\\/\\\/www.cnam.ie\\\/ga\\\/?s={search_term_string}\"},\"query-input\":{\"@type\":\"PropertyValueSpecification\",\"valueRequired\":true,\"valueName\":\"search_term_string\"}}],\"inLanguage\":\"ga-IE\"},{\"@type\":\"Organization\",\"@id\":\"https:\\\/\\\/www.cnam.ie\\\/ga\\\/#organization\",\"name\":\"Coimisiun na Mean\",\"url\":\"https:\\\/\\\/www.cnam.ie\\\/ga\\\/\",\"logo\":{\"@type\":\"ImageObject\",\"inLanguage\":\"ga-IE\",\"@id\":\"https:\\\/\\\/www.cnam.ie\\\/ga\\\/#\\\/schema\\\/logo\\\/image\\\/\",\"url\":\"https:\\\/\\\/www.cnam.ie\\\/app\\\/uploads\\\/2024\\\/12\\\/Website-image-with-logo.jpg\",\"contentUrl\":\"https:\\\/\\\/www.cnam.ie\\\/app\\\/uploads\\\/2024\\\/12\\\/Website-image-with-logo.jpg\",\"width\":1200,\"height\":800,\"caption\":\"Coimisiun na Mean\"},\"image\":{\"@id\":\"https:\\\/\\\/www.cnam.ie\\\/ga\\\/#\\\/schema\\\/logo\\\/image\\\/\"},\"sameAs\":[\"https:\\\/\\\/www.facebook.com\\\/CNaM.Ireland\\\/\",\"https:\\\/\\\/x.com\\\/CNaM_ie\"]}]}<\/script>\n<!-- \/ Yoast SEO plugin. -->","yoast_head_json":{"title":"Rialt\u00f3ir Digiteach: Coimisi\u00fan na Me\u00e1n - Coimisi\u00fan na Me\u00e1n","robots":{"index":"index","follow":"follow","max-snippet":"max-snippet:-1","max-image-preview":"max-image-preview:large","max-video-preview":"max-video-preview:-1"},"canonical":"https:\/\/www.cnam.ie\/ga\/an-pobal-ginearalta\/treoracha-acmhainni\/digital-regulator-coimisiun-na-mean\/","og_locale":"ga_IE","og_type":"article","og_title":"Rialt\u00f3ir Digiteach: Coimisi\u00fan na Me\u00e1n - Coimisi\u00fan na Me\u00e1n","og_description":"Is \u00e9 Coimisi\u00fan na Me\u00e1n gn\u00edomhaireacht na h\u00c9ireann chun t\u00edrdhreach me\u00e1n at\u00e1 rath\u00fail, \u00e9ags\u00fail, cruthaitheach, s\u00e1bh\u00e1ilte agus iontaofa a fhorbairt agus a rial\u00fa. Is muidne an rialt\u00f3ir me\u00e1n neamhsple\u00e1ch at\u00e1 freagrach as craolt\u00f3ir\u00ed, sol\u00e1thraithe f\u00edse\u00e1n ar \u00e9ileamh agus ard\u00e1n ar l\u00edne at\u00e1 lonnaithe in \u00c9irinn a rial\u00e1il. T\u00e1imid tiomanta do chearta bun\u00fasacha a chur chun [&hellip;]","og_url":"https:\/\/www.cnam.ie\/ga\/an-pobal-ginearalta\/treoracha-acmhainni\/digital-regulator-coimisiun-na-mean\/","og_site_name":"Coimisi\u00fan na Me\u00e1n","article_publisher":"https:\/\/www.facebook.com\/CNaM.Ireland\/","article_modified_time":"2025-09-30T17:04:30+00:00","twitter_card":"summary_large_image","twitter_site":"@CNaM_ie","twitter_misc":{"Est. reading time":"3 minutes"},"schema":{"@context":"https:\/\/schema.org","@graph":[{"@type":"WebPage","@id":"https:\/\/www.cnam.ie\/ga\/an-pobal-ginearalta\/treoracha-acmhainni\/digital-regulator-coimisiun-na-mean\/","url":"https:\/\/www.cnam.ie\/ga\/an-pobal-ginearalta\/treoracha-acmhainni\/digital-regulator-coimisiun-na-mean\/","name":"Rialt\u00f3ir Digiteach: Coimisi\u00fan na Me\u00e1n - Coimisi\u00fan na Me\u00e1n","isPartOf":{"@id":"https:\/\/www.cnam.ie\/ga\/#website"},"datePublished":"2025-09-30T16:38:20+00:00","dateModified":"2025-09-30T17:04:30+00:00","breadcrumb":{"@id":"https:\/\/www.cnam.ie\/ga\/an-pobal-ginearalta\/treoracha-acmhainni\/digital-regulator-coimisiun-na-mean\/#breadcrumb"},"inLanguage":"ga-IE","potentialAction":[{"@type":"ReadAction","target":["https:\/\/www.cnam.ie\/ga\/an-pobal-ginearalta\/treoracha-acmhainni\/digital-regulator-coimisiun-na-mean\/"]}]},{"@type":"BreadcrumbList","@id":"https:\/\/www.cnam.ie\/ga\/an-pobal-ginearalta\/treoracha-acmhainni\/digital-regulator-coimisiun-na-mean\/#breadcrumb","itemListElement":[{"@type":"ListItem","position":1,"name":"Home","item":"https:\/\/www.cnam.ie\/ga\/"},{"@type":"ListItem","position":2,"name":"An Pobal i gCoitinne","item":"https:\/\/www.cnam.ie\/ga\/"},{"@type":"ListItem","position":3,"name":"Treoracha &amp; acmhainn\u00ed","item":"https:\/\/www.cnam.ie\/ga\/an-pobal-ginearalta\/treoracha-acmhainni\/"},{"@type":"ListItem","position":4,"name":"Rialt\u00f3ir Digiteach: Coimisi\u00fan na Me\u00e1n"}]},{"@type":"WebSite","@id":"https:\/\/www.cnam.ie\/ga\/#website","url":"https:\/\/www.cnam.ie\/ga\/","name":"Coimisiun na Mean","description":"Coimisi\u00fan na Me\u00e1n","publisher":{"@id":"https:\/\/www.cnam.ie\/ga\/#organization"},"potentialAction":[{"@type":"SearchAction","target":{"@type":"EntryPoint","urlTemplate":"https:\/\/www.cnam.ie\/ga\/?s={search_term_string}"},"query-input":{"@type":"PropertyValueSpecification","valueRequired":true,"valueName":"search_term_string"}}],"inLanguage":"ga-IE"},{"@type":"Organization","@id":"https:\/\/www.cnam.ie\/ga\/#organization","name":"Coimisiun na Mean","url":"https:\/\/www.cnam.ie\/ga\/","logo":{"@type":"ImageObject","inLanguage":"ga-IE","@id":"https:\/\/www.cnam.ie\/ga\/#\/schema\/logo\/image\/","url":"https:\/\/www.cnam.ie\/app\/uploads\/2024\/12\/Website-image-with-logo.jpg","contentUrl":"https:\/\/www.cnam.ie\/app\/uploads\/2024\/12\/Website-image-with-logo.jpg","width":1200,"height":800,"caption":"Coimisiun na Mean"},"image":{"@id":"https:\/\/www.cnam.ie\/ga\/#\/schema\/logo\/image\/"},"sameAs":["https:\/\/www.facebook.com\/CNaM.Ireland\/","https:\/\/x.com\/CNaM_ie"]}]}},"spectra_custom_meta":{"_top_nav_excluded":[""],"_cms_nav_minihome":[""],"_last_translation_edit_mode":["translation-editor"],"_wpml_word_count":["478"],"_edit_lock":["1759250880:8"],"_relevanssi_related_posts":["4151,7628,7605,806,7644,18145"],"_edit_last":["8"],"_wp_page_template":[""],"_wpml_media_duplicate":["1"],"_wpml_media_featured":["1"],"_yoast_wpseo_content_score":["60"],"_yoast_wpseo_estimated-reading-time-minutes":["3"]},"uagb_featured_image_src":{"full":false,"thumbnail":false,"medium":false,"medium_large":false,"large":false,"1536x1536":false,"2048x2048":false,"gform-image-choice-sm":false,"gform-image-choice-md":false,"gform-image-choice-lg":false},"uagb_author_info":{"display_name":"Padraig Foran","author_link":"https:\/\/www.cnam.ie\/ga\/author\/padraigf\/"},"uagb_comment_info":0,"uagb_excerpt":"Is \u00e9 Coimisi\u00fan na Me\u00e1n gn\u00edomhaireacht na h\u00c9ireann chun t\u00edrdhreach me\u00e1n at\u00e1 rath\u00fail, \u00e9ags\u00fail, cruthaitheach, s\u00e1bh\u00e1ilte agus iontaofa a fhorbairt agus a rial\u00fa. Is muidne an rialt\u00f3ir me\u00e1n neamhsple\u00e1ch at\u00e1 freagrach as craolt\u00f3ir\u00ed, sol\u00e1thraithe f\u00edse\u00e1n ar \u00e9ileamh agus ard\u00e1n ar l\u00edne at\u00e1 lonnaithe in \u00c9irinn a rial\u00e1il. T\u00e1imid tiomanta do chearta bun\u00fasacha a chur chun&hellip;","_links":{"self":[{"href":"https:\/\/www.cnam.ie\/ga\/wp-json\/wp\/v2\/pages\/18244","targetHints":{"allow":["GET"]}}],"collection":[{"href":"https:\/\/www.cnam.ie\/ga\/wp-json\/wp\/v2\/pages"}],"about":[{"href":"https:\/\/www.cnam.ie\/ga\/wp-json\/wp\/v2\/types\/page"}],"author":[{"embeddable":true,"href":"https:\/\/www.cnam.ie\/ga\/wp-json\/wp\/v2\/users\/8"}],"replies":[{"embeddable":true,"href":"https:\/\/www.cnam.ie\/ga\/wp-json\/wp\/v2\/comments?post=18244"}],"version-history":[{"count":2,"href":"https:\/\/www.cnam.ie\/ga\/wp-json\/wp\/v2\/pages\/18244\/revisions"}],"predecessor-version":[{"id":18246,"href":"https:\/\/www.cnam.ie\/ga\/wp-json\/wp\/v2\/pages\/18244\/revisions\/18246"}],"up":[{"embeddable":true,"href":"https:\/\/www.cnam.ie\/ga\/wp-json\/wp\/v2\/pages\/11030"}],"wp:attachment":[{"href":"https:\/\/www.cnam.ie\/ga\/wp-json\/wp\/v2\/media?parent=18244"}],"curies":[{"name":"wp","href":"https:\/\/api.w.org\/{rel}","templated":true}]}}