{"id":20388,"date":"2026-03-10T10:27:43","date_gmt":"2026-03-10T10:27:43","guid":{"rendered":"https:\/\/www.cnam.ie\/tionscal-gairmithe\/forbairt-na-mean\/tacaiocht-maoiniu\/media-literacy-funding\/"},"modified":"2026-03-10T13:31:41","modified_gmt":"2026-03-10T13:31:41","slug":"maoiniu-do-litearthacht-sna-meain","status":"publish","type":"page","link":"https:\/\/www.cnam.ie\/ga\/tionscal-gairmithe\/forbairt-na-mean\/tacaiocht-maoiniu\/maoiniu-do-litearthacht-sna-meain\/","title":{"rendered":"Maoini\u00fa do litearthacht sna me\u00e1in"},"content":{"rendered":"\n<p class=\"has-medium-font-size\">T\u00e1 sainch\u00faram reacht\u00fail ag Coimisi\u00fan na Me\u00e1n maidir le tionscnaimh agus gn\u00edomha\u00edochta\u00ed litearthachta sna me\u00e1in a chur chun cinn. Measaimid gur <a href=\"https:\/\/www.cnam.ie\/ga\/tionscal-gairmithe\/forbairt-na-mean\/litearthacht-sna-meain\/\">aistear foghlama<\/a> fad saoil \u00ed an litearthacht sna me\u00e1in. D\u2019fh\u00e9adfadh deiseanna maoinithe a bheith ar f\u00e1il do thionscadail agus do thionscnaimh at\u00e1 i gcomhr\u00e9ir len\u00e1r <a href=\"https:\/\/www.medialiteracyireland.ie\/wp-content\/uploads\/2022\/12\/BAI-ML-Policy-1.pdf\" target=\"_blank\" rel=\"noopener\">mBeartas um Litearthacht sna Me\u00e1in [B\u00e9arla] (PDF)<\/a> agus r\u00e9ims\u00ed tosa\u00edochta eile.<\/p>\n\n\n\n<h2 class=\"wp-block-heading\">Litearthacht sna Me\u00e1in le Dul i gCoinne na Br\u00e9agaisn\u00e9ise<\/h2>\n\n\n\n<p>Is fadhb \u00ed an bhr\u00e9agaisn\u00e9is at\u00e1 ag dul i m\u00e9id. T\u00e1 Glao ar Iarratais ar mhaoini\u00fa do thionscnaimh litearthachta sna me\u00e1in ar leith in 2026 seolta againn. T\u00e1 \u20ac200,000 san ioml\u00e1n ar f\u00e1il chun maoini\u00fa a dh\u00e9anamh ar eagra\u00edochta\u00ed ar f\u00e9idir leo gn\u00edomha\u00edochta\u00ed litearthachta sna me\u00e1in a chur ar f\u00e1il i gcomhr\u00e9ir leis an <a href=\"https:\/\/assets.gov.ie\/static\/documents\/20250416_National_Counter_Disinformation_Strategy_-_GA_-_Final.pdf\" target=\"_blank\" rel=\"noopener\">Strait\u00e9is N\u00e1isi\u00fanta Frith-Bhr\u00e9agaisn\u00e9ise (NCDS)<\/a> chun cabhr\u00fa le dul i ngleic le h\u00e9ifeachta\u00ed d\u00edobh\u00e1lacha na br\u00e9agaisn\u00e9ise. Is \u00e9 seo an ch\u00e9ad cheann de dh\u00e1 ghlao a eiseofar in 2026. Leis an dara glao ar aighneachta\u00ed, f\u00e9achfar le micreadheontais a chur ar f\u00e1il le haghaidh gn\u00edomha\u00edochta\u00ed pobalbhunaithe litearthachta sna me\u00e1in.<\/p>\n\n\n\n<h2 class=\"wp-block-heading\">C\u00e9ard ar f\u00e9idir tac\u00fa leis faoin nGlao ar Iarratais seo?<\/h2>\n\n\n\n<p>Cuirfidh Coimisi\u00fan na Me\u00e1n maoini\u00fa ar f\u00e1il chun tac\u00fa le roinnt gn\u00edomha\u00edochta\u00ed litearthachta sna me\u00e1in i gcomhr\u00e9ir le NCDS. Ba cheart go gcuideodh na gn\u00edomha\u00edochta\u00ed le dul i ngleic le br\u00e9agaisn\u00e9is, mar at\u00e1 leagtha amach in NCDS, is \u00e9 sin:<\/p>\n\n\n\n<ul class=\"wp-block-list\">\n<li>Tr\u00ed theacht aniar agus muin\u00edn a choth\u00fa ar leibh\u00e9al an duine aonair agus leibh\u00e9al na socha\u00ed agus\/n\u00f3<\/li>\n\n\n\n<li>Tr\u00ed n\u00edos m\u00f3 comhoibrithe, comhair agus comhordaithe agus\/n\u00f3<\/li>\n\n\n\n<li>Tr\u00ed fhrithbhearta agus idirghabh\u00e1lacha bunaithe ar fhianaise<\/li>\n<\/ul>\n\n\n\n<p><strong>I measc na sampla\u00ed de ghn\u00edomha\u00edochta\u00ed<\/strong>&nbsp;<strong>is f\u00e9idir a mhaoini\u00fa<\/strong>&nbsp;faoin nglao seo t\u00e1 taighde comhoibr\u00edoch ar litearthacht sna me\u00e1in, strait\u00e9is\u00ed leabharlainne agus litearthachta poibl\u00ed (lena n-\u00e1ir\u00edtear strait\u00e9is\u00ed litearthachta sna me\u00e1in) amhail oili\u00faint, agus tionscnaimh um ard\u00fa feasachta at\u00e1 mar bhonn faoi ghealltanais agus prionsabail NCDS.<\/p>\n\n\n\n<p><strong>Sampla\u00ed de ghn\u00edomha\u00edochta\u00ed nach f\u00e9idir tac\u00fa leo<\/strong> faoin nglao seo n\u00e1 tionscnaimh litearthachta sna me\u00e1in nach bhfuil d\u00edrithe ar br\u00e9agaisn\u00e9is a chomhrac, ar scann\u00e1in, cl\u00e1ir theilif\u00edse n\u00f3 raidi\u00f3 a l\u00e9iri\u00fa, n\u00f3 ar phodchraolta\u00ed a thaifeadadh, agus\/n\u00f3 ar urra\u00edocht gn\u00edomha\u00edochta\u00ed. I gc\u00e1s deiseanna sna r\u00e9ims\u00ed ag deireadh an liosta sin, d\u2019fh\u00e9adfadh sp\u00e9is a bheith agat in\u00e1r <a href=\"https:\/\/www.cnam.ie\/ga\/tionscal-gairmithe\/forbairt-na-mean\/tacaiocht-maoiniu\/\">gcl\u00e1ir mhaoinithe<\/a> eile.<\/p>\n\n\n\n<p>F\u00e9adfar a \u00e1ireamh ar chostais inch\u00e1ilithe costais phearsanra agus, in imthosca teoranta, costais chaipitil.\u202f\u202f<\/p>\n\n\n\n<h2 class=\"wp-block-heading\">Maoini\u00fa agus conas iarratas a dh\u00e9anamh<\/h2>\n\n\n\n<p>Oscla\u00edtear iarratais ar Ghlao ar Iarratais 2026 ar 10 M\u00e1rta 2026 agus d\u00fanfar iad ar 13 Aibre\u00e1n 2026.<\/p>\n\n\n\n<ul class=\"wp-block-list\">\n<li><a href=\"https:\/\/www.cnam.ie\/app\/uploads\/2026\/03\/20260306_MediaLiteracyFundingGuide_GA_S2.pdf\">Treoir d\u2019Iarratas\u00f3ir\u00ed (PDF)<\/a><\/li>\n<\/ul>\n\n\n\n<div class=\"wp-block-buttons is-layout-flex wp-block-buttons-is-layout-flex\">\n<div class=\"wp-block-button\"><a class=\"wp-block-button__link wp-element-button\" href=\"https:\/\/www.cnam.ie\/ga\/tionscal-gairmithe\/forbairt-na-mean\/litearthacht-sna-meain\/\">Leathanach litearthachta sna me\u00e1in<\/a><\/div>\n<\/div>\n\n\n\n<p><\/p>\n","protected":false},"excerpt":{"rendered":"<p>T\u00e1 sainch\u00faram reacht\u00fail ag Coimisi\u00fan na Me\u00e1n maidir le tionscnaimh agus gn\u00edomha\u00edochta\u00ed litearthachta sna me\u00e1in a chur chun cinn. Measaimid gur aistear foghlama fad saoil \u00ed an litearthacht sna me\u00e1in. D\u2019fh\u00e9adfadh deiseanna maoinithe a bheith ar f\u00e1il do thionscadail agus do thionscnaimh at\u00e1 i gcomhr\u00e9ir len\u00e1r mBeartas um Litearthacht sna Me\u00e1in [B\u00e9arla] (PDF) agus r\u00e9ims\u00ed [&hellip;]<\/p>\n","protected":false},"author":8,"featured_media":0,"parent":11671,"menu_order":33,"comment_status":"closed","ping_status":"closed","template":"","meta":{"_acf_changed":false,"_relevanssi_hide_post":"","_relevanssi_hide_content":"","_relevanssi_pin_for_all":"","_relevanssi_pin_keywords":"","_relevanssi_unpin_keywords":"","_relevanssi_related_keywords":"","_relevanssi_related_include_ids":"","_relevanssi_related_exclude_ids":"","_relevanssi_related_no_append":"","_relevanssi_related_not_related":"","_relevanssi_related_posts":"16335,7618,7639,7630,15122,707","_relevanssi_noindex_reason":"","_uag_custom_page_level_css":"","footnotes":""},"class_list":["post-20388","page","type-page","status-publish","hentry"],"acf":[],"yoast_head":"<!-- This site is optimized with the Yoast SEO plugin v27.4 - https:\/\/yoast.com\/product\/yoast-seo-wordpress\/ -->\n<title>Maoini\u00fa do litearthacht sna me\u00e1in - Coimisi\u00fan na Me\u00e1n<\/title>\n<meta name=\"robots\" content=\"index, follow, max-snippet:-1, max-image-preview:large, max-video-preview:-1\" \/>\n<link rel=\"canonical\" href=\"https:\/\/www.cnam.ie\/ga\/tionscal-gairmithe\/forbairt-na-mean\/tacaiocht-maoiniu\/maoiniu-do-litearthacht-sna-meain\/\" \/>\n<meta property=\"og:locale\" content=\"ga_IE\" \/>\n<meta property=\"og:type\" content=\"article\" \/>\n<meta property=\"og:title\" content=\"Maoini\u00fa do litearthacht sna me\u00e1in - Coimisi\u00fan na Me\u00e1n\" \/>\n<meta property=\"og:description\" content=\"T\u00e1 sainch\u00faram reacht\u00fail ag Coimisi\u00fan na Me\u00e1n maidir le tionscnaimh agus gn\u00edomha\u00edochta\u00ed litearthachta sna me\u00e1in a chur chun cinn. Measaimid gur aistear foghlama fad saoil \u00ed an litearthacht sna me\u00e1in. D\u2019fh\u00e9adfadh deiseanna maoinithe a bheith ar f\u00e1il do thionscadail agus do thionscnaimh at\u00e1 i gcomhr\u00e9ir len\u00e1r mBeartas um Litearthacht sna Me\u00e1in [B\u00e9arla] (PDF) agus r\u00e9ims\u00ed [&hellip;]\" \/>\n<meta property=\"og:url\" content=\"https:\/\/www.cnam.ie\/ga\/tionscal-gairmithe\/forbairt-na-mean\/tacaiocht-maoiniu\/maoiniu-do-litearthacht-sna-meain\/\" \/>\n<meta property=\"og:site_name\" content=\"Coimisi\u00fan na Me\u00e1n\" \/>\n<meta property=\"article:publisher\" content=\"https:\/\/www.facebook.com\/CNaM.Ireland\/\" \/>\n<meta property=\"article:modified_time\" content=\"2026-03-10T13:31:41+00:00\" \/>\n<meta name=\"twitter:card\" content=\"summary_large_image\" \/>\n<meta name=\"twitter:site\" content=\"@CNaM_ie\" \/>\n<meta name=\"twitter:label1\" content=\"Est. reading time\" \/>\n\t<meta name=\"twitter:data1\" content=\"2 minutes\" \/>\n<script type=\"application\/ld+json\" class=\"yoast-schema-graph\">{\"@context\":\"https:\\\/\\\/schema.org\",\"@graph\":[{\"@type\":\"WebPage\",\"@id\":\"https:\\\/\\\/www.cnam.ie\\\/ga\\\/tionscal-gairmithe\\\/forbairt-na-mean\\\/tacaiocht-maoiniu\\\/maoiniu-do-litearthacht-sna-meain\\\/\",\"url\":\"https:\\\/\\\/www.cnam.ie\\\/ga\\\/tionscal-gairmithe\\\/forbairt-na-mean\\\/tacaiocht-maoiniu\\\/maoiniu-do-litearthacht-sna-meain\\\/\",\"name\":\"Maoini\u00fa do litearthacht sna me\u00e1in - Coimisi\u00fan na Me\u00e1n\",\"isPartOf\":{\"@id\":\"https:\\\/\\\/www.cnam.ie\\\/ga\\\/#website\"},\"datePublished\":\"2026-03-10T10:27:43+00:00\",\"dateModified\":\"2026-03-10T13:31:41+00:00\",\"breadcrumb\":{\"@id\":\"https:\\\/\\\/www.cnam.ie\\\/ga\\\/tionscal-gairmithe\\\/forbairt-na-mean\\\/tacaiocht-maoiniu\\\/maoiniu-do-litearthacht-sna-meain\\\/#breadcrumb\"},\"inLanguage\":\"ga-IE\",\"potentialAction\":[{\"@type\":\"ReadAction\",\"target\":[\"https:\\\/\\\/www.cnam.ie\\\/ga\\\/tionscal-gairmithe\\\/forbairt-na-mean\\\/tacaiocht-maoiniu\\\/maoiniu-do-litearthacht-sna-meain\\\/\"]}]},{\"@type\":\"BreadcrumbList\",\"@id\":\"https:\\\/\\\/www.cnam.ie\\\/ga\\\/tionscal-gairmithe\\\/forbairt-na-mean\\\/tacaiocht-maoiniu\\\/maoiniu-do-litearthacht-sna-meain\\\/#breadcrumb\",\"itemListElement\":[{\"@type\":\"ListItem\",\"position\":1,\"name\":\"Home\",\"item\":\"https:\\\/\\\/www.cnam.ie\\\/ga\\\/\"},{\"@type\":\"ListItem\",\"position\":2,\"name\":\"Tionscal &#038; gairmithe\",\"item\":\"https:\\\/\\\/www.cnam.ie\\\/ga\\\/tionscal-gairmithe\\\/\"},{\"@type\":\"ListItem\",\"position\":3,\"name\":\"Forbairt na me\u00e1n\",\"item\":\"https:\\\/\\\/www.cnam.ie\\\/ga\\\/tionscal-gairmithe\\\/forbairt-na-mean\\\/\"},{\"@type\":\"ListItem\",\"position\":4,\"name\":\"Taca\u00edocht &#038; maoini\u00fa\",\"item\":\"https:\\\/\\\/www.cnam.ie\\\/ga\\\/tionscal-gairmithe\\\/forbairt-na-mean\\\/tacaiocht-maoiniu\\\/\"},{\"@type\":\"ListItem\",\"position\":5,\"name\":\"Maoini\u00fa do litearthacht sna me\u00e1in\"}]},{\"@type\":\"WebSite\",\"@id\":\"https:\\\/\\\/www.cnam.ie\\\/ga\\\/#website\",\"url\":\"https:\\\/\\\/www.cnam.ie\\\/ga\\\/\",\"name\":\"Coimisiun na Mean\",\"description\":\"Coimisi\u00fan na Me\u00e1n\",\"publisher\":{\"@id\":\"https:\\\/\\\/www.cnam.ie\\\/ga\\\/#organization\"},\"potentialAction\":[{\"@type\":\"SearchAction\",\"target\":{\"@type\":\"EntryPoint\",\"urlTemplate\":\"https:\\\/\\\/www.cnam.ie\\\/ga\\\/?s={search_term_string}\"},\"query-input\":{\"@type\":\"PropertyValueSpecification\",\"valueRequired\":true,\"valueName\":\"search_term_string\"}}],\"inLanguage\":\"ga-IE\"},{\"@type\":\"Organization\",\"@id\":\"https:\\\/\\\/www.cnam.ie\\\/ga\\\/#organization\",\"name\":\"Coimisiun na Mean\",\"url\":\"https:\\\/\\\/www.cnam.ie\\\/ga\\\/\",\"logo\":{\"@type\":\"ImageObject\",\"inLanguage\":\"ga-IE\",\"@id\":\"https:\\\/\\\/www.cnam.ie\\\/ga\\\/#\\\/schema\\\/logo\\\/image\\\/\",\"url\":\"https:\\\/\\\/www.cnam.ie\\\/app\\\/uploads\\\/2024\\\/12\\\/Website-image-with-logo.jpg\",\"contentUrl\":\"https:\\\/\\\/www.cnam.ie\\\/app\\\/uploads\\\/2024\\\/12\\\/Website-image-with-logo.jpg\",\"width\":1200,\"height\":800,\"caption\":\"Coimisiun na Mean\"},\"image\":{\"@id\":\"https:\\\/\\\/www.cnam.ie\\\/ga\\\/#\\\/schema\\\/logo\\\/image\\\/\"},\"sameAs\":[\"https:\\\/\\\/www.facebook.com\\\/CNaM.Ireland\\\/\",\"https:\\\/\\\/x.com\\\/CNaM_ie\"]}]}<\/script>\n<!-- \/ Yoast SEO plugin. -->","yoast_head_json":{"title":"Maoini\u00fa do litearthacht sna me\u00e1in - Coimisi\u00fan na Me\u00e1n","robots":{"index":"index","follow":"follow","max-snippet":"max-snippet:-1","max-image-preview":"max-image-preview:large","max-video-preview":"max-video-preview:-1"},"canonical":"https:\/\/www.cnam.ie\/ga\/tionscal-gairmithe\/forbairt-na-mean\/tacaiocht-maoiniu\/maoiniu-do-litearthacht-sna-meain\/","og_locale":"ga_IE","og_type":"article","og_title":"Maoini\u00fa do litearthacht sna me\u00e1in - Coimisi\u00fan na Me\u00e1n","og_description":"T\u00e1 sainch\u00faram reacht\u00fail ag Coimisi\u00fan na Me\u00e1n maidir le tionscnaimh agus gn\u00edomha\u00edochta\u00ed litearthachta sna me\u00e1in a chur chun cinn. Measaimid gur aistear foghlama fad saoil \u00ed an litearthacht sna me\u00e1in. D\u2019fh\u00e9adfadh deiseanna maoinithe a bheith ar f\u00e1il do thionscadail agus do thionscnaimh at\u00e1 i gcomhr\u00e9ir len\u00e1r mBeartas um Litearthacht sna Me\u00e1in [B\u00e9arla] (PDF) agus r\u00e9ims\u00ed [&hellip;]","og_url":"https:\/\/www.cnam.ie\/ga\/tionscal-gairmithe\/forbairt-na-mean\/tacaiocht-maoiniu\/maoiniu-do-litearthacht-sna-meain\/","og_site_name":"Coimisi\u00fan na Me\u00e1n","article_publisher":"https:\/\/www.facebook.com\/CNaM.Ireland\/","article_modified_time":"2026-03-10T13:31:41+00:00","twitter_card":"summary_large_image","twitter_site":"@CNaM_ie","twitter_misc":{"Est. reading time":"2 minutes"},"schema":{"@context":"https:\/\/schema.org","@graph":[{"@type":"WebPage","@id":"https:\/\/www.cnam.ie\/ga\/tionscal-gairmithe\/forbairt-na-mean\/tacaiocht-maoiniu\/maoiniu-do-litearthacht-sna-meain\/","url":"https:\/\/www.cnam.ie\/ga\/tionscal-gairmithe\/forbairt-na-mean\/tacaiocht-maoiniu\/maoiniu-do-litearthacht-sna-meain\/","name":"Maoini\u00fa do litearthacht sna me\u00e1in - Coimisi\u00fan na Me\u00e1n","isPartOf":{"@id":"https:\/\/www.cnam.ie\/ga\/#website"},"datePublished":"2026-03-10T10:27:43+00:00","dateModified":"2026-03-10T13:31:41+00:00","breadcrumb":{"@id":"https:\/\/www.cnam.ie\/ga\/tionscal-gairmithe\/forbairt-na-mean\/tacaiocht-maoiniu\/maoiniu-do-litearthacht-sna-meain\/#breadcrumb"},"inLanguage":"ga-IE","potentialAction":[{"@type":"ReadAction","target":["https:\/\/www.cnam.ie\/ga\/tionscal-gairmithe\/forbairt-na-mean\/tacaiocht-maoiniu\/maoiniu-do-litearthacht-sna-meain\/"]}]},{"@type":"BreadcrumbList","@id":"https:\/\/www.cnam.ie\/ga\/tionscal-gairmithe\/forbairt-na-mean\/tacaiocht-maoiniu\/maoiniu-do-litearthacht-sna-meain\/#breadcrumb","itemListElement":[{"@type":"ListItem","position":1,"name":"Home","item":"https:\/\/www.cnam.ie\/ga\/"},{"@type":"ListItem","position":2,"name":"Tionscal &#038; gairmithe","item":"https:\/\/www.cnam.ie\/ga\/tionscal-gairmithe\/"},{"@type":"ListItem","position":3,"name":"Forbairt na me\u00e1n","item":"https:\/\/www.cnam.ie\/ga\/tionscal-gairmithe\/forbairt-na-mean\/"},{"@type":"ListItem","position":4,"name":"Taca\u00edocht &#038; maoini\u00fa","item":"https:\/\/www.cnam.ie\/ga\/tionscal-gairmithe\/forbairt-na-mean\/tacaiocht-maoiniu\/"},{"@type":"ListItem","position":5,"name":"Maoini\u00fa do litearthacht sna me\u00e1in"}]},{"@type":"WebSite","@id":"https:\/\/www.cnam.ie\/ga\/#website","url":"https:\/\/www.cnam.ie\/ga\/","name":"Coimisiun na Mean","description":"Coimisi\u00fan na Me\u00e1n","publisher":{"@id":"https:\/\/www.cnam.ie\/ga\/#organization"},"potentialAction":[{"@type":"SearchAction","target":{"@type":"EntryPoint","urlTemplate":"https:\/\/www.cnam.ie\/ga\/?s={search_term_string}"},"query-input":{"@type":"PropertyValueSpecification","valueRequired":true,"valueName":"search_term_string"}}],"inLanguage":"ga-IE"},{"@type":"Organization","@id":"https:\/\/www.cnam.ie\/ga\/#organization","name":"Coimisiun na Mean","url":"https:\/\/www.cnam.ie\/ga\/","logo":{"@type":"ImageObject","inLanguage":"ga-IE","@id":"https:\/\/www.cnam.ie\/ga\/#\/schema\/logo\/image\/","url":"https:\/\/www.cnam.ie\/app\/uploads\/2024\/12\/Website-image-with-logo.jpg","contentUrl":"https:\/\/www.cnam.ie\/app\/uploads\/2024\/12\/Website-image-with-logo.jpg","width":1200,"height":800,"caption":"Coimisiun na Mean"},"image":{"@id":"https:\/\/www.cnam.ie\/ga\/#\/schema\/logo\/image\/"},"sameAs":["https:\/\/www.facebook.com\/CNaM.Ireland\/","https:\/\/x.com\/CNaM_ie"]}]}},"spectra_custom_meta":{"_top_nav_excluded":[""],"_cms_nav_minihome":[""],"_last_translation_edit_mode":["native-editor"],"_wpml_word_count":["483"],"_edit_lock":["1773149501:9"],"_relevanssi_related_posts":["16335,7618,7639,7630,15122,707"],"_edit_last":["9"],"_wp_page_template":[""],"_yoast_wpseo_content_score":["90"],"_yoast_wpseo_estimated-reading-time-minutes":["2"]},"uagb_featured_image_src":{"full":false,"thumbnail":false,"medium":false,"medium_large":false,"large":false,"1536x1536":false,"2048x2048":false,"gform-image-choice-sm":false,"gform-image-choice-md":false,"gform-image-choice-lg":false},"uagb_author_info":{"display_name":"Padraig Foran","author_link":"https:\/\/www.cnam.ie\/ga\/author\/padraigf\/"},"uagb_comment_info":0,"uagb_excerpt":"T\u00e1 sainch\u00faram reacht\u00fail ag Coimisi\u00fan na Me\u00e1n maidir le tionscnaimh agus gn\u00edomha\u00edochta\u00ed litearthachta sna me\u00e1in a chur chun cinn. Measaimid gur aistear foghlama fad saoil \u00ed an litearthacht sna me\u00e1in. D\u2019fh\u00e9adfadh deiseanna maoinithe a bheith ar f\u00e1il do thionscadail agus do thionscnaimh at\u00e1 i gcomhr\u00e9ir len\u00e1r mBeartas um Litearthacht sna Me\u00e1in [B\u00e9arla] (PDF) agus r\u00e9ims\u00ed&hellip;","_links":{"self":[{"href":"https:\/\/www.cnam.ie\/ga\/wp-json\/wp\/v2\/pages\/20388","targetHints":{"allow":["GET"]}}],"collection":[{"href":"https:\/\/www.cnam.ie\/ga\/wp-json\/wp\/v2\/pages"}],"about":[{"href":"https:\/\/www.cnam.ie\/ga\/wp-json\/wp\/v2\/types\/page"}],"author":[{"embeddable":true,"href":"https:\/\/www.cnam.ie\/ga\/wp-json\/wp\/v2\/users\/8"}],"replies":[{"embeddable":true,"href":"https:\/\/www.cnam.ie\/ga\/wp-json\/wp\/v2\/comments?post=20388"}],"version-history":[{"count":4,"href":"https:\/\/www.cnam.ie\/ga\/wp-json\/wp\/v2\/pages\/20388\/revisions"}],"predecessor-version":[{"id":20432,"href":"https:\/\/www.cnam.ie\/ga\/wp-json\/wp\/v2\/pages\/20388\/revisions\/20432"}],"up":[{"embeddable":true,"href":"https:\/\/www.cnam.ie\/ga\/wp-json\/wp\/v2\/pages\/11671"}],"wp:attachment":[{"href":"https:\/\/www.cnam.ie\/ga\/wp-json\/wp\/v2\/media?parent=20388"}],"curies":[{"name":"wp","href":"https:\/\/api.w.org\/{rel}","templated":true}]}}